{"id":6808,"date":"2025-05-19T08:51:49","date_gmt":"2025-05-19T08:51:49","guid":{"rendered":"https:\/\/stem-eshop.gr\/product\/%ce%b5%ce%ba%cf%80%ce%b1%ce%b9%ce%b4%ce%b5%cf%85%cf%84%ce%b9%ce%ba%cf%8c%cf%82-%ce%ba%cf%8d%ce%b2%ce%bf%cf%82-%ce%b4%cf%8d%cf%83%ce%ba%ce%bf%ce%bb%ce%b7-%ce%ad%ce%ba%ce%b4%ce%bf%cf%83%ce%b7\/"},"modified":"2025-05-22T07:49:54","modified_gmt":"2025-05-22T07:49:54","slug":"%ce%b5%ce%ba%cf%80%ce%b1%ce%b9%ce%b4%ce%b5%cf%85%cf%84%ce%b9%ce%ba%cf%8c%cf%82-%ce%ba%cf%8d%ce%b2%ce%bf%cf%82-%ce%b4%cf%8d%cf%83%ce%ba%ce%bf%ce%bb%ce%b7-%ce%ad%ce%ba%ce%b4%ce%bf%cf%83%ce%b7","status":"publish","type":"product","link":"https:\/\/stem-eshop.gr\/hu\/termek\/%ce%b5%ce%ba%cf%80%ce%b1%ce%b9%ce%b4%ce%b5%cf%85%cf%84%ce%b9%ce%ba%cf%8c%cf%82-%ce%ba%cf%8d%ce%b2%ce%bf%cf%82-%ce%b4%cf%8d%cf%83%ce%ba%ce%bf%ce%bb%ce%b7-%ce%ad%ce%ba%ce%b4%ce%bf%cf%83%ce%b7\/","title":{"rendered":"Oktat\u00f3kocka - Neh\u00e9z v\u00e1ltozat"},"content":{"rendered":"<p class=\"MsoNormal\">F\u0151bb jellemz\u0151k:<\/p>\n<p class=\"MsoNormal\">Alak \u00e9s szerkezet:<\/p>\n<p class=\"MsoNormal\">A kocka aszimmetrikus darabokb\u00f3l \u00e1ll, \u00e9s forg\u00e1sai k\u00fcl\u00f6nb\u00f6z\u0151 tengelyek k\u00f6r\u00fcl t\u00f6rt\u00e9nnek, ami k\u00fcl\u00f6n\u00f6sen neh\u00e9zz\u00e9 teszi a megold\u00e1s\u00e1t.<\/p>\n<p class=\"MsoNormal\">A kialak\u00edt\u00e1sa k\u00fcl\u00f6nf\u00e9le t\u00edpus\u00fa kirak\u00f3s j\u00e1t\u00e9kok kombin\u00e1ci\u00f3j\u00e1ra hasonl\u00edt.<\/p>\n<p class=\"MsoNormal\">Neh\u00e9zs\u00e9g:<\/p>\n<p class=\"MsoNormal\">Ide\u00e1lis halad\u00f3 rejtv\u00e9nyfejt\u0151knek, akik \u00faj kih\u00edv\u00e1st keresnek.<\/p>\n<p class=\"MsoNormal\">J\u00f3 meg\u00e9rt\u00e9st ig\u00e9nyel a rejtv\u00e9nyek logik\u00e1ja \u00e9s a t\u00e9rbeli \u00e9rz\u00e9kel\u00e9s ter\u00e9n.<\/p>\n<p class=\"MsoNormal\">Vizu\u00e1lis megjelen\u00e9s:<\/p>\n<p class=\"MsoNormal\">\u00c9l\u00e9nk \u00e9s felt\u0171n\u0151 sz\u00ednekkel rendelkezik, amelyek seg\u00edtenek megk\u00fcl\u00f6nb\u00f6ztetni a darabokat a kirak\u00e1s sor\u00e1n.<\/p>\n<p class=\"MsoNormal\">Oktat\u00e1si \u00e9rt\u00e9k:<\/p>\n<p class=\"MsoNormal\">Fejleszti a logik\u00e1t, a mem\u00f3ri\u00e1t \u00e9s a t\u00fcrelmet, egyed\u00fcl\u00e1ll\u00f3 gondolkod\u00e1si \u00e9lm\u00e9nyt ny\u00fajtva.<\/p>\n<p class=\"MsoNormal\">Ez a kocka nagyszer\u0171 kieg\u00e9sz\u00edt\u0151je lehet b\u00e1rmely kirak\u00f3s j\u00e1t\u00e9krajong\u00f3 gy\u0171jtem\u00e9ny\u00e9nek, \u00e9s \u00f3r\u00e1kig tart\u00f3 sz\u00f3rakoz\u00e1st \u00e9s kih\u00edv\u00e1st k\u00edn\u00e1l!<\/p>\n<p class=\"MsoNormal\">","protected":false},"excerpt":{"rendered":"<p>Ez a kocka egy egyedi \u00e9s kih\u00edv\u00e1st jelent\u0151 kirak\u00f3s kocka, amely elt\u00e9r a klasszikus Rubik-kock\u00e1kt\u00f3l. Jellemz\u0151je a szokatlan kialak\u00edt\u00e1s, amely csillag alak\u00fa darabokat tartalmaz, \u00e9s olyan forg\u00e1sokkal rendelkezik, amelyek \u00f6tv\u00f6zik a kocka \u00e9s a piramis kirak\u00f3 jellemz\u0151it.<\/p>","protected":false},"featured_media":4829,"comment_status":"open","ping_status":"closed","template":"","meta":{"site-sidebar-layout":"default","site-content-layout":"","ast-site-content-layout":"default","site-content-style":"default","site-sidebar-style":"default","ast-global-header-display":"","ast-banner-title-visibility":"","ast-main-header-display":"","ast-hfb-above-header-display":"","ast-hfb-below-header-display":"","ast-hfb-mobile-header-display":"","site-post-title":"","ast-breadcrumbs-content":"","ast-featured-img":"","footer-sml-layout":"","ast-disable-related-posts":"","theme-transparent-header-meta":"default","adv-header-id-meta":"","stick-header-meta":"","header-above-stick-meta":"","header-main-stick-meta":"","header-below-stick-meta":"","astra-migrate-meta-layouts":"set","ast-page-background-enabled":"default","ast-page-background-meta":{"desktop":{"background-color":"var(--ast-global-color-5)","background-image":"","background-repeat":"repeat","background-position":"center center","background-size":"auto","background-attachment":"scroll","background-type":"","background-media":"","overlay-type":"","overlay-color":"","overlay-opacity":"","overlay-gradient":""},"tablet":{"background-color":"","background-image":"","background-repeat":"repeat","background-position":"center center","background-size":"auto","background-attachment":"scroll","background-type":"","background-media":"","overlay-type":"","overlay-color":"","overlay-opacity":"","overlay-gradient":""},"mobile":{"background-color":"","background-image":"","background-repeat":"repeat","background-position":"center center","background-size":"auto","background-attachment":"scroll","background-type":"","background-media":"","overlay-type":"","overlay-color":"","overlay-opacity":"","overlay-gradient":""}},"ast-content-background-meta":{"desktop":{"background-color":"var(--ast-global-color-4)","background-image":"","background-repeat":"repeat","background-position":"center center","background-size":"auto","background-attachment":"scroll","background-type":"","background-media":"","overlay-type":"","overlay-color":"","overlay-opacity":"","overlay-gradient":""},"tablet":{"background-color":"var(--ast-global-color-4)","background-image":"","background-repeat":"repeat","background-position":"center center","background-size":"auto","background-attachment":"scroll","background-type":"","background-media":"","overlay-type":"","overlay-color":"","overlay-opacity":"","overlay-gradient":""},"mobile":{"background-color":"var(--ast-global-color-4)","background-image":"","background-repeat":"repeat","background-position":"center center","background-size":"auto","background-attachment":"scroll","background-type":"","background-media":"","overlay-type":"","overlay-color":"","overlay-opacity":"","overlay-gradient":""}}},"product_brand":[107],"product_cat":[126,50,56,47,37,35,40,55],"product_tag":[],"class_list":{"0":"post-6808","1":"product","2":"type-product","3":"status-publish","4":"has-post-thumbnail","6":"product_brand-ngs","7":"product_cat-126","8":"product_cat-50","9":"product_cat-56","10":"product_cat-47","11":"product_cat-37","12":"product_cat--10-12-","13":"product_cat--12-","14":"product_cat-55","15":"desktop-align-left","16":"tablet-align-left","17":"mobile-align-left","19":"first","20":"instock","21":"taxable","22":"shipping-taxable","23":"purchasable","24":"product-type-simple"},"_links":{"self":[{"href":"https:\/\/stem-eshop.gr\/hu\/wp-json\/wp\/v2\/product\/6808","targetHints":{"allow":["GET"]}}],"collection":[{"href":"https:\/\/stem-eshop.gr\/hu\/wp-json\/wp\/v2\/product"}],"about":[{"href":"https:\/\/stem-eshop.gr\/hu\/wp-json\/wp\/v2\/types\/product"}],"replies":[{"embeddable":true,"href":"https:\/\/stem-eshop.gr\/hu\/wp-json\/wp\/v2\/comments?post=6808"}],"wp:featuredmedia":[{"embeddable":true,"href":"https:\/\/stem-eshop.gr\/hu\/wp-json\/wp\/v2\/media\/4829"}],"wp:attachment":[{"href":"https:\/\/stem-eshop.gr\/hu\/wp-json\/wp\/v2\/media?parent=6808"}],"wp:term":[{"taxonomy":"product_brand","embeddable":true,"href":"https:\/\/stem-eshop.gr\/hu\/wp-json\/wp\/v2\/product_brand?post=6808"},{"taxonomy":"product_cat","embeddable":true,"href":"https:\/\/stem-eshop.gr\/hu\/wp-json\/wp\/v2\/product_cat?post=6808"},{"taxonomy":"product_tag","embeddable":true,"href":"https:\/\/stem-eshop.gr\/hu\/wp-json\/wp\/v2\/product_tag?post=6808"}],"curies":[{"name":"wp","href":"https:\/\/api.w.org\/{rel}","templated":true}]}}