{"id":6806,"date":"2025-05-19T08:51:46","date_gmt":"2025-05-19T08:51:46","guid":{"rendered":"https:\/\/stem-eshop.gr\/product\/%ce%bc%ce%b1%ce%b3%ce%b9%ce%ba%cf%8c-%ce%ba%cf%8d%ce%b2%ce%bf%cf%82-%ce%bc%ce%bf%ce%bd%ce%b1%ce%b4%ce%b9%ce%ba%ce%ac-%cf%83%cf%87%ce%ae%ce%bc%ce%b1%cf%84%ce%b1\/"},"modified":"2025-05-22T07:50:14","modified_gmt":"2025-05-22T07:50:14","slug":"%ce%bc%ce%b1%ce%b3%ce%b9%ce%ba%cf%8c-%ce%ba%cf%8d%ce%b2%ce%bf%cf%82-%ce%bc%ce%bf%ce%bd%ce%b1%ce%b4%ce%b9%ce%ba%ce%ac-%cf%83%cf%87%ce%ae%ce%bc%ce%b1%cf%84%ce%b1","status":"publish","type":"product","link":"https:\/\/stem-eshop.gr\/hu\/termek\/%ce%bc%ce%b1%ce%b3%ce%b9%ce%ba%cf%8c-%ce%ba%cf%8d%ce%b2%ce%bf%cf%82-%ce%bc%ce%bf%ce%bd%ce%b1%ce%b4%ce%b9%ce%ba%ce%ac-%cf%83%cf%87%ce%ae%ce%bc%ce%b1%cf%84%ce%b1\/","title":{"rendered":"B\u0171v\u00f6s kocka \u2013 Egyedi form\u00e1k"},"content":{"rendered":"<p class=\"MsoNormal\">Jellemz\u0151k:<\/p>\n<p class=\"MsoNormal\">Innovat\u00edv form\u00e1k: K\u00fcl\u00f6nf\u00e9le szokatlan geometriai alakzatokban kaphat\u00f3k, p\u00e9ld\u00e1ul piramisok, sz\u00e9lmalmok, csillagok vagy hengerek.<\/p>\n<p class=\"MsoNormal\">K\u00fcl\u00f6nb\u00f6z\u0151 neh\u00e9zs\u00e9gi szintek: Kezd\u0151knek \u00e9s tapasztalt j\u00e1t\u00e9kosoknak egyar\u00e1nt alkalmas, olyan kih\u00edv\u00e1sokkal, amelyek fenntartj\u00e1k az \u00e9rdekl\u0151d\u00e9st.<\/p>\n<p class=\"MsoNormal\">Kiv\u00e1l\u00f3 min\u0151s\u00e9g\u0171 anyagok: Tart\u00f3s \u00e9s k\u00f6rnyezetbar\u00e1t anyagokb\u00f3l k\u00e9sz\u00fclt, biztos\u00edtva a biztons\u00e1got \u00e9s a hossz\u00fa t\u00e1v\u00fa haszn\u00e1latot.<\/p>\n<p class=\"MsoNormal\">Sima forg\u00e1s: Prec\u00edz mechanizmus, amely lehet\u0151v\u00e9 teszi a k\u00f6nny\u0171 \u00e9s gyors mozg\u00e1st az \u00e9lvezetes j\u00e1t\u00e9k \u00e9rdek\u00e9ben.<\/p>\n<p class=\"MsoNormal\">Hordozhat\u00f3 kialak\u00edt\u00e1s: K\u00f6nny\u0171 \u00e9s kis m\u00e9ret\u0171, \u00edgy b\u00e1rhov\u00e1 magaddal viheted.<\/p>\n<p class=\"MsoNormal\">El\u0151ny\u00f6k:<\/p>\n<p class=\"MsoNormal\">Kih\u00edv\u00e1s \u00e9s sz\u00f3rakoz\u00e1s: Fejleszti a strat\u00e9giai gondolkod\u00e1st \u00e9s a t\u00fcrelmet az egyed\u00fcl\u00e1ll\u00f3 megold\u00e1si \u00e9lm\u00e9nyen kereszt\u00fcl.<\/p>\n<p class=\"MsoNormal\">Oktat\u00e1s \u00e9s sz\u00f3rakoz\u00e1s: El\u0151seg\u00edti a probl\u00e9mamegold\u00e1st \u00e9s a logikus gondolkod\u00e1st, mik\u00f6zben sz\u00f3rakoztat\u00e1st is ny\u00fajt.<\/p>\n<p class=\"MsoNormal\">Kreativit\u00e1s: Az egyedi form\u00e1k inspir\u00e1lj\u00e1k a k\u00e9pzeletet \u00e9s az alternat\u00edv gondolkod\u00e1sm\u00f3dokat.<\/p>\n<p class=\"MsoNormal\">A Magic Cube Puzzle kiv\u00e1l\u00f3 v\u00e1laszt\u00e1s azok sz\u00e1m\u00e1ra, akik \u00faj kih\u00edv\u00e1sokat szeretn\u00e9nek felfedezni a kirak\u00f3s j\u00e1t\u00e9kokban. Minden koroszt\u00e1ly sz\u00e1m\u00e1ra alkalmas, ide\u00e1lis aj\u00e1nd\u00e9k gyerekeknek \u00e9s feln\u0151tteknek, akik szeretik a kirak\u00f3k kalandj\u00e1t!<\/p>","protected":false},"excerpt":{"rendered":"<p>A Var\u00e1zskocka Kirak\u00f3 Egyedi Form\u00e1kkal a klasszikus kocka izgalmas v\u00e1ltozata, amely egyedi mint\u00e1kat \u00e9s kih\u00edv\u00e1sokat \u00f6tv\u00f6z. Ide\u00e1lis azok sz\u00e1m\u00e1ra, akik szeretn\u00e9k pr\u00f3b\u00e1ra tenni k\u00e9pess\u00e9geiket k\u00fcl\u00f6nb\u00f6z\u0151 geometriai form\u00e1kban, ez a kocka \u00faj dimenzi\u00f3t k\u00edn\u00e1l a kirak\u00f3s \u00e9lm\u00e9nynek.<\/p>","protected":false},"featured_media":4820,"comment_status":"open","ping_status":"closed","template":"","meta":{"site-sidebar-layout":"default","site-content-layout":"","ast-site-content-layout":"default","site-content-style":"default","site-sidebar-style":"default","ast-global-header-display":"","ast-banner-title-visibility":"","ast-main-header-display":"","ast-hfb-above-header-display":"","ast-hfb-below-header-display":"","ast-hfb-mobile-header-display":"","site-post-title":"","ast-breadcrumbs-content":"","ast-featured-img":"","footer-sml-layout":"","ast-disable-related-posts":"","theme-transparent-header-meta":"default","adv-header-id-meta":"","stick-header-meta":"","header-above-stick-meta":"","header-main-stick-meta":"","header-below-stick-meta":"","astra-migrate-meta-layouts":"set","ast-page-background-enabled":"default","ast-page-background-meta":{"desktop":{"background-color":"var(--ast-global-color-5)","background-image":"","background-repeat":"repeat","background-position":"center center","background-size":"auto","background-attachment":"scroll","background-type":"","background-media":"","overlay-type":"","overlay-color":"","overlay-opacity":"","overlay-gradient":""},"tablet":{"background-color":"","background-image":"","background-repeat":"repeat","background-position":"center center","background-size":"auto","background-attachment":"scroll","background-type":"","background-media":"","overlay-type":"","overlay-color":"","overlay-opacity":"","overlay-gradient":""},"mobile":{"background-color":"","background-image":"","background-repeat":"repeat","background-position":"center center","background-size":"auto","background-attachment":"scroll","background-type":"","background-media":"","overlay-type":"","overlay-color":"","overlay-opacity":"","overlay-gradient":""}},"ast-content-background-meta":{"desktop":{"background-color":"var(--ast-global-color-4)","background-image":"","background-repeat":"repeat","background-position":"center center","background-size":"auto","background-attachment":"scroll","background-type":"","background-media":"","overlay-type":"","overlay-color":"","overlay-opacity":"","overlay-gradient":""},"tablet":{"background-color":"var(--ast-global-color-4)","background-image":"","background-repeat":"repeat","background-position":"center center","background-size":"auto","background-attachment":"scroll","background-type":"","background-media":"","overlay-type":"","overlay-color":"","overlay-opacity":"","overlay-gradient":""},"mobile":{"background-color":"var(--ast-global-color-4)","background-image":"","background-repeat":"repeat","background-position":"center center","background-size":"auto","background-attachment":"scroll","background-type":"","background-media":"","overlay-type":"","overlay-color":"","overlay-opacity":"","overlay-gradient":""}}},"product_brand":[107],"product_cat":[126,50,56,47,37,35,40,55],"product_tag":[],"class_list":{"0":"post-6806","1":"product","2":"type-product","3":"status-publish","4":"has-post-thumbnail","6":"product_brand-ngs","7":"product_cat-126","8":"product_cat-50","9":"product_cat-56","10":"product_cat-47","11":"product_cat-37","12":"product_cat--10-12-","13":"product_cat--12-","14":"product_cat-55","15":"desktop-align-left","16":"tablet-align-left","17":"mobile-align-left","19":"first","20":"instock","21":"taxable","22":"shipping-taxable","23":"purchasable","24":"product-type-simple"},"_links":{"self":[{"href":"https:\/\/stem-eshop.gr\/hu\/wp-json\/wp\/v2\/product\/6806","targetHints":{"allow":["GET"]}}],"collection":[{"href":"https:\/\/stem-eshop.gr\/hu\/wp-json\/wp\/v2\/product"}],"about":[{"href":"https:\/\/stem-eshop.gr\/hu\/wp-json\/wp\/v2\/types\/product"}],"replies":[{"embeddable":true,"href":"https:\/\/stem-eshop.gr\/hu\/wp-json\/wp\/v2\/comments?post=6806"}],"wp:featuredmedia":[{"embeddable":true,"href":"https:\/\/stem-eshop.gr\/hu\/wp-json\/wp\/v2\/media\/4820"}],"wp:attachment":[{"href":"https:\/\/stem-eshop.gr\/hu\/wp-json\/wp\/v2\/media?parent=6806"}],"wp:term":[{"taxonomy":"product_brand","embeddable":true,"href":"https:\/\/stem-eshop.gr\/hu\/wp-json\/wp\/v2\/product_brand?post=6806"},{"taxonomy":"product_cat","embeddable":true,"href":"https:\/\/stem-eshop.gr\/hu\/wp-json\/wp\/v2\/product_cat?post=6806"},{"taxonomy":"product_tag","embeddable":true,"href":"https:\/\/stem-eshop.gr\/hu\/wp-json\/wp\/v2\/product_tag?post=6806"}],"curies":[{"name":"wp","href":"https:\/\/api.w.org\/{rel}","templated":true}]}}