{"id":6800,"date":"2025-05-19T08:51:36","date_gmt":"2025-05-19T08:51:36","guid":{"rendered":"https:\/\/stem-eshop.gr\/product\/%cf%83%ce%b5%cf%84-8-%cf%84%ce%b5%ce%bc%ce%b1%cf%87%ce%af%cf%89%ce%bd-%cf%80%ce%b1%ce%b6%ce%bb-iq-%ce%b5%ce%ba%cf%80%ce%b1%ce%b9%ce%b4%ce%b5%cf%85%cf%84%ce%b9%ce%ba%cf%8c-%ce%b4%ce%b9%ce%b1%ce%b4\/"},"modified":"2025-10-03T23:57:36","modified_gmt":"2025-10-03T20:57:36","slug":"%cf%83%ce%b5%cf%84-8-%cf%84%ce%b5%ce%bc%ce%b1%cf%87%ce%af%cf%89%ce%bd-%cf%80%ce%b1%ce%b6%ce%bb-iq-%ce%b5%ce%ba%cf%80%ce%b1%ce%b9%ce%b4%ce%b5%cf%85%cf%84%ce%b9%ce%ba%cf%8c-%ce%b4%ce%b9%ce%b1%ce%b4","status":"publish","type":"product","link":"https:\/\/stem-eshop.gr\/hu\/termek\/%cf%83%ce%b5%cf%84-8-%cf%84%ce%b5%ce%bc%ce%b1%cf%87%ce%af%cf%89%ce%bd-%cf%80%ce%b1%ce%b6%ce%bb-iq-%ce%b5%ce%ba%cf%80%ce%b1%ce%b9%ce%b4%ce%b5%cf%85%cf%84%ce%b9%ce%ba%cf%8c-%ce%b4%ce%b9%ce%b1%ce%b4\/","title":{"rendered":"8 darabos IQ kirak\u00f3s k\u00e9szlet \u2013 Oktat\u00f3 interakt\u00edv j\u00e1t\u00e9k"},"content":{"rendered":"<p class=\"MsoNormal\">Jellemz\u0151k:<\/p>\n<p class=\"MsoNormal\">V\u00e1ltozatos rejtv\u00e9nyek: A k\u00e9szlet 8 egyedi, k\u00fcl\u00f6nb\u00f6z\u0151 form\u00e1j\u00fa \u00e9s neh\u00e9zs\u00e9gi szint\u0171 rejtv\u00e9nyt tartalmaz, minden koroszt\u00e1ly sz\u00e1m\u00e1ra alkalmas.<\/p>\n<p class=\"MsoNormal\">Oktat\u00e1si c\u00e9l\u00fa felhaszn\u00e1l\u00e1s: Fejleszti a probl\u00e9mamegold\u00f3 k\u00e9szs\u00e9geket, a logikus gondolkod\u00e1st \u00e9s a koncentr\u00e1ci\u00f3t.<\/p>\n<p class=\"MsoNormal\">Kiv\u00e1l\u00f3 min\u0151s\u00e9g\u0171 anyagok: Tart\u00f3s f\u00e9mb\u0151l k\u00e9sz\u00fclt, sima \u00e9lekkel a biztons\u00e1gos haszn\u00e1lat \u00e9rdek\u00e9ben.<\/p>\n<p class=\"MsoNormal\">Hordozhat\u00f3 m\u00e9ret: Ide\u00e1lis a k\u00f6nny\u0171 sz\u00e1ll\u00edt\u00e1shoz \u00e9s a sz\u00f3rakoz\u00e1shoz \u00fatk\u00f6zben.<\/p>\n<p class=\"MsoNormal\">El\u0151ny\u00f6k:<\/p>\n<p class=\"MsoNormal\">Oktat\u00e1s \u00e9s sz\u00f3rakoz\u00e1s: Fokozza az intelligenci\u00e1t, mik\u00f6zben sz\u00f3rakoztat\u00f3 pillanatokat biztos\u00edt.<\/p>\n<p class=\"MsoNormal\">Stresszold\u00e1s: Ide\u00e1lis a kikapcsol\u00f3d\u00e1shoz \u00e9s a fesz\u00fclts\u00e9g cs\u00f6kkent\u00e9s\u00e9hez.<\/p>\n<p class=\"MsoNormal\">Csoportoknak alkalmas: T\u00f6k\u00e9letes j\u00e1t\u00e9k csal\u00e1doknak, bar\u00e1toknak vagy ak\u00e1r oktat\u00e1si tev\u00e9kenys\u00e9gekhez is.<\/p>\n<p class=\"MsoNormal\">Az IQ Puzzle k\u00e9szlet nagyszer\u0171 aj\u00e1nd\u00e9k minden koroszt\u00e1ly sz\u00e1m\u00e1ra, mivel a tanul\u00e1st a sz\u00f3rakoz\u00e1ssal \u00f6tv\u00f6zi, \u00e9s olyan kih\u00edv\u00e1sokat k\u00edn\u00e1l, amelyek akt\u00edvan \u00e9s kreat\u00edvan tartj\u00e1k az elm\u00e9t!<\/p>","protected":false},"excerpt":{"rendered":"<p>A 8 darabos IQ kirak\u00f3s k\u00e9szlet interakt\u00edv, elmefejleszt\u0151 j\u00e1t\u00e9kok izgalmas gy\u0171jtem\u00e9nye, amelyek \u00f3r\u00e1kig tart\u00f3 sz\u00f3rakoz\u00e1st \u00e9s kih\u00edv\u00e1st jelentenek. Gyermekek \u00e9s feln\u0151ttek sz\u00e1m\u00e1ra egyar\u00e1nt tervezett k\u00e9szlet ide\u00e1lis a logikus gondolkod\u00e1s fejleszt\u00e9s\u00e9re \u00e9s a stressz old\u00e1s\u00e1ra.<\/p>","protected":false},"featured_media":4795,"comment_status":"open","ping_status":"closed","template":"","meta":{"site-sidebar-layout":"default","site-content-layout":"","ast-site-content-layout":"default","site-content-style":"default","site-sidebar-style":"default","ast-global-header-display":"","ast-banner-title-visibility":"","ast-main-header-display":"","ast-hfb-above-header-display":"","ast-hfb-below-header-display":"","ast-hfb-mobile-header-display":"","site-post-title":"","ast-breadcrumbs-content":"","ast-featured-img":"","footer-sml-layout":"","ast-disable-related-posts":"","theme-transparent-header-meta":"default","adv-header-id-meta":"","stick-header-meta":"","header-above-stick-meta":"","header-main-stick-meta":"","header-below-stick-meta":"","astra-migrate-meta-layouts":"set","ast-page-background-enabled":"default","ast-page-background-meta":{"desktop":{"background-color":"var(--ast-global-color-5)","background-image":"","background-repeat":"repeat","background-position":"center center","background-size":"auto","background-attachment":"scroll","background-type":"","background-media":"","overlay-type":"","overlay-color":"","overlay-opacity":"","overlay-gradient":""},"tablet":{"background-color":"","background-image":"","background-repeat":"repeat","background-position":"center center","background-size":"auto","background-attachment":"scroll","background-type":"","background-media":"","overlay-type":"","overlay-color":"","overlay-opacity":"","overlay-gradient":""},"mobile":{"background-color":"","background-image":"","background-repeat":"repeat","background-position":"center center","background-size":"auto","background-attachment":"scroll","background-type":"","background-media":"","overlay-type":"","overlay-color":"","overlay-opacity":"","overlay-gradient":""}},"ast-content-background-meta":{"desktop":{"background-color":"var(--ast-global-color-4)","background-image":"","background-repeat":"repeat","background-position":"center center","background-size":"auto","background-attachment":"scroll","background-type":"","background-media":"","overlay-type":"","overlay-color":"","overlay-opacity":"","overlay-gradient":""},"tablet":{"background-color":"var(--ast-global-color-4)","background-image":"","background-repeat":"repeat","background-position":"center center","background-size":"auto","background-attachment":"scroll","background-type":"","background-media":"","overlay-type":"","overlay-color":"","overlay-opacity":"","overlay-gradient":""},"mobile":{"background-color":"var(--ast-global-color-4)","background-image":"","background-repeat":"repeat","background-position":"center center","background-size":"auto","background-attachment":"scroll","background-type":"","background-media":"","overlay-type":"","overlay-color":"","overlay-opacity":"","overlay-gradient":""}}},"product_brand":[107],"product_cat":[126,43,56,47,35,40,30,55,26],"product_tag":[],"class_list":{"0":"post-6800","1":"product","2":"type-product","3":"status-publish","4":"has-post-thumbnail","6":"product_brand-ngs","7":"product_cat-126","8":"product_cat-43","9":"product_cat-56","10":"product_cat-47","11":"product_cat--10-12-","12":"product_cat--12-","13":"product_cat--6-9-","14":"product_cat-55","15":"product_cat-26","16":"desktop-align-left","17":"tablet-align-left","18":"mobile-align-left","20":"first","21":"instock","22":"taxable","23":"shipping-taxable","24":"purchasable","25":"product-type-simple"},"_links":{"self":[{"href":"https:\/\/stem-eshop.gr\/hu\/wp-json\/wp\/v2\/product\/6800","targetHints":{"allow":["GET"]}}],"collection":[{"href":"https:\/\/stem-eshop.gr\/hu\/wp-json\/wp\/v2\/product"}],"about":[{"href":"https:\/\/stem-eshop.gr\/hu\/wp-json\/wp\/v2\/types\/product"}],"replies":[{"embeddable":true,"href":"https:\/\/stem-eshop.gr\/hu\/wp-json\/wp\/v2\/comments?post=6800"}],"wp:featuredmedia":[{"embeddable":true,"href":"https:\/\/stem-eshop.gr\/hu\/wp-json\/wp\/v2\/media\/4795"}],"wp:attachment":[{"href":"https:\/\/stem-eshop.gr\/hu\/wp-json\/wp\/v2\/media?parent=6800"}],"wp:term":[{"taxonomy":"product_brand","embeddable":true,"href":"https:\/\/stem-eshop.gr\/hu\/wp-json\/wp\/v2\/product_brand?post=6800"},{"taxonomy":"product_cat","embeddable":true,"href":"https:\/\/stem-eshop.gr\/hu\/wp-json\/wp\/v2\/product_cat?post=6800"},{"taxonomy":"product_tag","embeddable":true,"href":"https:\/\/stem-eshop.gr\/hu\/wp-json\/wp\/v2\/product_tag?post=6800"}],"curies":[{"name":"wp","href":"https:\/\/api.w.org\/{rel}","templated":true}]}}