{"id":6794,"date":"2025-05-19T08:51:26","date_gmt":"2025-05-19T08:51:26","guid":{"rendered":"https:\/\/stem-eshop.gr\/product\/%ce%bc%ce%b1%ce%b8%ce%b1%ce%af%ce%bd%cf%89-%ce%ba%ce%b1%ce%b9-%ce%b4%ce%b7%ce%bc%ce%b9%ce%bf%cf%85%cf%81%ce%b3%cf%8e-lab-%ce%b5%ce%ba%cf%80%ce%b1%ce%b9%ce%b4%ce%b5%cf%85%cf%84%ce%b9%ce%ba%cf%8c-4\/"},"modified":"2025-05-22T21:13:26","modified_gmt":"2025-05-22T18:13:26","slug":"%ce%bc%ce%b1%ce%b8%ce%b1%ce%af%ce%bd%cf%89-%ce%ba%ce%b1%ce%b9-%ce%b4%ce%b7%ce%bc%ce%b9%ce%bf%cf%85%cf%81%ce%b3%cf%8e-lab-%ce%b5%ce%ba%cf%80%ce%b1%ce%b9%ce%b4%ce%b5%cf%85%cf%84%ce%b9%ce%ba%cf%8c-4","status":"publish","type":"product","link":"https:\/\/stem-eshop.gr\/hu\/termek\/%ce%bc%ce%b1%ce%b8%ce%b1%ce%af%ce%bd%cf%89-%ce%ba%ce%b1%ce%b9-%ce%b4%ce%b7%ce%bc%ce%b9%ce%bf%cf%85%cf%81%ce%b3%cf%8e-lab-%ce%b5%ce%ba%cf%80%ce%b1%ce%b9%ce%b4%ce%b5%cf%85%cf%84%ce%b9%ce%ba%cf%8c-4\/","title":{"rendered":"Tanulok \u00e9s hozok l\u00e9tre laborat\u00f3riumi oktat\u00f3j\u00e1t\u00e9kot anat\u00f3mi\u00e1val nagyszer\u0171 elm\u00e9k sz\u00e1m\u00e1ra"},"content":{"rendered":"<p class=\"MsoNormal\">A j\u00e1t\u00e9k tartalma:<\/p>\n<\/p>\n<p>Forma az agy \u00e9s a csigolyak\u00f6zi porckorongok sz\u00e1m\u00e1ra<\/p>\n<\/p>\n<p>Csigolyaforma<\/p>\n<\/p>\n<p>M\u0171anyag koponya<\/p>\n<\/p>\n<p>Fogak<\/p>\n<\/p>\n<p>Szemek \u00e9s rug\u00f3k<\/p>\n<\/p>\n<p>Alap l\u00e1bakkal<\/p>\n<\/p>\n<p>Cs\u0151<\/p>\n<\/p>\n<p>Gipszzacsk\u00f3<\/p>\n<\/p>\n<p>Ludogel zacsk\u00f3<\/p>\n<\/p>\n<p>Szemmatric\u00e1k<\/p>\n<\/p>\n<p>Illusztr\u00e1lt k\u00e1rty\u00e1k<\/p>\n<\/p>\n<p>Spatula<\/p>\n<\/p>\n<p>Illusztr\u00e1lt k\u00e9zik\u00f6nyv<\/p><\/p>","protected":false},"excerpt":{"rendered":"<p class=\"MsoNormal\">K\u00e9szen \u00e1llsz arra, hogy megl\u00e1sd, mi van a fejedben?<\/p>\n<\/p>\n<p class=\"MsoNormal\">Egy emberi koponya modellje v\u00e1rja az \u00f6sszeszerel\u00e9st hihetetlen alkatr\u00e9szekb\u0151l! G\u00e9l agy, gipszcsigoly\u00e1k, tetsz\u00e9s szerint szem\u00e9lyre szabhat\u00f3 szemek \u00e9s egy olyan \u00e1llkapocs, amely \u00fagy mozog, mintha igazi lenne! Egy igazi tudom\u00e1nyos k\u00e9szlet, amellyel a legtrendibb \u00e9s legsz\u00f3rakoztat\u00f3bb m\u00f3don fedezheted fel az emberi anat\u00f3mia vil\u00e1g\u00e1t. A mell\u00e9kelt agy \u00e1br\u00e1zol\u00e1s\u00e1hoz sz\u00fcks\u00e9ges anyagokkal \u00e9s sz\u00e1mos tov\u00e1bbi tev\u00e9kenys\u00e9ggel garant\u00e1lt a sz\u00f3rakoz\u00e1s! Illusztr\u00e1lt k\u00e9zik\u00f6nyv is tartozik hozz\u00e1, amely r\u00e9szletes inform\u00e1ci\u00f3kat tartalmaz az emberi anat\u00f3mi\u00e1val kapcsolatos \u00f6sszes t\u00e9m\u00e1r\u00f3l.<\/p><\/p>","protected":false},"featured_media":4761,"comment_status":"open","ping_status":"closed","template":"","meta":{"site-sidebar-layout":"default","site-content-layout":"","ast-site-content-layout":"default","site-content-style":"default","site-sidebar-style":"default","ast-global-header-display":"","ast-banner-title-visibility":"","ast-main-header-display":"","ast-hfb-above-header-display":"","ast-hfb-below-header-display":"","ast-hfb-mobile-header-display":"","site-post-title":"","ast-breadcrumbs-content":"","ast-featured-img":"","footer-sml-layout":"","ast-disable-related-posts":"","theme-transparent-header-meta":"","adv-header-id-meta":"","stick-header-meta":"","header-above-stick-meta":"","header-main-stick-meta":"","header-below-stick-meta":"","astra-migrate-meta-layouts":"default","ast-page-background-enabled":"default","ast-page-background-meta":{"desktop":{"background-color":"var(--ast-global-color-5)","background-image":"","background-repeat":"repeat","background-position":"center center","background-size":"auto","background-attachment":"scroll","background-type":"","background-media":"","overlay-type":"","overlay-color":"","overlay-opacity":"","overlay-gradient":""},"tablet":{"background-color":"","background-image":"","background-repeat":"repeat","background-position":"center center","background-size":"auto","background-attachment":"scroll","background-type":"","background-media":"","overlay-type":"","overlay-color":"","overlay-opacity":"","overlay-gradient":""},"mobile":{"background-color":"","background-image":"","background-repeat":"repeat","background-position":"center center","background-size":"auto","background-attachment":"scroll","background-type":"","background-media":"","overlay-type":"","overlay-color":"","overlay-opacity":"","overlay-gradient":""}},"ast-content-background-meta":{"desktop":{"background-color":"var(--ast-global-color-4)","background-image":"","background-repeat":"repeat","background-position":"center center","background-size":"auto","background-attachment":"scroll","background-type":"","background-media":"","overlay-type":"","overlay-color":"","overlay-opacity":"","overlay-gradient":""},"tablet":{"background-color":"var(--ast-global-color-4)","background-image":"","background-repeat":"repeat","background-position":"center center","background-size":"auto","background-attachment":"scroll","background-type":"","background-media":"","overlay-type":"","overlay-color":"","overlay-opacity":"","overlay-gradient":""},"mobile":{"background-color":"var(--ast-global-color-4)","background-image":"","background-repeat":"repeat","background-position":"center center","background-size":"auto","background-attachment":"scroll","background-type":"","background-media":"","overlay-type":"","overlay-color":"","overlay-opacity":"","overlay-gradient":""}}},"product_brand":[114],"product_cat":[53,43,44,39,38,56,35,30,58],"product_tag":[],"class_list":{"0":"post-6794","1":"product","2":"type-product","3":"status-publish","4":"has-post-thumbnail","6":"product_brand-mathenw","7":"product_cat-53","8":"product_cat-43","9":"product_cat-44","10":"product_cat-39","11":"product_cat-38","12":"product_cat-56","13":"product_cat--10-12-","14":"product_cat--6-9-","15":"product_cat-58","16":"desktop-align-left","17":"tablet-align-left","18":"mobile-align-left","20":"first","21":"instock","22":"taxable","23":"shipping-taxable","24":"purchasable","25":"product-type-simple"},"_links":{"self":[{"href":"https:\/\/stem-eshop.gr\/hu\/wp-json\/wp\/v2\/product\/6794","targetHints":{"allow":["GET"]}}],"collection":[{"href":"https:\/\/stem-eshop.gr\/hu\/wp-json\/wp\/v2\/product"}],"about":[{"href":"https:\/\/stem-eshop.gr\/hu\/wp-json\/wp\/v2\/types\/product"}],"replies":[{"embeddable":true,"href":"https:\/\/stem-eshop.gr\/hu\/wp-json\/wp\/v2\/comments?post=6794"}],"wp:featuredmedia":[{"embeddable":true,"href":"https:\/\/stem-eshop.gr\/hu\/wp-json\/wp\/v2\/media\/4761"}],"wp:attachment":[{"href":"https:\/\/stem-eshop.gr\/hu\/wp-json\/wp\/v2\/media?parent=6794"}],"wp:term":[{"taxonomy":"product_brand","embeddable":true,"href":"https:\/\/stem-eshop.gr\/hu\/wp-json\/wp\/v2\/product_brand?post=6794"},{"taxonomy":"product_cat","embeddable":true,"href":"https:\/\/stem-eshop.gr\/hu\/wp-json\/wp\/v2\/product_cat?post=6794"},{"taxonomy":"product_tag","embeddable":true,"href":"https:\/\/stem-eshop.gr\/hu\/wp-json\/wp\/v2\/product_tag?post=6794"}],"curies":[{"name":"wp","href":"https:\/\/api.w.org\/{rel}","templated":true}]}}