{"id":6776,"date":"2025-05-19T08:50:44","date_gmt":"2025-05-19T08:50:44","guid":{"rendered":"https:\/\/stem-eshop.gr\/product\/50-50-games-%ce%b8%ce%b7%cf%83%ce%b5%ce%b1%cf%83-%ce%bc%ce%b9%ce%bd%cf%89%cf%84%ce%b1%cf%85%cf%81%ce%bf%cf%83-%ce%bf-%ce%bc%cf%85%ce%b8%ce%bf%cf%83-%cf%84%ce%bf%cf%85-%ce%bb%ce%b1%ce%b2\/"},"modified":"2025-10-23T12:50:58","modified_gmt":"2025-10-23T09:50:58","slug":"50-50-games-%ce%b8%ce%b7%cf%83%ce%b5%ce%b1%cf%83-%ce%bc%ce%b9%ce%bd%cf%89%cf%84%ce%b1%cf%85%cf%81%ce%bf%cf%83-%ce%bf-%ce%bc%cf%85%ce%b8%ce%bf%cf%83-%cf%84%ce%bf%cf%85-%ce%bb%ce%b1%ce%b2","status":"publish","type":"product","link":"https:\/\/stem-eshop.gr\/hu\/termek\/50-50-games-%ce%b8%ce%b7%cf%83%ce%b5%ce%b1%cf%83-%ce%bc%ce%b9%ce%bd%cf%89%cf%84%ce%b1%cf%85%cf%81%ce%bf%cf%83-%ce%bf-%ce%bc%cf%85%ce%b8%ce%bf%cf%83-%cf%84%ce%bf%cf%85-%ce%bb%ce%b1%ce%b2\/","title":{"rendered":"50\/50 J\u00e1t\u00e9kok: THESEUS \u00c9S A MINOTAUROSZ \u2013 A LABIRINTUS M\u00cdTOSZA T\u00c1RSASJ\u00c1T\u00c9K"},"content":{"rendered":"<p style=\"margin: 0px 0px 10px;padding: 0px;font-family: 'Open Sans', sans-serif;font-size: 15px;line-height: 1.3;letter-spacing: 0.7px;background-color: #ffffff\">Miut\u00e1n el\u00e9rt\u00e9l egy k\u00e9pess\u00e9get, helyesen kell megv\u00e1laszolnod egy k\u00e9rd\u00e9sk\u00e1rty\u00e1t, hogy a szimb\u00f3lumod elhelyez\u00e9s\u00e9vel teljes\u00edthesd. De az \u00e1ltalad v\u00e1lasztott \u00fat neh\u00e9z lesz! Gonoszokkal, antropomorf l\u00e9nyekkel \u00e9s mindenf\u00e9le vesz\u00e9llyel fogsz tal\u00e1lkozni! V\u00e9gezz annyi k\u00e9pess\u00e9get, amennyit csak tudsz, \u00e9s l\u00e9gy m\u00e9lt\u00f3 t\u00e1rsa a h\u0151s Th\u00e9szeusznak!<\/p>\n<p style=\"margin: 0px 0px 10px;padding: 0px;font-family: 'Open Sans', sans-serif;font-size: 15px;line-height: 1.3;letter-spacing: 0.7px;background-color: #ffffff\">Tartalom:<\/p>\n<p style=\"margin: 0px 0px 10px;padding: 0px;font-family: 'Open Sans', sans-serif;font-size: 15px;line-height: 1.3;letter-spacing: 0.7px;background-color: #ffffff\">1 ir\u00e1ny\u00edt\u00f3pult<\/p>\n<p style=\"margin: 0px 0px 10px;padding: 0px;font-family: 'Open Sans', sans-serif;font-size: 15px;line-height: 1.3;letter-spacing: 0.7px;background-color: #ffffff\">1 dob\u00f3kocka + haszn\u00e1lati \u00fatmutat\u00f3<\/p>\n<p style=\"margin: 0px 0px 10px;padding: 0px;font-family: 'Open Sans', sans-serif;font-size: 15px;line-height: 1.3;letter-spacing: 0.7px;background-color: #ffffff\">40 k\u00e9rd\u0151\u00edv<\/p>\n<p style=\"margin: 0px 0px 10px;padding: 0px;font-family: 'Open Sans', sans-serif;font-size: 15px;line-height: 1.3;letter-spacing: 0.7px;background-color: #ffffff\">20 k\u00fcldet\u00e9sk\u00e1rtya<\/p>\n<p style=\"margin: 0px 0px 10px;padding: 0px;font-family: 'Open Sans', sans-serif;font-size: 15px;line-height: 1.3;letter-spacing: 0.7px;background-color: #ffffff\">48 &quot;sikerszimb\u00f3lum&quot;<\/p>\n<p style=\"margin: 0px 0px 10px;padding: 0px;font-family: 'Open Sans', sans-serif;font-size: 15px;line-height: 1.3;letter-spacing: 0.7px;background-color: #ffffff\">4 gyalog talppal<\/p>","protected":false},"excerpt":{"rendered":"<p><span style=\"font-family: 'Open Sans', sans-serif;font-size: 15px;letter-spacing: 0.7px;background-color: #ffffff\">Attika nagy h\u0151se, Th\u00e9szeusz, arra h\u00edv, hogy vele egy\u00fctt barangolj a m\u00edtoszok \u00e9s a t\u00f6rt\u00e9nelmi val\u00f3s\u00e1g k\u00f6z\u00f6tt. K\u00f6vesd kalandjait. \u00d6ld meg a bandit\u00e1kat Ath\u00e9n fel\u00e9 vezet\u0151 \u00faton, mentsd meg az ath\u00e9niakat a sz\u00f6rny\u0171 Minotauruszt\u00f3l, \u00e9s n\u00e9zz szembe a harcias amazonokkal egy var\u00e1zslatos, kalandokkal \u00e9s tud\u00e1ssal teli j\u00e1t\u00e9kban!<\/span><\/p>","protected":false},"featured_media":4694,"comment_status":"open","ping_status":"closed","template":"","meta":{"site-sidebar-layout":"default","site-content-layout":"","ast-site-content-layout":"default","site-content-style":"default","site-sidebar-style":"default","ast-global-header-display":"","ast-banner-title-visibility":"","ast-main-header-display":"","ast-hfb-above-header-display":"","ast-hfb-below-header-display":"","ast-hfb-mobile-header-display":"","site-post-title":"","ast-breadcrumbs-content":"","ast-featured-img":"","footer-sml-layout":"","ast-disable-related-posts":"","theme-transparent-header-meta":"default","adv-header-id-meta":"","stick-header-meta":"","header-above-stick-meta":"","header-main-stick-meta":"","header-below-stick-meta":"","astra-migrate-meta-layouts":"set","ast-page-background-enabled":"default","ast-page-background-meta":{"desktop":{"background-color":"var(--ast-global-color-5)","background-image":"","background-repeat":"repeat","background-position":"center center","background-size":"auto","background-attachment":"scroll","background-type":"","background-media":"","overlay-type":"","overlay-color":"","overlay-opacity":"","overlay-gradient":""},"tablet":{"background-color":"","background-image":"","background-repeat":"repeat","background-position":"center center","background-size":"auto","background-attachment":"scroll","background-type":"","background-media":"","overlay-type":"","overlay-color":"","overlay-opacity":"","overlay-gradient":""},"mobile":{"background-color":"","background-image":"","background-repeat":"repeat","background-position":"center center","background-size":"auto","background-attachment":"scroll","background-type":"","background-media":"","overlay-type":"","overlay-color":"","overlay-opacity":"","overlay-gradient":""}},"ast-content-background-meta":{"desktop":{"background-color":"var(--ast-global-color-4)","background-image":"","background-repeat":"repeat","background-position":"center center","background-size":"auto","background-attachment":"scroll","background-type":"","background-media":"","overlay-type":"","overlay-color":"","overlay-opacity":"","overlay-gradient":""},"tablet":{"background-color":"var(--ast-global-color-4)","background-image":"","background-repeat":"repeat","background-position":"center center","background-size":"auto","background-attachment":"scroll","background-type":"","background-media":"","overlay-type":"","overlay-color":"","overlay-opacity":"","overlay-gradient":""},"mobile":{"background-color":"var(--ast-global-color-4)","background-image":"","background-repeat":"repeat","background-position":"center center","background-size":"auto","background-attachment":"scroll","background-type":"","background-media":"","overlay-type":"","overlay-color":"","overlay-opacity":"","overlay-gradient":""}}},"product_brand":[97],"product_cat":[43,49,38,56,47,35,40,30],"product_tag":[],"class_list":{"0":"post-6776","1":"product","2":"type-product","3":"status-publish","4":"has-post-thumbnail","6":"product_brand-97","7":"product_cat-43","8":"product_cat-49","9":"product_cat-38","10":"product_cat-56","11":"product_cat-47","12":"product_cat--10-12-","13":"product_cat--12-","14":"product_cat--6-9-","15":"desktop-align-left","16":"tablet-align-left","17":"mobile-align-left","19":"first","20":"instock","21":"taxable","22":"shipping-taxable","23":"purchasable","24":"product-type-simple"},"_links":{"self":[{"href":"https:\/\/stem-eshop.gr\/hu\/wp-json\/wp\/v2\/product\/6776","targetHints":{"allow":["GET"]}}],"collection":[{"href":"https:\/\/stem-eshop.gr\/hu\/wp-json\/wp\/v2\/product"}],"about":[{"href":"https:\/\/stem-eshop.gr\/hu\/wp-json\/wp\/v2\/types\/product"}],"replies":[{"embeddable":true,"href":"https:\/\/stem-eshop.gr\/hu\/wp-json\/wp\/v2\/comments?post=6776"}],"wp:featuredmedia":[{"embeddable":true,"href":"https:\/\/stem-eshop.gr\/hu\/wp-json\/wp\/v2\/media\/4694"}],"wp:attachment":[{"href":"https:\/\/stem-eshop.gr\/hu\/wp-json\/wp\/v2\/media?parent=6776"}],"wp:term":[{"taxonomy":"product_brand","embeddable":true,"href":"https:\/\/stem-eshop.gr\/hu\/wp-json\/wp\/v2\/product_brand?post=6776"},{"taxonomy":"product_cat","embeddable":true,"href":"https:\/\/stem-eshop.gr\/hu\/wp-json\/wp\/v2\/product_cat?post=6776"},{"taxonomy":"product_tag","embeddable":true,"href":"https:\/\/stem-eshop.gr\/hu\/wp-json\/wp\/v2\/product_tag?post=6776"}],"curies":[{"name":"wp","href":"https:\/\/api.w.org\/{rel}","templated":true}]}}