{"id":6775,"date":"2025-05-19T08:50:42","date_gmt":"2025-05-19T08:50:42","guid":{"rendered":"https:\/\/stem-eshop.gr\/product\/50-50-games-%ce%bf%ce%b4%cf%85%cf%83%cf%83%ce%b5%ce%b1%cf%83-%cf%84%ce%b1%ce%be%ce%b9%ce%b4%ce%b9-%cf%80%cf%81%ce%bf%cf%83-%cf%84%ce%b7%ce%bd-%ce%b9%ce%b8%ce%b1%ce%ba%ce%b7-%ce%b5%cf%80%ce%b9\/"},"modified":"2025-10-23T13:02:33","modified_gmt":"2025-10-23T10:02:33","slug":"50-50-games-%ce%bf%ce%b4%cf%85%cf%83%cf%83%ce%b5%ce%b1%cf%83-%cf%84%ce%b1%ce%be%ce%b9%ce%b4%ce%b9-%cf%80%cf%81%ce%bf%cf%83-%cf%84%ce%b7%ce%bd-%ce%b9%ce%b8%ce%b1%ce%ba%ce%b7-%ce%b5%cf%80%ce%b9","status":"publish","type":"product","link":"https:\/\/stem-eshop.gr\/hu\/termek\/50-50-games-%ce%bf%ce%b4%cf%85%cf%83%cf%83%ce%b5%ce%b1%cf%83-%cf%84%ce%b1%ce%be%ce%b9%ce%b4%ce%b9-%cf%80%cf%81%ce%bf%cf%83-%cf%84%ce%b7%ce%bd-%ce%b9%ce%b8%ce%b1%ce%ba%ce%b7-%ce%b5%cf%80%ce%b9\/","title":{"rendered":"50\/50 J\u00e1t\u00e9kok: ODYSSEY \u2013 UTAZ\u00c1S ITHAK\u00c1BA T\u00c1RSASJ\u00c1T\u00c9K"},"content":{"rendered":"<p style=\"margin: 0px 0px 10px;padding: 0px;font-family: 'Open Sans', sans-serif;font-size: 15px;line-height: 1.3;letter-spacing: 0.7px;background-color: #ffffff\"><span style=\"line-height: inherit\">Tartalom:<\/span><\/p>\n<p style=\"margin: 0px 0px 10px;padding: 0px;font-family: 'Open Sans', sans-serif;font-size: 15px;line-height: 1.3;letter-spacing: 0.7px;background-color: #ffffff\">1 ir\u00e1ny\u00edt\u00f3pult<\/p>\n<p style=\"margin: 0px 0px 10px;padding: 0px;font-family: 'Open Sans', sans-serif;font-size: 15px;line-height: 1.3;letter-spacing: 0.7px;background-color: #ffffff\">40 k\u00e9rd\u0151\u00edv<\/p>\n<p style=\"margin: 0px 0px 10px;padding: 0px;font-family: 'Open Sans', sans-serif;font-size: 15px;line-height: 1.3;letter-spacing: 0.7px;background-color: #ffffff\">20 k\u00fcldet\u00e9sk\u00e1rtya<\/p>\n<p style=\"margin: 0px 0px 10px;padding: 0px;font-family: 'Open Sans', sans-serif;font-size: 15px;line-height: 1.3;letter-spacing: 0.7px;background-color: #ffffff\">48 &quot;h\u00f3d\u00edt\u00e1si szimb\u00f3lum&quot;<\/p>\n<p style=\"margin: 0px 0px 10px;padding: 0px;font-family: 'Open Sans', sans-serif;font-size: 15px;line-height: 1.3;letter-spacing: 0.7px;background-color: #ffffff\">4 Od\u00fcsszeusz gyalog<\/p>\n<p style=\"margin: 0px 0px 10px;padding: 0px;font-family: 'Open Sans', sans-serif;font-size: 15px;line-height: 1.3;letter-spacing: 0.7px;background-color: #ffffff\">4 gyalogb\u00e1zis<\/p>\n<p style=\"margin: 0px 0px 10px;padding: 0px;font-family: 'Open Sans', sans-serif;font-size: 15px;line-height: 1.3;letter-spacing: 0.7px;background-color: #ffffff\">1 dob\u00f3kocka<\/p>\n<p style=\"margin: 0px 0px 10px;padding: 0px;font-family: 'Open Sans', sans-serif;font-size: 15px;line-height: 1.3;letter-spacing: 0.7px;background-color: #ffffff\">Haszn\u00e1lati utas\u00edt\u00e1s<\/p>","protected":false},"excerpt":{"rendered":"<p><span style=\"font-family: 'Open Sans', sans-serif;font-size: 15px;letter-spacing: 0.7px;background-color: #ffffff\">Seg\u00edts Od\u00fcsszeusznak legy\u0151zni az istenek \u00e9s emberek \u00e1ltal el\u00e9 g\u00f6rd\u00edtett akad\u00e1lyokat, \u00e9s nyerj meg vele egy\u00fctt annyi kalandot, amennyit csak tudsz! A hatalmas K\u00fcklopszt\u00f3l \u00e9s a sz\u00f6rny\u0171 Kirk\u00e9t\u0151l a Szir\u00e9nek sziget\u00e9ig \u00e9s Ithak\u00e1ba val\u00f3 visszat\u00e9r\u00e9s\u00e9ig Od\u00fcsszeusz utaz\u00e1sa tele lesz kalandokkal \u00e9s akci\u00f3val!<\/span><\/p>","protected":false},"featured_media":4692,"comment_status":"open","ping_status":"closed","template":"","meta":{"site-sidebar-layout":"default","site-content-layout":"","ast-site-content-layout":"default","site-content-style":"default","site-sidebar-style":"default","ast-global-header-display":"","ast-banner-title-visibility":"","ast-main-header-display":"","ast-hfb-above-header-display":"","ast-hfb-below-header-display":"","ast-hfb-mobile-header-display":"","site-post-title":"","ast-breadcrumbs-content":"","ast-featured-img":"","footer-sml-layout":"","ast-disable-related-posts":"","theme-transparent-header-meta":"default","adv-header-id-meta":"","stick-header-meta":"","header-above-stick-meta":"","header-main-stick-meta":"","header-below-stick-meta":"","astra-migrate-meta-layouts":"set","ast-page-background-enabled":"default","ast-page-background-meta":{"desktop":{"background-color":"var(--ast-global-color-5)","background-image":"","background-repeat":"repeat","background-position":"center center","background-size":"auto","background-attachment":"scroll","background-type":"","background-media":"","overlay-type":"","overlay-color":"","overlay-opacity":"","overlay-gradient":""},"tablet":{"background-color":"","background-image":"","background-repeat":"repeat","background-position":"center center","background-size":"auto","background-attachment":"scroll","background-type":"","background-media":"","overlay-type":"","overlay-color":"","overlay-opacity":"","overlay-gradient":""},"mobile":{"background-color":"","background-image":"","background-repeat":"repeat","background-position":"center center","background-size":"auto","background-attachment":"scroll","background-type":"","background-media":"","overlay-type":"","overlay-color":"","overlay-opacity":"","overlay-gradient":""}},"ast-content-background-meta":{"desktop":{"background-color":"var(--ast-global-color-4)","background-image":"","background-repeat":"repeat","background-position":"center center","background-size":"auto","background-attachment":"scroll","background-type":"","background-media":"","overlay-type":"","overlay-color":"","overlay-opacity":"","overlay-gradient":""},"tablet":{"background-color":"var(--ast-global-color-4)","background-image":"","background-repeat":"repeat","background-position":"center center","background-size":"auto","background-attachment":"scroll","background-type":"","background-media":"","overlay-type":"","overlay-color":"","overlay-opacity":"","overlay-gradient":""},"mobile":{"background-color":"var(--ast-global-color-4)","background-image":"","background-repeat":"repeat","background-position":"center center","background-size":"auto","background-attachment":"scroll","background-type":"","background-media":"","overlay-type":"","overlay-color":"","overlay-opacity":"","overlay-gradient":""}}},"product_brand":[97],"product_cat":[43,49,38,56,47,35,40,30],"product_tag":[],"class_list":{"0":"post-6775","1":"product","2":"type-product","3":"status-publish","4":"has-post-thumbnail","6":"product_brand-97","7":"product_cat-43","8":"product_cat-49","9":"product_cat-38","10":"product_cat-56","11":"product_cat-47","12":"product_cat--10-12-","13":"product_cat--12-","14":"product_cat--6-9-","15":"desktop-align-left","16":"tablet-align-left","17":"mobile-align-left","19":"first","20":"instock","21":"taxable","22":"shipping-taxable","23":"purchasable","24":"product-type-simple"},"_links":{"self":[{"href":"https:\/\/stem-eshop.gr\/hu\/wp-json\/wp\/v2\/product\/6775","targetHints":{"allow":["GET"]}}],"collection":[{"href":"https:\/\/stem-eshop.gr\/hu\/wp-json\/wp\/v2\/product"}],"about":[{"href":"https:\/\/stem-eshop.gr\/hu\/wp-json\/wp\/v2\/types\/product"}],"replies":[{"embeddable":true,"href":"https:\/\/stem-eshop.gr\/hu\/wp-json\/wp\/v2\/comments?post=6775"}],"wp:featuredmedia":[{"embeddable":true,"href":"https:\/\/stem-eshop.gr\/hu\/wp-json\/wp\/v2\/media\/4692"}],"wp:attachment":[{"href":"https:\/\/stem-eshop.gr\/hu\/wp-json\/wp\/v2\/media?parent=6775"}],"wp:term":[{"taxonomy":"product_brand","embeddable":true,"href":"https:\/\/stem-eshop.gr\/hu\/wp-json\/wp\/v2\/product_brand?post=6775"},{"taxonomy":"product_cat","embeddable":true,"href":"https:\/\/stem-eshop.gr\/hu\/wp-json\/wp\/v2\/product_cat?post=6775"},{"taxonomy":"product_tag","embeddable":true,"href":"https:\/\/stem-eshop.gr\/hu\/wp-json\/wp\/v2\/product_tag?post=6775"}],"curies":[{"name":"wp","href":"https:\/\/api.w.org\/{rel}","templated":true}]}}