{"id":6769,"date":"2025-05-19T08:35:46","date_gmt":"2025-05-19T08:35:46","guid":{"rendered":"https:\/\/stem-eshop.gr\/product\/%cf%80%cf%89%cf%82-%ce%bb%ce%b5%ce%b9%cf%84%ce%bf%cf%85%cf%81%ce%b3%ce%b5%ce%af-%ce%b7-%ce%b1%ce%b4%cf%81%ce%ac%ce%bd%ce%b5%ce%b9%ce%b1\/"},"modified":"2026-02-24T14:12:37","modified_gmt":"2026-02-24T11:12:37","slug":"%cf%80%cf%89%cf%82-%ce%bb%ce%b5%ce%b9%cf%84%ce%bf%cf%85%cf%81%ce%b3%ce%b5%ce%af-%ce%b7-%ce%b1%ce%b4%cf%81%ce%ac%ce%bd%ce%b5%ce%b9%ce%b1","status":"publish","type":"product","link":"https:\/\/stem-eshop.gr\/hu\/termek\/%cf%80%cf%89%cf%82-%ce%bb%ce%b5%ce%b9%cf%84%ce%bf%cf%85%cf%81%ce%b3%ce%b5%ce%af-%ce%b7-%ce%b1%ce%b4%cf%81%ce%ac%ce%bd%ce%b5%ce%b9%ce%b1\/","title":{"rendered":"Hogyan m\u0171k\u00f6dik a tehetetlens\u00e9g?"},"content":{"rendered":"<p>Amikor befejezt\u00e9k a k\u00eds\u00e9rleteiket, a gyerekek levehetik a kalapjukat, \u00e9s el\u0151vehetik a sz\u00ednes ceruz\u00e1ikat, hogy feld\u00edsz\u00edts\u00e9k saj\u00e1t, r\u00e1pattinthat\u00f3 b\u0151reiket.<\/p>\n<p>Ezenk\u00edv\u00fcl a fiatal di\u00e1kok egy sz\u00ednes f\u00fczetet kapnak, amely a k\u00f6vetkez\u0151ket tartalmazza:<\/p>\n<p>Newton t\u00f6rv\u00e9nyeinek \u00e9s a m\u00f6g\u00f6tt\u00fck \u00e1ll\u00f3 elm\u00e9letnek r\u00f6vid t\u00f6rt\u00e9nete<\/p>\n<p>Sz\u00f3rakoztat\u00f3 STEM k\u00eds\u00e9rletek saj\u00e1t t\u00f6r\u00e9steszt-padon<\/p>\n<p>Egy kv\u00edz, amely felm\u00e9ri az alapvet\u0151 STEM-fogalmak ismeret\u00e9t<\/p>\n<p>Egyszer\u0171 \u00e9p\u00edt\u00e9si \u00fatmutat\u00f3<\/p>\n<p>Nyomtathat\u00f3 skinek a tervez\u00e9si k\u00e9szs\u00e9gek gyakorl\u00e1s\u00e1hoz<\/p>\n<p>Inspir\u00e1ci\u00f3ra van sz\u00fcks\u00e9ged? Haszn\u00e1ld interakt\u00edv 3D alkalmaz\u00e1sunkat a sz\u00e1m\u00edt\u00f3g\u00e9peden, \u00e9s \u00e9p\u00edts virtu\u00e1lis val\u00f3s\u00e1gban!<\/p>\n<p>Az Engino STEAM oktat\u00f3j\u00e1t\u00e9kai teljes \u00e9rt\u00e9k\u0171 STEAM tanul\u00e1si eszk\u00f6z\u00f6k, amelyeket \u00fagy terveztek, hogy felk\u00e9sz\u00edts\u00e9k a fiatal di\u00e1kokat az \u00e9letre sz\u00f3l\u00f3 tudom\u00e1nyos felfedez\u00e9sekre.<\/p>","protected":false},"excerpt":{"rendered":"<p>A gyerekek megismerik a tehetetlens\u00e9g m\u0171k\u00f6d\u00e9s\u00e9t \u00e9s annak mindennapi \u00e9let\u00fcnkre gyakorolt hat\u00e1s\u00e1t, mik\u00f6zben felfedezik a 20. sz\u00e1zad egyik legfontosabb tal\u00e1lm\u00e1ny\u00e1nak, a biztons\u00e1gi \u00f6vnek a mechanizmus\u00e1t.<\/p>","protected":false},"featured_media":6770,"comment_status":"open","ping_status":"closed","template":"","meta":{"site-sidebar-layout":"default","site-content-layout":"","ast-site-content-layout":"default","site-content-style":"default","site-sidebar-style":"default","ast-global-header-display":"","ast-banner-title-visibility":"","ast-main-header-display":"","ast-hfb-above-header-display":"","ast-hfb-below-header-display":"","ast-hfb-mobile-header-display":"","site-post-title":"","ast-breadcrumbs-content":"","ast-featured-img":"","footer-sml-layout":"","ast-disable-related-posts":"","theme-transparent-header-meta":"default","adv-header-id-meta":"","stick-header-meta":"","header-above-stick-meta":"","header-main-stick-meta":"","header-below-stick-meta":"","astra-migrate-meta-layouts":"set","ast-page-background-enabled":"default","ast-page-background-meta":{"desktop":{"background-color":"var(--ast-global-color-5)","background-image":"","background-repeat":"repeat","background-position":"center center","background-size":"auto","background-attachment":"scroll","background-type":"","background-media":"","overlay-type":"","overlay-color":"","overlay-opacity":"","overlay-gradient":""},"tablet":{"background-color":"","background-image":"","background-repeat":"repeat","background-position":"center center","background-size":"auto","background-attachment":"scroll","background-type":"","background-media":"","overlay-type":"","overlay-color":"","overlay-opacity":"","overlay-gradient":""},"mobile":{"background-color":"","background-image":"","background-repeat":"repeat","background-position":"center center","background-size":"auto","background-attachment":"scroll","background-type":"","background-media":"","overlay-type":"","overlay-color":"","overlay-opacity":"","overlay-gradient":""}},"ast-content-background-meta":{"desktop":{"background-color":"var(--ast-global-color-4)","background-image":"","background-repeat":"repeat","background-position":"center center","background-size":"auto","background-attachment":"scroll","background-type":"","background-media":"","overlay-type":"","overlay-color":"","overlay-opacity":"","overlay-gradient":""},"tablet":{"background-color":"var(--ast-global-color-4)","background-image":"","background-repeat":"repeat","background-position":"center center","background-size":"auto","background-attachment":"scroll","background-type":"","background-media":"","overlay-type":"","overlay-color":"","overlay-opacity":"","overlay-gradient":""},"mobile":{"background-color":"var(--ast-global-color-4)","background-image":"","background-repeat":"repeat","background-position":"center center","background-size":"auto","background-attachment":"scroll","background-type":"","background-media":"","overlay-type":"","overlay-color":"","overlay-opacity":"","overlay-gradient":""}}},"product_brand":[95],"product_cat":[39,52,38,56,37,35,30,59,58],"product_tag":[],"class_list":{"0":"post-6769","1":"product","2":"type-product","3":"status-publish","4":"has-post-thumbnail","6":"product_brand-engino","7":"product_cat-39","8":"product_cat-52","9":"product_cat-38","10":"product_cat-56","11":"product_cat-37","12":"product_cat--10-12-","13":"product_cat--6-9-","14":"product_cat-59","15":"product_cat-58","16":"desktop-align-left","17":"tablet-align-left","18":"mobile-align-left","20":"first","21":"instock","22":"taxable","23":"shipping-taxable","24":"purchasable","25":"product-type-simple"},"_links":{"self":[{"href":"https:\/\/stem-eshop.gr\/hu\/wp-json\/wp\/v2\/product\/6769","targetHints":{"allow":["GET"]}}],"collection":[{"href":"https:\/\/stem-eshop.gr\/hu\/wp-json\/wp\/v2\/product"}],"about":[{"href":"https:\/\/stem-eshop.gr\/hu\/wp-json\/wp\/v2\/types\/product"}],"replies":[{"embeddable":true,"href":"https:\/\/stem-eshop.gr\/hu\/wp-json\/wp\/v2\/comments?post=6769"}],"wp:featuredmedia":[{"embeddable":true,"href":"https:\/\/stem-eshop.gr\/hu\/wp-json\/wp\/v2\/media\/6770"}],"wp:attachment":[{"href":"https:\/\/stem-eshop.gr\/hu\/wp-json\/wp\/v2\/media?parent=6769"}],"wp:term":[{"taxonomy":"product_brand","embeddable":true,"href":"https:\/\/stem-eshop.gr\/hu\/wp-json\/wp\/v2\/product_brand?post=6769"},{"taxonomy":"product_cat","embeddable":true,"href":"https:\/\/stem-eshop.gr\/hu\/wp-json\/wp\/v2\/product_cat?post=6769"},{"taxonomy":"product_tag","embeddable":true,"href":"https:\/\/stem-eshop.gr\/hu\/wp-json\/wp\/v2\/product_tag?post=6769"}],"curies":[{"name":"wp","href":"https:\/\/api.w.org\/{rel}","templated":true}]}}