{"id":6721,"date":"2025-05-19T08:34:16","date_gmt":"2025-05-19T08:34:16","guid":{"rendered":"https:\/\/stem-eshop.gr\/product\/montessori-%ce%b5%ce%ba%cf%80%ce%b1%ce%b9%ce%b4%ce%b5%cf%85%cf%84%ce%b9%ce%ba%cf%8c-%cf%80%ce%b1%ce%b9%cf%87%ce%bd%ce%af%ce%b4%ce%b9-%ce%b1%cf%85%cf%84%cf%8c-%ce%b5%ce%b4%cf%8e-%ce%b1%cf%85%cf%84\/"},"modified":"2026-02-27T01:12:16","modified_gmt":"2026-02-26T22:12:16","slug":"montessori-%ce%b5%ce%ba%cf%80%ce%b1%ce%b9%ce%b4%ce%b5%cf%85%cf%84%ce%b9%ce%ba%cf%8c-%cf%80%ce%b1%ce%b9%cf%87%ce%bd%ce%af%ce%b4%ce%b9-%ce%b1%cf%85%cf%84%cf%8c-%ce%b5%ce%b4%cf%8e-%ce%b1%cf%85%cf%84","status":"publish","type":"product","link":"https:\/\/stem-eshop.gr\/hu\/termek\/montessori-%ce%b5%ce%ba%cf%80%ce%b1%ce%b9%ce%b4%ce%b5%cf%85%cf%84%ce%b9%ce%ba%cf%8c-%cf%80%ce%b1%ce%b9%cf%87%ce%bd%ce%af%ce%b4%ce%b9-%ce%b1%cf%85%cf%84%cf%8c-%ce%b5%ce%b4%cf%8e-%ce%b1%cf%85%cf%84\/","title":{"rendered":"Montessori oktat\u00f3j\u00e1t\u00e9k Ez itt, ez ott 3-6 \u00e9veseknek"},"content":{"rendered":"<p class=\"MsoNormal\" style=\"text-align: justify\">A csomag tartalma:<\/p>\n<p>3 \u00e1tl\u00e1tsz\u00f3 poh\u00e1r<\/p>\n<p>1 zacsk\u00f3 pompon<\/p>\n<p>36 kivehet\u0151 habszivacs t\u00e1rgy<\/p>\n<p>1 p\u00e1r csipesz<\/p>\n<p>6 karton v\u00e1logat\u00f3 t\u00e1lca<\/p>\n<p>3 kartonbet\u00e9t (sz\u0171r\u0151) a poharakhoz<\/p>\n<p>3 nagy kartonb\u00f3l k\u00e9sz\u00fclt k\u00e9pk\u00e1rtya 3 k\u00fcl\u00f6nb\u00f6z\u0151 k\u00f6rnyezettel<\/p>\n<p>Utas\u00edt\u00e1sok j\u00e1t\u00e9kjavaslatokkal<\/p>\n<p class=\"MsoNormal\" style=\"text-align: justify\">Olaszorsz\u00e1gban k\u00e9sz\u00fclt<\/p>\n<p class=\"MsoNormal\" style=\"text-align: justify\">A Montessori-Clementoni sorozat a Montessori-m\u00f3dszer ihlette j\u00e1t\u00e9kokat \u00e9s k\u00f6nyveket mutat be, amelyek c\u00e9lja a gyermekek pszichomotoros k\u00e9szs\u00e9geinek fejleszt\u00e9se gyakorlati, \u00e9rz\u00e9kszervi \u00e9s kognit\u00edv tev\u00e9kenys\u00e9gekben val\u00f3 r\u00e9szv\u00e9tel\u00fck\u00f6n kereszt\u00fcl. Ez egy olyan nevel\u00e9si megk\u00f6zel\u00edt\u00e9s, amely fejleszti a gyermekek \u00f6n\u00e1ll\u00f3s\u00e1g\u00e1t \u00e9s term\u00e9szetes tehets\u00e9geik ir\u00e1nti tisztelet\u00e9t, fokozva k\u00e9pess\u00e9geiket an\u00e9lk\u00fcl, hogy nyom\u00e1st gyakorolna r\u00e1juk.<\/p>\n<p class=\"MsoNormal\" style=\"text-align: justify\">Maria Montessori arr\u00f3l \u00e1lmodott, hogy boldog gyerekeket tan\u00edtson, \u00e9s megmutassa nekik a helyes utat tehets\u00e9g\u00fck felfedez\u00e9s\u00e9hez.<\/p>","protected":false},"excerpt":{"rendered":"<p>A Montessori pedag\u00f3gia k\u00e9t legfontosabb tev\u00e9kenys\u00e9ge az elhelyez\u00e9s \u00e9s a v\u00e1logat\u00e1s. A j\u00e1t\u00e9kban a csipesz seg\u00edts\u00e9g\u00e9vel a gyermek gyakorolhatja k\u00e9z\u00fcgyess\u00e9g\u00e9t \u00e9s k\u00fcl\u00f6nb\u00f6z\u0151 form\u00e1j\u00fa \u00e9s sz\u00edn\u0171 t\u00e1rgyak v\u00e1logat\u00e1s\u00e1t.<\/p>","protected":false},"featured_media":6722,"comment_status":"open","ping_status":"closed","template":"","meta":{"site-sidebar-layout":"default","site-content-layout":"","ast-site-content-layout":"default","site-content-style":"default","site-sidebar-style":"default","ast-global-header-display":"","ast-banner-title-visibility":"","ast-main-header-display":"","ast-hfb-above-header-display":"","ast-hfb-below-header-display":"","ast-hfb-mobile-header-display":"","site-post-title":"","ast-breadcrumbs-content":"","ast-featured-img":"","footer-sml-layout":"","ast-disable-related-posts":"","theme-transparent-header-meta":"default","adv-header-id-meta":"","stick-header-meta":"","header-above-stick-meta":"","header-main-stick-meta":"","header-below-stick-meta":"","astra-migrate-meta-layouts":"set","ast-page-background-enabled":"default","ast-page-background-meta":{"desktop":{"background-color":"var(--ast-global-color-5)","background-image":"","background-repeat":"repeat","background-position":"center center","background-size":"auto","background-attachment":"scroll","background-type":"","background-media":"","overlay-type":"","overlay-color":"","overlay-opacity":"","overlay-gradient":""},"tablet":{"background-color":"","background-image":"","background-repeat":"repeat","background-position":"center center","background-size":"auto","background-attachment":"scroll","background-type":"","background-media":"","overlay-type":"","overlay-color":"","overlay-opacity":"","overlay-gradient":""},"mobile":{"background-color":"","background-image":"","background-repeat":"repeat","background-position":"center center","background-size":"auto","background-attachment":"scroll","background-type":"","background-media":"","overlay-type":"","overlay-color":"","overlay-opacity":"","overlay-gradient":""}},"ast-content-background-meta":{"desktop":{"background-color":"var(--ast-global-color-4)","background-image":"","background-repeat":"repeat","background-position":"center center","background-size":"auto","background-attachment":"scroll","background-type":"","background-media":"","overlay-type":"","overlay-color":"","overlay-opacity":"","overlay-gradient":""},"tablet":{"background-color":"var(--ast-global-color-4)","background-image":"","background-repeat":"repeat","background-position":"center center","background-size":"auto","background-attachment":"scroll","background-type":"","background-media":"","overlay-type":"","overlay-color":"","overlay-opacity":"","overlay-gradient":""},"mobile":{"background-color":"var(--ast-global-color-4)","background-image":"","background-repeat":"repeat","background-position":"center center","background-size":"auto","background-attachment":"scroll","background-type":"","background-media":"","overlay-type":"","overlay-color":"","overlay-opacity":"","overlay-gradient":""}}},"product_brand":[102],"product_cat":[126,42,43,39,38,29,37,30,26],"product_tag":[],"class_list":{"0":"post-6721","1":"product","2":"type-product","3":"status-publish","4":"has-post-thumbnail","6":"product_brand-clementoni","7":"product_cat-126","8":"product_cat-42","9":"product_cat-43","10":"product_cat-39","11":"product_cat-38","12":"product_cat-29","13":"product_cat-37","14":"product_cat--6-9-","15":"product_cat-26","16":"desktop-align-left","17":"tablet-align-left","18":"mobile-align-left","20":"first","21":"instock","22":"taxable","23":"shipping-taxable","24":"purchasable","25":"product-type-simple"},"_links":{"self":[{"href":"https:\/\/stem-eshop.gr\/hu\/wp-json\/wp\/v2\/product\/6721","targetHints":{"allow":["GET"]}}],"collection":[{"href":"https:\/\/stem-eshop.gr\/hu\/wp-json\/wp\/v2\/product"}],"about":[{"href":"https:\/\/stem-eshop.gr\/hu\/wp-json\/wp\/v2\/types\/product"}],"replies":[{"embeddable":true,"href":"https:\/\/stem-eshop.gr\/hu\/wp-json\/wp\/v2\/comments?post=6721"}],"wp:featuredmedia":[{"embeddable":true,"href":"https:\/\/stem-eshop.gr\/hu\/wp-json\/wp\/v2\/media\/6722"}],"wp:attachment":[{"href":"https:\/\/stem-eshop.gr\/hu\/wp-json\/wp\/v2\/media?parent=6721"}],"wp:term":[{"taxonomy":"product_brand","embeddable":true,"href":"https:\/\/stem-eshop.gr\/hu\/wp-json\/wp\/v2\/product_brand?post=6721"},{"taxonomy":"product_cat","embeddable":true,"href":"https:\/\/stem-eshop.gr\/hu\/wp-json\/wp\/v2\/product_cat?post=6721"},{"taxonomy":"product_tag","embeddable":true,"href":"https:\/\/stem-eshop.gr\/hu\/wp-json\/wp\/v2\/product_tag?post=6721"}],"curies":[{"name":"wp","href":"https:\/\/api.w.org\/{rel}","templated":true}]}}