{"id":6703,"date":"2025-05-19T08:34:01","date_gmt":"2025-05-19T08:34:01","guid":{"rendered":"https:\/\/stem-eshop.gr\/product\/funduino-cube-%cf%83%cf%85%ce%bc%ce%b2%ce%b1%cf%84%ce%ae-%ce%bc%ce%b5-arduino-%ce%b1%ce%bd%ce%b1%cf%80%cf%84%cf%85%ce%be%ce%b9%ce%b1%ce%ba%ce%ae-%cf%80%ce%bb%ce%b1%ce%ba%ce%ad%cf%84%ce%b1-%cf%83\/"},"modified":"2026-03-30T00:38:53","modified_gmt":"2026-03-29T21:38:53","slug":"funduino-cube-%cf%83%cf%85%ce%bc%ce%b2%ce%b1%cf%84%ce%ae-%ce%bc%ce%b5-arduino-%ce%b1%ce%bd%ce%b1%cf%80%cf%84%cf%85%ce%be%ce%b9%ce%b1%ce%ba%ce%ae-%cf%80%ce%bb%ce%b1%ce%ba%ce%ad%cf%84%ce%b1-%cf%83","status":"publish","type":"product","link":"https:\/\/stem-eshop.gr\/hu\/termek\/funduino-cube-%cf%83%cf%85%ce%bc%ce%b2%ce%b1%cf%84%ce%ae-%ce%bc%ce%b5-arduino-%ce%b1%ce%bd%ce%b1%cf%80%cf%84%cf%85%ce%be%ce%b9%ce%b1%ce%ba%ce%ae-%cf%80%ce%bb%ce%b1%ce%ba%ce%ad%cf%84%ce%b1-%cf%83\/","title":{"rendered":"Funduino Cube \u2013 Arduino-kompatibilis fejleszt\u0151k\u00e1rtya, munkaf\u00fczettel egy\u00fctt"},"content":{"rendered":"<\/p>\n<p class=\"MsoNormal\">A legjobb fejleszt\u0151k\u00e1rtya kezd\u0151knek<\/p>\n<\/p>\n<p class=\"MsoNormal\">L\u00e9p\u00e9sr\u0151l l\u00e9p\u00e9sre a siker fel\u00e9<\/p>\n<\/p>\n<p class=\"MsoNormal\">A Funduino Cube egy all-in-one Arduino fejleszt\u0151k\u00e1rtya, amelyet kifejezetten kezd\u0151knek terveztek. A legfontosabb mikroelektronikai alkatr\u00e9szek, mint p\u00e9ld\u00e1ul a LED-ek vagy a h\u0151m\u00e9rs\u00e9klet-\u00e9rz\u00e9kel\u0151, m\u00e1r fixen be vannak \u00e9p\u00edtve a k\u00e1rty\u00e1ba.<\/p>\n<\/p>\n<p class=\"MsoNormal\">A nyitott modul\u00e1ris rendszerekkel ellent\u00e9tben, ahol el\u0151sz\u00f6r az elektronikus \u00e1ramk\u00f6r\u00f6ket kell csatlakoztatni, a Funduino Cube k\u00f6zvetlen\u00fcl a sz\u00e1m\u00edt\u00f3g\u00e9phez USB-n kereszt\u00fcl t\u00f6rt\u00e9n\u0151 csatlakoztat\u00e1s ut\u00e1n programozhat\u00f3.<\/p>\n<\/p>\n<p class=\"MsoNormal\">13 \u00f6sszetev\u0151 \u2013 13 lecke<\/p>\n<p class=\"MsoNormal\">Az els\u0151 jelt\u0151l a komplex hurkokig<\/p>\n<\/p>\n<p class=\"MsoNormal\">13 \u00f6sszehangolt leck\u00e9ben, amelyek mindegyike egy adott komponensnek van szentelve, j\u00e1t\u00e9kos m\u00f3don tanulhatod meg, hogyan m\u0171k\u00f6dik egy\u00fctt a hardver \u00e9s a szoftver. Nemcsak az egyes komponensek m\u0171k\u00f6d\u00e9s\u00e9t fogod megtanulni, hanem azt is, hogyan alkalmazd a programoz\u00e1s alapelveit a gyakorlatban.<\/p>\n<\/p>\n<p class=\"MsoNormal\">\u00cdme n\u00e9h\u00e1ny p\u00e9lda:<\/p>\n<\/p>\n<p class=\"MsoNormal\">F\u00e9nykibocs\u00e1t\u00f3 di\u00f3da (LED): Ismerd meg a digit\u00e1lis jelek alapjait, \u00e9s fedezd fel, hogyan vez\u00e9relhetsz egy LED-et. Meg\u00e9rted az elektronikus vez\u00e9rl\u00e9s alapelveit \u00e9s azt, hogy az alkatr\u00e9szek hogyan kommunik\u00e1lnak egym\u00e1ssal.<\/p>\n<\/p>\n<p class=\"MsoNormal\">Gomb \u00e9s LED: Tanuld meg, hogyan haszn\u00e1ld a bemeneteket a programodban. Haszn\u00e1ld a gombot a LED vez\u00e9rl\u00e9s\u00e9hez, \u00e9s \u00e9rtsd meg, hogyan dolgozza fel a jeleket a rendszer. Ez az els\u0151 l\u00e9p\u00e9s az interakt\u00edv alkalmaz\u00e1sok programoz\u00e1sa fel\u00e9.<\/p>\n<\/p>\n<p class=\"MsoNormal\">Potenciom\u00e9ter: Ismerd meg a digit\u00e1lis \u00e9s anal\u00f3g jelek k\u00f6z\u00f6tti k\u00fcl\u00f6nbs\u00e9geket. A potenciom\u00e9ter seg\u00edts\u00e9g\u00e9vel megtanulod, hogyan olvass le anal\u00f3g \u00e9rt\u00e9keket, \u00e9s hogyan haszn\u00e1ld \u0151ket a programjaid vez\u00e9rl\u00e9s\u00e9re.<\/p>\n<\/p>\n<p class=\"MsoNormal\">RGB LED gy\u0171r\u0171: Fedezd fel a hurkok lehet\u0151s\u00e9geit. Az RGB LED gy\u0171r\u0171 seg\u00edt meg\u00e9rteni a for-hurkok m\u0171k\u00f6d\u00e9s\u00e9t, \u00edgy k\u00fcl\u00f6nb\u00f6z\u0151 sz\u00edn\u0171 f\u00e9nyszekvenci\u00e1kat programozhatsz, \u00e9s leny\u0171g\u00f6z\u0151 effekteket hozhatsz l\u00e9tre.<\/p>\n<p class=\"MsoNormal\">\n<p class=\"MsoNormal\">Minden lecke l\u00e9p\u00e9sr\u0151l l\u00e9p\u00e9sre vezet v\u00e9gig, fokozatosan elm\u00e9ly\u00edtve a tud\u00e1sodat. M\u00e9lyrehat\u00f3 ismereteket szerzel a hardver \u00e9s a k\u00f3d k\u00f6z\u00f6tti kapcsolatr\u00f3l, mik\u00f6zben b\u0151v\u00edted a technikai k\u00e9szs\u00e9geidet. A tanul\u00e1s interakt\u00edv \u00e9lm\u00e9nny\u00e9 v\u00e1lik, amely \u00faj lehet\u0151s\u00e9geket nyit meg el\u0151tted!<\/p>\n<\/p>\n<p class=\"MsoNormal\">\n<p class=\"MsoNormal\">Tanulj programozni 13 leck\u00e9ben<\/p>\n<\/p>\n<p class=\"MsoNormal\">T\u00f6bb mint 180 oldalnyi t\u00f6m\u00f6r\u00edtett tud\u00e1s \u2013 vil\u00e1gosan \u00e9s struktur\u00e1ltan<\/p>\n<\/p>\n<p class=\"MsoNormal\">\n<p>\u00a0<\/p>\n<p class=\"MsoNormal\">Tanuld meg a Funduino Cube programoz\u00e1s\u00e1t a csomagban tal\u00e1lhat\u00f3 munkaf\u00fczettel. T\u00f6bb mint 180 oldalon r\u00e9szletes inform\u00e1ci\u00f3kat tal\u00e1lsz a szoftverr\u0151l, valamint minden sz\u00fcks\u00e9ges elemet, amely seg\u00edt a 13 k\u00e9pz\u00e9si modul sikeres elv\u00e9gz\u00e9s\u00e9ben.<\/p>\n<\/p>\n<p class=\"MsoNormal\">\n<p>\u00a0<\/p>\n<p class=\"MsoNormal\">Minden lecke k\u00f6nnyen \u00e9rthet\u0151 l\u00e9p\u00e9sekre van bontva. Minden egyes l\u00e9p\u00e9ssel egy kicsit k\u00f6zelebb ker\u00fclsz a megold\u00e1shoz. Nemcsak azt magyar\u00e1zzuk el, hogy milyen l\u00e9p\u00e9seket kell megtenned, hanem azt is, hogy mi\u00e9rt sz\u00fcks\u00e9gesek ezek \u2013 \u00edgy a folyamat \u00e9rthet\u0151bb\u00e9 v\u00e1lik, \u00e9s biztos\u00edtva, hogy a tanultak bev\u00e9s\u0151djenek az eml\u00e9kezetedbe.<\/p>\n<\/p>\n<p class=\"MsoNormal\">\n<p>\u00a0<\/p>\n<p class=\"MsoNormal\">Hogy a programoz\u00e1s sor\u00e1n mindig a helyes \u00faton maradhass, minden l\u00e9p\u00e9st k\u00f6nnyen \u00e9rthet\u0151 illusztr\u00e1ci\u00f3k k\u00eds\u00e9rnek. Az \u00faj tartalmak sz\u00ednes kiemel\u00e9ssel jelennek meg, \u00edgy azonnal felismerheted a legfontosabb pontokat.<\/p>\n<\/p>\n<p class=\"MsoNormal\">\n<p>\u00a0<\/p>\n<p class=\"MsoNormal\">Tanuls\u00e1gok:<\/p>\n<\/p>\n<p class=\"MsoNormal\">F\u00e9nykibocs\u00e1t\u00f3 di\u00f3da (LED)<\/p>\n<\/p>\n<p class=\"MsoNormal\">Nyom\u00f3gomb<\/p>\n<\/p>\n<p class=\"MsoNormal\">Mozg\u00e1s\u00e9rz\u00e9kel\u0151<\/p>\n<\/p>\n<p class=\"MsoNormal\">Hangsz\u00f3r\u00f3<\/p>\n<\/p>\n<p class=\"MsoNormal\">Ultrahangos \u00e9rz\u00e9kel\u0151<\/p>\n<\/p>\n<p class=\"MsoNormal\">WS2812B LED gy\u0171r\u0171<\/p>\n<\/p>\n<p class=\"MsoNormal\">Szervomotor<\/p>\n<\/p>\n<p class=\"MsoNormal\">Infrav\u00f6r\u00f6s \u00e9rz\u00e9kel\u0151 \u00e9s t\u00e1vir\u00e1ny\u00edt\u00f3<\/p>\n<\/p>\n<p class=\"MsoNormal\">Fotorezisztor<span lang=\"en-gb\" xml:lang=\"en-gb\"> (Fot\u00f3ellen\u00e1ll\u00e1s)<\/span><\/p>\n<\/p>\n<p class=\"MsoNormal\">Potenciom\u00e9ter<span lang=\"en-gb\" xml:lang=\"en-gb\"> (Potenciom\u00e9ter)<\/span><\/p>\n<\/p>\n<p class=\"MsoNormal\"><span lang=\"en-gb\" xml:lang=\"en-gb\">OLED SSD1306<\/span><\/p>\n<\/p>\n<p class=\"MsoNormal\">MPU6050 giroszk\u00f3p \u00e9s gyorsul\u00e1sm\u00e9r\u0151<\/p>\n<\/p>\n<p class=\"MsoNormal\">DHT11 h\u0151m\u00e9rs\u00e9klet- \u00e9s p\u00e1ratartalom-\u00e9rz\u00e9kel\u0151<\/p>\n<\/p>\n<p class=\"MsoNormal\">\n<p class=\"MsoNormal\">Programoz\u00e1s blokkokkal vagy k\u00f3ddal<\/p>\n<\/p>\n<p class=\"MsoNormal\">OpenRobert\u00e1val \u00e9s az Arduino IDE-vel<\/p>\n<\/p>\n<p class=\"MsoNormal\">\n<p>\u00a0<\/p>\n<p class=\"MsoNormal\">A Funduino Cube mikrovez\u00e9rl\u0151 programozhat\u00f3 blokk alap\u00fa programoz\u00e1ssal az OpenRoberta seg\u00edts\u00e9g\u00e9vel, vagy sz\u00f6veg alap\u00fa programoz\u00e1ssal az Arduino IDE-n kereszt\u00fcl. Emiatt a k\u00eds\u00e9r\u0151 anyag k\u00e9t r\u00e9szre oszlik.<\/p>\n<\/p>\n<p class=\"MsoNormal\">\n<p>\u00a0<\/p>\n<p class=\"MsoNormal\">Az els\u0151 r\u00e9szben a blokk alap\u00fa programoz\u00e1sra \u00f6sszpontos\u00edtunk, ami k\u00fcl\u00f6n\u00f6sen kezd\u0151bar\u00e1t. El\u0151zetes ismeretek n\u00e9lk\u00fcl gyorsan el\u00e9rheted az els\u0151 eredm\u00e9nyeket k\u00f3dblokkok seg\u00edts\u00e9g\u00e9vel, mik\u00f6zben elsaj\u00e1t\u00edtod a programoz\u00e1s alapvet\u0151 logik\u00e1j\u00e1t.<\/p>\n<\/p>\n<p class=\"MsoNormal\">\n<p>\u00a0<\/p>\n<p class=\"MsoNormal\">\n<p class=\"MsoNormal\">A k\u00f6nyv m\u00e1sodik r\u00e9sze a C nyelven alapul\u00f3 Arduino szintaxissal v\u00e9gzett sz\u00f6veges programoz\u00e1snak van szentelve. Ebben a r\u00e9szben megtanulod, hogyan oldj meg probl\u00e9m\u00e1kat prec\u00edz k\u00f3d \u00edr\u00e1s\u00e1val, elmer\u00fclve a parancsok m\u00f6g\u00f6tti strukt\u00far\u00e1ban \u00e9s logik\u00e1ban.<\/p>\n<\/p><\/p>","protected":false},"excerpt":{"rendered":"<p class=\"MsoNormal\">K\u00f6nnyen megtanulhat\u00f3 programoz\u00e1s<\/p>\n<p class=\"MsoNormal\">Mindent egyben fejleszt\u0151k\u00e1rtya Arduinohoz<\/p>\n<\/p>\n<p class=\"MsoNormal\">Tartalmaz egy kapcsol\u00f3d\u00f3 munkaf\u00fczetet (180+ oldal, 13 lecke)<\/p>\n<\/p>\n<p class=\"MsoNormal\">Kezd\u0151k \u00e9s programoz\u00e1sban \u00fajoncok sz\u00e1m\u00e1ra k\u00e9sz\u00fclt<\/p>\n<\/p>\n<p class=\"MsoNormal\">Minden elektronikus alkatr\u00e9sz v\u00e9glegesen forrasztva van a panelre<\/p>\n<\/p>\n<p class=\"MsoNormal\">13 egym\u00e1sra \u00e9p\u00fcl\u0151 leck\u00e9re van osztva<\/p>\n<\/p>\n<p class=\"MsoNormal\">Blokk alap\u00fa \u00e9s sz\u00f6veg alap\u00fa programoz\u00e1ssal is programozhat\u00f3<\/p>\n<\/p>\n<p class=\"MsoNormal\">Tov\u00e1bbi interf\u00e9szekkel rendelkezik (I2C, soros, anal\u00f3g), Grove \/ XH2.54 \/ 2.54 t\u0171s foglalattal<\/p><\/p>","protected":false},"featured_media":5750,"comment_status":"open","ping_status":"closed","template":"","meta":{"site-sidebar-layout":"default","site-content-layout":"","ast-site-content-layout":"default","site-content-style":"default","site-sidebar-style":"default","ast-global-header-display":"","ast-banner-title-visibility":"","ast-main-header-display":"","ast-hfb-above-header-display":"","ast-hfb-below-header-display":"","ast-hfb-mobile-header-display":"","site-post-title":"","ast-breadcrumbs-content":"","ast-featured-img":"","footer-sml-layout":"","ast-disable-related-posts":"","theme-transparent-header-meta":"","adv-header-id-meta":"","stick-header-meta":"","header-above-stick-meta":"","header-main-stick-meta":"","header-below-stick-meta":"","astra-migrate-meta-layouts":"default","ast-page-background-enabled":"default","ast-page-background-meta":{"desktop":{"background-color":"var(--ast-global-color-5)","background-image":"","background-repeat":"repeat","background-position":"center center","background-size":"auto","background-attachment":"scroll","background-type":"","background-media":"","overlay-type":"","overlay-color":"","overlay-opacity":"","overlay-gradient":""},"tablet":{"background-color":"","background-image":"","background-repeat":"repeat","background-position":"center center","background-size":"auto","background-attachment":"scroll","background-type":"","background-media":"","overlay-type":"","overlay-color":"","overlay-opacity":"","overlay-gradient":""},"mobile":{"background-color":"","background-image":"","background-repeat":"repeat","background-position":"center center","background-size":"auto","background-attachment":"scroll","background-type":"","background-media":"","overlay-type":"","overlay-color":"","overlay-opacity":"","overlay-gradient":""}},"ast-content-background-meta":{"desktop":{"background-color":"var(--ast-global-color-4)","background-image":"","background-repeat":"repeat","background-position":"center center","background-size":"auto","background-attachment":"scroll","background-type":"","background-media":"","overlay-type":"","overlay-color":"","overlay-opacity":"","overlay-gradient":""},"tablet":{"background-color":"var(--ast-global-color-4)","background-image":"","background-repeat":"repeat","background-position":"center center","background-size":"auto","background-attachment":"scroll","background-type":"","background-media":"","overlay-type":"","overlay-color":"","overlay-opacity":"","overlay-gradient":""},"mobile":{"background-color":"var(--ast-global-color-4)","background-image":"","background-repeat":"repeat","background-position":"center center","background-size":"auto","background-attachment":"scroll","background-type":"","background-media":"","overlay-type":"","overlay-color":"","overlay-opacity":"","overlay-gradient":""}}},"product_brand":[103],"product_cat":[33,52,29,32,57,35,40,45,59],"product_tag":[],"class_list":{"0":"post-6703","1":"product","2":"type-product","3":"status-publish","4":"has-post-thumbnail","6":"product_brand-funduino","7":"product_cat-33","8":"product_cat-52","9":"product_cat-29","10":"product_cat-32","11":"product_cat-57","12":"product_cat--10-12-","13":"product_cat--12-","14":"product_cat-45","15":"product_cat-59","16":"desktop-align-left","17":"tablet-align-left","18":"mobile-align-left","20":"first","21":"instock","22":"taxable","23":"shipping-taxable","24":"purchasable","25":"product-type-simple"},"_links":{"self":[{"href":"https:\/\/stem-eshop.gr\/hu\/wp-json\/wp\/v2\/product\/6703","targetHints":{"allow":["GET"]}}],"collection":[{"href":"https:\/\/stem-eshop.gr\/hu\/wp-json\/wp\/v2\/product"}],"about":[{"href":"https:\/\/stem-eshop.gr\/hu\/wp-json\/wp\/v2\/types\/product"}],"replies":[{"embeddable":true,"href":"https:\/\/stem-eshop.gr\/hu\/wp-json\/wp\/v2\/comments?post=6703"}],"wp:featuredmedia":[{"embeddable":true,"href":"https:\/\/stem-eshop.gr\/hu\/wp-json\/wp\/v2\/media\/5750"}],"wp:attachment":[{"href":"https:\/\/stem-eshop.gr\/hu\/wp-json\/wp\/v2\/media?parent=6703"}],"wp:term":[{"taxonomy":"product_brand","embeddable":true,"href":"https:\/\/stem-eshop.gr\/hu\/wp-json\/wp\/v2\/product_brand?post=6703"},{"taxonomy":"product_cat","embeddable":true,"href":"https:\/\/stem-eshop.gr\/hu\/wp-json\/wp\/v2\/product_cat?post=6703"},{"taxonomy":"product_tag","embeddable":true,"href":"https:\/\/stem-eshop.gr\/hu\/wp-json\/wp\/v2\/product_tag?post=6703"}],"curies":[{"name":"wp","href":"https:\/\/api.w.org\/{rel}","templated":true}]}}