{"id":6695,"date":"2025-05-19T08:33:27","date_gmt":"2025-05-19T08:33:27","guid":{"rendered":"https:\/\/stem-eshop.gr\/product\/funduino-starter-kit-uno-r3-ultimate-education-%ce%b3%ce%b9%ce%b1-arduino-%ce%bc%ce%b5-%ce%b2%ce%b9%ce%b2%ce%bb%ce%af%ce%bf-%ce%b5%cf%81%ce%b3%ce%b1%cf%83%ce%af%ce%b1%cf%82\/"},"modified":"2025-12-24T10:46:43","modified_gmt":"2025-12-24T07:46:43","slug":"funduino-starter-kit-uno-r3-ultimate-education-%ce%b3%ce%b9%ce%b1-arduino-%ce%bc%ce%b5-%ce%b2%ce%b9%ce%b2%ce%bb%ce%af%ce%bf-%ce%b5%cf%81%ce%b3%ce%b1%cf%83%ce%af%ce%b1%cf%82","status":"publish","type":"product","link":"https:\/\/stem-eshop.gr\/hu\/termek\/funduino-starter-kit-uno-r3-ultimate-education-%ce%b3%ce%b9%ce%b1-arduino-%ce%bc%ce%b5-%ce%b2%ce%b9%ce%b2%ce%bb%ce%af%ce%bf-%ce%b5%cf%81%ce%b3%ce%b1%cf%83%ce%af%ce%b1%cf%82\/","title":{"rendered":"Funduino Starter Kit-UNO R3-Teljes k\u00f6r\u0171 oktat\u00e1s Arduinohoz munkaf\u00fczettel"},"content":{"rendered":"<p class=\"MsoNormal\">Tartalmaz egy k\u00eds\u00e9r\u0151f\u00fczetet\/munkaf\u00fczetet (130+ oldal, 29 projekt)<\/p>\n<p class=\"MsoNormal\">K\u00fcl\u00f6nb\u00f6z\u0151 projektekre mutat p\u00e9ld\u00e1kat, pl. LED-vez\u00e9rl\u00e9s, h\u0151m\u00e9rs\u00e9kletm\u00e9r\u00e9s \u00e9s motorvez\u00e9rl\u00e9s<\/p>\n<p class=\"MsoNormal\">Minden alkatr\u00e9sz k\u00f6nnyen csatlakoztathat\u00f3 \u00e9s haszn\u00e1lhat\u00f3 (plug-and-play)<\/p>\n<p class=\"MsoNormal\">Tart\u00f3s m\u0171anyag v\u00e1logat\u00f3 tokkal, \u00edgy k\u00fcl\u00f6n\u00f6sen fenntarthat\u00f3 haszn\u00e1latot biztos\u00edt<\/p>\n<p>B\u00e1rki megtanulhat programozni a Funduino Starter Kittel Arduinohoz<\/p>\n<p>Az Arduino kezd\u0151k\u00e9szlet\u00fcnk nem ig\u00e9nyel el\u0151zetes ismereteket, \u00e9s kifejezetten kezd\u0151knek k\u00e9sz\u00fclt.<\/p>\n<p>A kezdetekt\u0151l fogva egy\u00fctt tanuljuk a mikroelektronika alapjait \u2013 \u00e9s fokozatosan fejl\u0151d\u00fcnk!<\/p>\n<p>Amikor a Funduino l\u00e9trehozta az Arduino Starter Kit-et, k\u00e9t f\u0151 c\u00e9lja volt:<\/p>\n<p>A v\u00e9letlenszer\u0171en kiv\u00e1lasztott elektronikus alkatr\u00e9szek helyett a Funduino t\u00f6k\u00e9letesen \u00f6sszehangolt komponensv\u00e1laszt\u00e9kra t\u00e1maszkodik, amelyek egym\u00e1ssal kombin\u00e1lhat\u00f3k nagyszer\u0171 projektek l\u00e9trehoz\u00e1s\u00e1hoz. Ez\u00e9rt a kezd\u0151k\u00e9szletben nem tal\u00e1lsz haszontalan alkatr\u00e9szeket, csak hasznos \u00e9s izgalmasakat!<\/p>\n<p>Egyedi tulajdons\u00e1g: Minden k\u00e9szlethez tartozik egy p\u00e9ld\u00e1ny az \u201eARDUINO lernen \u2013 Arbeitsbuch zum Erlernen der Arduino Entwicklungsumgebung\u201d c\u00edm\u0171 k\u00f6nyvb\u0151l. T\u00f6bb mint 130 oldal\u00e1n \u00e9s 29 projekten kereszt\u00fcl r\u00e9szletesen ismerteti a k\u00e9szlet minden elektronikus alkatr\u00e9sz\u00e9t. Az alkatr\u00e9szekkel kapcsolatos inform\u00e1ci\u00f3k mellett anyaglist\u00e1t, \u00e1ramk\u00f6ri rajzokat \u00e9s p\u00e9ldaprogramokat is tartalmaz.<\/p>\n<\/p>\n<p class=\"MsoNormal\">\u201eTeljes k\u00f6r\u0171 oktat\u00e1s\u201d kiad\u00e1s<\/p>\n<\/p>\n<p class=\"MsoNormal\">Az \u201eAlap\u201d \u00e9s az \u201eOktat\u00e1s\u201d kiad\u00e1s \u00f6sszes m\u0171ve<\/p>\n<\/p>\n<p class=\"MsoNormal\">K\u00f6rnyezeti h\u0151m\u00e9rs\u00e9klet m\u00e9r\u00e9se TMP36 \u00e9rz\u00e9kel\u0151vel<\/p>\n<\/p>\n<p class=\"MsoNormal\">Joystick haszn\u00e1lata<\/p>\n<\/p>\n<p class=\"MsoNormal\">T\u00f6bbsz\u00edn\u0171 l\u00e1mp\u00e1k \u2013 LED WS2812B<\/p>\n<\/p>\n<p class=\"MsoNormal\">Poz\u00edci\u00f3meghat\u00e1roz\u00e1s giroszk\u00f3ppal \u00e9s gyorsul\u00e1s\u00e9rz\u00e9kel\u0151vel<\/p>\n<\/p>\n<p class=\"MsoNormal\">Fotoelektromos \u00e9rz\u00e9kel\u0151 (f\u00e9nysoromp\u00f3)<\/p>\n<\/p>\n<p class=\"MsoNormal\">Tranzisztorok \u00e9s villanymotorok<\/p>\n<\/p>\n<p class=\"MsoNormal\">Tranzisztoros ventil\u00e1tor vez\u00e9rl\u00e9s<\/p><\/p>","protected":false},"excerpt":{"rendered":"<p class=\"MsoNormal\">Bel\u00e9p\u0151d a mikroelektronika vil\u00e1g\u00e1ba!!!<\/p>\n<p class=\"MsoNormal\">Kezd\u0151k\u00e9szlet a legfontosabb elektronikus alkatr\u00e9szekkel Arduino mikrovez\u00e9rl\u0151kh\u00f6z<\/p>\n<p class=\"MsoNormal\">Folyamatosan fejlesztik, szoros egy\u00fcttm\u0171k\u00f6d\u00e9sben a tan\u00e1rokkal \u00e9s professzorokkal.<\/p>\n<p class=\"MsoNormal\">Ide\u00e1lis kezd\u0151knek az elektronika \u00e9s az informatika ter\u00fclet\u00e9n<\/p>","protected":false},"featured_media":5626,"comment_status":"open","ping_status":"closed","template":"","meta":{"site-sidebar-layout":"default","site-content-layout":"","ast-site-content-layout":"default","site-content-style":"default","site-sidebar-style":"default","ast-global-header-display":"","ast-banner-title-visibility":"","ast-main-header-display":"","ast-hfb-above-header-display":"","ast-hfb-below-header-display":"","ast-hfb-mobile-header-display":"","site-post-title":"","ast-breadcrumbs-content":"","ast-featured-img":"","footer-sml-layout":"","ast-disable-related-posts":"","theme-transparent-header-meta":"","adv-header-id-meta":"","stick-header-meta":"","header-above-stick-meta":"","header-main-stick-meta":"","header-below-stick-meta":"","astra-migrate-meta-layouts":"default","ast-page-background-enabled":"default","ast-page-background-meta":{"desktop":{"background-color":"var(--ast-global-color-5)","background-image":"","background-repeat":"repeat","background-position":"center center","background-size":"auto","background-attachment":"scroll","background-type":"","background-media":"","overlay-type":"","overlay-color":"","overlay-opacity":"","overlay-gradient":""},"tablet":{"background-color":"","background-image":"","background-repeat":"repeat","background-position":"center center","background-size":"auto","background-attachment":"scroll","background-type":"","background-media":"","overlay-type":"","overlay-color":"","overlay-opacity":"","overlay-gradient":""},"mobile":{"background-color":"","background-image":"","background-repeat":"repeat","background-position":"center center","background-size":"auto","background-attachment":"scroll","background-type":"","background-media":"","overlay-type":"","overlay-color":"","overlay-opacity":"","overlay-gradient":""}},"ast-content-background-meta":{"desktop":{"background-color":"var(--ast-global-color-4)","background-image":"","background-repeat":"repeat","background-position":"center center","background-size":"auto","background-attachment":"scroll","background-type":"","background-media":"","overlay-type":"","overlay-color":"","overlay-opacity":"","overlay-gradient":""},"tablet":{"background-color":"var(--ast-global-color-4)","background-image":"","background-repeat":"repeat","background-position":"center center","background-size":"auto","background-attachment":"scroll","background-type":"","background-media":"","overlay-type":"","overlay-color":"","overlay-opacity":"","overlay-gradient":""},"mobile":{"background-color":"var(--ast-global-color-4)","background-image":"","background-repeat":"repeat","background-position":"center center","background-size":"auto","background-attachment":"scroll","background-type":"","background-media":"","overlay-type":"","overlay-color":"","overlay-opacity":"","overlay-gradient":""}}},"product_brand":[103],"product_cat":[33,52,29,32,57,35,40,45,59],"product_tag":[],"class_list":{"0":"post-6695","1":"product","2":"type-product","3":"status-publish","4":"has-post-thumbnail","6":"product_brand-funduino","7":"product_cat-33","8":"product_cat-52","9":"product_cat-29","10":"product_cat-32","11":"product_cat-57","12":"product_cat--10-12-","13":"product_cat--12-","14":"product_cat-45","15":"product_cat-59","16":"desktop-align-left","17":"tablet-align-left","18":"mobile-align-left","20":"first","21":"instock","22":"taxable","23":"shipping-taxable","24":"purchasable","25":"product-type-simple"},"_links":{"self":[{"href":"https:\/\/stem-eshop.gr\/hu\/wp-json\/wp\/v2\/product\/6695","targetHints":{"allow":["GET"]}}],"collection":[{"href":"https:\/\/stem-eshop.gr\/hu\/wp-json\/wp\/v2\/product"}],"about":[{"href":"https:\/\/stem-eshop.gr\/hu\/wp-json\/wp\/v2\/types\/product"}],"replies":[{"embeddable":true,"href":"https:\/\/stem-eshop.gr\/hu\/wp-json\/wp\/v2\/comments?post=6695"}],"wp:featuredmedia":[{"embeddable":true,"href":"https:\/\/stem-eshop.gr\/hu\/wp-json\/wp\/v2\/media\/5626"}],"wp:attachment":[{"href":"https:\/\/stem-eshop.gr\/hu\/wp-json\/wp\/v2\/media?parent=6695"}],"wp:term":[{"taxonomy":"product_brand","embeddable":true,"href":"https:\/\/stem-eshop.gr\/hu\/wp-json\/wp\/v2\/product_brand?post=6695"},{"taxonomy":"product_cat","embeddable":true,"href":"https:\/\/stem-eshop.gr\/hu\/wp-json\/wp\/v2\/product_cat?post=6695"},{"taxonomy":"product_tag","embeddable":true,"href":"https:\/\/stem-eshop.gr\/hu\/wp-json\/wp\/v2\/product_tag?post=6695"}],"curies":[{"name":"wp","href":"https:\/\/api.w.org\/{rel}","templated":true}]}}