{"id":6693,"date":"2025-05-19T08:33:24","date_gmt":"2025-05-19T08:33:24","guid":{"rendered":"https:\/\/stem-eshop.gr\/product\/mq-135-%ce%b1%ce%b9%cf%83%ce%b8%ce%b7%cf%84%ce%ae%cf%81%ce%b1%cf%82-%cf%80%ce%bf%ce%b9%cf%8c%cf%84%ce%b7%cf%84%ce%b1%cf%82-%ce%b1%ce%ad%cf%81%ce%b1\/"},"modified":"2025-10-01T17:35:21","modified_gmt":"2025-10-01T14:35:21","slug":"mq-135-%ce%b1%ce%b9%cf%83%ce%b8%ce%b7%cf%84%ce%ae%cf%81%ce%b1%cf%82-%cf%80%ce%bf%ce%b9%cf%8c%cf%84%ce%b7%cf%84%ce%b1%cf%82-%ce%b1%ce%ad%cf%81%ce%b1","status":"publish","type":"product","link":"https:\/\/stem-eshop.gr\/hu\/termek\/mq-135-%ce%b1%ce%b9%cf%83%ce%b8%ce%b7%cf%84%ce%ae%cf%81%ce%b1%cf%82-%cf%80%ce%bf%ce%b9%cf%8c%cf%84%ce%b7%cf%84%ce%b1%cf%82-%ce%b1%ce%ad%cf%81%ce%b1\/","title":{"rendered":"MQ-135 \u2013 Leveg\u0151min\u0151s\u00e9g-\u00e9rz\u00e9kel\u0151"},"content":{"rendered":"<p class=\"MsoNormal\">\u00c1ttekint\u00e9s:<\/p>\n<\/p>\n<p class=\"MsoNormal\">K\u00e9nvegy\u00fcletek, benzing\u0151z\u00f6k, kipufog\u00f3g\u00e1zok \u00e9s egy\u00e9b k\u00e1ros g\u00e1zok kimutat\u00e1sa.<\/p>\n<\/p>\n<p class=\"MsoNormal\">Koncentr\u00e1ci\u00f3tartom\u00e1ny: 10~1000 ppm.<\/p>\n<\/p>\n<p class=\"MsoNormal\">Bemeneti fesz\u00fclts\u00e9g: 5V.<\/p>\n<\/p>\n<p class=\"MsoNormal\">\u00c1ramfelv\u00e9tel: 150mA.<\/p>\n<\/p>\n<p class=\"MsoNormal\">Fontos megjegyz\u00e9sek:<\/p>\n<\/p>\n<p class=\"MsoNormal\">Ez az \u00e9rz\u00e9kel\u0151 hobbi felhaszn\u00e1l\u00f3knak k\u00e9sz\u00fclt!<\/p>\n<\/p>\n<p class=\"MsoNormal\">Nem alkalmas vesz\u00e9lyes k\u00f6rnyezetben val\u00f3 haszn\u00e1latra!<\/p><\/p>","protected":false},"excerpt":{"rendered":"<p>Az MQ-135 egy leveg\u0151min\u0151s\u00e9g-\u00e9rz\u00e9kel\u0151, amely a leveg\u0151ben l\u00e9v\u0151 k\u00e1ros g\u00e1zok, p\u00e9ld\u00e1ul k\u00e9nvegy\u00fcletek, benzing\u0151z\u00f6k, kipufog\u00f3g\u00e1zok \u00e9s m\u00e1s vesz\u00e9lyes anyagok kimutat\u00e1s\u00e1ra \u00e9s m\u00e9r\u00e9s\u00e9re szolg\u00e1l.<\/p>","protected":false},"featured_media":5610,"comment_status":"open","ping_status":"closed","template":"","meta":{"site-sidebar-layout":"default","site-content-layout":"","ast-site-content-layout":"default","site-content-style":"default","site-sidebar-style":"default","ast-global-header-display":"","ast-banner-title-visibility":"","ast-main-header-display":"","ast-hfb-above-header-display":"","ast-hfb-below-header-display":"","ast-hfb-mobile-header-display":"","site-post-title":"","ast-breadcrumbs-content":"","ast-featured-img":"","footer-sml-layout":"","ast-disable-related-posts":"","theme-transparent-header-meta":"","adv-header-id-meta":"","stick-header-meta":"","header-above-stick-meta":"","header-main-stick-meta":"","header-below-stick-meta":"","astra-migrate-meta-layouts":"default","ast-page-background-enabled":"default","ast-page-background-meta":{"desktop":{"background-color":"var(--ast-global-color-5)","background-image":"","background-repeat":"repeat","background-position":"center center","background-size":"auto","background-attachment":"scroll","background-type":"","background-media":"","overlay-type":"","overlay-color":"","overlay-opacity":"","overlay-gradient":""},"tablet":{"background-color":"","background-image":"","background-repeat":"repeat","background-position":"center center","background-size":"auto","background-attachment":"scroll","background-type":"","background-media":"","overlay-type":"","overlay-color":"","overlay-opacity":"","overlay-gradient":""},"mobile":{"background-color":"","background-image":"","background-repeat":"repeat","background-position":"center center","background-size":"auto","background-attachment":"scroll","background-type":"","background-media":"","overlay-type":"","overlay-color":"","overlay-opacity":"","overlay-gradient":""}},"ast-content-background-meta":{"desktop":{"background-color":"var(--ast-global-color-4)","background-image":"","background-repeat":"repeat","background-position":"center center","background-size":"auto","background-attachment":"scroll","background-type":"","background-media":"","overlay-type":"","overlay-color":"","overlay-opacity":"","overlay-gradient":""},"tablet":{"background-color":"var(--ast-global-color-4)","background-image":"","background-repeat":"repeat","background-position":"center center","background-size":"auto","background-attachment":"scroll","background-type":"","background-media":"","overlay-type":"","overlay-color":"","overlay-opacity":"","overlay-gradient":""},"mobile":{"background-color":"var(--ast-global-color-4)","background-image":"","background-repeat":"repeat","background-position":"center center","background-size":"auto","background-attachment":"scroll","background-type":"","background-media":"","overlay-type":"","overlay-color":"","overlay-opacity":"","overlay-gradient":""}}},"product_brand":[103],"product_cat":[52,29,32,57,35,40,59],"product_tag":[],"class_list":{"0":"post-6693","1":"product","2":"type-product","3":"status-publish","4":"has-post-thumbnail","6":"product_brand-funduino","7":"product_cat-52","8":"product_cat-29","9":"product_cat-32","10":"product_cat-57","11":"product_cat--10-12-","12":"product_cat--12-","13":"product_cat-59","14":"desktop-align-left","15":"tablet-align-left","16":"mobile-align-left","18":"first","19":"instock","20":"taxable","21":"shipping-taxable","22":"purchasable","23":"product-type-simple"},"_links":{"self":[{"href":"https:\/\/stem-eshop.gr\/hu\/wp-json\/wp\/v2\/product\/6693","targetHints":{"allow":["GET"]}}],"collection":[{"href":"https:\/\/stem-eshop.gr\/hu\/wp-json\/wp\/v2\/product"}],"about":[{"href":"https:\/\/stem-eshop.gr\/hu\/wp-json\/wp\/v2\/types\/product"}],"replies":[{"embeddable":true,"href":"https:\/\/stem-eshop.gr\/hu\/wp-json\/wp\/v2\/comments?post=6693"}],"wp:featuredmedia":[{"embeddable":true,"href":"https:\/\/stem-eshop.gr\/hu\/wp-json\/wp\/v2\/media\/5610"}],"wp:attachment":[{"href":"https:\/\/stem-eshop.gr\/hu\/wp-json\/wp\/v2\/media?parent=6693"}],"wp:term":[{"taxonomy":"product_brand","embeddable":true,"href":"https:\/\/stem-eshop.gr\/hu\/wp-json\/wp\/v2\/product_brand?post=6693"},{"taxonomy":"product_cat","embeddable":true,"href":"https:\/\/stem-eshop.gr\/hu\/wp-json\/wp\/v2\/product_cat?post=6693"},{"taxonomy":"product_tag","embeddable":true,"href":"https:\/\/stem-eshop.gr\/hu\/wp-json\/wp\/v2\/product_tag?post=6693"}],"curies":[{"name":"wp","href":"https:\/\/api.w.org\/{rel}","templated":true}]}}