{"id":6672,"date":"2025-05-19T08:31:37","date_gmt":"2025-05-19T08:31:37","guid":{"rendered":"https:\/\/stem-eshop.gr\/product\/%ce%b2%ce%b7%ce%bc%ce%b1%cf%84%ce%b9%ce%ba%cf%8c%cf%82-%ce%ba%ce%b9%ce%bd%ce%b7%cf%84%ce%ae%cf%81%ce%b1%cf%82-28byj-48-%ce%bc%ce%b5-%cf%80%ce%bb%ce%b1%ce%ba%ce%ad%cf%84%ce%b1-%ce%bf%ce%b4%ce%ae%ce%b3\/"},"modified":"2026-04-27T10:09:13","modified_gmt":"2026-04-27T07:09:13","slug":"%ce%b2%ce%b7%ce%bc%ce%b1%cf%84%ce%b9%ce%ba%cf%8c%cf%82-%ce%ba%ce%b9%ce%bd%ce%b7%cf%84%ce%ae%cf%81%ce%b1%cf%82-28byj-48-%ce%bc%ce%b5-%cf%80%ce%bb%ce%b1%ce%ba%ce%ad%cf%84%ce%b1-%ce%bf%ce%b4%ce%ae%ce%b3","status":"publish","type":"product","link":"https:\/\/stem-eshop.gr\/hu\/termek\/%ce%b2%ce%b7%ce%bc%ce%b1%cf%84%ce%b9%ce%ba%cf%8c%cf%82-%ce%ba%ce%b9%ce%bd%ce%b7%cf%84%ce%ae%cf%81%ce%b1%cf%82-28byj-48-%ce%bc%ce%b5-%cf%80%ce%bb%ce%b1%ce%ba%ce%ad%cf%84%ce%b1-%ce%bf%ce%b4%ce%ae%ce%b3\/","title":{"rendered":"28BYJ-48 l\u00e9ptet\u0151motor ULN2003 meghajt\u00f3k\u00e1rty\u00e1val"},"content":{"rendered":"<p class=\"MsoNormal\">28BYJ-48 l\u00e9ptet\u0151motor ULN2003 meghajt\u00f3k\u00e1rty\u00e1val<\/p>\n<\/p>\n<p class=\"MsoNormal\">Motorh\u00e1z k\u00fcls\u0151 \u00e1tm\u00e9r\u0151je: 28 mm<\/p>\n<\/p>\n<p class=\"MsoNormal\">Forgat\u00e1si l\u00e9p\u00e9s: 5,625\u00b0 * 1\/64<\/p>\n<\/p>\n<p class=\"MsoNormal\">Nyomat\u00e9k: 34,3 nM<\/p>\n<\/p>\n<p class=\"MsoNormal\">Zajszint: &lt;40dB<\/p>\n<\/p>\n<p class=\"MsoNormal\">K\u00e1belhossz: 24 cm<\/p>\n<\/p>\n<p class=\"MsoNormal\">T\u00e1pfesz\u00fclts\u00e9g: 5V<\/p>\n<\/p>\n<p class=\"MsoNormal\">Forg\u00e1si sebess\u00e9g: ak\u00e1r 17 fordulat percenk\u00e9nt alapj\u00e1raton egy Arduino mikrovez\u00e9rl\u0151n k\u00fcls\u0151 t\u00e1pegys\u00e9g n\u00e9lk\u00fcl.<\/p>\n<\/p>\n<p class=\"MsoNormal\">\n<p>\u00a0Hasznos linkek: <a href=\"https:\/\/funduino.de\/nr-15-schrittmotor\" rel=\"noopener\">Funduino \u00fatmutat\u00f3<\/a><\/p>","protected":false},"excerpt":{"rendered":"<p>Ez a motor klasszikus a l\u00e9ptet\u0151motorok Arduino mikrovez\u00e9rl\u0151kkel t\u00f6rt\u00e9n\u0151 vez\u00e9rl\u00e9s\u00e9ben. Az integr\u00e1lt hajt\u00f3m\u0171nek k\u00f6sz\u00f6nhet\u0151en a l\u00e9ptet\u0151motor viszonylag nagy er\u0151t (nagy nyomat\u00e9kot) termel k\u00fcls\u0151 fesz\u00fclts\u00e9gforr\u00e1s n\u00e9lk\u00fcl is.<\/p>","protected":false},"featured_media":5574,"comment_status":"open","ping_status":"closed","template":"","meta":{"site-sidebar-layout":"default","site-content-layout":"","ast-site-content-layout":"default","site-content-style":"default","site-sidebar-style":"default","ast-global-header-display":"","ast-banner-title-visibility":"","ast-main-header-display":"","ast-hfb-above-header-display":"","ast-hfb-below-header-display":"","ast-hfb-mobile-header-display":"","site-post-title":"","ast-breadcrumbs-content":"","ast-featured-img":"","footer-sml-layout":"","ast-disable-related-posts":"","theme-transparent-header-meta":"","adv-header-id-meta":"","stick-header-meta":"","header-above-stick-meta":"","header-main-stick-meta":"","header-below-stick-meta":"","astra-migrate-meta-layouts":"default","ast-page-background-enabled":"default","ast-page-background-meta":{"desktop":{"background-color":"var(--ast-global-color-5)","background-image":"","background-repeat":"repeat","background-position":"center center","background-size":"auto","background-attachment":"scroll","background-type":"","background-media":"","overlay-type":"","overlay-color":"","overlay-opacity":"","overlay-gradient":""},"tablet":{"background-color":"","background-image":"","background-repeat":"repeat","background-position":"center center","background-size":"auto","background-attachment":"scroll","background-type":"","background-media":"","overlay-type":"","overlay-color":"","overlay-opacity":"","overlay-gradient":""},"mobile":{"background-color":"","background-image":"","background-repeat":"repeat","background-position":"center center","background-size":"auto","background-attachment":"scroll","background-type":"","background-media":"","overlay-type":"","overlay-color":"","overlay-opacity":"","overlay-gradient":""}},"ast-content-background-meta":{"desktop":{"background-color":"var(--ast-global-color-4)","background-image":"","background-repeat":"repeat","background-position":"center center","background-size":"auto","background-attachment":"scroll","background-type":"","background-media":"","overlay-type":"","overlay-color":"","overlay-opacity":"","overlay-gradient":""},"tablet":{"background-color":"var(--ast-global-color-4)","background-image":"","background-repeat":"repeat","background-position":"center center","background-size":"auto","background-attachment":"scroll","background-type":"","background-media":"","overlay-type":"","overlay-color":"","overlay-opacity":"","overlay-gradient":""},"mobile":{"background-color":"var(--ast-global-color-4)","background-image":"","background-repeat":"repeat","background-position":"center center","background-size":"auto","background-attachment":"scroll","background-type":"","background-media":"","overlay-type":"","overlay-color":"","overlay-opacity":"","overlay-gradient":""}}},"product_brand":[103],"product_cat":[52,29,32,57,35,40,59],"product_tag":[],"class_list":{"0":"post-6672","1":"product","2":"type-product","3":"status-publish","4":"has-post-thumbnail","6":"product_brand-funduino","7":"product_cat-52","8":"product_cat-29","9":"product_cat-32","10":"product_cat-57","11":"product_cat--10-12-","12":"product_cat--12-","13":"product_cat-59","14":"desktop-align-left","15":"tablet-align-left","16":"mobile-align-left","18":"first","19":"instock","20":"taxable","21":"shipping-taxable","22":"purchasable","23":"product-type-simple"},"_links":{"self":[{"href":"https:\/\/stem-eshop.gr\/hu\/wp-json\/wp\/v2\/product\/6672","targetHints":{"allow":["GET"]}}],"collection":[{"href":"https:\/\/stem-eshop.gr\/hu\/wp-json\/wp\/v2\/product"}],"about":[{"href":"https:\/\/stem-eshop.gr\/hu\/wp-json\/wp\/v2\/types\/product"}],"replies":[{"embeddable":true,"href":"https:\/\/stem-eshop.gr\/hu\/wp-json\/wp\/v2\/comments?post=6672"}],"wp:featuredmedia":[{"embeddable":true,"href":"https:\/\/stem-eshop.gr\/hu\/wp-json\/wp\/v2\/media\/5574"}],"wp:attachment":[{"href":"https:\/\/stem-eshop.gr\/hu\/wp-json\/wp\/v2\/media?parent=6672"}],"wp:term":[{"taxonomy":"product_brand","embeddable":true,"href":"https:\/\/stem-eshop.gr\/hu\/wp-json\/wp\/v2\/product_brand?post=6672"},{"taxonomy":"product_cat","embeddable":true,"href":"https:\/\/stem-eshop.gr\/hu\/wp-json\/wp\/v2\/product_cat?post=6672"},{"taxonomy":"product_tag","embeddable":true,"href":"https:\/\/stem-eshop.gr\/hu\/wp-json\/wp\/v2\/product_tag?post=6672"}],"curies":[{"name":"wp","href":"https:\/\/api.w.org\/{rel}","templated":true}]}}