{"id":6670,"date":"2025-05-19T08:31:34","date_gmt":"2025-05-19T08:31:34","guid":{"rendered":"https:\/\/stem-eshop.gr\/product\/%ce%b1%ce%bd%ce%b5%ce%bc%ce%b9%cf%83%cf%84%ce%ae%cf%81%ce%b1%cf%82-12v-%ce%bc%ce%b5-%cf%83%cf%8d%ce%bd%ce%b4%ce%b5%cf%83%ce%bc%ce%bf-jst-2p-30-x-30-x-10-mm\/"},"modified":"2026-02-06T14:42:36","modified_gmt":"2026-02-06T11:42:36","slug":"%ce%b1%ce%bd%ce%b5%ce%bc%ce%b9%cf%83%cf%84%ce%ae%cf%81%ce%b1%cf%82-12v-%ce%bc%ce%b5-%cf%83%cf%8d%ce%bd%ce%b4%ce%b5%cf%83%ce%bc%ce%bf-jst-2p-30-x-30-x-10-mm","status":"publish","type":"product","link":"https:\/\/stem-eshop.gr\/hu\/termek\/%ce%b1%ce%bd%ce%b5%ce%bc%ce%b9%cf%83%cf%84%ce%ae%cf%81%ce%b1%cf%82-12v-%ce%bc%ce%b5-%cf%83%cf%8d%ce%bd%ce%b4%ce%b5%cf%83%ce%bc%ce%bf-jst-2p-30-x-30-x-10-mm\/","title":{"rendered":"12 V-os ventil\u00e1tor JST-2P csatlakoz\u00f3val \u2013 30 x 30 x 10 mm"},"content":{"rendered":"<p class=\"MsoNormal\">A JST-2P csatlakoz\u00f3val ell\u00e1tott 12 V-os ventil\u00e1tort f\u0151k\u00e9nt a k\u00f6vetkez\u0151kre haszn\u00e1lj\u00e1k:<\/p>\n<\/p>\n<p class=\"MsoNormal\">Elektronikus \u00e1ramk\u00f6r h\u0171t\u00e9se \u2013 Kis sz\u00e1m\u00edt\u00f3g\u00e9pekben, t\u00e1pegys\u00e9gekben, \u00e9rz\u00e9kel\u0151kben \u00e9s m\u00e1s elektronikus alkatr\u00e9szekben haszn\u00e1lj\u00e1k a t\u00falmeleged\u00e9s megakad\u00e1lyoz\u00e1s\u00e1ra.<\/p>\n<\/p>\n<p class=\"MsoNormal\">3D nyomtat\u00f3k \u2013 Gyakran haszn\u00e1lj\u00e1k extruderek vagy 3D nyomtat\u00f3k elektronikus paneljeinek h\u0171t\u00e9s\u00e9re.<\/p>\n<\/p>\n<p class=\"MsoNormal\">Mini PC, Raspberry Pi \u00e9s Arduino projektek \u2013 Seg\u00edt \u00e1lland\u00f3 h\u0151m\u00e9rs\u00e9kletet fenntartani a bark\u00e1cs elektronikai projektekben.<\/p>\n<\/p>\n<p class=\"MsoNormal\">T\u00e1pegys\u00e9gek \u00e9s kisg\u00e9pek \u2013 Seg\u00edt alacsonyan tartani a t\u00e1pegys\u00e9gek vagy m\u00e1s, hossz\u00fa ideig m\u0171k\u00f6d\u0151 eszk\u00f6z\u00f6k h\u0151m\u00e9rs\u00e9klet\u00e9t.<\/p>\n<\/p>\n<p class=\"MsoNormal\">Ipari alkalmaz\u00e1sok \u2013 Automatiz\u00e1l\u00e1si vagy vez\u00e9rl\u0151rendszerekben haszn\u00e1lj\u00e1k, ahol folyamatos szell\u0151z\u00e9sre van sz\u00fcks\u00e9g.<\/p>\n<\/p>\n<p class=\"MsoNormal\">Csatlakoz\u00e1s: A ventil\u00e1tor k\u00f6nnyen csatlakoztathat\u00f3 a JST-2P csatlakoz\u00f3n kereszt\u00fcl, amely stabil \u00e9s biztons\u00e1gos kapcsolatot biztos\u00edt a t\u00e1pegys\u00e9ggel.<\/p>\n<\/p>\n<p>\u00dczemi fesz\u00fclts\u00e9g: 12V<br \/>\u00c1ramer\u0151ss\u00e9g: 0,08 A<\/p>","protected":false},"excerpt":{"rendered":"<p>A JST-2P csatlakoz\u00f3val ell\u00e1tott 12 V-os ventil\u00e1tort els\u0151sorban elektronikus \u00e1ramk\u00f6r\u00f6k h\u0171t\u00e9s\u00e9re haszn\u00e1lj\u00e1k.<\/p>","protected":false},"featured_media":5567,"comment_status":"open","ping_status":"closed","template":"","meta":{"site-sidebar-layout":"default","site-content-layout":"","ast-site-content-layout":"default","site-content-style":"default","site-sidebar-style":"default","ast-global-header-display":"","ast-banner-title-visibility":"","ast-main-header-display":"","ast-hfb-above-header-display":"","ast-hfb-below-header-display":"","ast-hfb-mobile-header-display":"","site-post-title":"","ast-breadcrumbs-content":"","ast-featured-img":"","footer-sml-layout":"","ast-disable-related-posts":"","theme-transparent-header-meta":"","adv-header-id-meta":"","stick-header-meta":"","header-above-stick-meta":"","header-main-stick-meta":"","header-below-stick-meta":"","astra-migrate-meta-layouts":"default","ast-page-background-enabled":"default","ast-page-background-meta":{"desktop":{"background-color":"var(--ast-global-color-5)","background-image":"","background-repeat":"repeat","background-position":"center center","background-size":"auto","background-attachment":"scroll","background-type":"","background-media":"","overlay-type":"","overlay-color":"","overlay-opacity":"","overlay-gradient":""},"tablet":{"background-color":"","background-image":"","background-repeat":"repeat","background-position":"center center","background-size":"auto","background-attachment":"scroll","background-type":"","background-media":"","overlay-type":"","overlay-color":"","overlay-opacity":"","overlay-gradient":""},"mobile":{"background-color":"","background-image":"","background-repeat":"repeat","background-position":"center center","background-size":"auto","background-attachment":"scroll","background-type":"","background-media":"","overlay-type":"","overlay-color":"","overlay-opacity":"","overlay-gradient":""}},"ast-content-background-meta":{"desktop":{"background-color":"var(--ast-global-color-4)","background-image":"","background-repeat":"repeat","background-position":"center center","background-size":"auto","background-attachment":"scroll","background-type":"","background-media":"","overlay-type":"","overlay-color":"","overlay-opacity":"","overlay-gradient":""},"tablet":{"background-color":"var(--ast-global-color-4)","background-image":"","background-repeat":"repeat","background-position":"center center","background-size":"auto","background-attachment":"scroll","background-type":"","background-media":"","overlay-type":"","overlay-color":"","overlay-opacity":"","overlay-gradient":""},"mobile":{"background-color":"var(--ast-global-color-4)","background-image":"","background-repeat":"repeat","background-position":"center center","background-size":"auto","background-attachment":"scroll","background-type":"","background-media":"","overlay-type":"","overlay-color":"","overlay-opacity":"","overlay-gradient":""}}},"product_brand":[103],"product_cat":[52,29,32,57,35,40,59],"product_tag":[],"class_list":{"0":"post-6670","1":"product","2":"type-product","3":"status-publish","4":"has-post-thumbnail","6":"product_brand-funduino","7":"product_cat-52","8":"product_cat-29","9":"product_cat-32","10":"product_cat-57","11":"product_cat--10-12-","12":"product_cat--12-","13":"product_cat-59","14":"desktop-align-left","15":"tablet-align-left","16":"mobile-align-left","18":"first","19":"instock","20":"taxable","21":"shipping-taxable","22":"purchasable","23":"product-type-simple"},"_links":{"self":[{"href":"https:\/\/stem-eshop.gr\/hu\/wp-json\/wp\/v2\/product\/6670","targetHints":{"allow":["GET"]}}],"collection":[{"href":"https:\/\/stem-eshop.gr\/hu\/wp-json\/wp\/v2\/product"}],"about":[{"href":"https:\/\/stem-eshop.gr\/hu\/wp-json\/wp\/v2\/types\/product"}],"replies":[{"embeddable":true,"href":"https:\/\/stem-eshop.gr\/hu\/wp-json\/wp\/v2\/comments?post=6670"}],"wp:featuredmedia":[{"embeddable":true,"href":"https:\/\/stem-eshop.gr\/hu\/wp-json\/wp\/v2\/media\/5567"}],"wp:attachment":[{"href":"https:\/\/stem-eshop.gr\/hu\/wp-json\/wp\/v2\/media?parent=6670"}],"wp:term":[{"taxonomy":"product_brand","embeddable":true,"href":"https:\/\/stem-eshop.gr\/hu\/wp-json\/wp\/v2\/product_brand?post=6670"},{"taxonomy":"product_cat","embeddable":true,"href":"https:\/\/stem-eshop.gr\/hu\/wp-json\/wp\/v2\/product_cat?post=6670"},{"taxonomy":"product_tag","embeddable":true,"href":"https:\/\/stem-eshop.gr\/hu\/wp-json\/wp\/v2\/product_tag?post=6670"}],"curies":[{"name":"wp","href":"https:\/\/api.w.org\/{rel}","templated":true}]}}