{"id":6666,"date":"2025-05-19T08:31:30","date_gmt":"2025-05-19T08:31:30","guid":{"rendered":"https:\/\/stem-eshop.gr\/product\/%ce%b1%ce%b9%cf%83%ce%b8%ce%b7%cf%84%ce%ae%cf%81%ce%b1%cf%82-%cf%85%ce%b3%cf%81%ce%b1%cf%83%ce%af%ce%b1%cf%82-%ce%b3%ce%b9%ce%b1-%ce%bc%ce%b9%ce%ba%cf%81%ce%bf%ce%b5%ce%bb%ce%b5%ce%b3%ce%ba%cf%84\/"},"modified":"2025-05-22T21:13:33","modified_gmt":"2025-05-22T18:13:33","slug":"%ce%b1%ce%b9%cf%83%ce%b8%ce%b7%cf%84%ce%ae%cf%81%ce%b1%cf%82-%cf%85%ce%b3%cf%81%ce%b1%cf%83%ce%af%ce%b1%cf%82-%ce%b3%ce%b9%ce%b1-%ce%bc%ce%b9%ce%ba%cf%81%ce%bf%ce%b5%ce%bb%ce%b5%ce%b3%ce%ba%cf%84","status":"publish","type":"product","link":"https:\/\/stem-eshop.gr\/hu\/termek\/%ce%b1%ce%b9%cf%83%ce%b8%ce%b7%cf%84%ce%ae%cf%81%ce%b1%cf%82-%cf%85%ce%b3%cf%81%ce%b1%cf%83%ce%af%ce%b1%cf%82-%ce%b3%ce%b9%ce%b1-%ce%bc%ce%b9%ce%ba%cf%81%ce%bf%ce%b5%ce%bb%ce%b5%ce%b3%ce%ba%cf%84\/","title":{"rendered":"P\u00e1ratartalom-\u00e9rz\u00e9kel\u0151 mikrovez\u00e9rl\u0151h\u00f6z"},"content":{"rendered":"<p>Nedvess\u00e9g\u00e9rz\u00e9kel\u0151, pl. n\u00f6v\u00e9nyek talajnedvess\u00e9gtartalm\u00e1nak m\u00e9r\u00e9s\u00e9re<br \/>V\u00edzszint m\u00e9r\u00e9s\u00e9re is alkalmas<br \/>0 \u00e9s 1023 k\u00f6z\u00f6tti numerikus \u00e9rt\u00e9ket ad meg (5 V-on)<br \/>T\u00e1pell\u00e1t\u00e1s: 3,3~5 V<br \/>Energiafogyaszt\u00e1s: &lt;20mA<\/p>","protected":false},"excerpt":{"rendered":"<p>A p\u00e1ratartalom-\u00e9rz\u00e9kel\u0151t k\u00fcl\u00f6nf\u00e9le anyagok, p\u00e9ld\u00e1ul n\u00f6v\u00e9nyi talaj vagy v\u00edz nedvess\u00e9gtartalm\u00e1nak m\u00e9r\u00e9s\u00e9re haszn\u00e1lj\u00e1k.\u00a0<\/p>","protected":false},"featured_media":5554,"comment_status":"open","ping_status":"closed","template":"","meta":{"site-sidebar-layout":"default","site-content-layout":"","ast-site-content-layout":"default","site-content-style":"default","site-sidebar-style":"default","ast-global-header-display":"","ast-banner-title-visibility":"","ast-main-header-display":"","ast-hfb-above-header-display":"","ast-hfb-below-header-display":"","ast-hfb-mobile-header-display":"","site-post-title":"","ast-breadcrumbs-content":"","ast-featured-img":"","footer-sml-layout":"","ast-disable-related-posts":"","theme-transparent-header-meta":"","adv-header-id-meta":"","stick-header-meta":"","header-above-stick-meta":"","header-main-stick-meta":"","header-below-stick-meta":"","astra-migrate-meta-layouts":"default","ast-page-background-enabled":"default","ast-page-background-meta":{"desktop":{"background-color":"var(--ast-global-color-5)","background-image":"","background-repeat":"repeat","background-position":"center center","background-size":"auto","background-attachment":"scroll","background-type":"","background-media":"","overlay-type":"","overlay-color":"","overlay-opacity":"","overlay-gradient":""},"tablet":{"background-color":"","background-image":"","background-repeat":"repeat","background-position":"center center","background-size":"auto","background-attachment":"scroll","background-type":"","background-media":"","overlay-type":"","overlay-color":"","overlay-opacity":"","overlay-gradient":""},"mobile":{"background-color":"","background-image":"","background-repeat":"repeat","background-position":"center center","background-size":"auto","background-attachment":"scroll","background-type":"","background-media":"","overlay-type":"","overlay-color":"","overlay-opacity":"","overlay-gradient":""}},"ast-content-background-meta":{"desktop":{"background-color":"var(--ast-global-color-4)","background-image":"","background-repeat":"repeat","background-position":"center center","background-size":"auto","background-attachment":"scroll","background-type":"","background-media":"","overlay-type":"","overlay-color":"","overlay-opacity":"","overlay-gradient":""},"tablet":{"background-color":"var(--ast-global-color-4)","background-image":"","background-repeat":"repeat","background-position":"center center","background-size":"auto","background-attachment":"scroll","background-type":"","background-media":"","overlay-type":"","overlay-color":"","overlay-opacity":"","overlay-gradient":""},"mobile":{"background-color":"var(--ast-global-color-4)","background-image":"","background-repeat":"repeat","background-position":"center center","background-size":"auto","background-attachment":"scroll","background-type":"","background-media":"","overlay-type":"","overlay-color":"","overlay-opacity":"","overlay-gradient":""}}},"product_brand":[103],"product_cat":[52,29,32,57,35,40,59],"product_tag":[],"class_list":{"0":"post-6666","1":"product","2":"type-product","3":"status-publish","4":"has-post-thumbnail","6":"product_brand-funduino","7":"product_cat-52","8":"product_cat-29","9":"product_cat-32","10":"product_cat-57","11":"product_cat--10-12-","12":"product_cat--12-","13":"product_cat-59","14":"desktop-align-left","15":"tablet-align-left","16":"mobile-align-left","18":"first","19":"instock","20":"taxable","21":"shipping-taxable","22":"purchasable","23":"product-type-simple"},"_links":{"self":[{"href":"https:\/\/stem-eshop.gr\/hu\/wp-json\/wp\/v2\/product\/6666","targetHints":{"allow":["GET"]}}],"collection":[{"href":"https:\/\/stem-eshop.gr\/hu\/wp-json\/wp\/v2\/product"}],"about":[{"href":"https:\/\/stem-eshop.gr\/hu\/wp-json\/wp\/v2\/types\/product"}],"replies":[{"embeddable":true,"href":"https:\/\/stem-eshop.gr\/hu\/wp-json\/wp\/v2\/comments?post=6666"}],"wp:featuredmedia":[{"embeddable":true,"href":"https:\/\/stem-eshop.gr\/hu\/wp-json\/wp\/v2\/media\/5554"}],"wp:attachment":[{"href":"https:\/\/stem-eshop.gr\/hu\/wp-json\/wp\/v2\/media?parent=6666"}],"wp:term":[{"taxonomy":"product_brand","embeddable":true,"href":"https:\/\/stem-eshop.gr\/hu\/wp-json\/wp\/v2\/product_brand?post=6666"},{"taxonomy":"product_cat","embeddable":true,"href":"https:\/\/stem-eshop.gr\/hu\/wp-json\/wp\/v2\/product_cat?post=6666"},{"taxonomy":"product_tag","embeddable":true,"href":"https:\/\/stem-eshop.gr\/hu\/wp-json\/wp\/v2\/product_tag?post=6666"}],"curies":[{"name":"wp","href":"https:\/\/api.w.org\/{rel}","templated":true}]}}