{"id":6658,"date":"2025-05-19T08:31:21","date_gmt":"2025-05-19T08:31:21","guid":{"rendered":"https:\/\/stem-eshop.gr\/product\/%ce%b1%ce%b9%cf%83%ce%b8%ce%b7%cf%84%ce%ae%cf%81%ce%b1%cf%82-%ce%ba%ce%bb%ce%af%cf%83%ce%b7%cf%82-sw-520d-%ce%b1%ce%b9%cf%83%ce%b8%ce%b7%cf%84%ce%ae%cf%81%ce%b1%cf%82-%ce%b4%cf%8c%ce%bd%ce%b7%cf%83\/"},"modified":"2025-05-22T21:13:33","modified_gmt":"2025-05-22T18:13:33","slug":"%ce%b1%ce%b9%cf%83%ce%b8%ce%b7%cf%84%ce%ae%cf%81%ce%b1%cf%82-%ce%ba%ce%bb%ce%af%cf%83%ce%b7%cf%82-sw-520d-%ce%b1%ce%b9%cf%83%ce%b8%ce%b7%cf%84%ce%ae%cf%81%ce%b1%cf%82-%ce%b4%cf%8c%ce%bd%ce%b7%cf%83","status":"publish","type":"product","link":"https:\/\/stem-eshop.gr\/hu\/termek\/%ce%b1%ce%b9%cf%83%ce%b8%ce%b7%cf%84%ce%ae%cf%81%ce%b1%cf%82-%ce%ba%ce%bb%ce%af%cf%83%ce%b7%cf%82-sw-520d-%ce%b1%ce%b9%cf%83%ce%b8%ce%b7%cf%84%ce%ae%cf%81%ce%b1%cf%82-%ce%b4%cf%8c%ce%bd%ce%b7%cf%83\/","title":{"rendered":"SW-520D d\u0151l\u00e9s\u00e9rz\u00e9kel\u0151 \/ rezg\u00e9s\u00e9rz\u00e9kel\u0151"},"content":{"rendered":"<p class=\"MsoNormal\">F\u00fcgg\u0151leges helyzetben a goly\u00f3k \u00f6sszek\u00f6tik az \u00e9rintkez\u0151ket, \u00e9s lehet\u0151v\u00e9 teszik az \u00e1ram \u00e1raml\u00e1s\u00e1t.<\/p>\n<p class=\"MsoNormal\">Az \u00e9rz\u00e9kel\u0151 k\u00f6r\u00fclbel\u00fcl 45\u00b0-os megd\u00f6nt\u00e9se megszak\u00edtja a kapcsolatot<\/p>\n<\/p>\n<p class=\"MsoNormal\">Rezg\u00e9s\u00e9rz\u00e9kel\u0151k\u00e9nt haszn\u00e1lj\u00e1k Arduino projektekben<\/p>\n<\/p>\n<p class=\"MsoNormal\">Kev\u00e9sb\u00e9 pontos, mint az akt\u00edv sz\u00f6g\u00e9rz\u00e9kel\u0151k, de gazdas\u00e1gos \u00e9s k\u00f6nnyen haszn\u00e1lhat\u00f3<\/p>\n<\/p>\n<p>Hasznos linkek: <a href=\"https:\/\/funduino.de\/nr-09-arduino-neigungssensor\" rel=\"noopener\">Funduino \u00fatmutat\u00f3<\/a><\/p>","protected":false},"excerpt":{"rendered":"<p>\u00c9rz\u00e9kel\u0151 k\u00e9t f\u00e9mgoly\u00f3val bel\u00fcl<\/p>","protected":false},"featured_media":5530,"comment_status":"open","ping_status":"closed","template":"","meta":{"site-sidebar-layout":"default","site-content-layout":"","ast-site-content-layout":"default","site-content-style":"default","site-sidebar-style":"default","ast-global-header-display":"","ast-banner-title-visibility":"","ast-main-header-display":"","ast-hfb-above-header-display":"","ast-hfb-below-header-display":"","ast-hfb-mobile-header-display":"","site-post-title":"","ast-breadcrumbs-content":"","ast-featured-img":"","footer-sml-layout":"","ast-disable-related-posts":"","theme-transparent-header-meta":"","adv-header-id-meta":"","stick-header-meta":"","header-above-stick-meta":"","header-main-stick-meta":"","header-below-stick-meta":"","astra-migrate-meta-layouts":"default","ast-page-background-enabled":"default","ast-page-background-meta":{"desktop":{"background-color":"var(--ast-global-color-5)","background-image":"","background-repeat":"repeat","background-position":"center center","background-size":"auto","background-attachment":"scroll","background-type":"","background-media":"","overlay-type":"","overlay-color":"","overlay-opacity":"","overlay-gradient":""},"tablet":{"background-color":"","background-image":"","background-repeat":"repeat","background-position":"center center","background-size":"auto","background-attachment":"scroll","background-type":"","background-media":"","overlay-type":"","overlay-color":"","overlay-opacity":"","overlay-gradient":""},"mobile":{"background-color":"","background-image":"","background-repeat":"repeat","background-position":"center center","background-size":"auto","background-attachment":"scroll","background-type":"","background-media":"","overlay-type":"","overlay-color":"","overlay-opacity":"","overlay-gradient":""}},"ast-content-background-meta":{"desktop":{"background-color":"var(--ast-global-color-4)","background-image":"","background-repeat":"repeat","background-position":"center center","background-size":"auto","background-attachment":"scroll","background-type":"","background-media":"","overlay-type":"","overlay-color":"","overlay-opacity":"","overlay-gradient":""},"tablet":{"background-color":"var(--ast-global-color-4)","background-image":"","background-repeat":"repeat","background-position":"center center","background-size":"auto","background-attachment":"scroll","background-type":"","background-media":"","overlay-type":"","overlay-color":"","overlay-opacity":"","overlay-gradient":""},"mobile":{"background-color":"var(--ast-global-color-4)","background-image":"","background-repeat":"repeat","background-position":"center center","background-size":"auto","background-attachment":"scroll","background-type":"","background-media":"","overlay-type":"","overlay-color":"","overlay-opacity":"","overlay-gradient":""}}},"product_brand":[103],"product_cat":[52,29,32,57,35,40,59],"product_tag":[],"class_list":{"0":"post-6658","1":"product","2":"type-product","3":"status-publish","4":"has-post-thumbnail","6":"product_brand-funduino","7":"product_cat-52","8":"product_cat-29","9":"product_cat-32","10":"product_cat-57","11":"product_cat--10-12-","12":"product_cat--12-","13":"product_cat-59","14":"desktop-align-left","15":"tablet-align-left","16":"mobile-align-left","18":"first","19":"instock","20":"taxable","21":"shipping-taxable","22":"purchasable","23":"product-type-simple"},"_links":{"self":[{"href":"https:\/\/stem-eshop.gr\/hu\/wp-json\/wp\/v2\/product\/6658","targetHints":{"allow":["GET"]}}],"collection":[{"href":"https:\/\/stem-eshop.gr\/hu\/wp-json\/wp\/v2\/product"}],"about":[{"href":"https:\/\/stem-eshop.gr\/hu\/wp-json\/wp\/v2\/types\/product"}],"replies":[{"embeddable":true,"href":"https:\/\/stem-eshop.gr\/hu\/wp-json\/wp\/v2\/comments?post=6658"}],"wp:featuredmedia":[{"embeddable":true,"href":"https:\/\/stem-eshop.gr\/hu\/wp-json\/wp\/v2\/media\/5530"}],"wp:attachment":[{"href":"https:\/\/stem-eshop.gr\/hu\/wp-json\/wp\/v2\/media?parent=6658"}],"wp:term":[{"taxonomy":"product_brand","embeddable":true,"href":"https:\/\/stem-eshop.gr\/hu\/wp-json\/wp\/v2\/product_brand?post=6658"},{"taxonomy":"product_cat","embeddable":true,"href":"https:\/\/stem-eshop.gr\/hu\/wp-json\/wp\/v2\/product_cat?post=6658"},{"taxonomy":"product_tag","embeddable":true,"href":"https:\/\/stem-eshop.gr\/hu\/wp-json\/wp\/v2\/product_tag?post=6658"}],"curies":[{"name":"wp","href":"https:\/\/api.w.org\/{rel}","templated":true}]}}