{"id":6643,"date":"2025-05-19T08:31:01","date_gmt":"2025-05-19T08:31:01","guid":{"rendered":"https:\/\/stem-eshop.gr\/product\/%cf%83%ce%b5%cf%84-%ce%bc%ce%b1%ce%b3%ce%bd%ce%b7%cf%84%ce%b9%ce%ba%ce%ac-%cf%84%ce%bf%cf%85%ce%b2%ce%bb%ce%ac%ce%ba%ce%b9%ce%b1-80-%cf%84%ce%b5%ce%bc%ce%b1%cf%87%ce%af%cf%89%ce%bd\/"},"modified":"2025-05-24T12:16:29","modified_gmt":"2025-05-24T09:16:29","slug":"%cf%83%ce%b5%cf%84-%ce%bc%ce%b1%ce%b3%ce%bd%ce%b7%cf%84%ce%b9%ce%ba%ce%ac-%cf%84%ce%bf%cf%85%ce%b2%ce%bb%ce%ac%ce%ba%ce%b9%ce%b1-80-%cf%84%ce%b5%ce%bc%ce%b1%cf%87%ce%af%cf%89%ce%bd","status":"publish","type":"product","link":"https:\/\/stem-eshop.gr\/hu\/termek\/%cf%83%ce%b5%cf%84-%ce%bc%ce%b1%ce%b3%ce%bd%ce%b7%cf%84%ce%b9%ce%ba%ce%ac-%cf%84%ce%bf%cf%85%ce%b2%ce%bb%ce%ac%ce%ba%ce%b9%ce%b1-80-%cf%84%ce%b5%ce%bc%ce%b1%cf%87%ce%af%cf%89%ce%bd\/","title":{"rendered":"M\u00e1gneses \u00e9p\u00edt\u0151kocka k\u00e9szlet 80 darabos"},"content":{"rendered":"<p class=\"MsoNormal\">Jellemz\u0151k:<\/p>\n<p class=\"MsoNormal\">80 k\u00fcl\u00f6nb\u00f6z\u0151 form\u00e1j\u00fa \u00e9s sz\u00edn\u0171 darab: H\u00e1romsz\u00f6geket, n\u00e9gyzeteket \u00e9s m\u00e1s geometriai alakzatokat tartalmaz a v\u00e9gtelen kombin\u00e1ci\u00f3khoz.<\/p>\n<p class=\"MsoNormal\">Er\u0151s m\u00e1gnesek: A kock\u00e1k k\u00f6nnyen \u00f6sszeilleszthet\u0151k, \u00edgy stabilit\u00e1st biztos\u00edtanak az \u00e9p\u00edtm\u00e9nyeknek.<\/p>\n<p class=\"MsoNormal\">Biztons\u00e1gos anyag: Nem m\u00e9rgez\u0151, kiv\u00e1l\u00f3 min\u0151s\u00e9g\u0171 ABS m\u0171anyagb\u00f3l k\u00e9sz\u00fclt, \u00fct\u00e9s\u00e1ll\u00f3.<\/p>\n<p class=\"MsoNormal\">T\u00f6bbf\u00e9le \u00e9p\u00edt\u00e9si lehet\u0151s\u00e9g: Lehet\u0151v\u00e9 teszi a gyerekek sz\u00e1m\u00e1ra, hogy k\u00fcl\u00f6nf\u00e9le geometriai alakzatokat \u00e9s sok m\u00e1st alkossanak.<\/p>\n<p class=\"MsoNormal\">Oktat\u00e1si el\u0151ny\u00f6k:<\/p>\n<p class=\"MsoNormal\">STEM k\u00e9szs\u00e9gfejleszt\u00e9s: Bemutatja a gyerekeknek a m\u00e9rn\u00f6ki tudom\u00e1nyok, a geometria \u00e9s a fizika alapjait.<\/p>\n<p class=\"MsoNormal\">Kreativit\u00e1s \u00e9s k\u00e9pzel\u0151er\u0151: A gyerekeket arra \u00f6szt\u00f6nzik, hogy egyedi konstrukci\u00f3kat alkossanak, ami fejleszti k\u00e9pzel\u0151erej\u00fcket.<\/p>\n<p class=\"MsoNormal\">K\u00e9z-szem koordin\u00e1ci\u00f3: Fejleszti a motoros k\u00e9szs\u00e9geket \u00e9s a finommotorik\u00e1t.<\/p>\n<p class=\"MsoNormal\">Egy\u00fcttm\u0171k\u00f6d\u00e9s \u00e9s t\u00e1rsas\u00e1gkedvel\u00e9s: Ide\u00e1lis csapatj\u00e1t\u00e9khoz, az egy\u00fcttm\u0171k\u00f6d\u00e9s fokoz\u00e1s\u00e1hoz.<\/p>\n<p class=\"MsoNormal\">Ide\u00e1lis:<\/p>\n<p class=\"MsoNormal\">3 \u00e9ves \u00e9s id\u0151sebb gyermekek.<\/p>\n<p class=\"MsoNormal\">Oktat\u00e1si c\u00e9l\u00fa felhaszn\u00e1l\u00e1sra tantermekben vagy kreat\u00edv j\u00e1t\u00e9kra otthon.<\/p>\n<p class=\"MsoNormal\">A 80 darabos m\u00e1gneses \u00e9p\u00edt\u0151kocka-k\u00e9szlet t\u00f6k\u00e9letes eszk\u00f6z arra, hogy bevezesd a gyerekeket a tudom\u00e1ny \u00e9s a m\u00e9rn\u00f6ki tudom\u00e1nyok vil\u00e1g\u00e1ba, \u00f3r\u00e1kig tart\u00f3 kreat\u00edv \u00e9s oktat\u00f3 jelleg\u0171 sz\u00f3rakoz\u00e1st k\u00edn\u00e1lva!<\/p>","protected":false},"excerpt":{"rendered":"<p class=\"MsoNormal\">A 80 darabos m\u00e1gneses \u00e9p\u00edt\u0151kocka-k\u00e9szlet v\u00e9gtelen \u00f3r\u00e1nyi kreat\u00edv sz\u00f3rakoz\u00e1st \u00e9s tanul\u00e1st k\u00edn\u00e1l.<\/p>\n<p class=\"MsoNormal\">\u00c9l\u00e9nk sz\u00edneivel \u00e9s er\u0151s m\u00e1gneseivel a kock\u00e1k ide\u00e1lisak azoknak a gyerekeknek, akik szeretnek \u00e9p\u00edteni, mik\u00f6zben fejlesztik STEM (tudom\u00e1ny, technol\u00f3gia, m\u00e9rn\u00f6ki tudom\u00e1nyok, matematika) k\u00e9szs\u00e9geiket.<\/p>","protected":false},"featured_media":5465,"comment_status":"open","ping_status":"closed","template":"","meta":{"site-sidebar-layout":"default","site-content-layout":"","ast-site-content-layout":"default","site-content-style":"default","site-sidebar-style":"default","ast-global-header-display":"","ast-banner-title-visibility":"","ast-main-header-display":"","ast-hfb-above-header-display":"","ast-hfb-below-header-display":"","ast-hfb-mobile-header-display":"","site-post-title":"","ast-breadcrumbs-content":"","ast-featured-img":"","footer-sml-layout":"","ast-disable-related-posts":"","theme-transparent-header-meta":"default","adv-header-id-meta":"","stick-header-meta":"","header-above-stick-meta":"","header-main-stick-meta":"","header-below-stick-meta":"","astra-migrate-meta-layouts":"set","ast-page-background-enabled":"default","ast-page-background-meta":{"desktop":{"background-color":"var(--ast-global-color-5)","background-image":"","background-repeat":"repeat","background-position":"center center","background-size":"auto","background-attachment":"scroll","background-type":"","background-media":"","overlay-type":"","overlay-color":"","overlay-opacity":"","overlay-gradient":""},"tablet":{"background-color":"","background-image":"","background-repeat":"repeat","background-position":"center center","background-size":"auto","background-attachment":"scroll","background-type":"","background-media":"","overlay-type":"","overlay-color":"","overlay-opacity":"","overlay-gradient":""},"mobile":{"background-color":"","background-image":"","background-repeat":"repeat","background-position":"center center","background-size":"auto","background-attachment":"scroll","background-type":"","background-media":"","overlay-type":"","overlay-color":"","overlay-opacity":"","overlay-gradient":""}},"ast-content-background-meta":{"desktop":{"background-color":"var(--ast-global-color-4)","background-image":"","background-repeat":"repeat","background-position":"center center","background-size":"auto","background-attachment":"scroll","background-type":"","background-media":"","overlay-type":"","overlay-color":"","overlay-opacity":"","overlay-gradient":""},"tablet":{"background-color":"var(--ast-global-color-4)","background-image":"","background-repeat":"repeat","background-position":"center center","background-size":"auto","background-attachment":"scroll","background-type":"","background-media":"","overlay-type":"","overlay-color":"","overlay-opacity":"","overlay-gradient":""},"mobile":{"background-color":"var(--ast-global-color-4)","background-image":"","background-repeat":"repeat","background-position":"center center","background-size":"auto","background-attachment":"scroll","background-type":"","background-media":"","overlay-type":"","overlay-color":"","overlay-opacity":"","overlay-gradient":""}}},"product_brand":[107],"product_cat":[126,43,29,32,57,30,26,59],"product_tag":[],"class_list":{"0":"post-6643","1":"product","2":"type-product","3":"status-publish","4":"has-post-thumbnail","6":"product_brand-ngs","7":"product_cat-126","8":"product_cat-43","9":"product_cat-29","10":"product_cat-32","11":"product_cat-57","12":"product_cat--6-9-","13":"product_cat-26","14":"product_cat-59","15":"desktop-align-left","16":"tablet-align-left","17":"mobile-align-left","19":"first","20":"instock","21":"taxable","22":"shipping-taxable","23":"purchasable","24":"product-type-simple"},"_links":{"self":[{"href":"https:\/\/stem-eshop.gr\/hu\/wp-json\/wp\/v2\/product\/6643","targetHints":{"allow":["GET"]}}],"collection":[{"href":"https:\/\/stem-eshop.gr\/hu\/wp-json\/wp\/v2\/product"}],"about":[{"href":"https:\/\/stem-eshop.gr\/hu\/wp-json\/wp\/v2\/types\/product"}],"replies":[{"embeddable":true,"href":"https:\/\/stem-eshop.gr\/hu\/wp-json\/wp\/v2\/comments?post=6643"}],"wp:featuredmedia":[{"embeddable":true,"href":"https:\/\/stem-eshop.gr\/hu\/wp-json\/wp\/v2\/media\/5465"}],"wp:attachment":[{"href":"https:\/\/stem-eshop.gr\/hu\/wp-json\/wp\/v2\/media?parent=6643"}],"wp:term":[{"taxonomy":"product_brand","embeddable":true,"href":"https:\/\/stem-eshop.gr\/hu\/wp-json\/wp\/v2\/product_brand?post=6643"},{"taxonomy":"product_cat","embeddable":true,"href":"https:\/\/stem-eshop.gr\/hu\/wp-json\/wp\/v2\/product_cat?post=6643"},{"taxonomy":"product_tag","embeddable":true,"href":"https:\/\/stem-eshop.gr\/hu\/wp-json\/wp\/v2\/product_tag?post=6643"}],"curies":[{"name":"wp","href":"https:\/\/api.w.org\/{rel}","templated":true}]}}