{"id":6638,"date":"2025-05-19T08:30:53","date_gmt":"2025-05-19T08:30:53","guid":{"rendered":"https:\/\/stem-eshop.gr\/product\/mega-builds-eiffel-tower\/"},"modified":"2025-05-22T21:13:31","modified_gmt":"2025-05-22T18:13:31","slug":"mega-builds-eiffel-tower","status":"publish","type":"product","link":"https:\/\/stem-eshop.gr\/hu\/termek\/mega-builds-eiffel-tower\/","title":{"rendered":"MEGA \u00c9P\u00dcLETEK: Eiffel-torony"},"content":{"rendered":"<p>Term\u00e9szetesen a modellek sz\u00e9tszerelhet\u0151k, \u00e9s a felhaszn\u00e1l\u00f3k \u00e1talak\u00edthatj\u00e1k az ENGINO alkatr\u00e9szeit saj\u00e1t \u00f6tleteik megval\u00f3s\u00edt\u00e1s\u00e1hoz. A rengeteg funkci\u00f3 szabadj\u00e1ra engedi a kreativit\u00e1st \u00e9s a k\u00e9pzeletet, a legnagyobb \u00e9p\u00edt\u00e9si kih\u00edv\u00e1st k\u00edn\u00e1lva.<\/p>\n<p>Az \u00faj MEGA BUILDS k\u00e9szletek pr\u00e9mium kateg\u00f3ri\u00e1sabbak \u00e9s nagy m\u0171anyag t\u00e1rol\u00f3dobozokban \u00e9rkeznek az alkatr\u00e9szek biztons\u00e1gos t\u00e1rol\u00e1sa \u00e9rdek\u00e9ben. A gyerekek t\u00f6bb alkatr\u00e9szt helyezhetnek el ezekben a m\u0171anyag dobozokban, mint a t\u00f6bbi ENGINO k\u00e9szlet\u00fckben.<\/p>\n<p>A modellek m\u00e9rete \u00e9s \u00f6sszetetts\u00e9ge miatt minden \u00e9p\u00edt\u00e9si \u00fatmutat\u00f3 virtu\u00e1lis interakt\u00edv form\u00e1tumban \u00e9rhet\u0151 el, amely az ingyenes kidCAD alkalmaz\u00e1son kereszt\u00fcl \u00e9rhet\u0151 el iOS \u00e9s Android rendszerre. A sorozat els\u0151 n\u00e9gy k\u00e9szlete tartalmaz egy motoros London Eye-t, az 1,5 m\u00e9ter magas Eiffel-tornyot, a NASA Challenger \u0171rsikl\u00f3t ind\u00edt\u00f3rak\u00e9t\u00e1ival, valamint egy kett\u0151s motorral \u00e9s fogaskerekekkel rendelkez\u0151 helikoptert.<\/p>","protected":false},"excerpt":{"rendered":"<p>A Discovering Mega modellek hatalmas siker\u00e9t k\u00f6vet\u0151en egy \u00faj, k\u00fcl\u00f6nleges sorozatot fejlesztettek ki a leglelkesebb ENGINO felhaszn\u00e1l\u00f3k sz\u00e1m\u00e1ra, akik egy nagym\u00e9ret\u0171 MEGA modellt szeretn\u00e9nek \u00e9p\u00edteni \u00e9s azt \u00e1lland\u00f3 ki\u00e1ll\u00edt\u00e1son tartani.<\/p>","protected":false},"featured_media":4628,"comment_status":"open","ping_status":"closed","template":"","meta":{"site-sidebar-layout":"default","site-content-layout":"","ast-site-content-layout":"default","site-content-style":"default","site-sidebar-style":"default","ast-global-header-display":"","ast-banner-title-visibility":"","ast-main-header-display":"","ast-hfb-above-header-display":"","ast-hfb-below-header-display":"","ast-hfb-mobile-header-display":"","site-post-title":"","ast-breadcrumbs-content":"","ast-featured-img":"","footer-sml-layout":"","ast-disable-related-posts":"","theme-transparent-header-meta":"default","adv-header-id-meta":"","stick-header-meta":"","header-above-stick-meta":"","header-main-stick-meta":"","header-below-stick-meta":"","astra-migrate-meta-layouts":"set","ast-page-background-enabled":"default","ast-page-background-meta":{"desktop":{"background-color":"var(--ast-global-color-5)","background-image":"","background-repeat":"repeat","background-position":"center center","background-size":"auto","background-attachment":"scroll","background-type":"","background-media":"","overlay-type":"","overlay-color":"","overlay-opacity":"","overlay-gradient":""},"tablet":{"background-color":"","background-image":"","background-repeat":"repeat","background-position":"center center","background-size":"auto","background-attachment":"scroll","background-type":"","background-media":"","overlay-type":"","overlay-color":"","overlay-opacity":"","overlay-gradient":""},"mobile":{"background-color":"","background-image":"","background-repeat":"repeat","background-position":"center center","background-size":"auto","background-attachment":"scroll","background-type":"","background-media":"","overlay-type":"","overlay-color":"","overlay-opacity":"","overlay-gradient":""}},"ast-content-background-meta":{"desktop":{"background-color":"var(--ast-global-color-4)","background-image":"","background-repeat":"repeat","background-position":"center center","background-size":"auto","background-attachment":"scroll","background-type":"","background-media":"","overlay-type":"","overlay-color":"","overlay-opacity":"","overlay-gradient":""},"tablet":{"background-color":"var(--ast-global-color-4)","background-image":"","background-repeat":"repeat","background-position":"center center","background-size":"auto","background-attachment":"scroll","background-type":"","background-media":"","overlay-type":"","overlay-color":"","overlay-opacity":"","overlay-gradient":""},"mobile":{"background-color":"var(--ast-global-color-4)","background-image":"","background-repeat":"repeat","background-position":"center center","background-size":"auto","background-attachment":"scroll","background-type":"","background-media":"","overlay-type":"","overlay-color":"","overlay-opacity":"","overlay-gradient":""}}},"product_brand":[95],"product_cat":[43,44,38,29,32,57,35,40,59,58],"product_tag":[],"class_list":{"0":"post-6638","1":"product","2":"type-product","3":"status-publish","4":"has-post-thumbnail","6":"product_brand-engino","7":"product_cat-43","8":"product_cat-44","9":"product_cat-38","10":"product_cat-29","11":"product_cat-32","12":"product_cat-57","13":"product_cat--10-12-","14":"product_cat--12-","15":"product_cat-59","16":"product_cat-58","17":"desktop-align-left","18":"tablet-align-left","19":"mobile-align-left","21":"first","22":"instock","23":"taxable","24":"shipping-taxable","25":"purchasable","26":"product-type-simple"},"_links":{"self":[{"href":"https:\/\/stem-eshop.gr\/hu\/wp-json\/wp\/v2\/product\/6638","targetHints":{"allow":["GET"]}}],"collection":[{"href":"https:\/\/stem-eshop.gr\/hu\/wp-json\/wp\/v2\/product"}],"about":[{"href":"https:\/\/stem-eshop.gr\/hu\/wp-json\/wp\/v2\/types\/product"}],"replies":[{"embeddable":true,"href":"https:\/\/stem-eshop.gr\/hu\/wp-json\/wp\/v2\/comments?post=6638"}],"wp:featuredmedia":[{"embeddable":true,"href":"https:\/\/stem-eshop.gr\/hu\/wp-json\/wp\/v2\/media\/4628"}],"wp:attachment":[{"href":"https:\/\/stem-eshop.gr\/hu\/wp-json\/wp\/v2\/media?parent=6638"}],"wp:term":[{"taxonomy":"product_brand","embeddable":true,"href":"https:\/\/stem-eshop.gr\/hu\/wp-json\/wp\/v2\/product_brand?post=6638"},{"taxonomy":"product_cat","embeddable":true,"href":"https:\/\/stem-eshop.gr\/hu\/wp-json\/wp\/v2\/product_cat?post=6638"},{"taxonomy":"product_tag","embeddable":true,"href":"https:\/\/stem-eshop.gr\/hu\/wp-json\/wp\/v2\/product_tag?post=6638"}],"curies":[{"name":"wp","href":"https:\/\/api.w.org\/{rel}","templated":true}]}}