{"id":6632,"date":"2025-05-19T08:30:45","date_gmt":"2025-05-19T08:30:45","guid":{"rendered":"https:\/\/stem-eshop.gr\/product\/creative-engineering-10-in-1-maker-junior\/"},"modified":"2026-02-24T14:12:37","modified_gmt":"2026-02-24T11:12:37","slug":"creative-engineering-10-in-1-maker-junior","status":"publish","type":"product","link":"https:\/\/stem-eshop.gr\/hu\/termek\/creative-engineering-10-in-1-maker-junior\/","title":{"rendered":"KREAT\u00cdV M\u00c9RN\u00d6KI 10 az 1-ben K\u00c9SZ\u00cdT\u0150 JUNIOR"},"content":{"rendered":"<p>Minden k\u00e9szlet m\u0171anyag dobozban \u00e9rkezik a k\u00f6nny\u0171 t\u00e1rol\u00e1s \u00e9s a folyamatos haszn\u00e1lat \u00e9rdek\u00e9ben. A \u201eMaker Junior\u201d k\u00e9szlet 4-6 \u00e9ves \u00f3vod\u00e1soknak sz\u00f3l, a d\u00edjnyertes Qboidz\u00ae rendszer haszn\u00e1lat\u00e1val, m\u00edg a \u201eMaker Master\u201d ide\u00e1lis megold\u00e1s a 7-12 \u00e9ves vagy id\u0151sebb gyermekek sz\u00e1m\u00e1ra. A \u201eMaker Master\u201d k\u00e9szletek a \u201e20 modell 1-ben\u201d k\u00e9szlettel kezd\u0151dnek, \u00e9s a \u201e60 modell 1-ben\u201d k\u00e9szlettel b\u0151v\u00edthet\u0151k a komplexit\u00e1s \u00e9s a kreat\u00edv potenci\u00e1l tekintet\u00e9ben, amely motoros vez\u00e9rl\u00e9st is tartalmaz.<\/p>\n<p>B\u00e1r az ENGINO\u00ae rendszer fi\u00fak \u00e9s l\u00e1nyok sz\u00e1m\u00e1ra egyar\u00e1nt alkalmas, el\u00e9rhet\u0151 egy speci\u00e1lis v\u00e1ltozat is, a \u201eMaker Girl\u201d (K\u00e9sz\u00edt\u0151 l\u00e1ny), amelynek c\u00e9lja, hogy a l\u00e1nyokat akt\u00edvabban bevonja a STEM-be.<\/p>","protected":false},"excerpt":{"rendered":"<p>Az \u00faj CREATIVE ENGINEERING sorozat az ENGINO\u00ae rendszer legkompaktabb bemutat\u00e1sa, ide\u00e1lis online \u00e1ruh\u00e1zak sz\u00e1m\u00e1ra, mivel helyet takar\u00edt meg \u00e9s cs\u00f6kkenti a sz\u00e1ll\u00edt\u00e1si k\u00f6lts\u00e9geket. A hagyom\u00e1nyos ENGINO\u00ae sorozat legn\u00e9pszer\u0171bb modelljeit kombin\u00e1lt\u00e1k ezekben a k\u00e9szletekben, lehet\u0151s\u00e9get adva a gyerekeknek, hogy fiatal m\u00e9rn\u00f6k\u00f6kk\u00e9 \u00e9s feltal\u00e1l\u00f3kk\u00e1 v\u00e1ljanak. A sorozat k\u00fcl\u00f6n\u00f6s hangs\u00falyt fektet a kreativit\u00e1sra, lehet\u0151v\u00e9 t\u00e9ve t\u00f6bb modell meg\u00e9p\u00edt\u00e9s\u00e9t ugyanabb\u00f3l a k\u00e9szletb\u0151l. A modellek STEMIFIED\u2122 tartalommal rendelkeznek, amely \u00faj, pedag\u00f3giailag fejlett digit\u00e1lis anyagokat aktiv\u00e1l, amelyek az alapvet\u0151 STEM-elveket elm\u00e9leti \u00e9s k\u00eds\u00e9rleti tev\u00e9kenys\u00e9gekkel fedik le.<\/p>","protected":false},"featured_media":4566,"comment_status":"open","ping_status":"closed","template":"","meta":{"site-sidebar-layout":"default","site-content-layout":"","ast-site-content-layout":"default","site-content-style":"default","site-sidebar-style":"default","ast-global-header-display":"","ast-banner-title-visibility":"","ast-main-header-display":"","ast-hfb-above-header-display":"","ast-hfb-below-header-display":"","ast-hfb-mobile-header-display":"","site-post-title":"","ast-breadcrumbs-content":"","ast-featured-img":"","footer-sml-layout":"","ast-disable-related-posts":"","theme-transparent-header-meta":"","adv-header-id-meta":"","stick-header-meta":"","header-above-stick-meta":"","header-main-stick-meta":"","header-below-stick-meta":"","astra-migrate-meta-layouts":"default","ast-page-background-enabled":"default","ast-page-background-meta":{"desktop":{"background-color":"var(--ast-global-color-5)","background-image":"","background-repeat":"repeat","background-position":"center center","background-size":"auto","background-attachment":"scroll","background-type":"","background-media":"","overlay-type":"","overlay-color":"","overlay-opacity":"","overlay-gradient":""},"tablet":{"background-color":"","background-image":"","background-repeat":"repeat","background-position":"center center","background-size":"auto","background-attachment":"scroll","background-type":"","background-media":"","overlay-type":"","overlay-color":"","overlay-opacity":"","overlay-gradient":""},"mobile":{"background-color":"","background-image":"","background-repeat":"repeat","background-position":"center center","background-size":"auto","background-attachment":"scroll","background-type":"","background-media":"","overlay-type":"","overlay-color":"","overlay-opacity":"","overlay-gradient":""}},"ast-content-background-meta":{"desktop":{"background-color":"var(--ast-global-color-4)","background-image":"","background-repeat":"repeat","background-position":"center center","background-size":"auto","background-attachment":"scroll","background-type":"","background-media":"","overlay-type":"","overlay-color":"","overlay-opacity":"","overlay-gradient":""},"tablet":{"background-color":"var(--ast-global-color-4)","background-image":"","background-repeat":"repeat","background-position":"center center","background-size":"auto","background-attachment":"scroll","background-type":"","background-media":"","overlay-type":"","overlay-color":"","overlay-opacity":"","overlay-gradient":""},"mobile":{"background-color":"var(--ast-global-color-4)","background-image":"","background-repeat":"repeat","background-position":"center center","background-size":"auto","background-attachment":"scroll","background-type":"","background-media":"","overlay-type":"","overlay-color":"","overlay-opacity":"","overlay-gradient":""}}},"product_brand":[95],"product_cat":[126,43,29,32,57,26,59],"product_tag":[],"class_list":{"0":"post-6632","1":"product","2":"type-product","3":"status-publish","4":"has-post-thumbnail","6":"product_brand-engino","7":"product_cat-126","8":"product_cat-43","9":"product_cat-29","10":"product_cat-32","11":"product_cat-57","12":"product_cat-26","13":"product_cat-59","14":"desktop-align-left","15":"tablet-align-left","16":"mobile-align-left","18":"first","19":"instock","20":"taxable","21":"shipping-taxable","22":"purchasable","23":"product-type-simple"},"_links":{"self":[{"href":"https:\/\/stem-eshop.gr\/hu\/wp-json\/wp\/v2\/product\/6632","targetHints":{"allow":["GET"]}}],"collection":[{"href":"https:\/\/stem-eshop.gr\/hu\/wp-json\/wp\/v2\/product"}],"about":[{"href":"https:\/\/stem-eshop.gr\/hu\/wp-json\/wp\/v2\/types\/product"}],"replies":[{"embeddable":true,"href":"https:\/\/stem-eshop.gr\/hu\/wp-json\/wp\/v2\/comments?post=6632"}],"wp:featuredmedia":[{"embeddable":true,"href":"https:\/\/stem-eshop.gr\/hu\/wp-json\/wp\/v2\/media\/4566"}],"wp:attachment":[{"href":"https:\/\/stem-eshop.gr\/hu\/wp-json\/wp\/v2\/media?parent=6632"}],"wp:term":[{"taxonomy":"product_brand","embeddable":true,"href":"https:\/\/stem-eshop.gr\/hu\/wp-json\/wp\/v2\/product_brand?post=6632"},{"taxonomy":"product_cat","embeddable":true,"href":"https:\/\/stem-eshop.gr\/hu\/wp-json\/wp\/v2\/product_cat?post=6632"},{"taxonomy":"product_tag","embeddable":true,"href":"https:\/\/stem-eshop.gr\/hu\/wp-json\/wp\/v2\/product_tag?post=6632"}],"curies":[{"name":"wp","href":"https:\/\/api.w.org\/{rel}","templated":true}]}}