{"id":6628,"date":"2025-05-19T08:30:41","date_gmt":"2025-05-19T08:30:41","guid":{"rendered":"https:\/\/stem-eshop.gr\/product\/creative-builder-15-models-designer-set\/"},"modified":"2025-05-22T21:13:30","modified_gmt":"2025-05-22T18:13:30","slug":"creative-builder-15-models-designer-set","status":"publish","type":"product","link":"https:\/\/stem-eshop.gr\/hu\/termek\/creative-builder-15-models-designer-set\/","title":{"rendered":"CREATIVE BUILDER 15 MODELLES TERVEZ\u0150K\u00c9SZLET"},"content":{"rendered":"<p>Az \u00e9l\u00e9nk lila, fukszia, vil\u00e1gosz\u00f6ld \u00e9s vil\u00e1gosk\u00e9k sz\u00ednek minden bizonnyal felkeltik a kicsik \u00e9rdekl\u0151d\u00e9s\u00e9t, \u00e9s arra \u00f6szt\u00f6nzik \u0151ket, hogy felfedezz\u00e9k kreat\u00edv oldalukat. A sorozat 15 modellt tartalmaz\u00f3 k\u00e9szletekt\u0151l a 30 modellt tartalmaz\u00f3, motort is tartalmaz\u00f3 k\u00e9szletekig terjed. A term\u00e9kcsal\u00e1d fi\u00faknak is megfelel\u0151, akik kedvelik a sorozat diz\u00e1jnst\u00edlus\u00e1t.<\/p>","protected":false},"excerpt":{"rendered":"<p>Neh\u00e9z kih\u00edv\u00e1s felkelteni a gyerekek, k\u00fcl\u00f6n\u00f6sen a l\u00e1nyok \u00e9rdekl\u0151d\u00e9s\u00e9t az \u00e9p\u00edt\u00e9s \u00e9s a m\u00e9rn\u00f6ki tudom\u00e1nyok ir\u00e1nt. A vadonat\u00faj KREAT\u00cdV \u00c9P\u00cdT\u0150 \u2013 Tervez\u0151 sorozat ezt a probl\u00e9m\u00e1t oldja meg a fant\u00e1ziad\u00fas j\u00e1t\u00e9k \u00e9s a 3D modell\u00e9p\u00edt\u00e9s \u00f6tv\u00f6z\u00e9s\u00e9vel.<\/p>","protected":false},"featured_media":4533,"comment_status":"open","ping_status":"closed","template":"","meta":{"site-sidebar-layout":"default","site-content-layout":"","ast-site-content-layout":"default","site-content-style":"default","site-sidebar-style":"default","ast-global-header-display":"","ast-banner-title-visibility":"","ast-main-header-display":"","ast-hfb-above-header-display":"","ast-hfb-below-header-display":"","ast-hfb-mobile-header-display":"","site-post-title":"","ast-breadcrumbs-content":"","ast-featured-img":"","footer-sml-layout":"","ast-disable-related-posts":"","theme-transparent-header-meta":"","adv-header-id-meta":"","stick-header-meta":"","header-above-stick-meta":"","header-main-stick-meta":"","header-below-stick-meta":"","astra-migrate-meta-layouts":"default","ast-page-background-enabled":"default","ast-page-background-meta":{"desktop":{"background-color":"var(--ast-global-color-5)","background-image":"","background-repeat":"repeat","background-position":"center center","background-size":"auto","background-attachment":"scroll","background-type":"","background-media":"","overlay-type":"","overlay-color":"","overlay-opacity":"","overlay-gradient":""},"tablet":{"background-color":"","background-image":"","background-repeat":"repeat","background-position":"center center","background-size":"auto","background-attachment":"scroll","background-type":"","background-media":"","overlay-type":"","overlay-color":"","overlay-opacity":"","overlay-gradient":""},"mobile":{"background-color":"","background-image":"","background-repeat":"repeat","background-position":"center center","background-size":"auto","background-attachment":"scroll","background-type":"","background-media":"","overlay-type":"","overlay-color":"","overlay-opacity":"","overlay-gradient":""}},"ast-content-background-meta":{"desktop":{"background-color":"var(--ast-global-color-4)","background-image":"","background-repeat":"repeat","background-position":"center center","background-size":"auto","background-attachment":"scroll","background-type":"","background-media":"","overlay-type":"","overlay-color":"","overlay-opacity":"","overlay-gradient":""},"tablet":{"background-color":"var(--ast-global-color-4)","background-image":"","background-repeat":"repeat","background-position":"center center","background-size":"auto","background-attachment":"scroll","background-type":"","background-media":"","overlay-type":"","overlay-color":"","overlay-opacity":"","overlay-gradient":""},"mobile":{"background-color":"var(--ast-global-color-4)","background-image":"","background-repeat":"repeat","background-position":"center center","background-size":"auto","background-attachment":"scroll","background-type":"","background-media":"","overlay-type":"","overlay-color":"","overlay-opacity":"","overlay-gradient":""}}},"product_brand":[95],"product_cat":[126,43,39,29,32,57,30,59],"product_tag":[],"class_list":{"0":"post-6628","1":"product","2":"type-product","3":"status-publish","4":"has-post-thumbnail","6":"product_brand-engino","7":"product_cat-126","8":"product_cat-43","9":"product_cat-39","10":"product_cat-29","11":"product_cat-32","12":"product_cat-57","13":"product_cat--6-9-","14":"product_cat-59","15":"desktop-align-left","16":"tablet-align-left","17":"mobile-align-left","19":"first","20":"instock","21":"taxable","22":"shipping-taxable","23":"purchasable","24":"product-type-simple"},"_links":{"self":[{"href":"https:\/\/stem-eshop.gr\/hu\/wp-json\/wp\/v2\/product\/6628","targetHints":{"allow":["GET"]}}],"collection":[{"href":"https:\/\/stem-eshop.gr\/hu\/wp-json\/wp\/v2\/product"}],"about":[{"href":"https:\/\/stem-eshop.gr\/hu\/wp-json\/wp\/v2\/types\/product"}],"replies":[{"embeddable":true,"href":"https:\/\/stem-eshop.gr\/hu\/wp-json\/wp\/v2\/comments?post=6628"}],"wp:featuredmedia":[{"embeddable":true,"href":"https:\/\/stem-eshop.gr\/hu\/wp-json\/wp\/v2\/media\/4533"}],"wp:attachment":[{"href":"https:\/\/stem-eshop.gr\/hu\/wp-json\/wp\/v2\/media?parent=6628"}],"wp:term":[{"taxonomy":"product_brand","embeddable":true,"href":"https:\/\/stem-eshop.gr\/hu\/wp-json\/wp\/v2\/product_brand?post=6628"},{"taxonomy":"product_cat","embeddable":true,"href":"https:\/\/stem-eshop.gr\/hu\/wp-json\/wp\/v2\/product_cat?post=6628"},{"taxonomy":"product_tag","embeddable":true,"href":"https:\/\/stem-eshop.gr\/hu\/wp-json\/wp\/v2\/product_tag?post=6628"}],"curies":[{"name":"wp","href":"https:\/\/api.w.org\/{rel}","templated":true}]}}