{"id":6611,"date":"2025-05-19T08:16:42","date_gmt":"2025-05-19T08:16:42","guid":{"rendered":"https:\/\/stem-eshop.gr\/product\/ngs-%ce%ba%ce%b9%cf%84-%cf%83%cf%85%ce%bd%ce%b1%cf%81%ce%bc%ce%bf%ce%bb%cf%8c%ce%b3%ce%b7%cf%83%ce%b7%cf%82-%cf%87%ce%b5%ce%b9%cf%81%ce%bf%ce%ba%ce%af%ce%bd%ce%b7%cf%84%ce%b7%cf%82-%ce%b3%ce%b5%ce%bd\/"},"modified":"2025-05-22T07:41:14","modified_gmt":"2025-05-22T07:41:14","slug":"ngs-%ce%ba%ce%b9%cf%84-%cf%83%cf%85%ce%bd%ce%b1%cf%81%ce%bc%ce%bf%ce%bb%cf%8c%ce%b3%ce%b7%cf%83%ce%b7%cf%82-%cf%87%ce%b5%ce%b9%cf%81%ce%bf%ce%ba%ce%af%ce%bd%ce%b7%cf%84%ce%b7%cf%82-%ce%b3%ce%b5%ce%bd","status":"publish","type":"product","link":"https:\/\/stem-eshop.gr\/hu\/termek\/ngs-%ce%ba%ce%b9%cf%84-%cf%83%cf%85%ce%bd%ce%b1%cf%81%ce%bc%ce%bf%ce%bb%cf%8c%ce%b3%ce%b7%cf%83%ce%b7%cf%82-%cf%87%ce%b5%ce%b9%cf%81%ce%bf%ce%ba%ce%af%ce%bd%ce%b7%cf%84%ce%b7%cf%82-%ce%b3%ce%b5%ce%bd\/","title":{"rendered":"NGS k\u00e9zi gener\u00e1tor \u00f6sszeszerel\u0151 k\u00e9szlet"},"content":{"rendered":"<p>A k\u00e9szlet gyakorlati ismereteket ny\u00fajt az energiatermel\u00e9sr\u0151l \u00e9s a gener\u00e1tor m\u0171k\u00f6d\u00e9s\u00e9r\u0151l, lehet\u0151v\u00e9 t\u00e9ve a di\u00e1kok sz\u00e1m\u00e1ra, hogy bemutass\u00e1k, hogyan termelik \u00e9s haszn\u00e1lj\u00e1k fel az \u00e1ramot.<\/p>\n<p>A di\u00e1kok k\u00eds\u00e9rletezhetnek a gener\u00e1torral, \u00e9s felfedezhetik, hogyan v\u00e1ltozik az energiatermel\u00e9s a forg\u00e1si sebess\u00e9gt\u0151l vagy a k\u00fcl\u00f6nb\u00f6z\u0151 m\u00e1gnesek haszn\u00e1lat\u00e1t\u00f3l f\u00fcgg\u0151en.<\/p>","protected":false},"excerpt":{"rendered":"<p>A gyerekeknek \u00e9s di\u00e1koknak lehet\u0151s\u00e9g\u00fck van egy kis gener\u00e1tort \u00e9p\u00edteni, amely k\u00e9zi forgat\u00e1ssal termel \u00e1ramot.<\/p>\n<p>Ez a k\u00e9szlet seg\u00edt a tanul\u00f3knak meg\u00e9rteni a fizika alapelveit, p\u00e9ld\u00e1ul az elektrom\u00e1gnesess\u00e9get \u00e9s a mechanikai energia elektromos energi\u00e1v\u00e1 alak\u00edt\u00e1s\u00e1t.<\/p>","protected":false},"featured_media":7690,"comment_status":"open","ping_status":"closed","template":"","meta":{"site-sidebar-layout":"default","site-content-layout":"","ast-site-content-layout":"default","site-content-style":"default","site-sidebar-style":"default","ast-global-header-display":"","ast-banner-title-visibility":"","ast-main-header-display":"","ast-hfb-above-header-display":"","ast-hfb-below-header-display":"","ast-hfb-mobile-header-display":"","site-post-title":"","ast-breadcrumbs-content":"","ast-featured-img":"","footer-sml-layout":"","ast-disable-related-posts":"","theme-transparent-header-meta":"","adv-header-id-meta":"","stick-header-meta":"","header-above-stick-meta":"","header-main-stick-meta":"","header-below-stick-meta":"","astra-migrate-meta-layouts":"default","ast-page-background-enabled":"default","ast-page-background-meta":{"desktop":{"background-color":"var(--ast-global-color-5)","background-image":"","background-repeat":"repeat","background-position":"center center","background-size":"auto","background-attachment":"scroll","background-type":"","background-media":"","overlay-type":"","overlay-color":"","overlay-opacity":"","overlay-gradient":""},"tablet":{"background-color":"","background-image":"","background-repeat":"repeat","background-position":"center center","background-size":"auto","background-attachment":"scroll","background-type":"","background-media":"","overlay-type":"","overlay-color":"","overlay-opacity":"","overlay-gradient":""},"mobile":{"background-color":"","background-image":"","background-repeat":"repeat","background-position":"center center","background-size":"auto","background-attachment":"scroll","background-type":"","background-media":"","overlay-type":"","overlay-color":"","overlay-opacity":"","overlay-gradient":""}},"ast-content-background-meta":{"desktop":{"background-color":"var(--ast-global-color-4)","background-image":"","background-repeat":"repeat","background-position":"center center","background-size":"auto","background-attachment":"scroll","background-type":"","background-media":"","overlay-type":"","overlay-color":"","overlay-opacity":"","overlay-gradient":""},"tablet":{"background-color":"var(--ast-global-color-4)","background-image":"","background-repeat":"repeat","background-position":"center center","background-size":"auto","background-attachment":"scroll","background-type":"","background-media":"","overlay-type":"","overlay-color":"","overlay-opacity":"","overlay-gradient":""},"mobile":{"background-color":"var(--ast-global-color-4)","background-image":"","background-repeat":"repeat","background-position":"center center","background-size":"auto","background-attachment":"scroll","background-type":"","background-media":"","overlay-type":"","overlay-color":"","overlay-opacity":"","overlay-gradient":""}}},"product_brand":[107],"product_cat":[39,52,29,56,32,57,35,40,30,59,58],"product_tag":[],"class_list":{"0":"post-6611","1":"product","2":"type-product","3":"status-publish","4":"has-post-thumbnail","6":"product_brand-ngs","7":"product_cat-39","8":"product_cat-52","9":"product_cat-29","10":"product_cat-56","11":"product_cat-32","12":"product_cat-57","13":"product_cat--10-12-","14":"product_cat--12-","15":"product_cat--6-9-","16":"product_cat-59","17":"product_cat-58","18":"desktop-align-left","19":"tablet-align-left","20":"mobile-align-left","22":"first","23":"instock","24":"taxable","25":"shipping-taxable","26":"purchasable","27":"product-type-simple"},"_links":{"self":[{"href":"https:\/\/stem-eshop.gr\/hu\/wp-json\/wp\/v2\/product\/6611","targetHints":{"allow":["GET"]}}],"collection":[{"href":"https:\/\/stem-eshop.gr\/hu\/wp-json\/wp\/v2\/product"}],"about":[{"href":"https:\/\/stem-eshop.gr\/hu\/wp-json\/wp\/v2\/types\/product"}],"replies":[{"embeddable":true,"href":"https:\/\/stem-eshop.gr\/hu\/wp-json\/wp\/v2\/comments?post=6611"}],"wp:featuredmedia":[{"embeddable":true,"href":"https:\/\/stem-eshop.gr\/hu\/wp-json\/wp\/v2\/media\/7690"}],"wp:attachment":[{"href":"https:\/\/stem-eshop.gr\/hu\/wp-json\/wp\/v2\/media?parent=6611"}],"wp:term":[{"taxonomy":"product_brand","embeddable":true,"href":"https:\/\/stem-eshop.gr\/hu\/wp-json\/wp\/v2\/product_brand?post=6611"},{"taxonomy":"product_cat","embeddable":true,"href":"https:\/\/stem-eshop.gr\/hu\/wp-json\/wp\/v2\/product_cat?post=6611"},{"taxonomy":"product_tag","embeddable":true,"href":"https:\/\/stem-eshop.gr\/hu\/wp-json\/wp\/v2\/product_tag?post=6611"}],"curies":[{"name":"wp","href":"https:\/\/api.w.org\/{rel}","templated":true}]}}