{"id":6575,"date":"2025-05-19T08:13:51","date_gmt":"2025-05-19T08:13:51","guid":{"rendered":"https:\/\/stem-eshop.gr\/product\/ngs-%cf%80%ce%b5%ce%b9%cf%81%ce%b1%ce%bc%ce%b1%cf%84%ce%b9%ce%ba%cf%8c-%ce%ba%ce%b9%cf%84-%ce%b7%ce%bb%ce%b5%ce%ba%cf%84%cf%81%ce%b9%ce%ba%ce%bf%cf%8d-%cf%80%ce%bb%ce%bf%ce%af%ce%bf%cf%85-%ce%bc%ce%b5\/"},"modified":"2025-05-22T07:41:15","modified_gmt":"2025-05-22T07:41:15","slug":"ngs-%cf%80%ce%b5%ce%b9%cf%81%ce%b1%ce%bc%ce%b1%cf%84%ce%b9%ce%ba%cf%8c-%ce%ba%ce%b9%cf%84-%ce%b7%ce%bb%ce%b5%ce%ba%cf%84%cf%81%ce%b9%ce%ba%ce%bf%cf%8d-%cf%80%ce%bb%ce%bf%ce%af%ce%bf%cf%85-%ce%bc%ce%b5","status":"publish","type":"product","link":"https:\/\/stem-eshop.gr\/hu\/termek\/ngs-%cf%80%ce%b5%ce%b9%cf%81%ce%b1%ce%bc%ce%b1%cf%84%ce%b9%ce%ba%cf%8c-%ce%ba%ce%b9%cf%84-%ce%b7%ce%bb%ce%b5%ce%ba%cf%84%cf%81%ce%b9%ce%ba%ce%bf%cf%8d-%cf%80%ce%bb%ce%bf%ce%af%ce%bf%cf%85-%ce%bc%ce%b5\/","title":{"rendered":"NGS K\u00eds\u00e9rleti elektromos haj\u00f3k\u00e9szlet ikerpropellerrel"},"content":{"rendered":"<p>Bekapcsol\u00e1s ut\u00e1n az akkumul\u00e1tor biztos\u00edtja az \u00e1ramell\u00e1t\u00e1st a motornak, amely forgatja a peng\u00e9t.<\/p>\n<\/p>\n<p>A sz\u00e9l visszafel\u00e9 f\u00faj, \u00e9s a sz\u00e9l reakci\u00f3ereje hat a haj\u00f3ra, aminek k\u00f6vetkezt\u00e9ben a haj\u00f3 el\u0151re mozog.<\/p><\/p>","protected":false},"excerpt":{"rendered":"<p>Bekapcsol\u00e1s ut\u00e1n az akkumul\u00e1tor energi\u00e1val l\u00e1tja el a motort, amely forgatja a lap\u00e1tj\u00e1t. A sz\u00e9l visszafel\u00e9 hat, \u00e9s a sz\u00e9l reakci\u00f3ereje hat a haj\u00f3ra, ami el\u0151re mozgatja a haj\u00f3t.<\/p>","protected":false},"featured_media":4493,"comment_status":"open","ping_status":"closed","template":"","meta":{"site-sidebar-layout":"default","site-content-layout":"","ast-site-content-layout":"default","site-content-style":"default","site-sidebar-style":"default","ast-global-header-display":"","ast-banner-title-visibility":"","ast-main-header-display":"","ast-hfb-above-header-display":"","ast-hfb-below-header-display":"","ast-hfb-mobile-header-display":"","site-post-title":"","ast-breadcrumbs-content":"","ast-featured-img":"","footer-sml-layout":"","ast-disable-related-posts":"","theme-transparent-header-meta":"","adv-header-id-meta":"","stick-header-meta":"","header-above-stick-meta":"","header-main-stick-meta":"","header-below-stick-meta":"","astra-migrate-meta-layouts":"default","ast-page-background-enabled":"default","ast-page-background-meta":{"desktop":{"background-color":"var(--ast-global-color-5)","background-image":"","background-repeat":"repeat","background-position":"center center","background-size":"auto","background-attachment":"scroll","background-type":"","background-media":"","overlay-type":"","overlay-color":"","overlay-opacity":"","overlay-gradient":""},"tablet":{"background-color":"","background-image":"","background-repeat":"repeat","background-position":"center center","background-size":"auto","background-attachment":"scroll","background-type":"","background-media":"","overlay-type":"","overlay-color":"","overlay-opacity":"","overlay-gradient":""},"mobile":{"background-color":"","background-image":"","background-repeat":"repeat","background-position":"center center","background-size":"auto","background-attachment":"scroll","background-type":"","background-media":"","overlay-type":"","overlay-color":"","overlay-opacity":"","overlay-gradient":""}},"ast-content-background-meta":{"desktop":{"background-color":"var(--ast-global-color-4)","background-image":"","background-repeat":"repeat","background-position":"center center","background-size":"auto","background-attachment":"scroll","background-type":"","background-media":"","overlay-type":"","overlay-color":"","overlay-opacity":"","overlay-gradient":""},"tablet":{"background-color":"var(--ast-global-color-4)","background-image":"","background-repeat":"repeat","background-position":"center center","background-size":"auto","background-attachment":"scroll","background-type":"","background-media":"","overlay-type":"","overlay-color":"","overlay-opacity":"","overlay-gradient":""},"mobile":{"background-color":"var(--ast-global-color-4)","background-image":"","background-repeat":"repeat","background-position":"center center","background-size":"auto","background-attachment":"scroll","background-type":"","background-media":"","overlay-type":"","overlay-color":"","overlay-opacity":"","overlay-gradient":""}}},"product_brand":[107],"product_cat":[39,52,29,56,32,57,35,40,30,58],"product_tag":[],"class_list":{"0":"post-6575","1":"product","2":"type-product","3":"status-publish","4":"has-post-thumbnail","6":"product_brand-ngs","7":"product_cat-39","8":"product_cat-52","9":"product_cat-29","10":"product_cat-56","11":"product_cat-32","12":"product_cat-57","13":"product_cat--10-12-","14":"product_cat--12-","15":"product_cat--6-9-","16":"product_cat-58","17":"desktop-align-left","18":"tablet-align-left","19":"mobile-align-left","21":"first","22":"instock","23":"taxable","24":"shipping-taxable","25":"purchasable","26":"product-type-simple"},"_links":{"self":[{"href":"https:\/\/stem-eshop.gr\/hu\/wp-json\/wp\/v2\/product\/6575","targetHints":{"allow":["GET"]}}],"collection":[{"href":"https:\/\/stem-eshop.gr\/hu\/wp-json\/wp\/v2\/product"}],"about":[{"href":"https:\/\/stem-eshop.gr\/hu\/wp-json\/wp\/v2\/types\/product"}],"replies":[{"embeddable":true,"href":"https:\/\/stem-eshop.gr\/hu\/wp-json\/wp\/v2\/comments?post=6575"}],"wp:featuredmedia":[{"embeddable":true,"href":"https:\/\/stem-eshop.gr\/hu\/wp-json\/wp\/v2\/media\/4493"}],"wp:attachment":[{"href":"https:\/\/stem-eshop.gr\/hu\/wp-json\/wp\/v2\/media?parent=6575"}],"wp:term":[{"taxonomy":"product_brand","embeddable":true,"href":"https:\/\/stem-eshop.gr\/hu\/wp-json\/wp\/v2\/product_brand?post=6575"},{"taxonomy":"product_cat","embeddable":true,"href":"https:\/\/stem-eshop.gr\/hu\/wp-json\/wp\/v2\/product_cat?post=6575"},{"taxonomy":"product_tag","embeddable":true,"href":"https:\/\/stem-eshop.gr\/hu\/wp-json\/wp\/v2\/product_tag?post=6575"}],"curies":[{"name":"wp","href":"https:\/\/api.w.org\/{rel}","templated":true}]}}