{"id":6569,"date":"2025-05-19T08:13:34","date_gmt":"2025-05-19T08:13:34","guid":{"rendered":"https:\/\/stem-eshop.gr\/product\/%ce%b5%ce%be%cf%85%cf%80%ce%bd%ce%bf%cf%8d%ce%bb%ce%b7%cf%82-%ce%b5%ce%ba%cf%80%ce%b1%ce%b9%ce%b4%ce%b5%cf%85%cf%84%ce%b9%ce%ba%cf%8c-%cf%80%ce%b1%ce%b9%cf%87%ce%bd%ce%af%ce%b4%ce%b9-%ce%bc%ce%b1\/"},"modified":"2025-05-22T21:13:36","modified_gmt":"2025-05-22T18:13:36","slug":"%ce%b5%ce%be%cf%85%cf%80%ce%bd%ce%bf%cf%8d%ce%bb%ce%b7%cf%82-%ce%b5%ce%ba%cf%80%ce%b1%ce%b9%ce%b4%ce%b5%cf%85%cf%84%ce%b9%ce%ba%cf%8c-%cf%80%ce%b1%ce%b9%cf%87%ce%bd%ce%af%ce%b4%ce%b9-%ce%bc%ce%b1","status":"publish","type":"product","link":"https:\/\/stem-eshop.gr\/hu\/termek\/%ce%b5%ce%be%cf%85%cf%80%ce%bd%ce%bf%cf%8d%ce%bb%ce%b7%cf%82-%ce%b5%ce%ba%cf%80%ce%b1%ce%b9%ce%b4%ce%b5%cf%85%cf%84%ce%b9%ce%ba%cf%8c-%cf%80%ce%b1%ce%b9%cf%87%ce%bd%ce%af%ce%b4%ce%b9-%ce%bc%ce%b1\/","title":{"rendered":"Okos oktat\u00f3j\u00e1t\u00e9k Anya, egy robot! 3+ \u00e9veseknek"},"content":{"rendered":"<p class=\"MsoNormal\">Az Exyppnoulis oktat\u00f3j\u00e1t\u00e9kok egy id\u0151tlen \u00e9s innovat\u00edv sorozat, amelyet az \u00f3vod\u00e1s \u00e9s iskol\u00e1s kor\u00fa gyermekek tanul\u00e1si fejl\u0151d\u00e9s\u00e9nek t\u00e1mogat\u00e1s\u00e1ra terveztek. Szak\u00e9rt\u0151 pedag\u00f3gusok \u00e9s pszichol\u00f3gusok tanulm\u00e1nyozt\u00e1k \u0151ket, \u00e9s iskol\u00e1kban tesztelt\u00e9k \u0151ket. Sz\u00e9les k\u00f6r\u0171 oktat\u00e1si t\u00e9m\u00e1kat \u00f6lelnek fel, seg\u00edtve a gyerekeket az alapvet\u0151 k\u00e9szs\u00e9gek \u00e9s ismeretek egyszer\u0171 \u00e9s sz\u00f3rakoztat\u00f3 m\u00f3don t\u00f6rt\u00e9n\u0151 fejleszt\u00e9s\u00e9ben!<\/p><\/p>","protected":false},"excerpt":{"rendered":"<p class=\"MsoNormal\">Egy egyszer\u0171 \u00e9s sz\u00f3rakoztat\u00f3 j\u00e1t\u00e9k, amely sz\u00ednes \u00e9s eredeti k\u00e9peken kereszt\u00fcl fejleszti a gyerekek kreativit\u00e1s\u00e1t, logik\u00e1j\u00e1t \u00e9s megfigyel\u0151k\u00e9pess\u00e9g\u00e9t. J\u00e1tssz egy\u00fctt a legfurcs\u00e1bb \u00e9s legviccesebb h\u0151s\u00f6k megalkot\u00e1s\u00e1val! Kombin\u00e1ld a sz\u00ednes darabokat, hogy aranyos robotokat alkossatok!<\/p><\/p>","protected":false},"featured_media":4476,"comment_status":"open","ping_status":"closed","template":"","meta":{"site-sidebar-layout":"default","site-content-layout":"","ast-site-content-layout":"default","site-content-style":"default","site-sidebar-style":"default","ast-global-header-display":"","ast-banner-title-visibility":"","ast-main-header-display":"","ast-hfb-above-header-display":"","ast-hfb-below-header-display":"","ast-hfb-mobile-header-display":"","site-post-title":"","ast-breadcrumbs-content":"","ast-featured-img":"","footer-sml-layout":"","ast-disable-related-posts":"","theme-transparent-header-meta":"","adv-header-id-meta":"","stick-header-meta":"","header-above-stick-meta":"","header-main-stick-meta":"","header-below-stick-meta":"","astra-migrate-meta-layouts":"default","ast-page-background-enabled":"default","ast-page-background-meta":{"desktop":{"background-color":"var(--ast-global-color-5)","background-image":"","background-repeat":"repeat","background-position":"center center","background-size":"auto","background-attachment":"scroll","background-type":"","background-media":"","overlay-type":"","overlay-color":"","overlay-opacity":"","overlay-gradient":""},"tablet":{"background-color":"","background-image":"","background-repeat":"repeat","background-position":"center center","background-size":"auto","background-attachment":"scroll","background-type":"","background-media":"","overlay-type":"","overlay-color":"","overlay-opacity":"","overlay-gradient":""},"mobile":{"background-color":"","background-image":"","background-repeat":"repeat","background-position":"center center","background-size":"auto","background-attachment":"scroll","background-type":"","background-media":"","overlay-type":"","overlay-color":"","overlay-opacity":"","overlay-gradient":""}},"ast-content-background-meta":{"desktop":{"background-color":"var(--ast-global-color-4)","background-image":"","background-repeat":"repeat","background-position":"center center","background-size":"auto","background-attachment":"scroll","background-type":"","background-media":"","overlay-type":"","overlay-color":"","overlay-opacity":"","overlay-gradient":""},"tablet":{"background-color":"var(--ast-global-color-4)","background-image":"","background-repeat":"repeat","background-position":"center center","background-size":"auto","background-attachment":"scroll","background-type":"","background-media":"","overlay-type":"","overlay-color":"","overlay-opacity":"","overlay-gradient":""},"mobile":{"background-color":"var(--ast-global-color-4)","background-image":"","background-repeat":"repeat","background-position":"center center","background-size":"auto","background-attachment":"scroll","background-type":"","background-media":"","overlay-type":"","overlay-color":"","overlay-opacity":"","overlay-gradient":""}}},"product_brand":[112],"product_cat":[33,50,56,55,45,34,26,28,48],"product_tag":[],"class_list":{"0":"post-6569","1":"product","2":"type-product","3":"status-publish","4":"has-post-thumbnail","6":"product_brand-eksipnoulis","7":"product_cat-33","8":"product_cat-50","9":"product_cat-56","10":"product_cat-55","11":"product_cat-45","12":"product_cat-34","13":"product_cat-26","14":"product_cat-28","15":"product_cat-48","16":"desktop-align-left","17":"tablet-align-left","18":"mobile-align-left","20":"first","21":"instock","22":"taxable","23":"shipping-taxable","24":"purchasable","25":"product-type-simple"},"_links":{"self":[{"href":"https:\/\/stem-eshop.gr\/hu\/wp-json\/wp\/v2\/product\/6569","targetHints":{"allow":["GET"]}}],"collection":[{"href":"https:\/\/stem-eshop.gr\/hu\/wp-json\/wp\/v2\/product"}],"about":[{"href":"https:\/\/stem-eshop.gr\/hu\/wp-json\/wp\/v2\/types\/product"}],"replies":[{"embeddable":true,"href":"https:\/\/stem-eshop.gr\/hu\/wp-json\/wp\/v2\/comments?post=6569"}],"wp:featuredmedia":[{"embeddable":true,"href":"https:\/\/stem-eshop.gr\/hu\/wp-json\/wp\/v2\/media\/4476"}],"wp:attachment":[{"href":"https:\/\/stem-eshop.gr\/hu\/wp-json\/wp\/v2\/media?parent=6569"}],"wp:term":[{"taxonomy":"product_brand","embeddable":true,"href":"https:\/\/stem-eshop.gr\/hu\/wp-json\/wp\/v2\/product_brand?post=6569"},{"taxonomy":"product_cat","embeddable":true,"href":"https:\/\/stem-eshop.gr\/hu\/wp-json\/wp\/v2\/product_cat?post=6569"},{"taxonomy":"product_tag","embeddable":true,"href":"https:\/\/stem-eshop.gr\/hu\/wp-json\/wp\/v2\/product_tag?post=6569"}],"curies":[{"name":"wp","href":"https:\/\/api.w.org\/{rel}","templated":true}]}}