{"id":6536,"date":"2025-05-19T08:12:05","date_gmt":"2025-05-19T08:12:05","guid":{"rendered":"https:\/\/stem-eshop.gr\/product\/%cf%80%ce%b1%ce%ba%ce%ad%cf%84%ce%bf-%ce%b3%ce%b9%ce%b1-%ce%b2%cf%81%ce%b5%cf%86%ce%b9%ce%ba%cf%8c-%cf%83%cf%84%ce%b1%ce%b8%ce%bc%cf%8c\/"},"modified":"2025-05-24T12:11:48","modified_gmt":"2025-05-24T09:11:48","slug":"%cf%80%ce%b1%ce%ba%ce%ad%cf%84%ce%bf-%ce%b3%ce%b9%ce%b1-%ce%b2%cf%81%ce%b5%cf%86%ce%b9%ce%ba%cf%8c-%cf%83%cf%84%ce%b1%ce%b8%ce%bc%cf%8c","status":"publish","type":"product","link":"https:\/\/stem-eshop.gr\/hu\/termek\/%cf%80%ce%b1%ce%ba%ce%ad%cf%84%ce%bf-%ce%b3%ce%b9%ce%b1-%ce%b2%cf%81%ce%b5%cf%86%ce%b9%ce%ba%cf%8c-%cf%83%cf%84%ce%b1%ce%b8%ce%bc%cf%8c\/","title":{"rendered":"\u00d3vodai csomag"},"content":{"rendered":"<p class=\"MsoNormal\">R\u00e9szletesebben, a csomag tartalma:<\/p>\n<p class=\"MsoNormal\">-Montessori fa oktat\u00f3j\u00e1t\u00e9kok geometriai form\u00e1kkal illesztve: ezek a j\u00e1t\u00e9kok interakt\u00edv \u00e9s oktat\u00f3 eszk\u00f6z\u00f6k, amelyek \u00f6tv\u00f6zik a sz\u00f3rakoz\u00e1st a tanul\u00e1ssal, \u00e9s a j\u00e1t\u00e9kon kereszt\u00fcl fejlesztik a gyermekek k\u00e9pess\u00e9geit.<\/p>\n<p class=\"MsoNormal\">\n<p class=\"MsoNormal\">-8 az 1-ben Montessori fa oktat\u00f3j\u00e1t\u00e9k-k\u00e9szlet - T\u00f6bbc\u00e9l\u00fa doboz: A k\u00e9szlet 8 k\u00fcl\u00f6nb\u00f6z\u0151 oktat\u00f3j\u00e1t\u00e9kot tartalmaz egy dobozban, amelyek a gyermekek fejl\u0151d\u00e9s\u00e9nek k\u00fcl\u00f6nb\u00f6z\u0151 aspektusait lefedik. Tev\u00e9kenys\u00e9gek: Kopog\u00f3s labda, \u00c1llatp\u00e1ros\u00edt\u00e1s, Horg\u00e1szat, Forma- \u00e9s sz\u00ednfelismer\u00e9s, Form\u00e1ci\u00f3k \u00e9s mint\u00e1k.<\/p>\n<p class=\"MsoNormal\">\n<p class=\"MsoNormal\">- Sz\u00ednes fa cs\u00f6rg\u0151kb\u0151l \u00e1ll\u00f3 k\u00e9szlet: A sz\u00ednes fa cs\u00f6rg\u0151kb\u0151l \u00e1ll\u00f3 k\u00e9szlet egy biztons\u00e1gos oktat\u00f3j\u00e1t\u00e9k, amelyet kifejezetten csecsem\u0151k \u00e9s kisgyermekek sz\u00e1m\u00e1ra terveztek. K\u00fcl\u00f6nb\u00f6z\u0151 mint\u00e1zat\u00fa cs\u00f6rg\u0151ket tartalmaz.<\/p>\n<p class=\"MsoNormal\">\n<p class=\"MsoNormal\">-F\u00e1b\u00f3l k\u00e9sz\u00fclt oktat\u00f3j\u00e1t\u00e9k, aktivit\u00e1st\u00e1bla: A t\u00e1bla sz\u00e1mos tev\u00e9kenys\u00e9get tartalmaz, t\u00f6bbek k\u00f6z\u00f6tt patentokat, cipz\u00e1rakat, z\u00e1rakat, kapcsol\u00f3kat \u00e9s egy\u00e9b mechanizmusokat, amelyeket a gyerekek felfedezhetnek. Ezek a tev\u00e9kenys\u00e9gek el\u0151seg\u00edtik a motoros k\u00e9szs\u00e9gek \u00e9s a logikus gondolkod\u00e1s fejleszt\u00e9s\u00e9t.<\/p>","protected":false},"excerpt":{"rendered":"<p>Ez a fa oktat\u00f3j\u00e1t\u00e9k-k\u00e9szlet a gyermekek tanul\u00e1si fejl\u0151d\u00e9s\u00e9nek el\u0151seg\u00edt\u00e9s\u00e9re szolg\u00e1l az\u00e1ltal, hogy sz\u00f3rakoztat\u00f3 \u00e9s oktat\u00f3 jelleg\u0171 tev\u00e9kenys\u00e9geket k\u00edn\u00e1l, amelyek el\u0151seg\u00edtik olyan k\u00e9szs\u00e9gek fejleszt\u00e9s\u00e9t, mint a logikus gondolkod\u00e1s, a motoros fejl\u0151d\u00e9s, az alak- \u00e9s sz\u00ednfelismer\u00e9s, a koordin\u00e1lt mozg\u00e1s \u00e9s a kreativit\u00e1s. K\u00fcl\u00f6nb\u00f6z\u0151 kor\u00fa gyermekek sz\u00e1m\u00e1ra ide\u00e1lis, ezek a j\u00e1t\u00e9kok \u00f6tv\u00f6zik a tanul\u00e1st a sz\u00f3rakoz\u00e1ssal.<\/p>","protected":false},"featured_media":6113,"comment_status":"open","ping_status":"closed","template":"","meta":{"site-sidebar-layout":"default","site-content-layout":"","ast-site-content-layout":"default","site-content-style":"default","site-sidebar-style":"default","ast-global-header-display":"","ast-banner-title-visibility":"","ast-main-header-display":"","ast-hfb-above-header-display":"","ast-hfb-below-header-display":"","ast-hfb-mobile-header-display":"","site-post-title":"","ast-breadcrumbs-content":"","ast-featured-img":"","footer-sml-layout":"","ast-disable-related-posts":"","theme-transparent-header-meta":"default","adv-header-id-meta":"","stick-header-meta":"","header-above-stick-meta":"","header-main-stick-meta":"","header-below-stick-meta":"","astra-migrate-meta-layouts":"set","ast-page-background-enabled":"default","ast-page-background-meta":{"desktop":{"background-color":"var(--ast-global-color-5)","background-image":"","background-repeat":"repeat","background-position":"center center","background-size":"auto","background-attachment":"scroll","background-type":"","background-media":"","overlay-type":"","overlay-color":"","overlay-opacity":"","overlay-gradient":""},"tablet":{"background-color":"","background-image":"","background-repeat":"repeat","background-position":"center center","background-size":"auto","background-attachment":"scroll","background-type":"","background-media":"","overlay-type":"","overlay-color":"","overlay-opacity":"","overlay-gradient":""},"mobile":{"background-color":"","background-image":"","background-repeat":"repeat","background-position":"center center","background-size":"auto","background-attachment":"scroll","background-type":"","background-media":"","overlay-type":"","overlay-color":"","overlay-opacity":"","overlay-gradient":""}},"ast-content-background-meta":{"desktop":{"background-color":"var(--ast-global-color-4)","background-image":"","background-repeat":"repeat","background-position":"center center","background-size":"auto","background-attachment":"scroll","background-type":"","background-media":"","overlay-type":"","overlay-color":"","overlay-opacity":"","overlay-gradient":""},"tablet":{"background-color":"var(--ast-global-color-4)","background-image":"","background-repeat":"repeat","background-position":"center center","background-size":"auto","background-attachment":"scroll","background-type":"","background-media":"","overlay-type":"","overlay-color":"","overlay-opacity":"","overlay-gradient":""},"mobile":{"background-color":"var(--ast-global-color-4)","background-image":"","background-repeat":"repeat","background-position":"center center","background-size":"auto","background-attachment":"scroll","background-type":"","background-media":"","overlay-type":"","overlay-color":"","overlay-opacity":"","overlay-gradient":""}}},"product_brand":[],"product_cat":[21,20],"product_tag":[],"class_list":{"0":"post-6536","1":"product","2":"type-product","3":"status-publish","4":"has-post-thumbnail","6":"product_cat-stem--","7":"product_cat-20","8":"desktop-align-left","9":"tablet-align-left","10":"mobile-align-left","12":"first","13":"instock","14":"sale","15":"taxable","16":"shipping-taxable","17":"purchasable","18":"product-type-simple"},"_links":{"self":[{"href":"https:\/\/stem-eshop.gr\/hu\/wp-json\/wp\/v2\/product\/6536","targetHints":{"allow":["GET"]}}],"collection":[{"href":"https:\/\/stem-eshop.gr\/hu\/wp-json\/wp\/v2\/product"}],"about":[{"href":"https:\/\/stem-eshop.gr\/hu\/wp-json\/wp\/v2\/types\/product"}],"replies":[{"embeddable":true,"href":"https:\/\/stem-eshop.gr\/hu\/wp-json\/wp\/v2\/comments?post=6536"}],"wp:featuredmedia":[{"embeddable":true,"href":"https:\/\/stem-eshop.gr\/hu\/wp-json\/wp\/v2\/media\/6113"}],"wp:attachment":[{"href":"https:\/\/stem-eshop.gr\/hu\/wp-json\/wp\/v2\/media?parent=6536"}],"wp:term":[{"taxonomy":"product_brand","embeddable":true,"href":"https:\/\/stem-eshop.gr\/hu\/wp-json\/wp\/v2\/product_brand?post=6536"},{"taxonomy":"product_cat","embeddable":true,"href":"https:\/\/stem-eshop.gr\/hu\/wp-json\/wp\/v2\/product_cat?post=6536"},{"taxonomy":"product_tag","embeddable":true,"href":"https:\/\/stem-eshop.gr\/hu\/wp-json\/wp\/v2\/product_tag?post=6536"}],"curies":[{"name":"wp","href":"https:\/\/api.w.org\/{rel}","templated":true}]}}