{"id":6525,"date":"2025-05-19T08:11:55","date_gmt":"2025-05-19T08:11:55","guid":{"rendered":"https:\/\/stem-eshop.gr\/product\/%ce%b1%ce%bd%ce%b1%ce%ba%ce%b1%ce%bb%cf%8d%cf%80%cf%84%ce%bf%ce%bd%cf%84%ce%b1%cf%82-%cf%84%ce%b7%ce%bd-%cf%80%ce%b1%ce%bb%ce%b1%ce%b9%ce%bf%ce%bd%cf%84%ce%bf%ce%bb%ce%bf%ce%b3%ce%af%ce%b1-%cf%80\/"},"modified":"2025-05-22T21:13:29","modified_gmt":"2025-05-22T18:13:29","slug":"%ce%b1%ce%bd%ce%b1%ce%ba%ce%b1%ce%bb%cf%8d%cf%80%cf%84%ce%bf%ce%bd%cf%84%ce%b1%cf%82-%cf%84%ce%b7%ce%bd-%cf%80%ce%b1%ce%bb%ce%b1%ce%b9%ce%bf%ce%bd%cf%84%ce%bf%ce%bb%ce%bf%ce%b3%ce%af%ce%b1-%cf%80","status":"publish","type":"product","link":"https:\/\/stem-eshop.gr\/hu\/termek\/%ce%b1%ce%bd%ce%b1%ce%ba%ce%b1%ce%bb%cf%8d%cf%80%cf%84%ce%bf%ce%bd%cf%84%ce%b1%cf%82-%cf%84%ce%b7%ce%bd-%cf%80%ce%b1%ce%bb%ce%b1%ce%b9%ce%bf%ce%bd%cf%84%ce%bf%ce%bb%ce%bf%ce%b3%ce%af%ce%b1-%cf%80\/","title":{"rendered":"A paleontol\u00f3gia felfedez\u00e9se: Hogyan \u00e9ltek a dinoszauruszok"},"content":{"rendered":"<p>Minden modellhez egyszer\u0171 \u00e9p\u00edt\u00e9si \u00fatmutat\u00f3t tal\u00e1lsz online vagy a mell\u00e9kelt k\u00e9zik\u00f6nyvben. A k\u00e9zik\u00f6nyv r\u00e9szletes magyar\u00e1zatot ad a k\u00fcl\u00f6nb\u00f6z\u0151 tudom\u00e1nyos alapelvekr\u0151l, \u00e9s innovat\u00edv k\u00eds\u00e9rleti tev\u00e9kenys\u00e9geket is tartalmaz a cselekv\u00e9s \u00fatj\u00e1n t\u00f6rt\u00e9n\u0151 tanul\u00e1shoz. Van egy kv\u00edz r\u00e9sz is, ahol tesztelheted az \u00faj tud\u00e1sodat!<\/p>","protected":false},"excerpt":{"rendered":"<p>Ismerd meg a dinoszauruszokat \u00e9s azt, hogyan \u00e9ltek a F\u00f6ld\u00f6n az \u0151skorban. \u00c9p\u00edts \u00e9s anim\u00e1lj 5 motoros dinoszaurusz modellt, k\u00f6zt\u00fck egy brontosaurust, egy stegosaurust, egy triceratopst, egy pterodactyl-t \u00e9s egy ankylosaurust.<\/p>","protected":false},"featured_media":5352,"comment_status":"open","ping_status":"closed","template":"","meta":{"site-sidebar-layout":"default","site-content-layout":"","ast-site-content-layout":"default","site-content-style":"default","site-sidebar-style":"default","ast-global-header-display":"","ast-banner-title-visibility":"","ast-main-header-display":"","ast-hfb-above-header-display":"","ast-hfb-below-header-display":"","ast-hfb-mobile-header-display":"","site-post-title":"","ast-breadcrumbs-content":"","ast-featured-img":"","footer-sml-layout":"","ast-disable-related-posts":"","theme-transparent-header-meta":"","adv-header-id-meta":"","stick-header-meta":"","header-above-stick-meta":"","header-main-stick-meta":"","header-below-stick-meta":"","astra-migrate-meta-layouts":"default","ast-page-background-enabled":"default","ast-page-background-meta":{"desktop":{"background-color":"var(--ast-global-color-5)","background-image":"","background-repeat":"repeat","background-position":"center center","background-size":"auto","background-attachment":"scroll","background-type":"","background-media":"","overlay-type":"","overlay-color":"","overlay-opacity":"","overlay-gradient":""},"tablet":{"background-color":"","background-image":"","background-repeat":"repeat","background-position":"center center","background-size":"auto","background-attachment":"scroll","background-type":"","background-media":"","overlay-type":"","overlay-color":"","overlay-opacity":"","overlay-gradient":""},"mobile":{"background-color":"","background-image":"","background-repeat":"repeat","background-position":"center center","background-size":"auto","background-attachment":"scroll","background-type":"","background-media":"","overlay-type":"","overlay-color":"","overlay-opacity":"","overlay-gradient":""}},"ast-content-background-meta":{"desktop":{"background-color":"var(--ast-global-color-4)","background-image":"","background-repeat":"repeat","background-position":"center center","background-size":"auto","background-attachment":"scroll","background-type":"","background-media":"","overlay-type":"","overlay-color":"","overlay-opacity":"","overlay-gradient":""},"tablet":{"background-color":"var(--ast-global-color-4)","background-image":"","background-repeat":"repeat","background-position":"center center","background-size":"auto","background-attachment":"scroll","background-type":"","background-media":"","overlay-type":"","overlay-color":"","overlay-opacity":"","overlay-gradient":""},"mobile":{"background-color":"var(--ast-global-color-4)","background-image":"","background-repeat":"repeat","background-position":"center center","background-size":"auto","background-attachment":"scroll","background-type":"","background-media":"","overlay-type":"","overlay-color":"","overlay-opacity":"","overlay-gradient":""}}},"product_brand":[95],"product_cat":[43,44,39,49,38,29,56,35,40,30,58],"product_tag":[],"class_list":{"0":"post-6525","1":"product","2":"type-product","3":"status-publish","4":"has-post-thumbnail","6":"product_brand-engino","7":"product_cat-43","8":"product_cat-44","9":"product_cat-39","10":"product_cat-49","11":"product_cat-38","12":"product_cat-29","13":"product_cat-56","14":"product_cat--10-12-","15":"product_cat--12-","16":"product_cat--6-9-","17":"product_cat-58","18":"desktop-align-left","19":"tablet-align-left","20":"mobile-align-left","22":"first","23":"instock","24":"taxable","25":"shipping-taxable","26":"purchasable","27":"product-type-simple"},"_links":{"self":[{"href":"https:\/\/stem-eshop.gr\/hu\/wp-json\/wp\/v2\/product\/6525","targetHints":{"allow":["GET"]}}],"collection":[{"href":"https:\/\/stem-eshop.gr\/hu\/wp-json\/wp\/v2\/product"}],"about":[{"href":"https:\/\/stem-eshop.gr\/hu\/wp-json\/wp\/v2\/types\/product"}],"replies":[{"embeddable":true,"href":"https:\/\/stem-eshop.gr\/hu\/wp-json\/wp\/v2\/comments?post=6525"}],"wp:featuredmedia":[{"embeddable":true,"href":"https:\/\/stem-eshop.gr\/hu\/wp-json\/wp\/v2\/media\/5352"}],"wp:attachment":[{"href":"https:\/\/stem-eshop.gr\/hu\/wp-json\/wp\/v2\/media?parent=6525"}],"wp:term":[{"taxonomy":"product_brand","embeddable":true,"href":"https:\/\/stem-eshop.gr\/hu\/wp-json\/wp\/v2\/product_brand?post=6525"},{"taxonomy":"product_cat","embeddable":true,"href":"https:\/\/stem-eshop.gr\/hu\/wp-json\/wp\/v2\/product_cat?post=6525"},{"taxonomy":"product_tag","embeddable":true,"href":"https:\/\/stem-eshop.gr\/hu\/wp-json\/wp\/v2\/product_tag?post=6525"}],"curies":[{"name":"wp","href":"https:\/\/api.w.org\/{rel}","templated":true}]}}