{"id":6524,"date":"2025-05-19T08:11:53","date_gmt":"2025-05-19T08:11:53","guid":{"rendered":"https:\/\/stem-eshop.gr\/product\/%cf%80%cf%89%cf%82-%ce%bb%ce%b5%ce%b9%cf%84%ce%bf%cf%85%cf%81%ce%b3%ce%b5%ce%af-%cf%84%ce%bf-%ce%b8%ce%b5%cf%81%ce%bc%ce%bf%ce%ba%ce%ae%cf%80%ce%b9%ce%bf\/"},"modified":"2025-05-22T21:13:29","modified_gmt":"2025-05-22T18:13:29","slug":"%cf%80%cf%89%cf%82-%ce%bb%ce%b5%ce%b9%cf%84%ce%bf%cf%85%cf%81%ce%b3%ce%b5%ce%af-%cf%84%ce%bf-%ce%b8%ce%b5%cf%81%ce%bc%ce%bf%ce%ba%ce%ae%cf%80%ce%b9%ce%bf","status":"publish","type":"product","link":"https:\/\/stem-eshop.gr\/hu\/termek\/%cf%80%cf%89%cf%82-%ce%bb%ce%b5%ce%b9%cf%84%ce%bf%cf%85%cf%81%ce%b3%ce%b5%ce%af-%cf%84%ce%bf-%ce%b8%ce%b5%cf%81%ce%bc%ce%bf%ce%ba%ce%ae%cf%80%ce%b9%ce%bf\/","title":{"rendered":"Hogyan m\u0171k\u00f6dik az \u00fcvegh\u00e1z?"},"content":{"rendered":"<p>Amikor v\u00e9geztek a k\u00eds\u00e9rleteikkel, a gyerekek levehetik a kalapjukat, \u00e9s el\u0151vehetik a sz\u00ednes ceruz\u00e1ikat, hogy feld\u00edsz\u00edts\u00e9k saj\u00e1t, r\u00e1pattinthat\u00f3 b\u0151reiket!<\/p>\n<p>Ezenk\u00edv\u00fcl a fiatal di\u00e1kok egy sz\u00ednes f\u00fczetet kapnak, amely a k\u00f6vetkez\u0151ket tartalmazza:<\/p>\n<p>A mez\u0151gazdas\u00e1g r\u00f6vid t\u00f6rt\u00e9nete, tele \u00e9rdekes t\u00e9nyekkel<\/p>\n<p>Gyakorlati STEM k\u00eds\u00e9rletek saj\u00e1t kukorica- \u00e9s babmagokkal<\/p>\n<p>A fotoszint\u00e9zis \u00e9s az \u00fcvegh\u00e1zak m\u00f6g\u00f6tt rejl\u0151 elm\u00e9let k\u00f6nnyen \u00e9rthet\u0151<\/p>\n<p>Egy kv\u00edz, amely felm\u00e9ri az alapvet\u0151 STEM-fogalmak ismeret\u00e9t<\/p>\n<p>Egyszer\u0171 \u00e9p\u00edt\u00e9si \u00fatmutat\u00f3<\/p>\n<p>Nyomtathat\u00f3 skinek a tervez\u00e9si k\u00e9szs\u00e9gek gyakorl\u00e1s\u00e1hoz<\/p>\n<p>Inspir\u00e1ci\u00f3ra van sz\u00fcks\u00e9ge? Haszn\u00e1ld interakt\u00edv 3D alkalmaz\u00e1sunkat a sz\u00e1m\u00edt\u00f3g\u00e9peden, \u00e9s \u00e9p\u00edtsd meg \u00fcvegh\u00e1zadat a virtu\u00e1lis val\u00f3s\u00e1gban!<\/p>\n<p>Az Engino STEAM oktat\u00f3j\u00e1t\u00e9kai teljes \u00e9rt\u00e9k\u0171 STEAM tanul\u00e1si eszk\u00f6z\u00f6k, amelyeket \u00fagy terveztek, hogy felk\u00e9sz\u00edts\u00e9k a fiatal tanul\u00f3kat az \u00e9lethosszig tart\u00f3 tudom\u00e1nyos felfedez\u00e9sekre. Oktat\u00e1si rendszer\u00fcnkkel kapcsolatos tov\u00e1bbi inform\u00e1ci\u00f3k\u00e9rt kattintson ide.<\/p>\n<p>Term\u00e9kbiztons\u00e1g \u00e9s megfelel\u0151s\u00e9g<\/p>\n<p>Ez a term\u00e9k megfelel a gyermekterm\u00e9kekre vonatkoz\u00f3 vonatkoz\u00f3 biztons\u00e1gi szabv\u00e1nyoknak \u00e9s el\u0151\u00edr\u00e1soknak.<\/p>","protected":false},"excerpt":{"rendered":"<p>Fiatal botanikusok saj\u00e1t maguk termesztik n\u00f6v\u00e9nyeiket magvakb\u00f3l egy teljesen m\u0171k\u00f6d\u0151k\u00e9pes \u00fcvegh\u00e1zban, amelyet ezzel az interakt\u00edv STEAM k\u00e9szlettel \u00e9p\u00edtenek! Ir\u00e1ny\u00edtott k\u00eds\u00e9rletek sor\u00e1n megmutathatj\u00e1k a kis gazd\u00e1knak, hogyan befoly\u00e1solj\u00e1k a f\u00e9ny, a h\u0151m\u00e9rs\u00e9klet \u00e9s a p\u00e1ratartalom a term\u00e9nyeiket.<\/p>","protected":false},"featured_media":5341,"comment_status":"open","ping_status":"closed","template":"","meta":{"site-sidebar-layout":"default","site-content-layout":"","ast-site-content-layout":"default","site-content-style":"default","site-sidebar-style":"default","ast-global-header-display":"","ast-banner-title-visibility":"","ast-main-header-display":"","ast-hfb-above-header-display":"","ast-hfb-below-header-display":"","ast-hfb-mobile-header-display":"","site-post-title":"","ast-breadcrumbs-content":"","ast-featured-img":"","footer-sml-layout":"","ast-disable-related-posts":"","theme-transparent-header-meta":"default","adv-header-id-meta":"","stick-header-meta":"","header-above-stick-meta":"","header-main-stick-meta":"","header-below-stick-meta":"","astra-migrate-meta-layouts":"set","ast-page-background-enabled":"default","ast-page-background-meta":{"desktop":{"background-color":"var(--ast-global-color-5)","background-image":"","background-repeat":"repeat","background-position":"center center","background-size":"auto","background-attachment":"scroll","background-type":"","background-media":"","overlay-type":"","overlay-color":"","overlay-opacity":"","overlay-gradient":""},"tablet":{"background-color":"","background-image":"","background-repeat":"repeat","background-position":"center center","background-size":"auto","background-attachment":"scroll","background-type":"","background-media":"","overlay-type":"","overlay-color":"","overlay-opacity":"","overlay-gradient":""},"mobile":{"background-color":"","background-image":"","background-repeat":"repeat","background-position":"center center","background-size":"auto","background-attachment":"scroll","background-type":"","background-media":"","overlay-type":"","overlay-color":"","overlay-opacity":"","overlay-gradient":""}},"ast-content-background-meta":{"desktop":{"background-color":"var(--ast-global-color-4)","background-image":"","background-repeat":"repeat","background-position":"center center","background-size":"auto","background-attachment":"scroll","background-type":"","background-media":"","overlay-type":"","overlay-color":"","overlay-opacity":"","overlay-gradient":""},"tablet":{"background-color":"var(--ast-global-color-4)","background-image":"","background-repeat":"repeat","background-position":"center center","background-size":"auto","background-attachment":"scroll","background-type":"","background-media":"","overlay-type":"","overlay-color":"","overlay-opacity":"","overlay-gradient":""},"mobile":{"background-color":"var(--ast-global-color-4)","background-image":"","background-repeat":"repeat","background-position":"center center","background-size":"auto","background-attachment":"scroll","background-type":"","background-media":"","overlay-type":"","overlay-color":"","overlay-opacity":"","overlay-gradient":""}}},"product_brand":[95],"product_cat":[44,39,38,56,35,30,54,58],"product_tag":[],"class_list":{"0":"post-6524","1":"product","2":"type-product","3":"status-publish","4":"has-post-thumbnail","6":"product_brand-engino","7":"product_cat-44","8":"product_cat-39","9":"product_cat-38","10":"product_cat-56","11":"product_cat--10-12-","12":"product_cat--6-9-","13":"product_cat-54","14":"product_cat-58","15":"desktop-align-left","16":"tablet-align-left","17":"mobile-align-left","19":"first","20":"instock","21":"taxable","22":"shipping-taxable","23":"purchasable","24":"product-type-simple"},"_links":{"self":[{"href":"https:\/\/stem-eshop.gr\/hu\/wp-json\/wp\/v2\/product\/6524","targetHints":{"allow":["GET"]}}],"collection":[{"href":"https:\/\/stem-eshop.gr\/hu\/wp-json\/wp\/v2\/product"}],"about":[{"href":"https:\/\/stem-eshop.gr\/hu\/wp-json\/wp\/v2\/types\/product"}],"replies":[{"embeddable":true,"href":"https:\/\/stem-eshop.gr\/hu\/wp-json\/wp\/v2\/comments?post=6524"}],"wp:featuredmedia":[{"embeddable":true,"href":"https:\/\/stem-eshop.gr\/hu\/wp-json\/wp\/v2\/media\/5341"}],"wp:attachment":[{"href":"https:\/\/stem-eshop.gr\/hu\/wp-json\/wp\/v2\/media?parent=6524"}],"wp:term":[{"taxonomy":"product_brand","embeddable":true,"href":"https:\/\/stem-eshop.gr\/hu\/wp-json\/wp\/v2\/product_brand?post=6524"},{"taxonomy":"product_cat","embeddable":true,"href":"https:\/\/stem-eshop.gr\/hu\/wp-json\/wp\/v2\/product_cat?post=6524"},{"taxonomy":"product_tag","embeddable":true,"href":"https:\/\/stem-eshop.gr\/hu\/wp-json\/wp\/v2\/product_tag?post=6524"}],"curies":[{"name":"wp","href":"https:\/\/api.w.org\/{rel}","templated":true}]}}