{"id":6521,"date":"2025-05-19T08:11:48","date_gmt":"2025-05-19T08:11:48","guid":{"rendered":"https:\/\/stem-eshop.gr\/product\/robot-master-tournament\/"},"modified":"2025-10-22T11:37:00","modified_gmt":"2025-10-22T08:37:00","slug":"robot-master-tournament","status":"publish","type":"product","link":"https:\/\/stem-eshop.gr\/hu\/termek\/robot-master-tournament\/","title":{"rendered":"Robotmester Verseny"},"content":{"rendered":"<h3><\/h3>\n<p>A r\u00e9sztvev\u0151ket arra \u00f6szt\u00f6nzik, hogy a Makerzoid k\u00e9szlet seg\u00edts\u00e9g\u00e9vel \u00e9p\u00edtsenek \u00e9s programozzanak m\u0171k\u00f6d\u0151 robotokat.<\/p>\n<p>A robotokat meghat\u00e1rozott feladatok elv\u00e9gz\u00e9s\u00e9re tervezt\u00e9k, legyen sz\u00f3 versenyvizsg\u00e1kr\u00f3l vagy kreat\u00edv prezent\u00e1ci\u00f3kr\u00f3l.<\/p>\n<p>El\u0151seg\u00edti a kritikai gondolkod\u00e1st, a csapatmunk\u00e1t \u00e9s a probl\u00e9mamegold\u00e1st.<\/p>\n<p>A di\u00e1kok megtanulj\u00e1k, hogyan kell dolgozni szoftverekkel, \u00e9rz\u00e9kel\u0151kkel, motorokkal \u00e9s egy\u00e9b, robotokhoz kapcsol\u00f3d\u00f3 technol\u00f3giai alkalmaz\u00e1sokkal.<\/p>\n<p>K\u00fcl\u00f6nb\u00f6z\u0151 koroszt\u00e1lyok \u00e9s tapasztalati szintek sz\u00e1m\u00e1ra k\u00e9sz\u00fclt, a kezd\u0151t\u0151l a halad\u00f3ig.<\/p>\n<p>A r\u00e9sztvev\u0151k Makerzoid platformokat \u00e9s komponenseket haszn\u00e1lnak, amelyek magukban foglalj\u00e1k a k\u00f6nnyen haszn\u00e1lhat\u00f3 programoz\u00e1si eszk\u00f6z\u00f6ket, valamint a robotok \u00f6sszeszerel\u00e9s\u00e9hez sz\u00fcks\u00e9ges \u00e9p\u00edt\u0151elemeket.<\/p>\n<p>Arra \u00f6szt\u00f6nzi a di\u00e1kokat, hogy a tud\u00e1s gyakorlati alkalmaz\u00e1s\u00e1n kereszt\u00fcl fedezz\u00e9k fel a tudom\u00e1nyt \u00e9s a technol\u00f3gi\u00e1t, mik\u00f6zben felkelti az \u00e9rdekl\u0151d\u00e9s\u00fcket a j\u00f6v\u0151beli STEM szakm\u00e1k ir\u00e1nt.<\/p>","protected":false},"excerpt":{"rendered":"<p>A Makerzoid Robot Master Tournament egy robotikai \u00e9s programoz\u00e1si versenycsomag, amely a STEM (tudom\u00e1ny, technol\u00f3gia, m\u00e9rn\u00f6ki tudom\u00e1nyok, matematika) k\u00e9szs\u00e9gek fejleszt\u00e9s\u00e9re \u00f6sszpontos\u00edt kreat\u00edv \u00e9s interakt\u00edv tanul\u00e1son kereszt\u00fcl.<\/p>","protected":false},"featured_media":10134,"comment_status":"open","ping_status":"closed","template":"","meta":{"site-sidebar-layout":"default","site-content-layout":"","ast-site-content-layout":"default","site-content-style":"default","site-sidebar-style":"default","ast-global-header-display":"","ast-banner-title-visibility":"","ast-main-header-display":"","ast-hfb-above-header-display":"","ast-hfb-below-header-display":"","ast-hfb-mobile-header-display":"","site-post-title":"","ast-breadcrumbs-content":"","ast-featured-img":"","footer-sml-layout":"","ast-disable-related-posts":"","theme-transparent-header-meta":"default","adv-header-id-meta":"","stick-header-meta":"","header-above-stick-meta":"","header-main-stick-meta":"","header-below-stick-meta":"","astra-migrate-meta-layouts":"set","ast-page-background-enabled":"default","ast-page-background-meta":{"desktop":{"background-color":"var(--ast-global-color-5)","background-image":"","background-repeat":"repeat","background-position":"center center","background-size":"auto","background-attachment":"scroll","background-type":"","background-media":"","overlay-type":"","overlay-color":"","overlay-opacity":"","overlay-gradient":""},"tablet":{"background-color":"","background-image":"","background-repeat":"repeat","background-position":"center center","background-size":"auto","background-attachment":"scroll","background-type":"","background-media":"","overlay-type":"","overlay-color":"","overlay-opacity":"","overlay-gradient":""},"mobile":{"background-color":"","background-image":"","background-repeat":"repeat","background-position":"center center","background-size":"auto","background-attachment":"scroll","background-type":"","background-media":"","overlay-type":"","overlay-color":"","overlay-opacity":"","overlay-gradient":""}},"ast-content-background-meta":{"desktop":{"background-color":"var(--ast-global-color-4)","background-image":"","background-repeat":"repeat","background-position":"center center","background-size":"auto","background-attachment":"scroll","background-type":"","background-media":"","overlay-type":"","overlay-color":"","overlay-opacity":"","overlay-gradient":""},"tablet":{"background-color":"var(--ast-global-color-4)","background-image":"","background-repeat":"repeat","background-position":"center center","background-size":"auto","background-attachment":"scroll","background-type":"","background-media":"","overlay-type":"","overlay-color":"","overlay-opacity":"","overlay-gradient":""},"mobile":{"background-color":"var(--ast-global-color-4)","background-image":"","background-repeat":"repeat","background-position":"center center","background-size":"auto","background-attachment":"scroll","background-type":"","background-media":"","overlay-type":"","overlay-color":"","overlay-opacity":"","overlay-gradient":""}}},"product_brand":[106],"product_cat":[33,29,37,57,35,40,30,45,34,28,48,59],"product_tag":[],"class_list":{"0":"post-6521","1":"product","2":"type-product","3":"status-publish","4":"has-post-thumbnail","6":"product_brand-makerzoid","7":"product_cat-33","8":"product_cat-29","9":"product_cat-37","10":"product_cat-57","11":"product_cat--10-12-","12":"product_cat--12-","13":"product_cat--6-9-","14":"product_cat-45","15":"product_cat-34","16":"product_cat-28","17":"product_cat-48","18":"product_cat-59","19":"desktop-align-left","20":"tablet-align-left","21":"mobile-align-left","23":"first","24":"instock","25":"taxable","26":"shipping-taxable","27":"purchasable","28":"product-type-simple"},"_links":{"self":[{"href":"https:\/\/stem-eshop.gr\/hu\/wp-json\/wp\/v2\/product\/6521","targetHints":{"allow":["GET"]}}],"collection":[{"href":"https:\/\/stem-eshop.gr\/hu\/wp-json\/wp\/v2\/product"}],"about":[{"href":"https:\/\/stem-eshop.gr\/hu\/wp-json\/wp\/v2\/types\/product"}],"replies":[{"embeddable":true,"href":"https:\/\/stem-eshop.gr\/hu\/wp-json\/wp\/v2\/comments?post=6521"}],"wp:featuredmedia":[{"embeddable":true,"href":"https:\/\/stem-eshop.gr\/hu\/wp-json\/wp\/v2\/media\/10134"}],"wp:attachment":[{"href":"https:\/\/stem-eshop.gr\/hu\/wp-json\/wp\/v2\/media?parent=6521"}],"wp:term":[{"taxonomy":"product_brand","embeddable":true,"href":"https:\/\/stem-eshop.gr\/hu\/wp-json\/wp\/v2\/product_brand?post=6521"},{"taxonomy":"product_cat","embeddable":true,"href":"https:\/\/stem-eshop.gr\/hu\/wp-json\/wp\/v2\/product_cat?post=6521"},{"taxonomy":"product_tag","embeddable":true,"href":"https:\/\/stem-eshop.gr\/hu\/wp-json\/wp\/v2\/product_tag?post=6521"}],"curies":[{"name":"wp","href":"https:\/\/api.w.org\/{rel}","templated":true}]}}