{"id":6518,"date":"2025-05-19T08:11:43","date_gmt":"2025-05-19T08:11:43","guid":{"rendered":"https:\/\/stem-eshop.gr\/product\/ngs-%ce%ba%ce%b9%cf%84-%cf%83%cf%85%ce%bd%ce%b1%cf%81%ce%bc%ce%bf%ce%bb%cf%8c%ce%b3%ce%b7%cf%83%ce%b7%cf%82-bluetooth-%ce%b7%cf%87%ce%b5%ce%af%ce%bf%cf%85\/"},"modified":"2025-05-22T07:41:18","modified_gmt":"2025-05-22T07:41:18","slug":"ngs-%ce%ba%ce%b9%cf%84-%cf%83%cf%85%ce%bd%ce%b1%cf%81%ce%bc%ce%bf%ce%bb%cf%8c%ce%b3%ce%b7%cf%83%ce%b7%cf%82-bluetooth-%ce%b7%cf%87%ce%b5%ce%af%ce%bf%cf%85","status":"publish","type":"product","link":"https:\/\/stem-eshop.gr\/hu\/termek\/ngs-%ce%ba%ce%b9%cf%84-%cf%83%cf%85%ce%bd%ce%b1%cf%81%ce%bc%ce%bf%ce%bb%cf%8c%ce%b3%ce%b7%cf%83%ce%b7%cf%82-bluetooth-%ce%b7%cf%87%ce%b5%ce%af%ce%bf%cf%85\/","title":{"rendered":"NGS Bluetooth hangsz\u00f3r\u00f3 \u00f6sszeszerel\u0151 k\u00e9szlet"},"content":{"rendered":"<p>A k\u00e9szlet tartalmazza az \u00f6sszes sz\u00fcks\u00e9ges alkatr\u00e9szt egy teljesen m\u0171k\u00f6d\u0151k\u00e9pes Bluetooth hangsz\u00f3r\u00f3 meg\u00e9p\u00edt\u00e9s\u00e9hez. A gyerekek k\u00f6vetik az utas\u00edt\u00e1sokat, \u00e9s maguk szerelik \u00f6ssze a hangsz\u00f3r\u00f3t, megtanulva, hogyan csatlakoznak \u00e9s m\u0171k\u00f6dnek a k\u00fcl\u00f6nb\u00f6z\u0151 elektronikus alkatr\u00e9szek.<\/p>\n<p>Az \u00f6sszeszerel\u00e9si folyamat sor\u00e1n a di\u00e1kok megismerkednek a fizika alapelveivel, mint p\u00e9ld\u00e1ul az elektrom\u00e1gneses energia, a hang \u00e9s az elektromos \u00e1ramk\u00f6r\u00f6k. Ez seg\u00edt felkelteni \u00e9rdekl\u0151d\u00e9s\u00fcket a tudom\u00e1ny, a technol\u00f3gia, a m\u00e9rn\u00f6ki tudom\u00e1nyok \u00e9s a matematika ir\u00e1nt.<\/p>\n<p>Az \u00e9p\u00edt\u00e9s befejez\u00e9se ut\u00e1n a gyerekek Bluetooth-on kereszt\u00fcl csatlakoztathatj\u00e1k a hangsz\u00f3r\u00f3t eszk\u00f6z\u00f6kh\u00f6z, \u00e9s zen\u00e9t hallgathatnak, meg\u00e9rtve, hogyan m\u0171k\u00f6dnek a vezet\u00e9k n\u00e9lk\u00fcli technol\u00f3gi\u00e1k.<\/p>","protected":false},"excerpt":{"rendered":"<p>Az NGS Bluetooth hangsz\u00f3r\u00f3 \u00f6sszeszerel\u0151 k\u00e9szlet egy gyerekeknek tervezett oktat\u00f3j\u00e1t\u00e9k, amely a sz\u00f3rakoz\u00e1st \u00f6tv\u00f6zi a tudom\u00e1nnyal \u00e9s a technol\u00f3gi\u00e1val. Ez a j\u00e1t\u00e9k lehet\u0151v\u00e9 teszi a gyerekek sz\u00e1m\u00e1ra, hogy meg\u00e9p\u00edts\u00e9k saj\u00e1t Bluetooth hangsz\u00f3r\u00f3jukat, mik\u00f6zben elsaj\u00e1t\u00edtj\u00e1k a fizika \u00e9s az elektronika alapelveit.<\/p>","protected":false},"featured_media":4457,"comment_status":"open","ping_status":"closed","template":"","meta":{"site-sidebar-layout":"default","site-content-layout":"","ast-site-content-layout":"default","site-content-style":"default","site-sidebar-style":"default","ast-global-header-display":"","ast-banner-title-visibility":"","ast-main-header-display":"","ast-hfb-above-header-display":"","ast-hfb-below-header-display":"","ast-hfb-mobile-header-display":"","site-post-title":"","ast-breadcrumbs-content":"","ast-featured-img":"","footer-sml-layout":"","ast-disable-related-posts":"","theme-transparent-header-meta":"","adv-header-id-meta":"","stick-header-meta":"","header-above-stick-meta":"","header-main-stick-meta":"","header-below-stick-meta":"","astra-migrate-meta-layouts":"default","ast-page-background-enabled":"default","ast-page-background-meta":{"desktop":{"background-color":"var(--ast-global-color-5)","background-image":"","background-repeat":"repeat","background-position":"center center","background-size":"auto","background-attachment":"scroll","background-type":"","background-media":"","overlay-type":"","overlay-color":"","overlay-opacity":"","overlay-gradient":""},"tablet":{"background-color":"","background-image":"","background-repeat":"repeat","background-position":"center center","background-size":"auto","background-attachment":"scroll","background-type":"","background-media":"","overlay-type":"","overlay-color":"","overlay-opacity":"","overlay-gradient":""},"mobile":{"background-color":"","background-image":"","background-repeat":"repeat","background-position":"center center","background-size":"auto","background-attachment":"scroll","background-type":"","background-media":"","overlay-type":"","overlay-color":"","overlay-opacity":"","overlay-gradient":""}},"ast-content-background-meta":{"desktop":{"background-color":"var(--ast-global-color-4)","background-image":"","background-repeat":"repeat","background-position":"center center","background-size":"auto","background-attachment":"scroll","background-type":"","background-media":"","overlay-type":"","overlay-color":"","overlay-opacity":"","overlay-gradient":""},"tablet":{"background-color":"var(--ast-global-color-4)","background-image":"","background-repeat":"repeat","background-position":"center center","background-size":"auto","background-attachment":"scroll","background-type":"","background-media":"","overlay-type":"","overlay-color":"","overlay-opacity":"","overlay-gradient":""},"mobile":{"background-color":"var(--ast-global-color-4)","background-image":"","background-repeat":"repeat","background-position":"center center","background-size":"auto","background-attachment":"scroll","background-type":"","background-media":"","overlay-type":"","overlay-color":"","overlay-opacity":"","overlay-gradient":""}}},"product_brand":[107],"product_cat":[39,52,29,56,57,35,40,59,58],"product_tag":[],"class_list":{"0":"post-6518","1":"product","2":"type-product","3":"status-publish","4":"has-post-thumbnail","6":"product_brand-ngs","7":"product_cat-39","8":"product_cat-52","9":"product_cat-29","10":"product_cat-56","11":"product_cat-57","12":"product_cat--10-12-","13":"product_cat--12-","14":"product_cat-59","15":"product_cat-58","16":"desktop-align-left","17":"tablet-align-left","18":"mobile-align-left","20":"first","21":"instock","22":"taxable","23":"shipping-taxable","24":"purchasable","25":"product-type-simple"},"_links":{"self":[{"href":"https:\/\/stem-eshop.gr\/hu\/wp-json\/wp\/v2\/product\/6518","targetHints":{"allow":["GET"]}}],"collection":[{"href":"https:\/\/stem-eshop.gr\/hu\/wp-json\/wp\/v2\/product"}],"about":[{"href":"https:\/\/stem-eshop.gr\/hu\/wp-json\/wp\/v2\/types\/product"}],"replies":[{"embeddable":true,"href":"https:\/\/stem-eshop.gr\/hu\/wp-json\/wp\/v2\/comments?post=6518"}],"wp:featuredmedia":[{"embeddable":true,"href":"https:\/\/stem-eshop.gr\/hu\/wp-json\/wp\/v2\/media\/4457"}],"wp:attachment":[{"href":"https:\/\/stem-eshop.gr\/hu\/wp-json\/wp\/v2\/media?parent=6518"}],"wp:term":[{"taxonomy":"product_brand","embeddable":true,"href":"https:\/\/stem-eshop.gr\/hu\/wp-json\/wp\/v2\/product_brand?post=6518"},{"taxonomy":"product_cat","embeddable":true,"href":"https:\/\/stem-eshop.gr\/hu\/wp-json\/wp\/v2\/product_cat?post=6518"},{"taxonomy":"product_tag","embeddable":true,"href":"https:\/\/stem-eshop.gr\/hu\/wp-json\/wp\/v2\/product_tag?post=6518"}],"curies":[{"name":"wp","href":"https:\/\/api.w.org\/{rel}","templated":true}]}}