{"id":6513,"date":"2025-05-19T08:11:28","date_gmt":"2025-05-19T08:11:28","guid":{"rendered":"https:\/\/stem-eshop.gr\/product\/brainbox-%ce%b4%ce%b9%ce%ac%cf%83%cf%84%ce%b7%ce%bc%ce%b1-%ce%b5%cf%80%ce%b9%cf%84%cf%81%ce%b1%cf%80%ce%ad%ce%b6%ce%b9%ce%bf-%cf%80%ce%b1%ce%b9%cf%87%ce%bd%ce%af%ce%b4%ce%b9\/"},"modified":"2025-05-22T21:13:24","modified_gmt":"2025-05-22T18:13:24","slug":"brainbox-%ce%b4%ce%b9%ce%ac%cf%83%cf%84%ce%b7%ce%bc%ce%b1-%ce%b5%cf%80%ce%b9%cf%84%cf%81%ce%b1%cf%80%ce%ad%ce%b6%ce%b9%ce%bf-%cf%80%ce%b1%ce%b9%cf%87%ce%bd%ce%af%ce%b4%ce%b9","status":"publish","type":"product","link":"https:\/\/stem-eshop.gr\/hu\/termek\/brainbox-%ce%b4%ce%b9%ce%ac%cf%83%cf%84%ce%b7%ce%bc%ce%b1-%ce%b5%cf%80%ce%b9%cf%84%cf%81%ce%b1%cf%80%ce%ad%ce%b6%ce%b9%ce%bf-%cf%80%ce%b1%ce%b9%cf%87%ce%bd%ce%af%ce%b4%ce%b9\/","title":{"rendered":"BrainBox: \u0170r t\u00e1rsasj\u00e1t\u00e9k"},"content":{"rendered":"<p style=\"margin:0px 0px 10px;padding:0px;font-family:'Open Sans', sans-serif;font-size:15px;line-height:1.3;letter-spacing:0.7px;background-color:#ffffff\"><span style=\"line-height:inherit\">A j\u00e1t\u00e9k c\u00e9lja:\u00a0<\/span>Gy\u0171jtsd \u00f6ssze a legt\u00f6bb k\u00e1rty\u00e1t\u00a0<span style=\"line-height:inherit\">10 perc<\/span>.<\/p>\n<p style=\"margin:0px 0px 10px;padding:0px;font-family:'Open Sans', sans-serif;font-size:15px;line-height:1.3;letter-spacing:0.7px;background-color:#ffffff\">Tartalmazz\u00e1k:<\/p>\n<p style=\"margin:0px 0px 10px;padding:0px;font-family:'Open Sans', sans-serif;font-size:15px;line-height:1.3;letter-spacing:0.7px;background-color:#ffffff\">55 k\u00e1rtya<\/p>\n<p style=\"margin:0px 0px 10px;padding:0px;font-family:'Open Sans', sans-serif;font-size:15px;line-height:1.3;letter-spacing:0.7px;background-color:#ffffff\">1 k\u00e1rtya szab\u00e1lyokkal<\/p>\n<p style=\"margin:0px 0px 10px;padding:0px;font-family:'Open Sans', sans-serif;font-size:15px;line-height:1.3;letter-spacing:0.7px;background-color:#ffffff\">1 homok\u00f3ra<\/p>\n<p style=\"margin:0px 0px 10px;padding:0px;font-family:'Open Sans', sans-serif;font-size:15px;line-height:1.3;letter-spacing:0.7px;background-color:#ffffff\">1 dob\u00f3kocka<\/p>","protected":false},"excerpt":{"rendered":"<p><span style=\"font-family:'Open Sans', sans-serif;font-size:15px;letter-spacing:0.7px;background-color:#ffffff\">Ind\u00edtsd el a visszasz\u00e1ml\u00e1l\u00e1st, csatold be a biztons\u00e1gi \u00f6vedet, \u00e9s v\u00e1gj neki egy kozmikus kalandnak, ami izgalomba hoz! V\u00e1lassz egy k\u00e1rty\u00e1t a k\u00f6vetkez\u0151b\u0151l:\u00a0<\/span><span style=\"line-height:inherit;font-family:'Open Sans', sans-serif;font-size:15px;letter-spacing:0.7px;background-color:#ffffff\">BrainBox<\/span><span style=\"font-family:'Open Sans', sans-serif;font-size:15px;letter-spacing:0.7px;background-color:#ffffff\">Ford\u00edtsd meg a homok\u00f3r\u00e1t, \u00e9s pr\u00f3b\u00e1ld megjegyezni a k\u00e1rty\u00e1t.\u00a0<\/span><span style=\"line-height:inherit;font-family:'Open Sans', sans-serif;font-size:15px;letter-spacing:0.7px;background-color:#ffffff\">10 m\u00e1sodperc!\u00a0<\/span><span style=\"font-family:'Open Sans', sans-serif;font-size:15px;letter-spacing:0.7px;background-color:#ffffff\">Most dobj a kock\u00e1val, \u00e9s v\u00e1laszolj a hozz\u00e1 tartoz\u00f3 k\u00e9rd\u00e9sre. Ha helyesen v\u00e1laszolsz, megtarthatod a k\u00e1rty\u00e1t, ha helytelen\u00fcl, tedd vissza a k\u00e1rty\u00e1t a BrainBox-ba.<\/span><\/p>","protected":false},"featured_media":4436,"comment_status":"open","ping_status":"closed","template":"","meta":{"site-sidebar-layout":"default","site-content-layout":"","ast-site-content-layout":"default","site-content-style":"default","site-sidebar-style":"default","ast-global-header-display":"","ast-banner-title-visibility":"","ast-main-header-display":"","ast-hfb-above-header-display":"","ast-hfb-below-header-display":"","ast-hfb-mobile-header-display":"","site-post-title":"","ast-breadcrumbs-content":"","ast-featured-img":"","footer-sml-layout":"","ast-disable-related-posts":"","theme-transparent-header-meta":"","adv-header-id-meta":"","stick-header-meta":"","header-above-stick-meta":"","header-main-stick-meta":"","header-below-stick-meta":"","astra-migrate-meta-layouts":"default","ast-page-background-enabled":"default","ast-page-background-meta":{"desktop":{"background-color":"var(--ast-global-color-5)","background-image":"","background-repeat":"repeat","background-position":"center center","background-size":"auto","background-attachment":"scroll","background-type":"","background-media":"","overlay-type":"","overlay-color":"","overlay-opacity":"","overlay-gradient":""},"tablet":{"background-color":"","background-image":"","background-repeat":"repeat","background-position":"center center","background-size":"auto","background-attachment":"scroll","background-type":"","background-media":"","overlay-type":"","overlay-color":"","overlay-opacity":"","overlay-gradient":""},"mobile":{"background-color":"","background-image":"","background-repeat":"repeat","background-position":"center center","background-size":"auto","background-attachment":"scroll","background-type":"","background-media":"","overlay-type":"","overlay-color":"","overlay-opacity":"","overlay-gradient":""}},"ast-content-background-meta":{"desktop":{"background-color":"var(--ast-global-color-4)","background-image":"","background-repeat":"repeat","background-position":"center center","background-size":"auto","background-attachment":"scroll","background-type":"","background-media":"","overlay-type":"","overlay-color":"","overlay-opacity":"","overlay-gradient":""},"tablet":{"background-color":"var(--ast-global-color-4)","background-image":"","background-repeat":"repeat","background-position":"center center","background-size":"auto","background-attachment":"scroll","background-type":"","background-media":"","overlay-type":"","overlay-color":"","overlay-opacity":"","overlay-gradient":""},"mobile":{"background-color":"var(--ast-global-color-4)","background-image":"","background-repeat":"repeat","background-position":"center center","background-size":"auto","background-attachment":"scroll","background-type":"","background-media":"","overlay-type":"","overlay-color":"","overlay-opacity":"","overlay-gradient":""}}},"product_brand":[101],"product_cat":[126,49,38,56,47,35,40,30,58],"product_tag":[],"class_list":{"0":"post-6513","1":"product","2":"type-product","3":"status-publish","4":"has-post-thumbnail","6":"product_brand-brainbox","7":"product_cat-126","8":"product_cat-49","9":"product_cat-38","10":"product_cat-56","11":"product_cat-47","12":"product_cat--10-12-","13":"product_cat--12-","14":"product_cat--6-9-","15":"product_cat-58","16":"desktop-align-left","17":"tablet-align-left","18":"mobile-align-left","20":"first","21":"instock","22":"taxable","23":"shipping-taxable","24":"purchasable","25":"product-type-simple"},"_links":{"self":[{"href":"https:\/\/stem-eshop.gr\/hu\/wp-json\/wp\/v2\/product\/6513","targetHints":{"allow":["GET"]}}],"collection":[{"href":"https:\/\/stem-eshop.gr\/hu\/wp-json\/wp\/v2\/product"}],"about":[{"href":"https:\/\/stem-eshop.gr\/hu\/wp-json\/wp\/v2\/types\/product"}],"replies":[{"embeddable":true,"href":"https:\/\/stem-eshop.gr\/hu\/wp-json\/wp\/v2\/comments?post=6513"}],"wp:featuredmedia":[{"embeddable":true,"href":"https:\/\/stem-eshop.gr\/hu\/wp-json\/wp\/v2\/media\/4436"}],"wp:attachment":[{"href":"https:\/\/stem-eshop.gr\/hu\/wp-json\/wp\/v2\/media?parent=6513"}],"wp:term":[{"taxonomy":"product_brand","embeddable":true,"href":"https:\/\/stem-eshop.gr\/hu\/wp-json\/wp\/v2\/product_brand?post=6513"},{"taxonomy":"product_cat","embeddable":true,"href":"https:\/\/stem-eshop.gr\/hu\/wp-json\/wp\/v2\/product_cat?post=6513"},{"taxonomy":"product_tag","embeddable":true,"href":"https:\/\/stem-eshop.gr\/hu\/wp-json\/wp\/v2\/product_tag?post=6513"}],"curies":[{"name":"wp","href":"https:\/\/api.w.org\/{rel}","templated":true}]}}