{"id":6496,"date":"2025-05-19T08:11:02","date_gmt":"2025-05-19T08:11:02","guid":{"rendered":"https:\/\/stem-eshop.gr\/product\/lego-technic-distance-sensor\/"},"modified":"2025-10-23T11:21:36","modified_gmt":"2025-10-23T08:21:36","slug":"lego-technic-distance-sensor","status":"publish","type":"product","link":"https:\/\/stem-eshop.gr\/hu\/termek\/lego-technic-distance-sensor\/","title":{"rendered":"LEGO\u00ae Technic\u2122 T\u00e1vols\u00e1g\u00e9rz\u00e9kel\u0151"},"content":{"rendered":"<p class=\"MsoNormal\" style=\"text-align: justify\">Jellemz\u0151k:<\/p>\n<p class=\"MsoNormal\" style=\"text-align: justify\">T\u00e1vols\u00e1g\u00e9rz\u00e9kel\u00e9s: 1 \u00e9s 200 centim\u00e9ter k\u00f6z\u00f6tti t\u00e1vols\u00e1gokat m\u00e9r pontosan.<\/p>\n<p class=\"MsoNormal\" style=\"text-align: justify\">F\u00e9nyjelz\u00e9s: Be\u00e9p\u00edtett, t\u00f6bbsz\u00edn\u0171 LED-ekkel rendelkezik, amelyek k\u00fcl\u00f6nf\u00e9le jelz\u00e9sekre \u00e9s visszajelz\u00e9sekre programozhat\u00f3k.<\/p>\n<p class=\"MsoNormal\" style=\"text-align: justify\">Nagy \u00e9rz\u00e9kenys\u00e9g: K\u00fcl\u00f6nb\u00f6z\u0151 t\u00e1vols\u00e1gokban l\u00e9v\u0151 t\u00e1rgyakat \u00e9rz\u00e9kel, \u00e9s akad\u00e1lyok elker\u00fcl\u00e9s\u00e9re, t\u00e1vols\u00e1gm\u00e9r\u00e9sre \u00e9s mozg\u00e1s\u00e9rz\u00e9kel\u00e9sre haszn\u00e1lhat\u00f3.<\/p>\n<p class=\"MsoNormal\" style=\"text-align: justify\">Kompatibilit\u00e1s: Z\u00f6kken\u0151mentesen m\u0171k\u00f6dik a LEGO\u00ae Technic\u2122 Nagy K\u00f6zponttal \u00e9s m\u00e1s SPIKE\u2122 Prime rendszerekkel, \u00edgy k\u00f6nnyen integr\u00e1lhat\u00f3 az \u00e9p\u00edtm\u00e9nyekbe.<\/p>\n<p class=\"MsoNormal\" style=\"text-align: justify\">Programoz\u00e1s: T\u00e1mogatja a programoz\u00e1st a LEGO\u00ae Education SPIKE\u2122 Prime k\u00f6rnyezetben, amely Scratch \u00e9s Python alap\u00fa.<\/p>\n<p class=\"MsoNormal\" style=\"text-align: justify\">","protected":false},"excerpt":{"rendered":"<p class=\"MsoNormal\" style=\"text-align: justify\">A LEGO\u00ae Technic\u2122 t\u00e1vols\u00e1g\u00e9rz\u00e9kel\u0151 egy olyan t\u00e1vols\u00e1g\u00e9rz\u00e9kel\u0151, amelyet a LEGO\u00ae Education SPIKE\u2122 Prime \u00e9s m\u00e1s LEGO\u00ae Technic k\u00e9szletekhez terveztek. Ez az \u00e9rz\u00e9kel\u0151 lehet\u0151v\u00e9 teszi a t\u00e1vols\u00e1g\u00e9rz\u00e9kel\u00e9st \u00e9s a k\u00f6rnyezettel val\u00f3 interakci\u00f3t, intelligenci\u00e1t adva az \u00e9p\u00edt\u00e9si \u00e9s robotikai projektekhez.<\/p>","protected":false},"featured_media":4320,"comment_status":"open","ping_status":"closed","template":"","meta":{"site-sidebar-layout":"default","site-content-layout":"","ast-site-content-layout":"default","site-content-style":"default","site-sidebar-style":"default","ast-global-header-display":"","ast-banner-title-visibility":"","ast-main-header-display":"","ast-hfb-above-header-display":"","ast-hfb-below-header-display":"","ast-hfb-mobile-header-display":"","site-post-title":"","ast-breadcrumbs-content":"","ast-featured-img":"","footer-sml-layout":"","ast-disable-related-posts":"","theme-transparent-header-meta":"default","adv-header-id-meta":"","stick-header-meta":"","header-above-stick-meta":"","header-main-stick-meta":"","header-below-stick-meta":"","astra-migrate-meta-layouts":"set","ast-page-background-enabled":"default","ast-page-background-meta":{"desktop":{"background-color":"var(--ast-global-color-5)","background-image":"","background-repeat":"repeat","background-position":"center center","background-size":"auto","background-attachment":"scroll","background-type":"","background-media":"","overlay-type":"","overlay-color":"","overlay-opacity":"","overlay-gradient":""},"tablet":{"background-color":"","background-image":"","background-repeat":"repeat","background-position":"center center","background-size":"auto","background-attachment":"scroll","background-type":"","background-media":"","overlay-type":"","overlay-color":"","overlay-opacity":"","overlay-gradient":""},"mobile":{"background-color":"","background-image":"","background-repeat":"repeat","background-position":"center center","background-size":"auto","background-attachment":"scroll","background-type":"","background-media":"","overlay-type":"","overlay-color":"","overlay-opacity":"","overlay-gradient":""}},"ast-content-background-meta":{"desktop":{"background-color":"var(--ast-global-color-4)","background-image":"","background-repeat":"repeat","background-position":"center center","background-size":"auto","background-attachment":"scroll","background-type":"","background-media":"","overlay-type":"","overlay-color":"","overlay-opacity":"","overlay-gradient":""},"tablet":{"background-color":"var(--ast-global-color-4)","background-image":"","background-repeat":"repeat","background-position":"center center","background-size":"auto","background-attachment":"scroll","background-type":"","background-media":"","overlay-type":"","overlay-color":"","overlay-opacity":"","overlay-gradient":""},"mobile":{"background-color":"var(--ast-global-color-4)","background-image":"","background-repeat":"repeat","background-position":"center center","background-size":"auto","background-attachment":"scroll","background-type":"","background-media":"","overlay-type":"","overlay-color":"","overlay-opacity":"","overlay-gradient":""}}},"product_brand":[105],"product_cat":[52,29,56,57,35,40,34,28,59,58],"product_tag":[],"class_list":{"0":"post-6496","1":"product","2":"type-product","3":"status-publish","4":"has-post-thumbnail","6":"product_brand-lego","7":"product_cat-52","8":"product_cat-29","9":"product_cat-56","10":"product_cat-57","11":"product_cat--10-12-","12":"product_cat--12-","13":"product_cat-34","14":"product_cat-28","15":"product_cat-59","16":"product_cat-58","17":"desktop-align-left","18":"tablet-align-left","19":"mobile-align-left","21":"first","22":"instock","23":"taxable","24":"shipping-taxable","25":"purchasable","26":"product-type-simple"},"_links":{"self":[{"href":"https:\/\/stem-eshop.gr\/hu\/wp-json\/wp\/v2\/product\/6496","targetHints":{"allow":["GET"]}}],"collection":[{"href":"https:\/\/stem-eshop.gr\/hu\/wp-json\/wp\/v2\/product"}],"about":[{"href":"https:\/\/stem-eshop.gr\/hu\/wp-json\/wp\/v2\/types\/product"}],"replies":[{"embeddable":true,"href":"https:\/\/stem-eshop.gr\/hu\/wp-json\/wp\/v2\/comments?post=6496"}],"wp:featuredmedia":[{"embeddable":true,"href":"https:\/\/stem-eshop.gr\/hu\/wp-json\/wp\/v2\/media\/4320"}],"wp:attachment":[{"href":"https:\/\/stem-eshop.gr\/hu\/wp-json\/wp\/v2\/media?parent=6496"}],"wp:term":[{"taxonomy":"product_brand","embeddable":true,"href":"https:\/\/stem-eshop.gr\/hu\/wp-json\/wp\/v2\/product_brand?post=6496"},{"taxonomy":"product_cat","embeddable":true,"href":"https:\/\/stem-eshop.gr\/hu\/wp-json\/wp\/v2\/product_cat?post=6496"},{"taxonomy":"product_tag","embeddable":true,"href":"https:\/\/stem-eshop.gr\/hu\/wp-json\/wp\/v2\/product_tag?post=6496"}],"curies":[{"name":"wp","href":"https:\/\/api.w.org\/{rel}","templated":true}]}}