{"id":6434,"date":"2025-05-19T07:51:49","date_gmt":"2025-05-19T07:51:49","guid":{"rendered":"https:\/\/stem-eshop.gr\/product\/ngs-%ce%ba%ce%b9%cf%84-%cf%83%cf%85%ce%bd%ce%b1%cf%81%ce%bc%ce%bf%ce%bb%cf%8c%ce%b3%ce%b7%cf%83%ce%b7%cf%82-%ce%b7%ce%bb%ce%b5%ce%ba%cf%84%cf%81%ce%bf%ce%bc%ce%b1%ce%b3%ce%bd%ce%b7%cf%84%ce%b9%ce%ba\/"},"modified":"2025-11-13T10:23:47","modified_gmt":"2025-11-13T07:23:47","slug":"ngs-%ce%ba%ce%b9%cf%84-%cf%83%cf%85%ce%bd%ce%b1%cf%81%ce%bc%ce%bf%ce%bb%cf%8c%ce%b3%ce%b7%cf%83%ce%b7%cf%82-%ce%b7%ce%bb%ce%b5%ce%ba%cf%84%cf%81%ce%bf%ce%bc%ce%b1%ce%b3%ce%bd%ce%b7%cf%84%ce%b9%ce%ba","status":"publish","type":"product","link":"https:\/\/stem-eshop.gr\/hu\/termek\/ngs-%ce%ba%ce%b9%cf%84-%cf%83%cf%85%ce%bd%ce%b1%cf%81%ce%bc%ce%bf%ce%bb%cf%8c%ce%b3%ce%b7%cf%83%ce%b7%cf%82-%ce%b7%ce%bb%ce%b5%ce%ba%cf%84%cf%81%ce%bf%ce%bc%ce%b1%ce%b3%ce%bd%ce%b7%cf%84%ce%b9%ce%ba\/","title":{"rendered":"NGS elektrom\u00e1gneses ventil\u00e1tor szerel\u0151k\u00e9szlet"},"content":{"rendered":"<p>A tanul\u00e1st a j\u00e1t\u00e9kkal \u00f6tv\u00f6zi, \u00edgy a di\u00e1koknak \u00f6r\u00f6met okoz saj\u00e1t kez\u00fckben egy m\u0171k\u00f6d\u0151 ventil\u00e1tor meg\u00e9p\u00edt\u00e9se.<\/p>\n<p>A di\u00e1kokat arra \u00f6szt\u00f6nzik, hogy \u00e9rts\u00e9k meg a ventil\u00e1tor m\u0171k\u00f6d\u00e9s\u00e9t, \u00e9s k\u00eds\u00e9rletezzenek az alkatr\u00e9szek elrendez\u00e9s\u00e9vel, hogy l\u00e1ss\u00e1k, hogyan befoly\u00e1solja a m\u0171k\u00f6d\u00e9s\u00e9t.<\/p>","protected":false},"excerpt":{"rendered":"<p>Az elektrom\u00e1gneses ventil\u00e1tor-szerel\u0151 k\u00e9szlet egy oktat\u00f3k\u00e9szlet, amely lehet\u0151v\u00e9 teszi a gyerekek \u00e9s a di\u00e1kok sz\u00e1m\u00e1ra, hogy elektrom\u00e1gnesess\u00e9g erej\u00e9vel m\u0171k\u00f6d\u0151 ventil\u00e1tort \u00e9p\u00edtsenek.<\/p>\n<p>A k\u00e9szlet \u00f6sszeszerel\u00e9s\u00e9vel a di\u00e1kok megismerkednek az elektromoss\u00e1g, a m\u00e1gnesess\u00e9g \u00e9s az elektromos \u00e1ramk\u00f6r\u00f6k m\u0171k\u00f6d\u00e9s\u00e9nek alapelveivel.<\/p>","protected":false},"featured_media":7627,"comment_status":"open","ping_status":"closed","template":"","meta":{"site-sidebar-layout":"default","site-content-layout":"","ast-site-content-layout":"default","site-content-style":"default","site-sidebar-style":"default","ast-global-header-display":"","ast-banner-title-visibility":"","ast-main-header-display":"","ast-hfb-above-header-display":"","ast-hfb-below-header-display":"","ast-hfb-mobile-header-display":"","site-post-title":"","ast-breadcrumbs-content":"","ast-featured-img":"","footer-sml-layout":"","ast-disable-related-posts":"","theme-transparent-header-meta":"","adv-header-id-meta":"","stick-header-meta":"","header-above-stick-meta":"","header-main-stick-meta":"","header-below-stick-meta":"","astra-migrate-meta-layouts":"default","ast-page-background-enabled":"default","ast-page-background-meta":{"desktop":{"background-color":"var(--ast-global-color-5)","background-image":"","background-repeat":"repeat","background-position":"center center","background-size":"auto","background-attachment":"scroll","background-type":"","background-media":"","overlay-type":"","overlay-color":"","overlay-opacity":"","overlay-gradient":""},"tablet":{"background-color":"","background-image":"","background-repeat":"repeat","background-position":"center center","background-size":"auto","background-attachment":"scroll","background-type":"","background-media":"","overlay-type":"","overlay-color":"","overlay-opacity":"","overlay-gradient":""},"mobile":{"background-color":"","background-image":"","background-repeat":"repeat","background-position":"center center","background-size":"auto","background-attachment":"scroll","background-type":"","background-media":"","overlay-type":"","overlay-color":"","overlay-opacity":"","overlay-gradient":""}},"ast-content-background-meta":{"desktop":{"background-color":"var(--ast-global-color-4)","background-image":"","background-repeat":"repeat","background-position":"center center","background-size":"auto","background-attachment":"scroll","background-type":"","background-media":"","overlay-type":"","overlay-color":"","overlay-opacity":"","overlay-gradient":""},"tablet":{"background-color":"var(--ast-global-color-4)","background-image":"","background-repeat":"repeat","background-position":"center center","background-size":"auto","background-attachment":"scroll","background-type":"","background-media":"","overlay-type":"","overlay-color":"","overlay-opacity":"","overlay-gradient":""},"mobile":{"background-color":"var(--ast-global-color-4)","background-image":"","background-repeat":"repeat","background-position":"center center","background-size":"auto","background-attachment":"scroll","background-type":"","background-media":"","overlay-type":"","overlay-color":"","overlay-opacity":"","overlay-gradient":""}}},"product_brand":[107],"product_cat":[39,52,29,56,32,57,35,40,30,59,58],"product_tag":[],"class_list":{"0":"post-6434","1":"product","2":"type-product","3":"status-publish","4":"has-post-thumbnail","6":"product_brand-ngs","7":"product_cat-39","8":"product_cat-52","9":"product_cat-29","10":"product_cat-56","11":"product_cat-32","12":"product_cat-57","13":"product_cat--10-12-","14":"product_cat--12-","15":"product_cat--6-9-","16":"product_cat-59","17":"product_cat-58","18":"desktop-align-left","19":"tablet-align-left","20":"mobile-align-left","22":"first","23":"instock","24":"taxable","25":"shipping-taxable","26":"purchasable","27":"product-type-simple"},"_links":{"self":[{"href":"https:\/\/stem-eshop.gr\/hu\/wp-json\/wp\/v2\/product\/6434","targetHints":{"allow":["GET"]}}],"collection":[{"href":"https:\/\/stem-eshop.gr\/hu\/wp-json\/wp\/v2\/product"}],"about":[{"href":"https:\/\/stem-eshop.gr\/hu\/wp-json\/wp\/v2\/types\/product"}],"replies":[{"embeddable":true,"href":"https:\/\/stem-eshop.gr\/hu\/wp-json\/wp\/v2\/comments?post=6434"}],"wp:featuredmedia":[{"embeddable":true,"href":"https:\/\/stem-eshop.gr\/hu\/wp-json\/wp\/v2\/media\/7627"}],"wp:attachment":[{"href":"https:\/\/stem-eshop.gr\/hu\/wp-json\/wp\/v2\/media?parent=6434"}],"wp:term":[{"taxonomy":"product_brand","embeddable":true,"href":"https:\/\/stem-eshop.gr\/hu\/wp-json\/wp\/v2\/product_brand?post=6434"},{"taxonomy":"product_cat","embeddable":true,"href":"https:\/\/stem-eshop.gr\/hu\/wp-json\/wp\/v2\/product_cat?post=6434"},{"taxonomy":"product_tag","embeddable":true,"href":"https:\/\/stem-eshop.gr\/hu\/wp-json\/wp\/v2\/product_tag?post=6434"}],"curies":[{"name":"wp","href":"https:\/\/api.w.org\/{rel}","templated":true}]}}