{"id":6412,"date":"2025-05-19T07:33:15","date_gmt":"2025-05-19T07:33:15","guid":{"rendered":"https:\/\/stem-eshop.gr\/product\/ngs-kit-%cf%80%ce%b5%ce%b9%cf%81%ce%b1%ce%bc%ce%b1%cf%84%ce%b9%ce%ba%ce%ae%cf%82-%cf%80%cf%85%ce%be%ce%af%ce%b4%ce%b1%cf%82\/"},"modified":"2025-11-06T11:25:35","modified_gmt":"2025-11-06T08:25:35","slug":"ngs-kit-%cf%80%ce%b5%ce%b9%cf%81%ce%b1%ce%bc%ce%b1%cf%84%ce%b9%ce%ba%ce%ae%cf%82-%cf%80%cf%85%ce%be%ce%af%ce%b4%ce%b1%cf%82","status":"publish","type":"product","link":"https:\/\/stem-eshop.gr\/hu\/termek\/ngs-kit-%cf%80%ce%b5%ce%b9%cf%81%ce%b1%ce%bc%ce%b1%cf%84%ce%b9%ce%ba%ce%ae%cf%82-%cf%80%cf%85%ce%be%ce%af%ce%b4%ce%b1%cf%82\/","title":{"rendered":"NGS KIT k\u00eds\u00e9rleti ir\u00e1nyt\u0171"},"content":{"rendered":"<p>Ismerd meg a fizik\u00e1t, hogyan tasz\u00edtj\u00e1k a p\u00f3lusok, hogyan vonzz\u00e1k egym\u00e1st az ellent\u00e9tesek, \u00e9s amikor az azonos polarit\u00e1s\u00fa (N \u00e9s N vagy S \u00e9s S) m\u00e1gnesek k\u00f6zel ker\u00fclnek egym\u00e1shoz, tasz\u00edtj\u00e1k egym\u00e1st.<\/p>\n<\/p>\n<p>A m\u00e1gnesek vonzz\u00e1k egym\u00e1st, amikor ellent\u00e9tesen polariz\u00e1ltak (N \u00e9s S vagy S \u00e9s N).<\/p><\/p>","protected":false},"excerpt":{"rendered":"<p>Ismerd meg a fizik\u00e1t, hogyan tasz\u00edtj\u00e1k az azonos p\u00f3lusok, hogyan vonzz\u00e1k az ellent\u00e9tesek egym\u00e1st, \u00e9s amikor az azonos polarit\u00e1s\u00fa m\u00e1gnesek (N \u00e9s N vagy S \u00e9s S) k\u00f6zel ker\u00fclnek egym\u00e1shoz, tasz\u00edtj\u00e1k egym\u00e1st. A m\u00e1gnesek vonzz\u00e1k egym\u00e1st, amikor ellent\u00e9tesen polariz\u00e1ltak (N \u00e9s S vagy S \u00e9s N).<\/p>","protected":false},"featured_media":7615,"comment_status":"open","ping_status":"closed","template":"","meta":{"site-sidebar-layout":"default","site-content-layout":"","ast-site-content-layout":"default","site-content-style":"default","site-sidebar-style":"default","ast-global-header-display":"","ast-banner-title-visibility":"","ast-main-header-display":"","ast-hfb-above-header-display":"","ast-hfb-below-header-display":"","ast-hfb-mobile-header-display":"","site-post-title":"","ast-breadcrumbs-content":"","ast-featured-img":"","footer-sml-layout":"","ast-disable-related-posts":"","theme-transparent-header-meta":"","adv-header-id-meta":"","stick-header-meta":"","header-above-stick-meta":"","header-main-stick-meta":"","header-below-stick-meta":"","astra-migrate-meta-layouts":"default","ast-page-background-enabled":"default","ast-page-background-meta":{"desktop":{"background-color":"var(--ast-global-color-5)","background-image":"","background-repeat":"repeat","background-position":"center center","background-size":"auto","background-attachment":"scroll","background-type":"","background-media":"","overlay-type":"","overlay-color":"","overlay-opacity":"","overlay-gradient":""},"tablet":{"background-color":"","background-image":"","background-repeat":"repeat","background-position":"center center","background-size":"auto","background-attachment":"scroll","background-type":"","background-media":"","overlay-type":"","overlay-color":"","overlay-opacity":"","overlay-gradient":""},"mobile":{"background-color":"","background-image":"","background-repeat":"repeat","background-position":"center center","background-size":"auto","background-attachment":"scroll","background-type":"","background-media":"","overlay-type":"","overlay-color":"","overlay-opacity":"","overlay-gradient":""}},"ast-content-background-meta":{"desktop":{"background-color":"var(--ast-global-color-4)","background-image":"","background-repeat":"repeat","background-position":"center center","background-size":"auto","background-attachment":"scroll","background-type":"","background-media":"","overlay-type":"","overlay-color":"","overlay-opacity":"","overlay-gradient":""},"tablet":{"background-color":"var(--ast-global-color-4)","background-image":"","background-repeat":"repeat","background-position":"center center","background-size":"auto","background-attachment":"scroll","background-type":"","background-media":"","overlay-type":"","overlay-color":"","overlay-opacity":"","overlay-gradient":""},"mobile":{"background-color":"var(--ast-global-color-4)","background-image":"","background-repeat":"repeat","background-position":"center center","background-size":"auto","background-attachment":"scroll","background-type":"","background-media":"","overlay-type":"","overlay-color":"","overlay-opacity":"","overlay-gradient":""}}},"product_brand":[107],"product_cat":[39,52,38,29,56,35,30,59,58],"product_tag":[],"class_list":{"0":"post-6412","1":"product","2":"type-product","3":"status-publish","4":"has-post-thumbnail","6":"product_brand-ngs","7":"product_cat-39","8":"product_cat-52","9":"product_cat-38","10":"product_cat-29","11":"product_cat-56","12":"product_cat--10-12-","13":"product_cat--6-9-","14":"product_cat-59","15":"product_cat-58","16":"desktop-align-left","17":"tablet-align-left","18":"mobile-align-left","20":"first","21":"instock","22":"taxable","23":"shipping-taxable","24":"purchasable","25":"product-type-simple"},"_links":{"self":[{"href":"https:\/\/stem-eshop.gr\/hu\/wp-json\/wp\/v2\/product\/6412","targetHints":{"allow":["GET"]}}],"collection":[{"href":"https:\/\/stem-eshop.gr\/hu\/wp-json\/wp\/v2\/product"}],"about":[{"href":"https:\/\/stem-eshop.gr\/hu\/wp-json\/wp\/v2\/types\/product"}],"replies":[{"embeddable":true,"href":"https:\/\/stem-eshop.gr\/hu\/wp-json\/wp\/v2\/comments?post=6412"}],"wp:featuredmedia":[{"embeddable":true,"href":"https:\/\/stem-eshop.gr\/hu\/wp-json\/wp\/v2\/media\/7615"}],"wp:attachment":[{"href":"https:\/\/stem-eshop.gr\/hu\/wp-json\/wp\/v2\/media?parent=6412"}],"wp:term":[{"taxonomy":"product_brand","embeddable":true,"href":"https:\/\/stem-eshop.gr\/hu\/wp-json\/wp\/v2\/product_brand?post=6412"},{"taxonomy":"product_cat","embeddable":true,"href":"https:\/\/stem-eshop.gr\/hu\/wp-json\/wp\/v2\/product_cat?post=6412"},{"taxonomy":"product_tag","embeddable":true,"href":"https:\/\/stem-eshop.gr\/hu\/wp-json\/wp\/v2\/product_tag?post=6412"}],"curies":[{"name":"wp","href":"https:\/\/api.w.org\/{rel}","templated":true}]}}