{"id":6406,"date":"2025-05-19T07:32:52","date_gmt":"2025-05-19T07:32:52","guid":{"rendered":"https:\/\/stem-eshop.gr\/product\/ngs-%ce%bb%ce%b1%cf%83%cf%84%ce%b9%cf%87%ce%ad%ce%bd%ce%b9%ce%bf-%ce%b1%ce%b5%cf%81%ce%bf%cf%80%ce%bb%ce%ac%ce%bd%ce%bf\/"},"modified":"2025-10-28T16:03:43","modified_gmt":"2025-10-28T13:03:43","slug":"ngs-%ce%bb%ce%b1%cf%83%cf%84%ce%b9%cf%87%ce%ad%ce%bd%ce%b9%ce%bf-%ce%b1%ce%b5%cf%81%ce%bf%cf%80%ce%bb%ce%ac%ce%bd%ce%bf","status":"publish","type":"product","link":"https:\/\/stem-eshop.gr\/hu\/termek\/ngs-%ce%bb%ce%b1%cf%83%cf%84%ce%b9%cf%87%ce%ad%ce%bd%ce%b9%ce%bf-%ce%b1%ce%b5%cf%81%ce%bf%cf%80%ce%bb%ce%ac%ce%bd%ce%bf\/","title":{"rendered":"NGS gumirep\u00fcl\u0151g\u00e9p"},"content":{"rendered":"<p>A rugalmas helyzeti energia a t\u00e1rgy rugalmas deform\u00e1ci\u00f3j\u00e1hoz, m\u00edg a kinetikus energia a t\u00e1rgy t\u00f6meg\u00e9hez \u00e9s sebess\u00e9g\u00e9hez kapcsol\u00f3dik.<\/p>\n<\/p>\n<p>Egy szorosan feltekercselt gumiszalagnak nagy a rugalmas helyzeti energi\u00e1ja. Amikor a s\u00edk el\u0151re mozog, a gumiszalag rugalmas helyzeti energi\u00e1ja cs\u00f6kken, m\u00edg a s\u00edk mozg\u00e1si energi\u00e1ja n\u00f6vekszik. Ez\u00e9rt a rugalmas helyzeti energia mozg\u00e1si energi\u00e1v\u00e1 alakul.<\/p>\n<\/p>\n<p>Amikor a gumiszalag leadja az energi\u00e1j\u00e1t, a rep\u00fcl\u0151g\u00e9p a tehetetlens\u00e9g miatt tov\u00e1bb mozog, \u00e9s meg\u00e1ll.<\/p><\/p>","protected":false},"excerpt":{"rendered":"<p>A rugalmas helyzeti energia a t\u00e1rgy rugalmas deform\u00e1ci\u00f3j\u00e1hoz, m\u00edg a kinetikus energia a t\u00e1rgy t\u00f6meg\u00e9hez \u00e9s sebess\u00e9g\u00e9hez kapcsol\u00f3dik. Egy szorosan feltekercselt gumiszalag er\u0151s rugalmas helyzeti energi\u00e1val rendelkezik. Amikor a s\u00edk el\u0151re mozog, a gumiszalag rugalmas helyzeti energi\u00e1ja cs\u00f6kken, m\u00edg a s\u00edk kinetikus energi\u00e1ja n\u00f6vekszik. Ez\u00e9rt a rugalmas helyzeti energia kinetikus energi\u00e1v\u00e1 alakul. Amikor a gumiszalag leadja az energi\u00e1j\u00e1t, a s\u00edk a tehetetlens\u00e9g miatt tov\u00e1bb mozog, \u00e9s a s\u00edk meg\u00e1ll.<\/p>","protected":false},"featured_media":4149,"comment_status":"open","ping_status":"closed","template":"","meta":{"site-sidebar-layout":"default","site-content-layout":"","ast-site-content-layout":"default","site-content-style":"default","site-sidebar-style":"default","ast-global-header-display":"","ast-banner-title-visibility":"","ast-main-header-display":"","ast-hfb-above-header-display":"","ast-hfb-below-header-display":"","ast-hfb-mobile-header-display":"","site-post-title":"","ast-breadcrumbs-content":"","ast-featured-img":"","footer-sml-layout":"","ast-disable-related-posts":"","theme-transparent-header-meta":"","adv-header-id-meta":"","stick-header-meta":"","header-above-stick-meta":"","header-main-stick-meta":"","header-below-stick-meta":"","astra-migrate-meta-layouts":"default","ast-page-background-enabled":"default","ast-page-background-meta":{"desktop":{"background-color":"var(--ast-global-color-5)","background-image":"","background-repeat":"repeat","background-position":"center center","background-size":"auto","background-attachment":"scroll","background-type":"","background-media":"","overlay-type":"","overlay-color":"","overlay-opacity":"","overlay-gradient":""},"tablet":{"background-color":"","background-image":"","background-repeat":"repeat","background-position":"center center","background-size":"auto","background-attachment":"scroll","background-type":"","background-media":"","overlay-type":"","overlay-color":"","overlay-opacity":"","overlay-gradient":""},"mobile":{"background-color":"","background-image":"","background-repeat":"repeat","background-position":"center center","background-size":"auto","background-attachment":"scroll","background-type":"","background-media":"","overlay-type":"","overlay-color":"","overlay-opacity":"","overlay-gradient":""}},"ast-content-background-meta":{"desktop":{"background-color":"var(--ast-global-color-4)","background-image":"","background-repeat":"repeat","background-position":"center center","background-size":"auto","background-attachment":"scroll","background-type":"","background-media":"","overlay-type":"","overlay-color":"","overlay-opacity":"","overlay-gradient":""},"tablet":{"background-color":"var(--ast-global-color-4)","background-image":"","background-repeat":"repeat","background-position":"center center","background-size":"auto","background-attachment":"scroll","background-type":"","background-media":"","overlay-type":"","overlay-color":"","overlay-opacity":"","overlay-gradient":""},"mobile":{"background-color":"var(--ast-global-color-4)","background-image":"","background-repeat":"repeat","background-position":"center center","background-size":"auto","background-attachment":"scroll","background-type":"","background-media":"","overlay-type":"","overlay-color":"","overlay-opacity":"","overlay-gradient":""}}},"product_brand":[107],"product_cat":[39,38,29,56,32,57,30,58],"product_tag":[],"class_list":{"0":"post-6406","1":"product","2":"type-product","3":"status-publish","4":"has-post-thumbnail","6":"product_brand-ngs","7":"product_cat-39","8":"product_cat-38","9":"product_cat-29","10":"product_cat-56","11":"product_cat-32","12":"product_cat-57","13":"product_cat--6-9-","14":"product_cat-58","15":"desktop-align-left","16":"tablet-align-left","17":"mobile-align-left","19":"first","20":"instock","21":"taxable","22":"shipping-taxable","23":"purchasable","24":"product-type-simple"},"_links":{"self":[{"href":"https:\/\/stem-eshop.gr\/hu\/wp-json\/wp\/v2\/product\/6406","targetHints":{"allow":["GET"]}}],"collection":[{"href":"https:\/\/stem-eshop.gr\/hu\/wp-json\/wp\/v2\/product"}],"about":[{"href":"https:\/\/stem-eshop.gr\/hu\/wp-json\/wp\/v2\/types\/product"}],"replies":[{"embeddable":true,"href":"https:\/\/stem-eshop.gr\/hu\/wp-json\/wp\/v2\/comments?post=6406"}],"wp:featuredmedia":[{"embeddable":true,"href":"https:\/\/stem-eshop.gr\/hu\/wp-json\/wp\/v2\/media\/4149"}],"wp:attachment":[{"href":"https:\/\/stem-eshop.gr\/hu\/wp-json\/wp\/v2\/media?parent=6406"}],"wp:term":[{"taxonomy":"product_brand","embeddable":true,"href":"https:\/\/stem-eshop.gr\/hu\/wp-json\/wp\/v2\/product_brand?post=6406"},{"taxonomy":"product_cat","embeddable":true,"href":"https:\/\/stem-eshop.gr\/hu\/wp-json\/wp\/v2\/product_cat?post=6406"},{"taxonomy":"product_tag","embeddable":true,"href":"https:\/\/stem-eshop.gr\/hu\/wp-json\/wp\/v2\/product_tag?post=6406"}],"curies":[{"name":"wp","href":"https:\/\/api.w.org\/{rel}","templated":true}]}}