{"id":6369,"date":"2025-05-19T07:30:08","date_gmt":"2025-05-19T07:30:08","guid":{"rendered":"https:\/\/stem-eshop.gr\/product\/gigo-light-and-solar-energy\/"},"modified":"2025-05-22T21:13:19","modified_gmt":"2025-05-22T18:13:19","slug":"gigo-light-and-solar-energy","status":"publish","type":"product","link":"https:\/\/stem-eshop.gr\/hu\/termek\/gigo-light-and-solar-energy\/","title":{"rendered":"Gigo f\u00e9ny \u00e9s napenergia"},"content":{"rendered":"<p>A benne tal\u00e1lhat\u00f3 fotovoltaikus cella nemcsak termeli, hanem t\u00e1rolja is az energi\u00e1t k\u00e9s\u0151bbi felhaszn\u00e1l\u00e1sra! A gyerekek napelemes j\u00e1rm\u0171modellek, napelemes felvon\u00f3, napelemes t\u00f6lt\u0151\u00e1llom\u00e1s \u00e9s sok m\u00e1s \u00e9p\u00edt\u00e9s\u00e9vel megismerkedhetnek a napenergia hasznos\u00edt\u00e1s\u00e1nak k\u00e9nyelm\u00e9vel. A k\u00e9szlet 20 leck\u00e9t tartalmaz, amelyekben 16 modell \u00e9s 4 kreat\u00edv feladat \u00e9p\u00fcl, valamint egy tanul\u00f3i munkaf\u00fczetet.<\/p>\n<\/p>\n<p>A tematikus oktat\u00e1si anyagok a STEM ter\u00fcletekre \u00f6sszpontos\u00edtanak. Az elm\u00e9letet a val\u00f3s alkalmaz\u00e1sokkal \u00f6tv\u00f6zve k\u00f6zvet\u00edtik a kreativit\u00e1s fejleszt\u00e9s\u00e9nek \u00e9s az alkot\u00e1son kereszt\u00fcli tanul\u00e1snak az alapvet\u0151 \u00e9rt\u00e9keit.<\/p>\n<\/p>\n<p>Minden k\u00e9szlet tartalmaz:<\/p>\n<p>Di\u00e1kk\u00f6nyv<\/p>\n<p>Tan\u00e1ri k\u00e9zik\u00f6nyv<\/p>\n<p>237 \u00e9p\u00edt\u0151elem<\/p>\n<p>20 \u00e9p\u00edt\u00e9si modell<\/p>\n<p>Munkaid\u0151: 40 perc\/modell<\/p>\n<div class=\"vc_row wpb_row vc_row-fluid\">\n<div class=\"wpb_column vc_column_container vc_col-sm-12\">\n<div class=\"vc_column-inner\">\n<div class=\"wpb_wrapper\">\n<div class=\"wpb_text_column wpb_content_element\">\n<div class=\"wpb_wrapper\">\n<\/p>\n<p dir=\"ltr\" style=\"text-align:center\"><span xml:lang=\"el\" lang=\"el\">K\u00e9zik\u00f6nyv<\/span><\/p>\n<p dir=\"ltr\"><span xml:lang=\"el\" lang=\"el\"><a href=\"https:\/\/issuu.com\/gigotoys\/docs\/_1240rlesson_plan-en\" rel=\"noopener\"><img decoding=\"async\" src=\"https:\/\/stem-eshop.gr\/img\/cms\/manual.png\" alt=\"\" width=\"40\" height=\"31\" style=\"margin-left:auto;margin-right:auto\" \/><\/a><\/span><\/p>\n<\/div>\n<\/div>\n<\/div>\n<\/div>\n<\/div>\n<\/div>","protected":false},"excerpt":{"rendered":"<div class=\"woocommerce-product-details__short-description\">\n<p>A F\u00e9ny \u00e9s napenergia csomag seg\u00edts\u00e9g\u00e9vel a gyerekek megismerkedhetnek a fotovoltaikus rendszerek mindennapi alkalmaz\u00e1si m\u00f3djaival!<\/p>\n<p>Kreat\u00edv konstrukci\u00f3k gyerekeknek.<\/p>\n<\/div>","protected":false},"featured_media":5131,"comment_status":"open","ping_status":"closed","template":"","meta":{"site-sidebar-layout":"default","site-content-layout":"","ast-site-content-layout":"default","site-content-style":"default","site-sidebar-style":"default","ast-global-header-display":"","ast-banner-title-visibility":"","ast-main-header-display":"","ast-hfb-above-header-display":"","ast-hfb-below-header-display":"","ast-hfb-mobile-header-display":"","site-post-title":"","ast-breadcrumbs-content":"","ast-featured-img":"","footer-sml-layout":"","ast-disable-related-posts":"","theme-transparent-header-meta":"","adv-header-id-meta":"","stick-header-meta":"","header-above-stick-meta":"","header-main-stick-meta":"","header-below-stick-meta":"","astra-migrate-meta-layouts":"default","ast-page-background-enabled":"default","ast-page-background-meta":{"desktop":{"background-color":"var(--ast-global-color-5)","background-image":"","background-repeat":"repeat","background-position":"center center","background-size":"auto","background-attachment":"scroll","background-type":"","background-media":"","overlay-type":"","overlay-color":"","overlay-opacity":"","overlay-gradient":""},"tablet":{"background-color":"","background-image":"","background-repeat":"repeat","background-position":"center center","background-size":"auto","background-attachment":"scroll","background-type":"","background-media":"","overlay-type":"","overlay-color":"","overlay-opacity":"","overlay-gradient":""},"mobile":{"background-color":"","background-image":"","background-repeat":"repeat","background-position":"center center","background-size":"auto","background-attachment":"scroll","background-type":"","background-media":"","overlay-type":"","overlay-color":"","overlay-opacity":"","overlay-gradient":""}},"ast-content-background-meta":{"desktop":{"background-color":"var(--ast-global-color-4)","background-image":"","background-repeat":"repeat","background-position":"center center","background-size":"auto","background-attachment":"scroll","background-type":"","background-media":"","overlay-type":"","overlay-color":"","overlay-opacity":"","overlay-gradient":""},"tablet":{"background-color":"var(--ast-global-color-4)","background-image":"","background-repeat":"repeat","background-position":"center center","background-size":"auto","background-attachment":"scroll","background-type":"","background-media":"","overlay-type":"","overlay-color":"","overlay-opacity":"","overlay-gradient":""},"mobile":{"background-color":"var(--ast-global-color-4)","background-image":"","background-repeat":"repeat","background-position":"center center","background-size":"auto","background-attachment":"scroll","background-type":"","background-media":"","overlay-type":"","overlay-color":"","overlay-opacity":"","overlay-gradient":""}}},"product_brand":[104],"product_cat":[46,39,38,29,35,30,54,59,58],"product_tag":[],"class_list":{"0":"post-6369","1":"product","2":"type-product","3":"status-publish","4":"has-post-thumbnail","6":"product_brand-gigo","7":"product_cat-46","8":"product_cat-39","9":"product_cat-38","10":"product_cat-29","11":"product_cat--10-12-","12":"product_cat--6-9-","13":"product_cat-54","14":"product_cat-59","15":"product_cat-58","16":"desktop-align-left","17":"tablet-align-left","18":"mobile-align-left","20":"first","21":"instock","22":"taxable","23":"shipping-taxable","24":"purchasable","25":"product-type-simple"},"_links":{"self":[{"href":"https:\/\/stem-eshop.gr\/hu\/wp-json\/wp\/v2\/product\/6369","targetHints":{"allow":["GET"]}}],"collection":[{"href":"https:\/\/stem-eshop.gr\/hu\/wp-json\/wp\/v2\/product"}],"about":[{"href":"https:\/\/stem-eshop.gr\/hu\/wp-json\/wp\/v2\/types\/product"}],"replies":[{"embeddable":true,"href":"https:\/\/stem-eshop.gr\/hu\/wp-json\/wp\/v2\/comments?post=6369"}],"wp:featuredmedia":[{"embeddable":true,"href":"https:\/\/stem-eshop.gr\/hu\/wp-json\/wp\/v2\/media\/5131"}],"wp:attachment":[{"href":"https:\/\/stem-eshop.gr\/hu\/wp-json\/wp\/v2\/media?parent=6369"}],"wp:term":[{"taxonomy":"product_brand","embeddable":true,"href":"https:\/\/stem-eshop.gr\/hu\/wp-json\/wp\/v2\/product_brand?post=6369"},{"taxonomy":"product_cat","embeddable":true,"href":"https:\/\/stem-eshop.gr\/hu\/wp-json\/wp\/v2\/product_cat?post=6369"},{"taxonomy":"product_tag","embeddable":true,"href":"https:\/\/stem-eshop.gr\/hu\/wp-json\/wp\/v2\/product_tag?post=6369"}],"curies":[{"name":"wp","href":"https:\/\/api.w.org\/{rel}","templated":true}]}}