{"id":6358,"date":"2025-05-19T07:29:52","date_gmt":"2025-05-19T07:29:52","guid":{"rendered":"https:\/\/stem-eshop.gr\/product\/%ce%be%cf%85%ce%bb%ce%b9%ce%bd%ce%bf-%cf%80%ce%b1%ce%b9%cf%87%ce%bd%ce%b9%ce%b4%ce%b9-%cf%83%cf%84%ce%bf%ce%b9%ce%b2%ce%b1%ce%be%ce%b7%cf%83-%cf%83%ce%ba%ce%b9%cf%89%ce%bd\/"},"modified":"2025-10-23T12:51:54","modified_gmt":"2025-10-23T09:51:54","slug":"%ce%be%cf%85%ce%bb%ce%b9%ce%bd%ce%bf-%cf%80%ce%b1%ce%b9%cf%87%ce%bd%ce%b9%ce%b4%ce%b9-%cf%83%cf%84%ce%bf%ce%b9%ce%b2%ce%b1%ce%be%ce%b7%cf%83-%cf%83%ce%ba%ce%b9%cf%89%ce%bd","status":"publish","type":"product","link":"https:\/\/stem-eshop.gr\/hu\/termek\/%ce%be%cf%85%ce%bb%ce%b9%ce%bd%ce%bf-%cf%80%ce%b1%ce%b9%cf%87%ce%bd%ce%b9%ce%b4%ce%b9-%cf%83%cf%84%ce%bf%ce%b9%ce%b2%ce%b1%ce%be%ce%b7%cf%83-%cf%83%ce%ba%ce%b9%cf%89%ce%bd\/","title":{"rendered":"FA \u00c1RNY\u00c9KRAK\u00d3 J\u00c1T\u00c9K"},"content":{"rendered":"<p style=\"margin: 0px 0px 10px;padding: 0px;font-family: 'Open Sans', sans-serif;font-size: 15px;line-height: 1.3;letter-spacing: 0.7px;background-color: #ffffff\">A j\u00e1t\u00e9k sz\u00ednes \u00e9s k\u00fcl\u00f6nb\u00f6z\u0151 form\u00e1kb\u00f3l \u00e1ll, amelyeket a k\u00f6nyv lapjain \u00e1br\u00e1zolt k\u00e9pek alapj\u00e1n egym\u00e1sra helyeznek. A gyermek megpr\u00f3b\u00e1lja megalkotni az egyes oldalakon \u00e1br\u00e1zolt form\u00e1t. A neh\u00e9zs\u00e9gi fok v\u00e1ltoz\u00f3, mivel egyes oldalakon csak a form\u00e1k \u00e1rny\u00e9ka l\u00e1that\u00f3, m\u00e1sokon pedig sz\u00ednesben. A megfelel\u0151 form\u00e1k kiv\u00e1laszt\u00e1s\u00e1val a gyermek minden alkalommal megjelen\u00edtheti a l\u00e1tott mint\u00e1t, vagy saj\u00e1t fant\u00e1zi\u00e1j\u00e1t felhaszn\u00e1lva l\u00e9trehozhatja a saj\u00e1t mint\u00e1j\u00e1t.<\/p>\n<p style=\"margin: 0px 0px 10px;padding: 0px;font-family: 'Open Sans', sans-serif;font-size: 15px;line-height: 1.3;letter-spacing: 0.7px;background-color: #ffffff\">\u00cdgy a gyermek j\u00e1t\u00e9kos m\u00f3don fejleszti alapvet\u0151 matematikai k\u00e9szs\u00e9geit, elsaj\u00e1t\u00edtja a sorozat fogalm\u00e1t \u00e9s a t\u00e1rgyak k\u00f6z\u00f6tti kapcsolatokat. Gyakorolja vizu\u00e1lis mem\u00f3ri\u00e1j\u00e1t \u00e9s probl\u00e9mamegold\u00f3 k\u00e9szs\u00e9geit, valamint kritikai gondolkod\u00e1s\u00e1t.<\/p>\n<p style=\"margin: 0px 0px 10px;padding: 0px;font-family: 'Open Sans', sans-serif;font-size: 15px;line-height: 1.3;letter-spacing: 0.7px;background-color: #ffffff\">V\u00e9g\u00fcl a finommotoros k\u00e9szs\u00e9gek, valamint a logikus \u00e9s strat\u00e9giai gondolkod\u00e1s fejleszt\u00e9s\u00e9t \u00f6szt\u00f6nzik. Figyelm\u00e9t egy konkr\u00e9t c\u00e9lra ir\u00e1ny\u00edtj\u00e1k, amely a megfelel\u0151 taktik\u00e1val sikeres eredm\u00e9nyt \u00e9r el, nevezetesen a k\u00e9pek alapj\u00e1n rajz k\u00e9sz\u00edt\u00e9s\u00e9re.<\/p>","protected":false},"excerpt":{"rendered":"<p><span style=\"font-family: 'Open Sans', sans-serif;font-size: 15px;letter-spacing: 0.7px;background-color: #ffffff\">A f\u00e1b\u00f3l k\u00e9sz\u00fclt \u00e1rny\u00e9krak\u00f3 j\u00e1t\u00e9k 12 k\u00fcl\u00f6nb\u00f6z\u0151 mint\u00e1j\u00fa \u00e9s form\u00e1j\u00fa sz\u00ednes fadarabb\u00f3l, egy fa alapb\u00f3l \u00e9s egy illusztr\u00e1lt haszn\u00e1lati \u00fatmutat\u00f3b\u00f3l \u00e1ll. A kisgyermekek megtanulj\u00e1k a form\u00e1kat, a sz\u00edneket, fejlesztik a probl\u00e9mamegold\u00f3 k\u00e9szs\u00e9g\u00fcket \u00e9s a logikus gondolkod\u00e1sukat.<\/span><\/p>","protected":false},"featured_media":4031,"comment_status":"open","ping_status":"closed","template":"","meta":{"site-sidebar-layout":"default","site-content-layout":"","ast-site-content-layout":"default","site-content-style":"default","site-sidebar-style":"default","ast-global-header-display":"","ast-banner-title-visibility":"","ast-main-header-display":"","ast-hfb-above-header-display":"","ast-hfb-below-header-display":"","ast-hfb-mobile-header-display":"","site-post-title":"","ast-breadcrumbs-content":"","ast-featured-img":"","footer-sml-layout":"","ast-disable-related-posts":"","theme-transparent-header-meta":"default","adv-header-id-meta":"","stick-header-meta":"","header-above-stick-meta":"","header-main-stick-meta":"","header-below-stick-meta":"","astra-migrate-meta-layouts":"set","ast-page-background-enabled":"default","ast-page-background-meta":{"desktop":{"background-color":"var(--ast-global-color-5)","background-image":"","background-repeat":"repeat","background-position":"center center","background-size":"auto","background-attachment":"scroll","background-type":"","background-media":"","overlay-type":"","overlay-color":"","overlay-opacity":"","overlay-gradient":""},"tablet":{"background-color":"","background-image":"","background-repeat":"repeat","background-position":"center center","background-size":"auto","background-attachment":"scroll","background-type":"","background-media":"","overlay-type":"","overlay-color":"","overlay-opacity":"","overlay-gradient":""},"mobile":{"background-color":"","background-image":"","background-repeat":"repeat","background-position":"center center","background-size":"auto","background-attachment":"scroll","background-type":"","background-media":"","overlay-type":"","overlay-color":"","overlay-opacity":"","overlay-gradient":""}},"ast-content-background-meta":{"desktop":{"background-color":"var(--ast-global-color-4)","background-image":"","background-repeat":"repeat","background-position":"center center","background-size":"auto","background-attachment":"scroll","background-type":"","background-media":"","overlay-type":"","overlay-color":"","overlay-opacity":"","overlay-gradient":""},"tablet":{"background-color":"var(--ast-global-color-4)","background-image":"","background-repeat":"repeat","background-position":"center center","background-size":"auto","background-attachment":"scroll","background-type":"","background-media":"","overlay-type":"","overlay-color":"","overlay-opacity":"","overlay-gradient":""},"mobile":{"background-color":"var(--ast-global-color-4)","background-image":"","background-repeat":"repeat","background-position":"center center","background-size":"auto","background-attachment":"scroll","background-type":"","background-media":"","overlay-type":"","overlay-color":"","overlay-opacity":"","overlay-gradient":""}}},"product_brand":[],"product_cat":[126,43,39,50,29,37,30,26],"product_tag":[],"class_list":{"0":"post-6358","1":"product","2":"type-product","3":"status-publish","4":"has-post-thumbnail","6":"product_cat-126","7":"product_cat-43","8":"product_cat-39","9":"product_cat-50","10":"product_cat-29","11":"product_cat-37","12":"product_cat--6-9-","13":"product_cat-26","14":"desktop-align-left","15":"tablet-align-left","16":"mobile-align-left","18":"first","19":"instock","20":"taxable","21":"shipping-taxable","22":"purchasable","23":"product-type-simple"},"_links":{"self":[{"href":"https:\/\/stem-eshop.gr\/hu\/wp-json\/wp\/v2\/product\/6358","targetHints":{"allow":["GET"]}}],"collection":[{"href":"https:\/\/stem-eshop.gr\/hu\/wp-json\/wp\/v2\/product"}],"about":[{"href":"https:\/\/stem-eshop.gr\/hu\/wp-json\/wp\/v2\/types\/product"}],"replies":[{"embeddable":true,"href":"https:\/\/stem-eshop.gr\/hu\/wp-json\/wp\/v2\/comments?post=6358"}],"wp:featuredmedia":[{"embeddable":true,"href":"https:\/\/stem-eshop.gr\/hu\/wp-json\/wp\/v2\/media\/4031"}],"wp:attachment":[{"href":"https:\/\/stem-eshop.gr\/hu\/wp-json\/wp\/v2\/media?parent=6358"}],"wp:term":[{"taxonomy":"product_brand","embeddable":true,"href":"https:\/\/stem-eshop.gr\/hu\/wp-json\/wp\/v2\/product_brand?post=6358"},{"taxonomy":"product_cat","embeddable":true,"href":"https:\/\/stem-eshop.gr\/hu\/wp-json\/wp\/v2\/product_cat?post=6358"},{"taxonomy":"product_tag","embeddable":true,"href":"https:\/\/stem-eshop.gr\/hu\/wp-json\/wp\/v2\/product_tag?post=6358"}],"curies":[{"name":"wp","href":"https:\/\/api.w.org\/{rel}","templated":true}]}}