{"id":6352,"date":"2025-05-19T07:29:44","date_gmt":"2025-05-19T07:29:44","guid":{"rendered":"https:\/\/stem-eshop.gr\/product\/stem-qboidz-%ce%b4%ce%b9%ce%ac%cf%83%cf%89%cf%83%ce%b7-%ce%ac%ce%b3%cf%81%ce%b9%ce%b1%cf%82-%ce%b6%cf%89%ce%ae%cf%82\/"},"modified":"2025-05-22T21:13:28","modified_gmt":"2025-05-22T18:13:28","slug":"stem-qboidz-%ce%b4%ce%b9%ce%ac%cf%83%cf%89%cf%83%ce%b7-%ce%ac%ce%b3%cf%81%ce%b9%ce%b1%cf%82-%ce%b6%cf%89%ce%ae%cf%82","status":"publish","type":"product","link":"https:\/\/stem-eshop.gr\/hu\/termek\/stem-qboidz-%ce%b4%ce%b9%ce%ac%cf%83%cf%89%cf%83%ce%b7-%ce%ac%ce%b3%cf%81%ce%b9%ce%b1%cf%82-%ce%b6%cf%89%ce%ae%cf%82\/","title":{"rendered":"STEM Qboidz Vadv\u00e9delmi Ment\u0151k\u00f6zpont"},"content":{"rendered":"<p>De ez m\u00e9g nem minden! Nyomtatott \u00fatmutat\u00f3 is tartozik hozz\u00e1, amely alternat\u00edv lehet\u0151s\u00e9get k\u00edn\u00e1l azoknak, akik a fizikai \u00fatmutat\u00e1st r\u00e9szes\u00edtik el\u0151nyben. A gyerekek kiv\u00e1laszthatj\u00e1k a sz\u00e1mukra legmegfelel\u0151bb m\u00f3dszert, fejlesztve probl\u00e9mamegold\u00f3 k\u00e9szs\u00e9geiket \u00e9s n\u00f6velve \u00f6nbizalmukat az \u00e9p\u00edt\u00e9s sor\u00e1n.<\/p>\n<p>A kock\u00e1kon \u00e9s az \u00fatmutat\u00f3kon k\u00edv\u00fcl a Wildlife Rescue k\u00e9szlet extra tartalmak kincsesb\u00e1ny\u00e1j\u00e1t is tartalmazza. A k\u00e9szlet tartalmaz egy lebilincsel\u0151 mesek\u00f6nyvet, amely fantasztikus kalandra viszi a gyerekeket a term\u00e9szetbe, ahol az \u00e1llatokr\u00f3l \u00e9s a k\u00f6rnyezetv\u00e9delemr\u0151l tanulhatnak. A mesek\u00f6nyv mellett egy foglalkoztat\u00f3 f\u00fczet is tal\u00e1lhat\u00f3, amely tele van lebilincsel\u0151 fejt\u00f6r\u0151kkel \u00e9s kih\u00edv\u00e1sokkal, amelyek el\u0151seg\u00edtik a tanul\u00e1st \u00e9s a kritikai gondolkod\u00e1st.<\/p>\n<p>M\u00e9g t\u00f6bb v\u00e1ltozatoss\u00e1g kedv\u00e9\u00e9rt a Wildlife Rescue t\u00e1rsasj\u00e1t\u00e9k is tartalmaz, amely \u00e9letre kelti a kalandot. A gyerekek bar\u00e1taikkal \u00e9s csal\u00e1djukkal j\u00e1tszhatnak egy izgalmas j\u00e1t\u00e9kban, amely pr\u00f3b\u00e1ra teszi tud\u00e1sukat \u00e9s strat\u00e9gi\u00e1jukat, el\u0151seg\u00edtve a csapatmunk\u00e1t \u00e9s a t\u00e1rsas interakci\u00f3t.<\/p>\n<p>A m\u00e9g nagyobb izgalom \u00e9rdek\u00e9ben a k\u00e9szlet tov\u00e1bbi modelleket is tartalmaz, amelyek ugyanazon kock\u00e1kb\u00f3l \u00e9p\u00edthet\u0151k meg. Ezek a tov\u00e1bbi alkot\u00e1sok v\u00e9gtelen lehet\u0151s\u00e9get k\u00edn\u00e1lnak a fant\u00e1ziad\u00fas j\u00e1t\u00e9kra, \u00e9s egy \u00faj vil\u00e1got nyitnak meg el\u0151tted.<\/p>","protected":false},"excerpt":{"rendered":"<p>Bemutatkozik a Vadv\u00e9delmi Megment\u0151 k\u00e9szlet, a t\u00f6k\u00e9letes \u00e9p\u00edt\u0151j\u00e1t\u00e9k, amely \u00f6tv\u00f6zi a kreativit\u00e1st, a tanul\u00e1st \u00e9s a v\u00e9gtelen sz\u00f3rakoz\u00e1st! A 3 \u00e9ves \u00e9s ann\u00e1l id\u0151sebb gyermekek sz\u00e1m\u00e1ra tervezett innovat\u00edv k\u00e9szlet sz\u00e1mos izgalmas funkci\u00f3val van tele, amelyek lek\u00f6tik \u00e9s inspir\u00e1lj\u00e1k a fiatal elm\u00e9ket.<\/p>\n<p>A Wildlife Rescue seg\u00edts\u00e9g\u00e9vel a tanul\u00e1s interakt\u00edv kalandd\u00e1 v\u00e1lik. A k\u00e9szlet online 3D-s \u00fatmutat\u00f3kat tartalmaz, amelyek lehet\u0151v\u00e9 teszik a gyerekek sz\u00e1m\u00e1ra, hogy \u00faj dimenzi\u00f3ban fedezz\u00e9k fel az \u00e9p\u00edt\u00e9si folyamatot. L\u00e9p\u00e9sr\u0151l l\u00e9p\u00e9sre k\u00f6vethetik az \u00fatmutat\u00f3kat, forgathatj\u00e1k \u00e9s nagy\u00edthatj\u00e1k a modelleket, hogy teljes m\u00e9rt\u00e9kben meg\u00e9rts\u00e9k az \u00e9p\u00edt\u00e9s minden egyes szakasz\u00e1t.<\/p>","protected":false},"featured_media":3993,"comment_status":"open","ping_status":"closed","template":"","meta":{"site-sidebar-layout":"default","site-content-layout":"","ast-site-content-layout":"default","site-content-style":"default","site-sidebar-style":"default","ast-global-header-display":"","ast-banner-title-visibility":"","ast-main-header-display":"","ast-hfb-above-header-display":"","ast-hfb-below-header-display":"","ast-hfb-mobile-header-display":"","site-post-title":"","ast-breadcrumbs-content":"","ast-featured-img":"","footer-sml-layout":"","ast-disable-related-posts":"","theme-transparent-header-meta":"default","adv-header-id-meta":"","stick-header-meta":"","header-above-stick-meta":"","header-main-stick-meta":"","header-below-stick-meta":"","astra-migrate-meta-layouts":"set","ast-page-background-enabled":"default","ast-page-background-meta":{"desktop":{"background-color":"var(--ast-global-color-5)","background-image":"","background-repeat":"repeat","background-position":"center center","background-size":"auto","background-attachment":"scroll","background-type":"","background-media":"","overlay-type":"","overlay-color":"","overlay-opacity":"","overlay-gradient":""},"tablet":{"background-color":"","background-image":"","background-repeat":"repeat","background-position":"center center","background-size":"auto","background-attachment":"scroll","background-type":"","background-media":"","overlay-type":"","overlay-color":"","overlay-opacity":"","overlay-gradient":""},"mobile":{"background-color":"","background-image":"","background-repeat":"repeat","background-position":"center center","background-size":"auto","background-attachment":"scroll","background-type":"","background-media":"","overlay-type":"","overlay-color":"","overlay-opacity":"","overlay-gradient":""}},"ast-content-background-meta":{"desktop":{"background-color":"var(--ast-global-color-4)","background-image":"","background-repeat":"repeat","background-position":"center center","background-size":"auto","background-attachment":"scroll","background-type":"","background-media":"","overlay-type":"","overlay-color":"","overlay-opacity":"","overlay-gradient":""},"tablet":{"background-color":"var(--ast-global-color-4)","background-image":"","background-repeat":"repeat","background-position":"center center","background-size":"auto","background-attachment":"scroll","background-type":"","background-media":"","overlay-type":"","overlay-color":"","overlay-opacity":"","overlay-gradient":""},"mobile":{"background-color":"var(--ast-global-color-4)","background-image":"","background-repeat":"repeat","background-position":"center center","background-size":"auto","background-attachment":"scroll","background-type":"","background-media":"","overlay-type":"","overlay-color":"","overlay-opacity":"","overlay-gradient":""}}},"product_brand":[95],"product_cat":[43,38,29,30,54,26,58],"product_tag":[],"class_list":{"0":"post-6352","1":"product","2":"type-product","3":"status-publish","4":"has-post-thumbnail","6":"product_brand-engino","7":"product_cat-43","8":"product_cat-38","9":"product_cat-29","10":"product_cat--6-9-","11":"product_cat-54","12":"product_cat-26","13":"product_cat-58","14":"desktop-align-left","15":"tablet-align-left","16":"mobile-align-left","18":"first","19":"instock","20":"taxable","21":"shipping-taxable","22":"purchasable","23":"product-type-simple"},"_links":{"self":[{"href":"https:\/\/stem-eshop.gr\/hu\/wp-json\/wp\/v2\/product\/6352","targetHints":{"allow":["GET"]}}],"collection":[{"href":"https:\/\/stem-eshop.gr\/hu\/wp-json\/wp\/v2\/product"}],"about":[{"href":"https:\/\/stem-eshop.gr\/hu\/wp-json\/wp\/v2\/types\/product"}],"replies":[{"embeddable":true,"href":"https:\/\/stem-eshop.gr\/hu\/wp-json\/wp\/v2\/comments?post=6352"}],"wp:featuredmedia":[{"embeddable":true,"href":"https:\/\/stem-eshop.gr\/hu\/wp-json\/wp\/v2\/media\/3993"}],"wp:attachment":[{"href":"https:\/\/stem-eshop.gr\/hu\/wp-json\/wp\/v2\/media?parent=6352"}],"wp:term":[{"taxonomy":"product_brand","embeddable":true,"href":"https:\/\/stem-eshop.gr\/hu\/wp-json\/wp\/v2\/product_brand?post=6352"},{"taxonomy":"product_cat","embeddable":true,"href":"https:\/\/stem-eshop.gr\/hu\/wp-json\/wp\/v2\/product_cat?post=6352"},{"taxonomy":"product_tag","embeddable":true,"href":"https:\/\/stem-eshop.gr\/hu\/wp-json\/wp\/v2\/product_tag?post=6352"}],"curies":[{"name":"wp","href":"https:\/\/api.w.org\/{rel}","templated":true}]}}