{"id":6350,"date":"2025-05-19T07:29:42","date_gmt":"2025-05-19T07:29:42","guid":{"rendered":"https:\/\/stem-eshop.gr\/product\/baby-qboidz-%cf%84%ce%b1-%cf%80%cf%81%cf%8e%cf%84%ce%b1-%ce%bc%ce%bf%cf%85-%ce%b2%ce%ae%ce%bc%ce%b1%cf%84%ce%b1-%ce%bc%ce%b9%ce%ba%cf%81%cf%8c-%cf%83%ce%b5%cf%84\/"},"modified":"2025-12-04T12:32:01","modified_gmt":"2025-12-04T09:32:01","slug":"baby-qboidz-%cf%84%ce%b1-%cf%80%cf%81%cf%8e%cf%84%ce%b1-%ce%bc%ce%bf%cf%85-%ce%b2%ce%ae%ce%bc%ce%b1%cf%84%ce%b1-%ce%bc%ce%b9%ce%ba%cf%81%cf%8c-%cf%83%ce%b5%cf%84","status":"publish","type":"product","link":"https:\/\/stem-eshop.gr\/hu\/termek\/baby-qboidz-%cf%84%ce%b1-%cf%80%cf%81%cf%8e%cf%84%ce%b1-%ce%bc%ce%bf%cf%85-%ce%b2%ce%ae%ce%bc%ce%b1%cf%84%ce%b1-%ce%bc%ce%b9%ce%ba%cf%81%cf%8c-%cf%83%ce%b5%cf%84\/","title":{"rendered":"Baby Qboidz \u2013 Els\u0151 l\u00e9p\u00e9seim \u2013 Kis szett"},"content":{"rendered":"<p>Az els\u0151 dimenzi\u00f3 lehet\u0151v\u00e9 teszi a gyerekek sz\u00e1m\u00e1ra, hogy a blokkokat egym\u00e1sra halmozz\u00e1k, ak\u00e1rcsak a hagyom\u00e1nyos kock\u00e1kat, a m\u00e1sodik dimenzi\u00f3 pedig lehet\u0151v\u00e9 teszi sz\u00e1mukra, hogy a darabokat egym\u00e1s mell\u00e9 k\u00f6ss\u00e9k. Ahogy n\u0151nek \u00e9s tov\u00e1bb fejl\u0151dik \u00fcgyess\u00e9g\u00fck \u00e9s t\u00e9rbeli \u00e9rz\u00e9kel\u00e9s\u00fck, ezeket a darabokat kombin\u00e1lhatj\u00e1k a Qboidz k\u00f6nyvt\u00e1r t\u00f6bbi darabj\u00e1val, \u00e9s magasabb rend\u0171 k\u00e9szs\u00e9gekre tehetnek szert a harmadik \u00e9s negyedik dimenzi\u00f3ban.<\/p>\n<p>Alkalmas otthoni oktat\u00e1shoz<\/p>\n<p>3D \u00e9p\u00edt\u0151<\/p>","protected":false},"excerpt":{"rendered":"<p>A rendszer nagyobb \u00e9s terjedelmesebb r\u00e9szei, amelyek biztons\u00e1gosak \u00e9s k\u00f6nnyen \u00f6sszeszerelhet\u0151k a kisebb gyermekek sz\u00e1m\u00e1ra, tart\u00f3s m\u0171anyag dobozokban tal\u00e1lhat\u00f3k, amelyek lehet\u0151v\u00e9 teszik az \u00fajrafelhaszn\u00e1l\u00e1st \u00e9s a praktikus t\u00e1rol\u00e1st. A Baby Qboidz\u2122 sorozat m\u00e9g a legegyszer\u0171bb alkatr\u00e9szekkel is lehet\u0151v\u00e9 teszi a k\u00e9t alapvet\u0151 \u00e9p\u00edt\u00e9si szint kialak\u00edt\u00e1s\u00e1t.\u00a0<\/p>","protected":false},"featured_media":3980,"comment_status":"open","ping_status":"closed","template":"","meta":{"site-sidebar-layout":"default","site-content-layout":"","ast-site-content-layout":"default","site-content-style":"default","site-sidebar-style":"default","ast-global-header-display":"","ast-banner-title-visibility":"","ast-main-header-display":"","ast-hfb-above-header-display":"","ast-hfb-below-header-display":"","ast-hfb-mobile-header-display":"","site-post-title":"","ast-breadcrumbs-content":"","ast-featured-img":"","footer-sml-layout":"","ast-disable-related-posts":"","theme-transparent-header-meta":"","adv-header-id-meta":"","stick-header-meta":"","header-above-stick-meta":"","header-main-stick-meta":"","header-below-stick-meta":"","astra-migrate-meta-layouts":"default","ast-page-background-enabled":"default","ast-page-background-meta":{"desktop":{"background-color":"var(--ast-global-color-5)","background-image":"","background-repeat":"repeat","background-position":"center center","background-size":"auto","background-attachment":"scroll","background-type":"","background-media":"","overlay-type":"","overlay-color":"","overlay-opacity":"","overlay-gradient":""},"tablet":{"background-color":"","background-image":"","background-repeat":"repeat","background-position":"center center","background-size":"auto","background-attachment":"scroll","background-type":"","background-media":"","overlay-type":"","overlay-color":"","overlay-opacity":"","overlay-gradient":""},"mobile":{"background-color":"","background-image":"","background-repeat":"repeat","background-position":"center center","background-size":"auto","background-attachment":"scroll","background-type":"","background-media":"","overlay-type":"","overlay-color":"","overlay-opacity":"","overlay-gradient":""}},"ast-content-background-meta":{"desktop":{"background-color":"var(--ast-global-color-4)","background-image":"","background-repeat":"repeat","background-position":"center center","background-size":"auto","background-attachment":"scroll","background-type":"","background-media":"","overlay-type":"","overlay-color":"","overlay-opacity":"","overlay-gradient":""},"tablet":{"background-color":"var(--ast-global-color-4)","background-image":"","background-repeat":"repeat","background-position":"center center","background-size":"auto","background-attachment":"scroll","background-type":"","background-media":"","overlay-type":"","overlay-color":"","overlay-opacity":"","overlay-gradient":""},"mobile":{"background-color":"var(--ast-global-color-4)","background-image":"","background-repeat":"repeat","background-position":"center center","background-size":"auto","background-attachment":"scroll","background-type":"","background-media":"","overlay-type":"","overlay-color":"","overlay-opacity":"","overlay-gradient":""}}},"product_brand":[95],"product_cat":[126,43,38,29,37,26],"product_tag":[],"class_list":{"0":"post-6350","1":"product","2":"type-product","3":"status-publish","4":"has-post-thumbnail","6":"product_brand-engino","7":"product_cat-126","8":"product_cat-43","9":"product_cat-38","10":"product_cat-29","11":"product_cat-37","12":"product_cat-26","13":"desktop-align-left","14":"tablet-align-left","15":"mobile-align-left","17":"first","18":"instock","19":"taxable","20":"shipping-taxable","21":"purchasable","22":"product-type-simple"},"_links":{"self":[{"href":"https:\/\/stem-eshop.gr\/hu\/wp-json\/wp\/v2\/product\/6350","targetHints":{"allow":["GET"]}}],"collection":[{"href":"https:\/\/stem-eshop.gr\/hu\/wp-json\/wp\/v2\/product"}],"about":[{"href":"https:\/\/stem-eshop.gr\/hu\/wp-json\/wp\/v2\/types\/product"}],"replies":[{"embeddable":true,"href":"https:\/\/stem-eshop.gr\/hu\/wp-json\/wp\/v2\/comments?post=6350"}],"wp:featuredmedia":[{"embeddable":true,"href":"https:\/\/stem-eshop.gr\/hu\/wp-json\/wp\/v2\/media\/3980"}],"wp:attachment":[{"href":"https:\/\/stem-eshop.gr\/hu\/wp-json\/wp\/v2\/media?parent=6350"}],"wp:term":[{"taxonomy":"product_brand","embeddable":true,"href":"https:\/\/stem-eshop.gr\/hu\/wp-json\/wp\/v2\/product_brand?post=6350"},{"taxonomy":"product_cat","embeddable":true,"href":"https:\/\/stem-eshop.gr\/hu\/wp-json\/wp\/v2\/product_cat?post=6350"},{"taxonomy":"product_tag","embeddable":true,"href":"https:\/\/stem-eshop.gr\/hu\/wp-json\/wp\/v2\/product_tag?post=6350"}],"curies":[{"name":"wp","href":"https:\/\/api.w.org\/{rel}","templated":true}]}}