{"id":6347,"date":"2025-05-19T07:29:38","date_gmt":"2025-05-19T07:29:38","guid":{"rendered":"https:\/\/stem-eshop.gr\/product\/maxi-memo-%ce%b9%cf%83%cf%8c%cf%84%ce%b7%cf%84%ce%b1\/"},"modified":"2025-09-24T19:30:23","modified_gmt":"2025-09-24T16:30:23","slug":"maxi-memo-%ce%b9%cf%83%cf%8c%cf%84%ce%b7%cf%84%ce%b1","status":"publish","type":"product","link":"https:\/\/stem-eshop.gr\/hu\/termek\/maxi-memo-%ce%b9%cf%83%cf%8c%cf%84%ce%b7%cf%84%ce%b1\/","title":{"rendered":"Maxi feljegyz\u00e9s egyenl\u0151s\u00e9g"},"content":{"rendered":"<p>A gyerekeket arra k\u00e9rik, hogy tal\u00e1lj\u00e1k meg a k\u00e9pp\u00e1rokat, fejlessz\u00e9k mem\u00f3ri\u00e1jukat, mik\u00f6zben az egyenl\u0151s\u00e9gr\u0151l \u00e9s a soksz\u00edn\u0171s\u00e9g tisztelet\u00e9r\u0151l tanulnak. Ezen interakt\u00edv megk\u00f6zel\u00edt\u00e9s r\u00e9v\u00e9n a gyerekek meg\u00e9rtik, hogy minden ember egyenl\u0151 \u00e9s tiszteletet \u00e9rdemel, tulajdons\u00e1gait\u00f3l f\u00fcggetlen\u00fcl.<\/p>\n<p>A j\u00e1t\u00e9k \u00f3vod\u00e1s \u00e9s iskol\u00e1s kor\u00fa gyermekek sz\u00e1m\u00e1ra alkalmas, otthon vagy az iskol\u00e1ban is haszn\u00e1lhat\u00f3, hozz\u00e1j\u00e1rulva olyan \u00e9rt\u00e9kek \u00e1pol\u00e1s\u00e1hoz, mint a szolidarit\u00e1s, a tolerancia \u00e9s a t\u00e1rsadalmi igazs\u00e1goss\u00e1g.<\/p>","protected":false},"excerpt":{"rendered":"<p class=\"MsoNormal\">Az AKROS Educational \u201eMaxi-Memory Equality\u201d j\u00e1t\u00e9ka egy oktat\u00e1si mem\u00f3riaj\u00e1t\u00e9k, amelynek c\u00e9lja az egyenl\u0151s\u00e9g \u00e9s a befogad\u00e1s el\u0151mozd\u00edt\u00e1sa a soksz\u00edn\u0171s\u00e9g elismer\u00e9s\u00e9n kereszt\u00fcl. A j\u00e1t\u00e9k k\u00e1rty\u00e1kat tartalmaz, amelyek k\u00fcl\u00f6nb\u00f6z\u0151 fajokat, etnikumokat, nemeket \u00e9s fogyat\u00e9kkal \u00e9l\u0151ket \u00e1br\u00e1zol\u00f3 k\u00e9pekkel rendelkeznek, hangs\u00falyozva az emberek elfogad\u00e1s\u00e1nak fontoss\u00e1g\u00e1t, k\u00fcl\u00f6nbs\u00e9geikt\u0151l f\u00fcggetlen\u00fcl.<\/p>\n<p class=\"MsoNormal\">Modern mem\u00f3riaj\u00e1t\u00e9k a nemek k\u00f6z\u00f6tti egyenl\u0151s\u00e9g \u00e9rt\u00e9k\u00e9r\u0151l, szakm\u00e1kat \u00e1br\u00e1zolva. 34 db (9\u00d79) cm-es k\u00e1rty\u00e1t tartalmaz. Speci\u00e1lis oktat\u00e1sban is alkalmas.<\/p>","protected":false},"featured_media":3961,"comment_status":"open","ping_status":"closed","template":"","meta":{"site-sidebar-layout":"default","site-content-layout":"","ast-site-content-layout":"default","site-content-style":"default","site-sidebar-style":"default","ast-global-header-display":"","ast-banner-title-visibility":"","ast-main-header-display":"","ast-hfb-above-header-display":"","ast-hfb-below-header-display":"","ast-hfb-mobile-header-display":"","site-post-title":"","ast-breadcrumbs-content":"","ast-featured-img":"","footer-sml-layout":"","ast-disable-related-posts":"","theme-transparent-header-meta":"","adv-header-id-meta":"","stick-header-meta":"","header-above-stick-meta":"","header-main-stick-meta":"","header-below-stick-meta":"","astra-migrate-meta-layouts":"default","ast-page-background-enabled":"default","ast-page-background-meta":{"desktop":{"background-color":"var(--ast-global-color-5)","background-image":"","background-repeat":"repeat","background-position":"center center","background-size":"auto","background-attachment":"scroll","background-type":"","background-media":"","overlay-type":"","overlay-color":"","overlay-opacity":"","overlay-gradient":""},"tablet":{"background-color":"","background-image":"","background-repeat":"repeat","background-position":"center center","background-size":"auto","background-attachment":"scroll","background-type":"","background-media":"","overlay-type":"","overlay-color":"","overlay-opacity":"","overlay-gradient":""},"mobile":{"background-color":"","background-image":"","background-repeat":"repeat","background-position":"center center","background-size":"auto","background-attachment":"scroll","background-type":"","background-media":"","overlay-type":"","overlay-color":"","overlay-opacity":"","overlay-gradient":""}},"ast-content-background-meta":{"desktop":{"background-color":"var(--ast-global-color-4)","background-image":"","background-repeat":"repeat","background-position":"center center","background-size":"auto","background-attachment":"scroll","background-type":"","background-media":"","overlay-type":"","overlay-color":"","overlay-opacity":"","overlay-gradient":""},"tablet":{"background-color":"var(--ast-global-color-4)","background-image":"","background-repeat":"repeat","background-position":"center center","background-size":"auto","background-attachment":"scroll","background-type":"","background-media":"","overlay-type":"","overlay-color":"","overlay-opacity":"","overlay-gradient":""},"mobile":{"background-color":"var(--ast-global-color-4)","background-image":"","background-repeat":"repeat","background-position":"center center","background-size":"auto","background-attachment":"scroll","background-type":"","background-media":"","overlay-type":"","overlay-color":"","overlay-opacity":"","overlay-gradient":""}}},"product_brand":[98],"product_cat":[42,56,47,30,26,48],"product_tag":[],"class_list":{"0":"post-6347","1":"product","2":"type-product","3":"status-publish","4":"has-post-thumbnail","6":"product_brand-akros","7":"product_cat-42","8":"product_cat-56","9":"product_cat-47","10":"product_cat--6-9-","11":"product_cat-26","12":"product_cat-48","13":"desktop-align-left","14":"tablet-align-left","15":"mobile-align-left","17":"first","18":"outofstock","19":"taxable","20":"shipping-taxable","21":"purchasable","22":"product-type-simple"},"_links":{"self":[{"href":"https:\/\/stem-eshop.gr\/hu\/wp-json\/wp\/v2\/product\/6347","targetHints":{"allow":["GET"]}}],"collection":[{"href":"https:\/\/stem-eshop.gr\/hu\/wp-json\/wp\/v2\/product"}],"about":[{"href":"https:\/\/stem-eshop.gr\/hu\/wp-json\/wp\/v2\/types\/product"}],"replies":[{"embeddable":true,"href":"https:\/\/stem-eshop.gr\/hu\/wp-json\/wp\/v2\/comments?post=6347"}],"wp:featuredmedia":[{"embeddable":true,"href":"https:\/\/stem-eshop.gr\/hu\/wp-json\/wp\/v2\/media\/3961"}],"wp:attachment":[{"href":"https:\/\/stem-eshop.gr\/hu\/wp-json\/wp\/v2\/media?parent=6347"}],"wp:term":[{"taxonomy":"product_brand","embeddable":true,"href":"https:\/\/stem-eshop.gr\/hu\/wp-json\/wp\/v2\/product_brand?post=6347"},{"taxonomy":"product_cat","embeddable":true,"href":"https:\/\/stem-eshop.gr\/hu\/wp-json\/wp\/v2\/product_cat?post=6347"},{"taxonomy":"product_tag","embeddable":true,"href":"https:\/\/stem-eshop.gr\/hu\/wp-json\/wp\/v2\/product_tag?post=6347"}],"curies":[{"name":"wp","href":"https:\/\/api.w.org\/{rel}","templated":true}]}}