{"id":6346,"date":"2025-05-19T07:29:36","date_gmt":"2025-05-19T07:29:36","guid":{"rendered":"https:\/\/stem-eshop.gr\/product\/%ce%b5%ce%ba%cf%80%ce%b1%ce%b9%ce%b4%ce%b5%cf%85%cf%84%ce%b9%ce%ba%cf%8c-%cf%80%ce%b1%ce%b9%cf%87%ce%bd%ce%af%ce%b4%ce%b9-%cf%80%cf%81%cf%8c%ce%bb%ce%b7%cf%88%ce%b7-%cf%84%ce%b7%cf%82-%cf%80%ce%b1\/"},"modified":"2025-11-19T11:12:25","modified_gmt":"2025-11-19T08:12:25","slug":"%ce%b5%ce%ba%cf%80%ce%b1%ce%b9%ce%b4%ce%b5%cf%85%cf%84%ce%b9%ce%ba%cf%8c-%cf%80%ce%b1%ce%b9%cf%87%ce%bd%ce%af%ce%b4%ce%b9-%cf%80%cf%81%cf%8c%ce%bb%ce%b7%cf%88%ce%b7-%cf%84%ce%b7%cf%82-%cf%80%ce%b1","status":"publish","type":"product","link":"https:\/\/stem-eshop.gr\/hu\/termek\/%ce%b5%ce%ba%cf%80%ce%b1%ce%b9%ce%b4%ce%b5%cf%85%cf%84%ce%b9%ce%ba%cf%8c-%cf%80%ce%b1%ce%b9%cf%87%ce%bd%ce%af%ce%b4%ce%b9-%cf%80%cf%81%cf%8c%ce%bb%ce%b7%cf%88%ce%b7-%cf%84%ce%b7%cf%82-%cf%80%ce%b1\/","title":{"rendered":"Oktat\u00f3j\u00e1t\u00e9k - Zaklat\u00e1s \u00e9s zaklat\u00e1s megel\u0151z\u00e9se"},"content":{"rendered":"<\/p>\n<p class=\"MsoNormal\">K\u00e1rty\u00e1kb\u00f3l \u00e9s tev\u00e9kenys\u00e9gekb\u0151l \u00e1ll, amelyek zaklat\u00e1si helyzeteket vagy pozit\u00edv t\u00e1rsas viselked\u00e9st \u00e1br\u00e1zolnak. A gyerekeket arra k\u00e9rik, hogy azonos\u00edts\u00e1k a negat\u00edv \u00e9s pozit\u00edv cselekedeteket, besz\u00e9lj\u00e9k meg, hogyan \u00e9rzik magukat a k\u00e1rty\u00e1kon szerepl\u0151 szerepl\u0151k, \u00e9s javasoljanak megold\u00e1sokat a zaklat\u00e1si helyzetek kezel\u00e9s\u00e9re. A j\u00e1t\u00e9k emp\u00e1ti\u00e1ra, egy\u00fcttm\u0171k\u00f6d\u00e9sre \u00e9s konfliktuskezel\u00e9sre \u00f6szt\u00f6n\u00f6z.<\/p>\n<p class=\"MsoNormal\">5 k\u00e1rtyak\u00e9szletet tartalmaz esem\u00e9nysorokkal. C\u00e9ljuk, hogy megtan\u00edts\u00e1k a gyerekeknek, hogyan el\u0151zz\u00e9k meg a zaklat\u00e1sos helyzeteket, miel\u0151tt azok bek\u00f6vetkezn\u00e9nek, \u00e9s strat\u00e9gi\u00e1kat adjanak nekik a zaklat\u00e1s kezel\u00e9s\u00e9re.<\/p>\n<\/p>\n<p class=\"MsoNormal\">Ez a j\u00e1t\u00e9k \u00f3vod\u00e1skor\u00fa \u00e9s iskol\u00e1skor\u00fa gyermekek sz\u00e1m\u00e1ra alkalmas, \u00e9s tan\u00e1rok, valamint sz\u00fcl\u0151k egyar\u00e1nt haszn\u00e1lhatj\u00e1k egy biztons\u00e1gos \u00e9s eg\u00e9szs\u00e9ges iskolai k\u00f6rnyezet el\u0151seg\u00edt\u00e9s\u00e9re, ahol a tisztelet \u00e9s a szolidarit\u00e1s a f\u0151 \u00e9rt\u00e9kek.<\/p><\/p>","protected":false},"excerpt":{"rendered":"<p>Az AKROS Educational \u201eA zaklat\u00e1s \u00e9s a b\u00e1ntalmaz\u00e1s megel\u0151z\u00e9se\u201d c\u00edm\u0171 oktat\u00f3j\u00e1t\u00e9ka seg\u00edt a gyerekeknek meg\u00e9rteni, mi a zaklat\u00e1s \u00e9s a b\u00e1ntalmaz\u00e1s, valamint megtanulni, hogyan el\u0151zhetik meg \u00e9s kezelhetik azokat. A j\u00e1t\u00e9k egy biztons\u00e1gos \u00e9s interakt\u00edv m\u00f3dszert k\u00edn\u00e1l, amelyen kereszt\u00fcl a gyerekek felismerik a zaklat\u00e1ssal kapcsolatos viselked\u00e9seket, \u00e9s megtanulj\u00e1k, hogyan reag\u00e1ljanak megfelel\u0151en.<\/p>","protected":false},"featured_media":3957,"comment_status":"open","ping_status":"closed","template":"","meta":{"site-sidebar-layout":"default","site-content-layout":"","ast-site-content-layout":"default","site-content-style":"default","site-sidebar-style":"default","ast-global-header-display":"","ast-banner-title-visibility":"","ast-main-header-display":"","ast-hfb-above-header-display":"","ast-hfb-below-header-display":"","ast-hfb-mobile-header-display":"","site-post-title":"","ast-breadcrumbs-content":"","ast-featured-img":"","footer-sml-layout":"","ast-disable-related-posts":"","theme-transparent-header-meta":"","adv-header-id-meta":"","stick-header-meta":"","header-above-stick-meta":"","header-main-stick-meta":"","header-below-stick-meta":"","astra-migrate-meta-layouts":"default","ast-page-background-enabled":"default","ast-page-background-meta":{"desktop":{"background-color":"var(--ast-global-color-5)","background-image":"","background-repeat":"repeat","background-position":"center center","background-size":"auto","background-attachment":"scroll","background-type":"","background-media":"","overlay-type":"","overlay-color":"","overlay-opacity":"","overlay-gradient":""},"tablet":{"background-color":"","background-image":"","background-repeat":"repeat","background-position":"center center","background-size":"auto","background-attachment":"scroll","background-type":"","background-media":"","overlay-type":"","overlay-color":"","overlay-opacity":"","overlay-gradient":""},"mobile":{"background-color":"","background-image":"","background-repeat":"repeat","background-position":"center center","background-size":"auto","background-attachment":"scroll","background-type":"","background-media":"","overlay-type":"","overlay-color":"","overlay-opacity":"","overlay-gradient":""}},"ast-content-background-meta":{"desktop":{"background-color":"var(--ast-global-color-4)","background-image":"","background-repeat":"repeat","background-position":"center center","background-size":"auto","background-attachment":"scroll","background-type":"","background-media":"","overlay-type":"","overlay-color":"","overlay-opacity":"","overlay-gradient":""},"tablet":{"background-color":"var(--ast-global-color-4)","background-image":"","background-repeat":"repeat","background-position":"center center","background-size":"auto","background-attachment":"scroll","background-type":"","background-media":"","overlay-type":"","overlay-color":"","overlay-opacity":"","overlay-gradient":""},"mobile":{"background-color":"var(--ast-global-color-4)","background-image":"","background-repeat":"repeat","background-position":"center center","background-size":"auto","background-attachment":"scroll","background-type":"","background-media":"","overlay-type":"","overlay-color":"","overlay-opacity":"","overlay-gradient":""}}},"product_brand":[98],"product_cat":[42,44,38,56,30,26,48],"product_tag":[],"class_list":{"0":"post-6346","1":"product","2":"type-product","3":"status-publish","4":"has-post-thumbnail","6":"product_brand-akros","7":"product_cat-42","8":"product_cat-44","9":"product_cat-38","10":"product_cat-56","11":"product_cat--6-9-","12":"product_cat-26","13":"product_cat-48","14":"desktop-align-left","15":"tablet-align-left","16":"mobile-align-left","18":"first","19":"instock","20":"taxable","21":"shipping-taxable","22":"purchasable","23":"product-type-simple"},"_links":{"self":[{"href":"https:\/\/stem-eshop.gr\/hu\/wp-json\/wp\/v2\/product\/6346","targetHints":{"allow":["GET"]}}],"collection":[{"href":"https:\/\/stem-eshop.gr\/hu\/wp-json\/wp\/v2\/product"}],"about":[{"href":"https:\/\/stem-eshop.gr\/hu\/wp-json\/wp\/v2\/types\/product"}],"replies":[{"embeddable":true,"href":"https:\/\/stem-eshop.gr\/hu\/wp-json\/wp\/v2\/comments?post=6346"}],"wp:featuredmedia":[{"embeddable":true,"href":"https:\/\/stem-eshop.gr\/hu\/wp-json\/wp\/v2\/media\/3957"}],"wp:attachment":[{"href":"https:\/\/stem-eshop.gr\/hu\/wp-json\/wp\/v2\/media?parent=6346"}],"wp:term":[{"taxonomy":"product_brand","embeddable":true,"href":"https:\/\/stem-eshop.gr\/hu\/wp-json\/wp\/v2\/product_brand?post=6346"},{"taxonomy":"product_cat","embeddable":true,"href":"https:\/\/stem-eshop.gr\/hu\/wp-json\/wp\/v2\/product_cat?post=6346"},{"taxonomy":"product_tag","embeddable":true,"href":"https:\/\/stem-eshop.gr\/hu\/wp-json\/wp\/v2\/product_tag?post=6346"}],"curies":[{"name":"wp","href":"https:\/\/api.w.org\/{rel}","templated":true}]}}