{"id":6344,"date":"2025-05-19T07:29:34","date_gmt":"2025-05-19T07:29:34","guid":{"rendered":"https:\/\/stem-eshop.gr\/product\/%ce%b5%ce%be%cf%85%cf%80%ce%bd%ce%bf%cf%8d%ce%bb%ce%b7%cf%82-%ce%b5%ce%ba%cf%80%ce%b1%ce%b9%ce%b4%ce%b5%cf%85%cf%84%ce%b9%ce%ba%cf%8c-%cf%80%ce%b1%ce%b9%cf%87%ce%bd%ce%af%ce%b4%ce%b9-%ce%bc%ce%ae\/"},"modified":"2025-05-22T21:13:25","modified_gmt":"2025-05-22T18:13:25","slug":"%ce%b5%ce%be%cf%85%cf%80%ce%bd%ce%bf%cf%8d%ce%bb%ce%b7%cf%82-%ce%b5%ce%ba%cf%80%ce%b1%ce%b9%ce%b4%ce%b5%cf%85%cf%84%ce%b9%ce%ba%cf%8c-%cf%80%ce%b1%ce%b9%cf%87%ce%bd%ce%af%ce%b4%ce%b9-%ce%bc%ce%ae","status":"publish","type":"product","link":"https:\/\/stem-eshop.gr\/hu\/termek\/%ce%b5%ce%be%cf%85%cf%80%ce%bd%ce%bf%cf%8d%ce%bb%ce%b7%cf%82-%ce%b5%ce%ba%cf%80%ce%b1%ce%b9%ce%b4%ce%b5%cf%85%cf%84%ce%b9%ce%ba%cf%8c-%cf%80%ce%b1%ce%b9%cf%87%ce%bd%ce%af%ce%b4%ce%b9-%ce%bc%ce%ae\/","title":{"rendered":"Okos oktat\u00f3j\u00e1t\u00e9k h\u00f3napok \u00e9s \u00e9vszakok"},"content":{"rendered":"<p class=\"MsoNormal\">A j\u00e1t\u00e9kon kereszt\u00fcl a gyerekek megismerik az egyes h\u00f3napokra jellemz\u0151 gy\u00fcm\u00f6lcs\u00f6ket, tev\u00e9kenys\u00e9geket \u00e9s k\u00fcl\u00f6nleges pillanatokat, valamint meg\u00e9rtik a 4 \u00e9vszak k\u00f6z\u00f6tti k\u00fcl\u00f6nbs\u00e9geket. Melyik h\u00f3nap a kar\u00e1csony, a h\u00fasv\u00e9t, a farsang \u00e9s az \u00fcnnepek? A gyermek mindent a lehet\u0151 legsz\u00f3rakoztat\u00f3bb m\u00f3don fedez fel. A j\u00e1t\u00e9k \u00f6njav\u00edt\u00f3 m\u00f3dszerrel rendelkezik, amely lehet\u0151v\u00e9 teszi a gyermek sz\u00e1m\u00e1ra, hogy feln\u0151tt seg\u00edts\u00e9ge n\u00e9lk\u00fcl ellen\u0151rizze, helyesen v\u00e1laszolt-e.\u00a0<\/p>\n<\/p>\n<p class=\"MsoNormal\">Ez a j\u00e1t\u00e9k seg\u00edt a gyermeknek a k\u00f6vetkez\u0151 k\u00e9szs\u00e9gek fejleszt\u00e9s\u00e9ben \u00e9s elsaj\u00e1t\u00edt\u00e1s\u00e1ban:<\/p>\n<p>Az id\u0151 fogalma<\/p>\n<p>Tev\u00e9kenys\u00e9gek \u00e9vszakokhoz \u00e9s h\u00f3napokhoz kapcsol\u00e1sa<\/p>\n<p>Logika \u00e9s megfigyel\u00e9s<\/p>\n<p class=\"MsoNormal\" style=\"margin-left:18pt\">T\u00e1rgyak \u00e9s helyzetek felismer\u00e9se, asszoci\u00e1ci\u00f3ja, kategoriz\u00e1l\u00e1sa<\/p>\n<p>Tud\u00e1s a vil\u00e1g meg\u00e9rt\u00e9s\u00e9hez<\/p>\n<p class=\"MsoNormal\" style=\"margin-left:18pt\">Az \u00e9v h\u00f3napjainak \u00e9s \u00e9vszakainak tanul\u00e1sa<\/p>\n<p class=\"MsoNormal\" style=\"margin-left:18pt\">Az egyes h\u00f3napok \u00e9s \u00e9vszakok k\u00fcl\u00f6nleges jellemz\u0151inek azonos\u00edt\u00e1sa<\/p>\n<p>Olvas\u00e1s \u00e9s \u00edr\u00e1s<\/p>\n<p class=\"MsoNormal\" style=\"margin-left:18pt\">Sz\u00f6veg \u00e9s k\u00e9pek meg\u00e9rt\u00e9se<\/p>\n<p class=\"MsoNormal\" style=\"margin-left:18pt\">Idegen nyelv<\/p>\n<p class=\"MsoNormal\" style=\"margin-left:18pt\">A h\u00f3napok \u00e9s \u00e9vszakok angol nev\u00e9nek megtanul\u00e1sa<\/p>\n<p>Motoros k\u00e9szs\u00e9gek<\/p>\n<p class=\"MsoNormal\" style=\"margin-left:18pt\">K\u00e9z- \u00e9s motoros k\u00e9szs\u00e9gek fejleszt\u00e9se<\/p>\n<p class=\"MsoNormal\" style=\"margin-left:18pt\">J\u00e1t\u00e9keszk\u00f6z\u00f6k haszn\u00e1lata<\/p>\n<p>T\u00e1rsas\u00e1gkedvel\u00e9s<\/p>\n<p class=\"MsoNormal\" style=\"margin-left:18pt\">Meghallgat\u00e1s<\/p>\n<p class=\"MsoNormal\" style=\"margin-left:18pt\">Egy\u00fcttm\u0171k\u00f6d\u00e9s \u00e9s csapatmunka<\/p>\n<p class=\"MsoNormal\" style=\"margin-left:18pt\">A j\u00e1t\u00e9kszab\u00e1lyok tiszteletben tart\u00e1sa<\/p>\n<p class=\"MsoNormal\" style=\"margin-left:18pt\">\u00c9rzelmek kezel\u00e9se<\/p>\n<p>Mem\u00f3ria<\/p>\n<p>Kreativit\u00e1s \u00e9s k\u00e9pzel\u0151er\u0151<\/p><\/p>","protected":false},"excerpt":{"rendered":"<p class=\"MsoNormal\">H\u00e1ny \u00e9s milyen \u00e9vszak van? H\u00e1ny \u00e9s milyen h\u00f3napja van az \u00e9vnek? Milyen gy\u00fcm\u00f6lcs\u00f6k vannak, milyen tev\u00e9kenys\u00e9gek jellemzik az egyes h\u00f3napokat? Melyik h\u00f3nap a kar\u00e1csony, a h\u00fasv\u00e9t, a farsang, az iskolai vizsg\u00e1k? A H\u00f3napok \u00e9s \u00e9vszakok egy kellemes ismeretterjeszt\u0151 j\u00e1t\u00e9k! Egy sz\u00f3rakoztat\u00f3 oktat\u00f3j\u00e1t\u00e9k 5 \u00e9ves \u00e9s ann\u00e1l id\u0151sebb gyermekek sz\u00e1m\u00e1ra.<\/p><\/p>","protected":false},"featured_media":3945,"comment_status":"open","ping_status":"closed","template":"","meta":{"site-sidebar-layout":"default","site-content-layout":"","ast-site-content-layout":"default","site-content-style":"default","site-sidebar-style":"default","ast-global-header-display":"","ast-banner-title-visibility":"","ast-main-header-display":"","ast-hfb-above-header-display":"","ast-hfb-below-header-display":"","ast-hfb-mobile-header-display":"","site-post-title":"","ast-breadcrumbs-content":"","ast-featured-img":"","footer-sml-layout":"","ast-disable-related-posts":"","theme-transparent-header-meta":"","adv-header-id-meta":"","stick-header-meta":"","header-above-stick-meta":"","header-main-stick-meta":"","header-below-stick-meta":"","astra-migrate-meta-layouts":"default","ast-page-background-enabled":"default","ast-page-background-meta":{"desktop":{"background-color":"var(--ast-global-color-5)","background-image":"","background-repeat":"repeat","background-position":"center center","background-size":"auto","background-attachment":"scroll","background-type":"","background-media":"","overlay-type":"","overlay-color":"","overlay-opacity":"","overlay-gradient":""},"tablet":{"background-color":"","background-image":"","background-repeat":"repeat","background-position":"center center","background-size":"auto","background-attachment":"scroll","background-type":"","background-media":"","overlay-type":"","overlay-color":"","overlay-opacity":"","overlay-gradient":""},"mobile":{"background-color":"","background-image":"","background-repeat":"repeat","background-position":"center center","background-size":"auto","background-attachment":"scroll","background-type":"","background-media":"","overlay-type":"","overlay-color":"","overlay-opacity":"","overlay-gradient":""}},"ast-content-background-meta":{"desktop":{"background-color":"var(--ast-global-color-4)","background-image":"","background-repeat":"repeat","background-position":"center center","background-size":"auto","background-attachment":"scroll","background-type":"","background-media":"","overlay-type":"","overlay-color":"","overlay-opacity":"","overlay-gradient":""},"tablet":{"background-color":"var(--ast-global-color-4)","background-image":"","background-repeat":"repeat","background-position":"center center","background-size":"auto","background-attachment":"scroll","background-type":"","background-media":"","overlay-type":"","overlay-color":"","overlay-opacity":"","overlay-gradient":""},"mobile":{"background-color":"var(--ast-global-color-4)","background-image":"","background-repeat":"repeat","background-position":"center center","background-size":"auto","background-attachment":"scroll","background-type":"","background-media":"","overlay-type":"","overlay-color":"","overlay-opacity":"","overlay-gradient":""}}},"product_brand":[112],"product_cat":[42,43,39,49,38,56,47,30,26],"product_tag":[],"class_list":{"0":"post-6344","1":"product","2":"type-product","3":"status-publish","4":"has-post-thumbnail","6":"product_brand-eksipnoulis","7":"product_cat-42","8":"product_cat-43","9":"product_cat-39","10":"product_cat-49","11":"product_cat-38","12":"product_cat-56","13":"product_cat-47","14":"product_cat--6-9-","15":"product_cat-26","16":"desktop-align-left","17":"tablet-align-left","18":"mobile-align-left","20":"first","21":"instock","22":"taxable","23":"shipping-taxable","24":"purchasable","25":"product-type-simple"},"_links":{"self":[{"href":"https:\/\/stem-eshop.gr\/hu\/wp-json\/wp\/v2\/product\/6344","targetHints":{"allow":["GET"]}}],"collection":[{"href":"https:\/\/stem-eshop.gr\/hu\/wp-json\/wp\/v2\/product"}],"about":[{"href":"https:\/\/stem-eshop.gr\/hu\/wp-json\/wp\/v2\/types\/product"}],"replies":[{"embeddable":true,"href":"https:\/\/stem-eshop.gr\/hu\/wp-json\/wp\/v2\/comments?post=6344"}],"wp:featuredmedia":[{"embeddable":true,"href":"https:\/\/stem-eshop.gr\/hu\/wp-json\/wp\/v2\/media\/3945"}],"wp:attachment":[{"href":"https:\/\/stem-eshop.gr\/hu\/wp-json\/wp\/v2\/media?parent=6344"}],"wp:term":[{"taxonomy":"product_brand","embeddable":true,"href":"https:\/\/stem-eshop.gr\/hu\/wp-json\/wp\/v2\/product_brand?post=6344"},{"taxonomy":"product_cat","embeddable":true,"href":"https:\/\/stem-eshop.gr\/hu\/wp-json\/wp\/v2\/product_cat?post=6344"},{"taxonomy":"product_tag","embeddable":true,"href":"https:\/\/stem-eshop.gr\/hu\/wp-json\/wp\/v2\/product_tag?post=6344"}],"curies":[{"name":"wp","href":"https:\/\/api.w.org\/{rel}","templated":true}]}}