{"id":6340,"date":"2025-05-19T07:29:28","date_gmt":"2025-05-19T07:29:28","guid":{"rendered":"https:\/\/stem-eshop.gr\/product\/%ce%be%cf%8d%ce%bb%ce%b9%ce%bd%ce%bf-%ce%bc%ce%b1%ce%b8%ce%b7%ce%bc%ce%b1%cf%84%ce%b9%ce%ba%cf%8c-%cf%80%ce%b1%ce%b9%cf%87%ce%bd%ce%af%ce%b4%ce%b9-montessori-%ce%b3%ce%b9%ce%b1-%cf%80%ce%b1%ce%b9\/"},"modified":"2025-05-22T07:41:41","modified_gmt":"2025-05-22T07:41:41","slug":"%ce%be%cf%8d%ce%bb%ce%b9%ce%bd%ce%bf-%ce%bc%ce%b1%ce%b8%ce%b7%ce%bc%ce%b1%cf%84%ce%b9%ce%ba%cf%8c-%cf%80%ce%b1%ce%b9%cf%87%ce%bd%ce%af%ce%b4%ce%b9-montessori-%ce%b3%ce%b9%ce%b1-%cf%80%ce%b1%ce%b9","status":"publish","type":"product","link":"https:\/\/stem-eshop.gr\/hu\/termek\/%ce%be%cf%8d%ce%bb%ce%b9%ce%bd%ce%bf-%ce%bc%ce%b1%ce%b8%ce%b7%ce%bc%ce%b1%cf%84%ce%b9%ce%ba%cf%8c-%cf%80%ce%b1%ce%b9%cf%87%ce%bd%ce%af%ce%b4%ce%b9-montessori-%ce%b3%ce%b9%ce%b1-%cf%80%ce%b1%ce%b9\/","title":{"rendered":"Montessori fa matematikai j\u00e1t\u00e9k gyerekeknek \u2013 sz\u00e1mfelismer\u0151 \u00e9s sz\u00e1mol\u00f3 t\u00e1bla"},"content":{"rendered":"<p>A j\u00e1t\u00e9k tartalmaz egy sz\u00e1mozott mez\u0151kkel ell\u00e1tott t\u00e1bl\u00e1t, ahov\u00e1 a gyerekek a sz\u00e1moknak megfelel\u0151 fa digit\u00e1lis k\u00e1rty\u00e1kat \u00e9s gy\u00f6ngy\u00f6ket helyezhetnek el.<\/p>\n<p>A gyerekek megtanulj\u00e1k felismerni \u00e9s a t\u00e1bl\u00e1n a megfelel\u0151 helyre elhelyezni a sz\u00e1mokat.<\/p>\n<p>Seg\u00edt a gyerekeknek elsaj\u00e1t\u00edtani a sz\u00e1mol\u00e1s fogalm\u00e1t az\u00e1ltal, hogy megsz\u00e1molj\u00e1k \u00e9s minden poz\u00edci\u00f3ban a megfelel\u0151 sz\u00e1m\u00fa gy\u00f6ngy\u00f6t p\u00e1ros\u00edtj\u00e1k.<\/p>\n<p>A j\u00e1t\u00e9k el\u0151seg\u00edti az alapvet\u0151 matematikai fogalmak, p\u00e9ld\u00e1ul a nagyobb\/kisebb \u00e9s a mennyis\u00e9gek \u00f6sszehasonl\u00edt\u00e1s\u00e1nak meg\u00e9rt\u00e9s\u00e9t.<\/p>","protected":false},"excerpt":{"rendered":"<p>Ez a Montessori oktat\u00f3j\u00e1t\u00e9k ide\u00e1lis a matematikai alapfogalmak \u00e9s a sz\u00e1mfelismer\u00e9s tan\u00edt\u00e1s\u00e1hoz kisgyermekek sz\u00e1m\u00e1ra. A sz\u00e1mol\u00e1si k\u00e9szs\u00e9gek \u00e9s a logikus gondolkod\u00e1s fejleszt\u00e9s\u00e9re tervezett j\u00e1t\u00e9k sz\u00f3rakoztat\u00f3 \u00e9s interakt\u00edv tanul\u00e1si \u00e9lm\u00e9nyt ny\u00fajt.<\/p>","protected":false},"featured_media":3929,"comment_status":"open","ping_status":"closed","template":"","meta":{"site-sidebar-layout":"default","site-content-layout":"","ast-site-content-layout":"default","site-content-style":"default","site-sidebar-style":"default","ast-global-header-display":"","ast-banner-title-visibility":"","ast-main-header-display":"","ast-hfb-above-header-display":"","ast-hfb-below-header-display":"","ast-hfb-mobile-header-display":"","site-post-title":"","ast-breadcrumbs-content":"","ast-featured-img":"","footer-sml-layout":"","ast-disable-related-posts":"","theme-transparent-header-meta":"","adv-header-id-meta":"","stick-header-meta":"","header-above-stick-meta":"","header-main-stick-meta":"","header-below-stick-meta":"","astra-migrate-meta-layouts":"default","ast-page-background-enabled":"default","ast-page-background-meta":{"desktop":{"background-color":"var(--ast-global-color-5)","background-image":"","background-repeat":"repeat","background-position":"center center","background-size":"auto","background-attachment":"scroll","background-type":"","background-media":"","overlay-type":"","overlay-color":"","overlay-opacity":"","overlay-gradient":""},"tablet":{"background-color":"","background-image":"","background-repeat":"repeat","background-position":"center center","background-size":"auto","background-attachment":"scroll","background-type":"","background-media":"","overlay-type":"","overlay-color":"","overlay-opacity":"","overlay-gradient":""},"mobile":{"background-color":"","background-image":"","background-repeat":"repeat","background-position":"center center","background-size":"auto","background-attachment":"scroll","background-type":"","background-media":"","overlay-type":"","overlay-color":"","overlay-opacity":"","overlay-gradient":""}},"ast-content-background-meta":{"desktop":{"background-color":"var(--ast-global-color-4)","background-image":"","background-repeat":"repeat","background-position":"center center","background-size":"auto","background-attachment":"scroll","background-type":"","background-media":"","overlay-type":"","overlay-color":"","overlay-opacity":"","overlay-gradient":""},"tablet":{"background-color":"var(--ast-global-color-4)","background-image":"","background-repeat":"repeat","background-position":"center center","background-size":"auto","background-attachment":"scroll","background-type":"","background-media":"","overlay-type":"","overlay-color":"","overlay-opacity":"","overlay-gradient":""},"mobile":{"background-color":"var(--ast-global-color-4)","background-image":"","background-repeat":"repeat","background-position":"center center","background-size":"auto","background-attachment":"scroll","background-type":"","background-media":"","overlay-type":"","overlay-color":"","overlay-opacity":"","overlay-gradient":""}}},"product_brand":[107],"product_cat":[43,39,50,56,47,37,30,55,26],"product_tag":[],"class_list":{"0":"post-6340","1":"product","2":"type-product","3":"status-publish","4":"has-post-thumbnail","6":"product_brand-ngs","7":"product_cat-43","8":"product_cat-39","9":"product_cat-50","10":"product_cat-56","11":"product_cat-47","12":"product_cat-37","13":"product_cat--6-9-","14":"product_cat-55","15":"product_cat-26","16":"desktop-align-left","17":"tablet-align-left","18":"mobile-align-left","20":"first","21":"instock","22":"taxable","23":"shipping-taxable","24":"purchasable","25":"product-type-simple"},"_links":{"self":[{"href":"https:\/\/stem-eshop.gr\/hu\/wp-json\/wp\/v2\/product\/6340","targetHints":{"allow":["GET"]}}],"collection":[{"href":"https:\/\/stem-eshop.gr\/hu\/wp-json\/wp\/v2\/product"}],"about":[{"href":"https:\/\/stem-eshop.gr\/hu\/wp-json\/wp\/v2\/types\/product"}],"replies":[{"embeddable":true,"href":"https:\/\/stem-eshop.gr\/hu\/wp-json\/wp\/v2\/comments?post=6340"}],"wp:featuredmedia":[{"embeddable":true,"href":"https:\/\/stem-eshop.gr\/hu\/wp-json\/wp\/v2\/media\/3929"}],"wp:attachment":[{"href":"https:\/\/stem-eshop.gr\/hu\/wp-json\/wp\/v2\/media?parent=6340"}],"wp:term":[{"taxonomy":"product_brand","embeddable":true,"href":"https:\/\/stem-eshop.gr\/hu\/wp-json\/wp\/v2\/product_brand?post=6340"},{"taxonomy":"product_cat","embeddable":true,"href":"https:\/\/stem-eshop.gr\/hu\/wp-json\/wp\/v2\/product_cat?post=6340"},{"taxonomy":"product_tag","embeddable":true,"href":"https:\/\/stem-eshop.gr\/hu\/wp-json\/wp\/v2\/product_tag?post=6340"}],"curies":[{"name":"wp","href":"https:\/\/api.w.org\/{rel}","templated":true}]}}