{"id":6327,"date":"2025-05-19T07:28:59","date_gmt":"2025-05-19T07:28:59","guid":{"rendered":"https:\/\/stem-eshop.gr\/product\/%ce%be%cf%8d%ce%bb%ce%b9%ce%bd%ce%bf-%ce%b5%ce%ba%cf%80%ce%b1%ce%b9%ce%b4%ce%b5%cf%85%cf%84%ce%b9%ce%ba%cf%8c-%cf%80%ce%b1%ce%b9%cf%87%ce%bd%ce%af%ce%b4%ce%b9-%cf%80%ce%b1%ce%b6%ce%bb\/"},"modified":"2025-05-22T07:41:43","modified_gmt":"2025-05-22T07:41:43","slug":"%ce%be%cf%8d%ce%bb%ce%b9%ce%bd%ce%bf-%ce%b5%ce%ba%cf%80%ce%b1%ce%b9%ce%b4%ce%b5%cf%85%cf%84%ce%b9%ce%ba%cf%8c-%cf%80%ce%b1%ce%b9%cf%87%ce%bd%ce%af%ce%b4%ce%b9-%cf%80%ce%b1%ce%b6%ce%bb","status":"publish","type":"product","link":"https:\/\/stem-eshop.gr\/hu\/termek\/%ce%be%cf%8d%ce%bb%ce%b9%ce%bd%ce%bf-%ce%b5%ce%ba%cf%80%ce%b1%ce%b9%ce%b4%ce%b5%cf%85%cf%84%ce%b9%ce%ba%cf%8c-%cf%80%ce%b1%ce%b9%cf%87%ce%bd%ce%af%ce%b4%ce%b9-%cf%80%ce%b1%ce%b6%ce%bb\/","title":{"rendered":"Fa oktat\u00f3 kirak\u00f3s j\u00e1t\u00e9k"},"content":{"rendered":"<p>A j\u00e1t\u00e9k tartalmaz egy sz\u00ednes k\u00f6r\u00f6kkel ell\u00e1tott t\u00e1bl\u00e1t, amely seg\u00edt a gyerekeknek fejleszteni a sz\u00ednfelismer\u00e9st, a k\u00e9z-szem koordin\u00e1ci\u00f3t \u00e9s a logikus gondolkod\u00e1st.<\/p>\n<p>A kirak\u00f3s j\u00e1t\u00e9k \u00f6tv\u00f6zi a sz\u00f3rakoz\u00e1st az oktat\u00e1ssal, interakt\u00edv \u00e9lm\u00e9nyt ny\u00fajtva, amely el\u0151seg\u00edti a gyermek fejl\u0151d\u00e9s\u00e9t.<\/p>\n<p>A gyermeket arra \u00f6szt\u00f6nzik, hogy haszn\u00e1lja a k\u00e9pzelet\u00e9t \u00e9s a kreativit\u00e1s\u00e1t a kirak\u00f3 \u00f6sszerak\u00e1s\u00e1hoz. Ez siker\u00e9lm\u00e9nyt ad \u00e9s n\u00f6veli az \u00f6nbizalmukat.<\/p>","protected":false},"excerpt":{"rendered":"<p>A kisgyermekek sz\u00e1m\u00e1ra tervezett kirak\u00f3 seg\u00edt fejleszteni az alapvet\u0151 k\u00e9szs\u00e9geket, mint p\u00e9ld\u00e1ul a forma- \u00e9s sz\u00ednfelismer\u00e9s, a logikus gondolkod\u00e1s \u00e9s a probl\u00e9mamegold\u00e1s.<\/p>","protected":false},"featured_media":3860,"comment_status":"open","ping_status":"closed","template":"","meta":{"site-sidebar-layout":"default","site-content-layout":"","ast-site-content-layout":"default","site-content-style":"default","site-sidebar-style":"default","ast-global-header-display":"","ast-banner-title-visibility":"","ast-main-header-display":"","ast-hfb-above-header-display":"","ast-hfb-below-header-display":"","ast-hfb-mobile-header-display":"","site-post-title":"","ast-breadcrumbs-content":"","ast-featured-img":"","footer-sml-layout":"","ast-disable-related-posts":"","theme-transparent-header-meta":"","adv-header-id-meta":"","stick-header-meta":"","header-above-stick-meta":"","header-main-stick-meta":"","header-below-stick-meta":"","astra-migrate-meta-layouts":"default","ast-page-background-enabled":"default","ast-page-background-meta":{"desktop":{"background-color":"var(--ast-global-color-5)","background-image":"","background-repeat":"repeat","background-position":"center center","background-size":"auto","background-attachment":"scroll","background-type":"","background-media":"","overlay-type":"","overlay-color":"","overlay-opacity":"","overlay-gradient":""},"tablet":{"background-color":"","background-image":"","background-repeat":"repeat","background-position":"center center","background-size":"auto","background-attachment":"scroll","background-type":"","background-media":"","overlay-type":"","overlay-color":"","overlay-opacity":"","overlay-gradient":""},"mobile":{"background-color":"","background-image":"","background-repeat":"repeat","background-position":"center center","background-size":"auto","background-attachment":"scroll","background-type":"","background-media":"","overlay-type":"","overlay-color":"","overlay-opacity":"","overlay-gradient":""}},"ast-content-background-meta":{"desktop":{"background-color":"var(--ast-global-color-4)","background-image":"","background-repeat":"repeat","background-position":"center center","background-size":"auto","background-attachment":"scroll","background-type":"","background-media":"","overlay-type":"","overlay-color":"","overlay-opacity":"","overlay-gradient":""},"tablet":{"background-color":"var(--ast-global-color-4)","background-image":"","background-repeat":"repeat","background-position":"center center","background-size":"auto","background-attachment":"scroll","background-type":"","background-media":"","overlay-type":"","overlay-color":"","overlay-opacity":"","overlay-gradient":""},"mobile":{"background-color":"var(--ast-global-color-4)","background-image":"","background-repeat":"repeat","background-position":"center center","background-size":"auto","background-attachment":"scroll","background-type":"","background-media":"","overlay-type":"","overlay-color":"","overlay-opacity":"","overlay-gradient":""}}},"product_brand":[107],"product_cat":[43,39,50,56,47,37,30,55,26],"product_tag":[],"class_list":{"0":"post-6327","1":"product","2":"type-product","3":"status-publish","4":"has-post-thumbnail","6":"product_brand-ngs","7":"product_cat-43","8":"product_cat-39","9":"product_cat-50","10":"product_cat-56","11":"product_cat-47","12":"product_cat-37","13":"product_cat--6-9-","14":"product_cat-55","15":"product_cat-26","16":"desktop-align-left","17":"tablet-align-left","18":"mobile-align-left","20":"first","21":"instock","22":"taxable","23":"shipping-taxable","24":"purchasable","25":"product-type-simple"},"_links":{"self":[{"href":"https:\/\/stem-eshop.gr\/hu\/wp-json\/wp\/v2\/product\/6327","targetHints":{"allow":["GET"]}}],"collection":[{"href":"https:\/\/stem-eshop.gr\/hu\/wp-json\/wp\/v2\/product"}],"about":[{"href":"https:\/\/stem-eshop.gr\/hu\/wp-json\/wp\/v2\/types\/product"}],"replies":[{"embeddable":true,"href":"https:\/\/stem-eshop.gr\/hu\/wp-json\/wp\/v2\/comments?post=6327"}],"wp:featuredmedia":[{"embeddable":true,"href":"https:\/\/stem-eshop.gr\/hu\/wp-json\/wp\/v2\/media\/3860"}],"wp:attachment":[{"href":"https:\/\/stem-eshop.gr\/hu\/wp-json\/wp\/v2\/media?parent=6327"}],"wp:term":[{"taxonomy":"product_brand","embeddable":true,"href":"https:\/\/stem-eshop.gr\/hu\/wp-json\/wp\/v2\/product_brand?post=6327"},{"taxonomy":"product_cat","embeddable":true,"href":"https:\/\/stem-eshop.gr\/hu\/wp-json\/wp\/v2\/product_cat?post=6327"},{"taxonomy":"product_tag","embeddable":true,"href":"https:\/\/stem-eshop.gr\/hu\/wp-json\/wp\/v2\/product_tag?post=6327"}],"curies":[{"name":"wp","href":"https:\/\/api.w.org\/{rel}","templated":true}]}}