{"id":6312,"date":"2025-05-19T07:28:36","date_gmt":"2025-05-19T07:28:36","guid":{"rendered":"https:\/\/stem-eshop.gr\/product\/%ce%be%cf%8d%ce%bb%ce%b9%ce%bd%ce%bf-%ce%b5%ce%ba%cf%80%ce%b1%ce%b9%ce%b4%ce%b5%cf%85%cf%84%ce%b9%ce%ba%cf%8c-%cf%80%ce%b1%ce%b9%cf%87%ce%bd%ce%af%ce%b4%ce%b9-%ce%bc%ce%bf%ce%bd%cf%84%ce%b5%cf%83-4\/"},"modified":"2026-04-10T09:32:57","modified_gmt":"2026-04-10T06:32:57","slug":"%ce%be%cf%8d%ce%bb%ce%b9%ce%bd%ce%bf-%ce%b5%ce%ba%cf%80%ce%b1%ce%b9%ce%b4%ce%b5%cf%85%cf%84%ce%b9%ce%ba%cf%8c-%cf%80%ce%b1%ce%b9%cf%87%ce%bd%ce%af%ce%b4%ce%b9-%ce%bc%ce%bf%ce%bd%cf%84%ce%b5%cf%83-4","status":"publish","type":"product","link":"https:\/\/stem-eshop.gr\/hu\/termek\/%ce%be%cf%8d%ce%bb%ce%b9%ce%bd%ce%bf-%ce%b5%ce%ba%cf%80%ce%b1%ce%b9%ce%b4%ce%b5%cf%85%cf%84%ce%b9%ce%ba%cf%8c-%cf%80%ce%b1%ce%b9%cf%87%ce%bd%ce%af%ce%b4%ce%b9-%ce%bc%ce%bf%ce%bd%cf%84%ce%b5%cf%83-4\/","title":{"rendered":"Montessori fa oktat\u00f3j\u00e1t\u00e9k - geometrikus form\u00e1k p\u00e1ros\u00edt\u00e1sa (\u00e1llatok)"},"content":{"rendered":"<p>A j\u00e1t\u00e9k k\u00fcl\u00f6nb\u00f6z\u0151 geometriai form\u00e1j\u00fa fadarabokat tartalmaz, amelyeket a gyerekeknek a megfelel\u0151 helyekre vagy poz\u00edci\u00f3kba kell illeszteni\u00fck egy fat\u00e1bl\u00e1n. A folyamat sor\u00e1n a gyerekek megtanulj\u00e1k felismerni \u00e9s megk\u00fcl\u00f6nb\u00f6ztetni a k\u00fcl\u00f6nb\u00f6z\u0151 form\u00e1kat, pontosan elhelyezni azokat, \u00e9s meg\u00e9rteni a k\u00f6z\u00f6tt\u00fck l\u00e9v\u0151 kapcsolatokat.<\/p>\n<p>A fa anyaga term\u00e9szetes \u00e9s kellemes text\u00far\u00e1t k\u00edn\u00e1l, amely \u00f6szt\u00f6nzi a felfedez\u00e9st \u00e9s a tapint\u00e1s\u00e9rz\u00e9kel\u00e9st, \u00edgy a tanul\u00e1s \u00e9rz\u00e9kszervi \u00e9lm\u00e9nny\u00e9 v\u00e1lik. Ez a fajta j\u00e1t\u00e9k ide\u00e1lis az \u00f3vod\u00e1sok sz\u00e1m\u00e1ra, mivel hozz\u00e1j\u00e1rul az \u00e1ltal\u00e1nos kognit\u00edv fejl\u0151d\u00e9shez, \u00e9s er\u0151s\u00edti a gyermekek auton\u00f3mi\u00e1j\u00e1t \u00e9s k\u00e9pess\u00e9geikbe vetett \u00f6nbizalm\u00e1t.<\/p>","protected":false},"excerpt":{"rendered":"<p>A Montessori fa oktat\u00f3j\u00e1t\u00e9k geometriai form\u00e1kkal p\u00e1ros\u00edtva kiv\u00e1l\u00f3 eszk\u00f6z a gyermekek tanul\u00e1si fejl\u0151d\u00e9s\u00e9nek el\u0151seg\u00edt\u00e9s\u00e9re gyakorlati \u00e9s sz\u00f3rakoztat\u00f3 tapasztalatokon kereszt\u00fcl.<\/p>\n<p>A Montessori-m\u00f3dszer alapelvein alapul\u00f3 j\u00e1t\u00e9k fejleszti a gyerekek logikus gondolkod\u00e1s\u00e1t, t\u00e9rbeli \u00e9rz\u00e9kel\u00e9s\u00e9t \u00e9s finommotoros k\u00e9szs\u00e9geit.<\/p>","protected":false},"featured_media":3790,"comment_status":"open","ping_status":"closed","template":"","meta":{"site-sidebar-layout":"default","site-content-layout":"","ast-site-content-layout":"default","site-content-style":"default","site-sidebar-style":"default","ast-global-header-display":"","ast-banner-title-visibility":"","ast-main-header-display":"","ast-hfb-above-header-display":"","ast-hfb-below-header-display":"","ast-hfb-mobile-header-display":"","site-post-title":"","ast-breadcrumbs-content":"","ast-featured-img":"","footer-sml-layout":"","ast-disable-related-posts":"","theme-transparent-header-meta":"","adv-header-id-meta":"","stick-header-meta":"","header-above-stick-meta":"","header-main-stick-meta":"","header-below-stick-meta":"","astra-migrate-meta-layouts":"default","ast-page-background-enabled":"default","ast-page-background-meta":{"desktop":{"background-color":"var(--ast-global-color-5)","background-image":"","background-repeat":"repeat","background-position":"center center","background-size":"auto","background-attachment":"scroll","background-type":"","background-media":"","overlay-type":"","overlay-color":"","overlay-opacity":"","overlay-gradient":""},"tablet":{"background-color":"","background-image":"","background-repeat":"repeat","background-position":"center center","background-size":"auto","background-attachment":"scroll","background-type":"","background-media":"","overlay-type":"","overlay-color":"","overlay-opacity":"","overlay-gradient":""},"mobile":{"background-color":"","background-image":"","background-repeat":"repeat","background-position":"center center","background-size":"auto","background-attachment":"scroll","background-type":"","background-media":"","overlay-type":"","overlay-color":"","overlay-opacity":"","overlay-gradient":""}},"ast-content-background-meta":{"desktop":{"background-color":"var(--ast-global-color-4)","background-image":"","background-repeat":"repeat","background-position":"center center","background-size":"auto","background-attachment":"scroll","background-type":"","background-media":"","overlay-type":"","overlay-color":"","overlay-opacity":"","overlay-gradient":""},"tablet":{"background-color":"var(--ast-global-color-4)","background-image":"","background-repeat":"repeat","background-position":"center center","background-size":"auto","background-attachment":"scroll","background-type":"","background-media":"","overlay-type":"","overlay-color":"","overlay-opacity":"","overlay-gradient":""},"mobile":{"background-color":"var(--ast-global-color-4)","background-image":"","background-repeat":"repeat","background-position":"center center","background-size":"auto","background-attachment":"scroll","background-type":"","background-media":"","overlay-type":"","overlay-color":"","overlay-opacity":"","overlay-gradient":""}}},"product_brand":[107],"product_cat":[43,39,50,56,47,37,55,26],"product_tag":[],"class_list":{"0":"post-6312","1":"product","2":"type-product","3":"status-publish","4":"has-post-thumbnail","6":"product_brand-ngs","7":"product_cat-43","8":"product_cat-39","9":"product_cat-50","10":"product_cat-56","11":"product_cat-47","12":"product_cat-37","13":"product_cat-55","14":"product_cat-26","15":"desktop-align-left","16":"tablet-align-left","17":"mobile-align-left","19":"first","20":"instock","21":"taxable","22":"shipping-taxable","23":"purchasable","24":"product-type-simple"},"_links":{"self":[{"href":"https:\/\/stem-eshop.gr\/hu\/wp-json\/wp\/v2\/product\/6312","targetHints":{"allow":["GET"]}}],"collection":[{"href":"https:\/\/stem-eshop.gr\/hu\/wp-json\/wp\/v2\/product"}],"about":[{"href":"https:\/\/stem-eshop.gr\/hu\/wp-json\/wp\/v2\/types\/product"}],"replies":[{"embeddable":true,"href":"https:\/\/stem-eshop.gr\/hu\/wp-json\/wp\/v2\/comments?post=6312"}],"wp:featuredmedia":[{"embeddable":true,"href":"https:\/\/stem-eshop.gr\/hu\/wp-json\/wp\/v2\/media\/3790"}],"wp:attachment":[{"href":"https:\/\/stem-eshop.gr\/hu\/wp-json\/wp\/v2\/media?parent=6312"}],"wp:term":[{"taxonomy":"product_brand","embeddable":true,"href":"https:\/\/stem-eshop.gr\/hu\/wp-json\/wp\/v2\/product_brand?post=6312"},{"taxonomy":"product_cat","embeddable":true,"href":"https:\/\/stem-eshop.gr\/hu\/wp-json\/wp\/v2\/product_cat?post=6312"},{"taxonomy":"product_tag","embeddable":true,"href":"https:\/\/stem-eshop.gr\/hu\/wp-json\/wp\/v2\/product_tag?post=6312"}],"curies":[{"name":"wp","href":"https:\/\/api.w.org\/{rel}","templated":true}]}}