{"id":6310,"date":"2025-05-19T07:28:33","date_gmt":"2025-05-19T07:28:33","guid":{"rendered":"https:\/\/stem-eshop.gr\/product\/%ce%be%cf%8d%ce%bb%ce%b9%ce%bd%ce%bf-%ce%b5%ce%ba%cf%80%ce%b1%ce%b9%ce%b4%ce%b5%cf%85%cf%84%ce%b9%ce%ba%cf%8c-%cf%80%ce%b1%ce%b9%cf%87%ce%bd%ce%af%ce%b4%ce%b9-%ce%bc%ce%bf%ce%bd%cf%84%ce%b5%cf%83-2\/"},"modified":"2025-07-11T16:44:06","modified_gmt":"2025-07-11T13:44:06","slug":"%ce%be%cf%8d%ce%bb%ce%b9%ce%bd%ce%bf-%ce%b5%ce%ba%cf%80%ce%b1%ce%b9%ce%b4%ce%b5%cf%85%cf%84%ce%b9%ce%ba%cf%8c-%cf%80%ce%b1%ce%b9%cf%87%ce%bd%ce%af%ce%b4%ce%b9-%ce%bc%ce%bf%ce%bd%cf%84%ce%b5%cf%83-2","status":"publish","type":"product","link":"https:\/\/stem-eshop.gr\/hu\/termek\/%ce%be%cf%8d%ce%bb%ce%b9%ce%bd%ce%bf-%ce%b5%ce%ba%cf%80%ce%b1%ce%b9%ce%b4%ce%b5%cf%85%cf%84%ce%b9%ce%ba%cf%8c-%cf%80%ce%b1%ce%b9%cf%87%ce%bd%ce%af%ce%b4%ce%b9-%ce%bc%ce%bf%ce%bd%cf%84%ce%b5%cf%83-2\/","title":{"rendered":"Montessori fa oktat\u00f3j\u00e1t\u00e9k horg\u00e1sz forma \u00e9s sz\u00e1m"},"content":{"rendered":"<p>A j\u00e1t\u00e9k k\u00fcl\u00f6nb\u00f6z\u0151 form\u00e1j\u00fa \u00e9s sz\u00e1m\u00fa fadarabokat tartalmaz, amelyeket egy m\u00e1gneses r\u00fad seg\u00edts\u00e9g\u00e9vel lehet \u201ekihal\u00e1szni\u201d. A gyerekeknek a megfelel\u0151 form\u00e1t vagy sz\u00e1mot kell a t\u00e1bl\u00e1n l\u00e9v\u0151 megfelel\u0151vel p\u00e1ros\u00edtaniuk, ez\u00e1ltal el\u0151seg\u00edtve a forma- \u00e9s sz\u00e1mfelismer\u00e9st, a finommotoros k\u00e9szs\u00e9gek fejl\u0151d\u00e9s\u00e9t \u00e9s a k\u00e9z-szem koordin\u00e1ci\u00f3t.<\/p>\n<p>Tov\u00e1bb\u00e1 a \u201ehorg\u00e1szat\u201d folyamata k\u00fcl\u00f6n\u00f6sen sz\u00f3rakoztat\u00f3 \u00e9s fenntartja a gyerekek \u00e9rdekl\u0151d\u00e9s\u00e9t, mik\u00f6zben lehet\u0151s\u00e9get k\u00edn\u00e1l a koncentr\u00e1ci\u00f3ra \u00e9s a prec\u00edz kezel\u00e9sre. Ez a faj\u00e1t\u00e9k ide\u00e1lis \u00f3vod\u00e1sok sz\u00e1m\u00e1ra, \u00e9s hozz\u00e1j\u00e1rulhat a korai matematikai gondolkod\u00e1shoz \u00e9s az \u00e1ltal\u00e1nos kognit\u00edv fejl\u0151d\u00e9shez.<\/p>","protected":false},"excerpt":{"rendered":"<p>A Montessori fa oktat\u00f3j\u00e1t\u00e9k \u201eforma- \u00e9s sz\u00e1mhorg\u00e1szat\u201d egy t\u00f6bbdimenzi\u00f3s tanul\u00e1si eszk\u00f6z, amely a k\u00e9szs\u00e9gfejleszt\u00e9st a sz\u00f3rakoz\u00e1ssal \u00f6tv\u00f6zi. A Montessori pedag\u00f3giai m\u00f3dszer elvei alapj\u00e1n tervezett j\u00e1t\u00e9k arra \u00f6szt\u00f6nzi a gyerekeket, hogy fejlessz\u00e9k \u00f6n\u00e1ll\u00f3s\u00e1gukat, \u00e9s tapasztalatszerz\u00e9s, valamint ism\u00e9tl\u00e9s \u00fatj\u00e1n tanuljanak.<\/p>","protected":false},"featured_media":3783,"comment_status":"open","ping_status":"closed","template":"","meta":{"site-sidebar-layout":"default","site-content-layout":"","ast-site-content-layout":"default","site-content-style":"default","site-sidebar-style":"default","ast-global-header-display":"","ast-banner-title-visibility":"","ast-main-header-display":"","ast-hfb-above-header-display":"","ast-hfb-below-header-display":"","ast-hfb-mobile-header-display":"","site-post-title":"","ast-breadcrumbs-content":"","ast-featured-img":"","footer-sml-layout":"","ast-disable-related-posts":"","theme-transparent-header-meta":"","adv-header-id-meta":"","stick-header-meta":"","header-above-stick-meta":"","header-main-stick-meta":"","header-below-stick-meta":"","astra-migrate-meta-layouts":"default","ast-page-background-enabled":"default","ast-page-background-meta":{"desktop":{"background-color":"var(--ast-global-color-5)","background-image":"","background-repeat":"repeat","background-position":"center center","background-size":"auto","background-attachment":"scroll","background-type":"","background-media":"","overlay-type":"","overlay-color":"","overlay-opacity":"","overlay-gradient":""},"tablet":{"background-color":"","background-image":"","background-repeat":"repeat","background-position":"center center","background-size":"auto","background-attachment":"scroll","background-type":"","background-media":"","overlay-type":"","overlay-color":"","overlay-opacity":"","overlay-gradient":""},"mobile":{"background-color":"","background-image":"","background-repeat":"repeat","background-position":"center center","background-size":"auto","background-attachment":"scroll","background-type":"","background-media":"","overlay-type":"","overlay-color":"","overlay-opacity":"","overlay-gradient":""}},"ast-content-background-meta":{"desktop":{"background-color":"var(--ast-global-color-4)","background-image":"","background-repeat":"repeat","background-position":"center center","background-size":"auto","background-attachment":"scroll","background-type":"","background-media":"","overlay-type":"","overlay-color":"","overlay-opacity":"","overlay-gradient":""},"tablet":{"background-color":"var(--ast-global-color-4)","background-image":"","background-repeat":"repeat","background-position":"center center","background-size":"auto","background-attachment":"scroll","background-type":"","background-media":"","overlay-type":"","overlay-color":"","overlay-opacity":"","overlay-gradient":""},"mobile":{"background-color":"var(--ast-global-color-4)","background-image":"","background-repeat":"repeat","background-position":"center center","background-size":"auto","background-attachment":"scroll","background-type":"","background-media":"","overlay-type":"","overlay-color":"","overlay-opacity":"","overlay-gradient":""}}},"product_brand":[107],"product_cat":[43,39,50,56,47,37,55,26],"product_tag":[],"class_list":{"0":"post-6310","1":"product","2":"type-product","3":"status-publish","4":"has-post-thumbnail","6":"product_brand-ngs","7":"product_cat-43","8":"product_cat-39","9":"product_cat-50","10":"product_cat-56","11":"product_cat-47","12":"product_cat-37","13":"product_cat-55","14":"product_cat-26","15":"desktop-align-left","16":"tablet-align-left","17":"mobile-align-left","19":"first","20":"instock","21":"taxable","22":"shipping-taxable","23":"purchasable","24":"product-type-simple"},"_links":{"self":[{"href":"https:\/\/stem-eshop.gr\/hu\/wp-json\/wp\/v2\/product\/6310","targetHints":{"allow":["GET"]}}],"collection":[{"href":"https:\/\/stem-eshop.gr\/hu\/wp-json\/wp\/v2\/product"}],"about":[{"href":"https:\/\/stem-eshop.gr\/hu\/wp-json\/wp\/v2\/types\/product"}],"replies":[{"embeddable":true,"href":"https:\/\/stem-eshop.gr\/hu\/wp-json\/wp\/v2\/comments?post=6310"}],"wp:featuredmedia":[{"embeddable":true,"href":"https:\/\/stem-eshop.gr\/hu\/wp-json\/wp\/v2\/media\/3783"}],"wp:attachment":[{"href":"https:\/\/stem-eshop.gr\/hu\/wp-json\/wp\/v2\/media?parent=6310"}],"wp:term":[{"taxonomy":"product_brand","embeddable":true,"href":"https:\/\/stem-eshop.gr\/hu\/wp-json\/wp\/v2\/product_brand?post=6310"},{"taxonomy":"product_cat","embeddable":true,"href":"https:\/\/stem-eshop.gr\/hu\/wp-json\/wp\/v2\/product_cat?post=6310"},{"taxonomy":"product_tag","embeddable":true,"href":"https:\/\/stem-eshop.gr\/hu\/wp-json\/wp\/v2\/product_tag?post=6310"}],"curies":[{"name":"wp","href":"https:\/\/api.w.org\/{rel}","templated":true}]}}