{"id":6308,"date":"2025-05-19T07:28:30","date_gmt":"2025-05-19T07:28:30","guid":{"rendered":"https:\/\/stem-eshop.gr\/product\/%ce%be%cf%8d%ce%bb%ce%b9%ce%bd%ce%bf-%ce%b5%ce%ba%cf%80%ce%b1%ce%b9%ce%b4%ce%b5%cf%85%cf%84%ce%b9%ce%ba%cf%8c-%cf%80%ce%b1%ce%b9%cf%87%ce%bd%ce%af%ce%b4%ce%b9-%ce%bc%ce%bf%ce%bd%cf%84%ce%b5%cf%83\/"},"modified":"2025-11-06T11:30:22","modified_gmt":"2025-11-06T08:30:22","slug":"%ce%be%cf%8d%ce%bb%ce%b9%ce%bd%ce%bf-%ce%b5%ce%ba%cf%80%ce%b1%ce%b9%ce%b4%ce%b5%cf%85%cf%84%ce%b9%ce%ba%cf%8c-%cf%80%ce%b1%ce%b9%cf%87%ce%bd%ce%af%ce%b4%ce%b9-%ce%bc%ce%bf%ce%bd%cf%84%ce%b5%cf%83","status":"publish","type":"product","link":"https:\/\/stem-eshop.gr\/hu\/termek\/%ce%be%cf%8d%ce%bb%ce%b9%ce%bd%ce%bf-%ce%b5%ce%ba%cf%80%ce%b1%ce%b9%ce%b4%ce%b5%cf%85%cf%84%ce%b9%ce%ba%cf%8c-%cf%80%ce%b1%ce%b9%cf%87%ce%bd%ce%af%ce%b4%ce%b9-%ce%bc%ce%bf%ce%bd%cf%84%ce%b5%cf%83\/","title":{"rendered":"Fa oktat\u00f3 j\u00e1t\u00e9k Montessori gyerekeknek"},"content":{"rendered":"<p>Ezzel az interakt\u00edv j\u00e1t\u00e9kkal a gyerekek olyan k\u00e9szs\u00e9geket fejleszthetnek, mint a formafelismer\u00e9s, a t\u00e9rl\u00e1t\u00e1s, a logikus gondolkod\u00e1s \u00e9s a probl\u00e9mamegold\u00e1s.<\/p>\n<p>Ezek a j\u00e1t\u00e9kok kellemes \u00e9s gazdag tanul\u00e1si \u00e9lm\u00e9nyt ny\u00fajtanak, ahol a gyerekek megtanulj\u00e1k felismerni \u00e9s p\u00e1ros\u00edtani a k\u00fcl\u00f6nb\u00f6z\u0151 geometriai alakzatokat, mik\u00f6zben fejlesztik megfigyel\u0151k\u00e9pess\u00e9g\u00fcket \u00e9s koncentr\u00e1ci\u00f3jukat.<\/p>","protected":false},"excerpt":{"rendered":"<p class=\"MsoNormal\" style=\"text-align:justify\">A geometriai form\u00e1kat fejleszt\u0151 j\u00e1t\u00e9k egy olyan eszk\u00f6z, amelyet a gyermekek tanul\u00e1si fejl\u0151d\u00e9s\u00e9nek interakt\u00edv j\u00e1t\u00e9kon kereszt\u00fcli t\u00e1mogat\u00e1s\u00e1ra terveztek.<\/p>","protected":false},"featured_media":3771,"comment_status":"open","ping_status":"closed","template":"","meta":{"site-sidebar-layout":"default","site-content-layout":"","ast-site-content-layout":"default","site-content-style":"default","site-sidebar-style":"default","ast-global-header-display":"","ast-banner-title-visibility":"","ast-main-header-display":"","ast-hfb-above-header-display":"","ast-hfb-below-header-display":"","ast-hfb-mobile-header-display":"","site-post-title":"","ast-breadcrumbs-content":"","ast-featured-img":"","footer-sml-layout":"","ast-disable-related-posts":"","theme-transparent-header-meta":"","adv-header-id-meta":"","stick-header-meta":"","header-above-stick-meta":"","header-main-stick-meta":"","header-below-stick-meta":"","astra-migrate-meta-layouts":"default","ast-page-background-enabled":"default","ast-page-background-meta":{"desktop":{"background-color":"var(--ast-global-color-5)","background-image":"","background-repeat":"repeat","background-position":"center center","background-size":"auto","background-attachment":"scroll","background-type":"","background-media":"","overlay-type":"","overlay-color":"","overlay-opacity":"","overlay-gradient":""},"tablet":{"background-color":"","background-image":"","background-repeat":"repeat","background-position":"center center","background-size":"auto","background-attachment":"scroll","background-type":"","background-media":"","overlay-type":"","overlay-color":"","overlay-opacity":"","overlay-gradient":""},"mobile":{"background-color":"","background-image":"","background-repeat":"repeat","background-position":"center center","background-size":"auto","background-attachment":"scroll","background-type":"","background-media":"","overlay-type":"","overlay-color":"","overlay-opacity":"","overlay-gradient":""}},"ast-content-background-meta":{"desktop":{"background-color":"var(--ast-global-color-4)","background-image":"","background-repeat":"repeat","background-position":"center center","background-size":"auto","background-attachment":"scroll","background-type":"","background-media":"","overlay-type":"","overlay-color":"","overlay-opacity":"","overlay-gradient":""},"tablet":{"background-color":"var(--ast-global-color-4)","background-image":"","background-repeat":"repeat","background-position":"center center","background-size":"auto","background-attachment":"scroll","background-type":"","background-media":"","overlay-type":"","overlay-color":"","overlay-opacity":"","overlay-gradient":""},"mobile":{"background-color":"var(--ast-global-color-4)","background-image":"","background-repeat":"repeat","background-position":"center center","background-size":"auto","background-attachment":"scroll","background-type":"","background-media":"","overlay-type":"","overlay-color":"","overlay-opacity":"","overlay-gradient":""}}},"product_brand":[107],"product_cat":[43,39,50,56,47,37,55,26],"product_tag":[],"class_list":{"0":"post-6308","1":"product","2":"type-product","3":"status-publish","4":"has-post-thumbnail","6":"product_brand-ngs","7":"product_cat-43","8":"product_cat-39","9":"product_cat-50","10":"product_cat-56","11":"product_cat-47","12":"product_cat-37","13":"product_cat-55","14":"product_cat-26","15":"desktop-align-left","16":"tablet-align-left","17":"mobile-align-left","19":"first","20":"instock","21":"taxable","22":"shipping-taxable","23":"purchasable","24":"product-type-simple"},"_links":{"self":[{"href":"https:\/\/stem-eshop.gr\/hu\/wp-json\/wp\/v2\/product\/6308","targetHints":{"allow":["GET"]}}],"collection":[{"href":"https:\/\/stem-eshop.gr\/hu\/wp-json\/wp\/v2\/product"}],"about":[{"href":"https:\/\/stem-eshop.gr\/hu\/wp-json\/wp\/v2\/types\/product"}],"replies":[{"embeddable":true,"href":"https:\/\/stem-eshop.gr\/hu\/wp-json\/wp\/v2\/comments?post=6308"}],"wp:featuredmedia":[{"embeddable":true,"href":"https:\/\/stem-eshop.gr\/hu\/wp-json\/wp\/v2\/media\/3771"}],"wp:attachment":[{"href":"https:\/\/stem-eshop.gr\/hu\/wp-json\/wp\/v2\/media?parent=6308"}],"wp:term":[{"taxonomy":"product_brand","embeddable":true,"href":"https:\/\/stem-eshop.gr\/hu\/wp-json\/wp\/v2\/product_brand?post=6308"},{"taxonomy":"product_cat","embeddable":true,"href":"https:\/\/stem-eshop.gr\/hu\/wp-json\/wp\/v2\/product_cat?post=6308"},{"taxonomy":"product_tag","embeddable":true,"href":"https:\/\/stem-eshop.gr\/hu\/wp-json\/wp\/v2\/product_tag?post=6308"}],"curies":[{"name":"wp","href":"https:\/\/api.w.org\/{rel}","templated":true}]}}