{"id":6303,"date":"2025-05-19T07:28:23","date_gmt":"2025-05-19T07:28:23","guid":{"rendered":"https:\/\/stem-eshop.gr\/product\/lego-education-letters\/"},"modified":"2025-05-22T21:13:21","modified_gmt":"2025-05-22T18:13:21","slug":"lego-education-letters","status":"publish","type":"product","link":"https:\/\/stem-eshop.gr\/hu\/termek\/lego-education-letters\/","title":{"rendered":"LEGO\u00ae Oktat\u00e1si Levelek"},"content":{"rendered":"<p><span style=\"color:#0d0d0d;font-family:'ui-sans-serif', '-apple-system', 'system-ui', 'Segoe UI', Roboto, Ubuntu, Cantarell, 'Noto Sans', sans-serif, Helvetica, 'Apple Color Emoji', Arial, 'Segoe UI Emoji', 'Segoe UI Symbol';font-size:16px;background-color:#ffffff\">A LEGO\u00ae Education Letters egy sz\u00ednes LEGO\u00ae bet\u0171kock\u00e1kat tartalmaz\u00f3 k\u00e9szlet, amelyekkel a gyerekek szavakat \u00e9s mondatokat alkothatnak. <\/span><\/p>\n<p><span style=\"background-color:#ffffff\"><span style=\"color:#0d0d0d;font-family:'ui-sans-serif', '-apple-system', 'system-ui', 'Segoe UI', Roboto, Ubuntu, Cantarell, 'Noto Sans', sans-serif, Helvetica, 'Apple Color Emoji', Arial, 'Segoe UI Emoji', 'Segoe UI Symbol'\"><span style=\"font-size:16px\">Az angol \u00e1b\u00e9c\u00e9 bet\u0171i a sziv\u00e1rv\u00e1ny sz\u00edneiben, az inspir\u00e1ci\u00f3s \u00e9s aktivit\u00e1sk\u00e1rty\u00e1kkal kombin\u00e1lva seg\u00edtenek a gyerekeknek az \u00e1b\u00e9c\u00e9 megtanul\u00e1s\u00e1ban, a bet\u0171k felismer\u00e9s\u00e9ben \u00e9s \u00edr\u00e1s\u00e1ban, a fon\u00e9m\u00e1k felismer\u00e9s\u00e9ben, valamint r\u00f6vid szavak \u00e9s nevek \u00edr\u00e1s\u00e1ban.<\/span><\/span><\/span><\/p>\n<p><span style=\"background-color:#ffffff\"><span style=\"color:#0d0d0d;font-family:'ui-sans-serif', '-apple-system', 'system-ui', 'Segoe UI', Roboto, Ubuntu, Cantarell, 'Noto Sans', sans-serif, Helvetica, 'Apple Color Emoji', Arial, 'Segoe UI Emoji', 'Segoe UI Symbol'\"><span style=\"font-size:16px\">Az \u00e9p\u00edt\u0151kock\u00e1k, kis teheraut\u00f3k \u00e9s ajt\u00f3k arra \u00f6szt\u00f6nzik a di\u00e1kokat, hogy p\u00e1ros\u00edts\u00e1k a nagybet\u0171ket a kisbet\u0171kkel, \u00f6sszetett szavakat alkossanak, csoportos\u00edts\u00e1k a mag\u00e1nhangz\u00f3kat \u00e9s m\u00e1ssalhangz\u00f3kat, \u00e9s j\u00e1t\u00e9kosan tanuljanak olyan tev\u00e9kenys\u00e9geken kereszt\u00fcl, mint p\u00e9ld\u00e1ul a \u201etal\u00e1ld ki a hi\u00e1nyz\u00f3 bet\u0171t\u201d.<\/span><\/span><\/span><\/p><\/p>","protected":false},"excerpt":{"rendered":"<p><span style=\"color:#0d0d0d;font-family:'ui-sans-serif', '-apple-system', 'system-ui', 'Segoe UI', Roboto, Ubuntu, Cantarell, 'Noto Sans', sans-serif, Helvetica, 'Apple Color Emoji', Arial, 'Segoe UI Emoji', 'Segoe UI Symbol';font-size:16px;background-color:#ffffff\">A LEGO\u00ae Education Letters egy oktat\u00e1si eszk\u00f6z, amely \u00f6tv\u00f6zi a sz\u00f3rakoz\u00e1st a tanul\u00e1ssal, seg\u00edtve a gyerekeket nyelvi \u00e9s nyelvtani k\u00e9szs\u00e9geik fejleszt\u00e9s\u00e9ben. Az \u00f3vod\u00e1s \u00e9s \u00e1ltal\u00e1nos iskol\u00e1s gyermekek sz\u00e1m\u00e1ra tervezett k\u00e9szlet interakt\u00edv megk\u00f6zel\u00edt\u00e9st k\u00edn\u00e1l az angol bet\u0171k \u00e9s szavak tanul\u00e1s\u00e1hoz LEGO\u00ae kock\u00e1kkal val\u00f3 \u00e9p\u00edt\u00e9sen kereszt\u00fcl.<\/span><\/p>","protected":false},"featured_media":3745,"comment_status":"open","ping_status":"closed","template":"","meta":{"site-sidebar-layout":"default","site-content-layout":"","ast-site-content-layout":"default","site-content-style":"default","site-sidebar-style":"default","ast-global-header-display":"","ast-banner-title-visibility":"","ast-main-header-display":"","ast-hfb-above-header-display":"","ast-hfb-below-header-display":"","ast-hfb-mobile-header-display":"","site-post-title":"","ast-breadcrumbs-content":"","ast-featured-img":"","footer-sml-layout":"","ast-disable-related-posts":"","theme-transparent-header-meta":"","adv-header-id-meta":"","stick-header-meta":"","header-above-stick-meta":"","header-main-stick-meta":"","header-below-stick-meta":"","astra-migrate-meta-layouts":"default","ast-page-background-enabled":"default","ast-page-background-meta":{"desktop":{"background-color":"var(--ast-global-color-5)","background-image":"","background-repeat":"repeat","background-position":"center center","background-size":"auto","background-attachment":"scroll","background-type":"","background-media":"","overlay-type":"","overlay-color":"","overlay-opacity":"","overlay-gradient":""},"tablet":{"background-color":"","background-image":"","background-repeat":"repeat","background-position":"center center","background-size":"auto","background-attachment":"scroll","background-type":"","background-media":"","overlay-type":"","overlay-color":"","overlay-opacity":"","overlay-gradient":""},"mobile":{"background-color":"","background-image":"","background-repeat":"repeat","background-position":"center center","background-size":"auto","background-attachment":"scroll","background-type":"","background-media":"","overlay-type":"","overlay-color":"","overlay-opacity":"","overlay-gradient":""}},"ast-content-background-meta":{"desktop":{"background-color":"var(--ast-global-color-4)","background-image":"","background-repeat":"repeat","background-position":"center center","background-size":"auto","background-attachment":"scroll","background-type":"","background-media":"","overlay-type":"","overlay-color":"","overlay-opacity":"","overlay-gradient":""},"tablet":{"background-color":"var(--ast-global-color-4)","background-image":"","background-repeat":"repeat","background-position":"center center","background-size":"auto","background-attachment":"scroll","background-type":"","background-media":"","overlay-type":"","overlay-color":"","overlay-opacity":"","overlay-gradient":""},"mobile":{"background-color":"var(--ast-global-color-4)","background-image":"","background-repeat":"repeat","background-position":"center center","background-size":"auto","background-attachment":"scroll","background-type":"","background-media":"","overlay-type":"","overlay-color":"","overlay-opacity":"","overlay-gradient":""}}},"product_brand":[105],"product_cat":[42,43,29,56,26],"product_tag":[],"class_list":{"0":"post-6303","1":"product","2":"type-product","3":"status-publish","4":"has-post-thumbnail","6":"product_brand-lego","7":"product_cat-42","8":"product_cat-43","9":"product_cat-29","10":"product_cat-56","11":"product_cat-26","12":"desktop-align-left","13":"tablet-align-left","14":"mobile-align-left","16":"first","17":"instock","18":"taxable","19":"shipping-taxable","20":"purchasable","21":"product-type-simple"},"_links":{"self":[{"href":"https:\/\/stem-eshop.gr\/hu\/wp-json\/wp\/v2\/product\/6303","targetHints":{"allow":["GET"]}}],"collection":[{"href":"https:\/\/stem-eshop.gr\/hu\/wp-json\/wp\/v2\/product"}],"about":[{"href":"https:\/\/stem-eshop.gr\/hu\/wp-json\/wp\/v2\/types\/product"}],"replies":[{"embeddable":true,"href":"https:\/\/stem-eshop.gr\/hu\/wp-json\/wp\/v2\/comments?post=6303"}],"wp:featuredmedia":[{"embeddable":true,"href":"https:\/\/stem-eshop.gr\/hu\/wp-json\/wp\/v2\/media\/3745"}],"wp:attachment":[{"href":"https:\/\/stem-eshop.gr\/hu\/wp-json\/wp\/v2\/media?parent=6303"}],"wp:term":[{"taxonomy":"product_brand","embeddable":true,"href":"https:\/\/stem-eshop.gr\/hu\/wp-json\/wp\/v2\/product_brand?post=6303"},{"taxonomy":"product_cat","embeddable":true,"href":"https:\/\/stem-eshop.gr\/hu\/wp-json\/wp\/v2\/product_cat?post=6303"},{"taxonomy":"product_tag","embeddable":true,"href":"https:\/\/stem-eshop.gr\/hu\/wp-json\/wp\/v2\/product_tag?post=6303"}],"curies":[{"name":"wp","href":"https:\/\/api.w.org\/{rel}","templated":true}]}}