{"id":6291,"date":"2025-05-19T07:28:05","date_gmt":"2025-05-19T07:28:05","guid":{"rendered":"https:\/\/stem-eshop.gr\/product\/lego-education-storytales\/"},"modified":"2025-10-23T11:11:29","modified_gmt":"2025-10-23T08:11:29","slug":"lego-education-storytales","status":"publish","type":"product","link":"https:\/\/stem-eshop.gr\/hu\/termek\/lego-education-storytales\/","title":{"rendered":"LEGO\u00ae Education Mes\u00e9k"},"content":{"rendered":"<p>Seg\u00edts gyermekeidnek nagyszer\u0171 t\u00f6rt\u00e9neteket alkotni \u00e9s mes\u00e9lni ezekkel a leny\u0171g\u00f6z\u0151 kock\u00e1kkal, karakterekkel \u00e9s h\u00e1tt\u00e9rk\u00e1rty\u00e1kkal. Ez a lebilincsel\u0151 \u00e9s k\u00f6nnyen haszn\u00e1lhat\u00f3 csomag el\u0151seg\u00edti a kreativit\u00e1st, a t\u00f6rt\u00e9netmes\u00e9l\u00e9st \u00e9s a fant\u00e1ziad\u00fas t\u00f6rt\u00e9netek \u00fajrames\u00e9l\u00e9s\u00e9t. A LEGO Education StoryTales a Billy Goat Scruff mes\u00e9n alapul.<\/p>\n<p>A k\u00e9szlet h\u00e1rom platformot tartalmaz, amelyek \u00f6t k\u00e9toldalas jelenettel haszn\u00e1lhat\u00f3k. Ezek az elemek felhaszn\u00e1lhat\u00f3k egy t\u00f6rt\u00e9net elej\u00e9t\u0151l a v\u00e9g\u00e9ig t\u00f6rt\u00e9n\u0151 elmes\u00e9l\u00e9s\u00e9re, kulcsfontoss\u00e1g\u00fa jelenetek kiv\u00e1laszt\u00e1s\u00e1ra, vagy ak\u00e1r izgalmas, szabad form\u00e1j\u00fa t\u00f6rt\u00e9netmes\u00e9l\u00e9sre is, amelyben a gyerekek elk\u00e9pzelhetik \u00e9s elj\u00e1tszhatj\u00e1k saj\u00e1t t\u00f6rt\u00e9neteiket.<\/p>\n<p>Ez a k\u00e9szlet a t\u00f6rt\u00e9netmes\u00e9l\u00e9s alapelveinek tan\u00edt\u00e1s\u00e1ra \u00e9s a nyelvi fejl\u0151d\u00e9s el\u0151seg\u00edt\u00e9s\u00e9re szolg\u00e1l. A tanterv sz\u00e1mos ter\u00fclet\u00e9n haszn\u00e1lhat\u00f3. A k\u00e9szlet legal\u00e1bb n\u00e9gy gyermek sz\u00e1m\u00e1ra k\u00e9sz\u00fclt, \u00e9s sz\u00e1mos inspir\u00e1l\u00f3 tev\u00e9kenys\u00e9get tartalmaz.<\/p>\n<p>Jellemz\u0151k:<\/p>\n<p>Kifejezetten t\u00f6rt\u00e9netmes\u00e9l\u00e9shez tervezve<\/p>\n<p>3 \u00e9p\u00edt\u0151lapot \u00e9s 5 k\u00e9toldalas jelenetet, valamint kock\u00e1kat tartalmaz<\/p>\n<p>El\u0151seg\u00edti a szoci\u00e1lis-\u00e9rzelmi fejl\u0151d\u00e9st, a gyerekek egy\u00fcttm\u0171k\u00f6dnek az egyes t\u00f6rt\u00e9netek elbesz\u00e9l\u00e9s\u00e9ben \u00e9s ism\u00e9tl\u00e9s\u00e9ben.<\/p>","protected":false},"excerpt":{"rendered":"<p>Seg\u00edts gyermekeidnek nagyszer\u0171 t\u00f6rt\u00e9neteket alkotni \u00e9s mes\u00e9lni ezekkel a leny\u0171g\u00f6z\u0151 kock\u00e1kkal, karakterekkel \u00e9s h\u00e1tt\u00e9rk\u00e1rty\u00e1kkal. Ez a vonz\u00f3 \u00e9s k\u00f6nnyen haszn\u00e1lhat\u00f3 k\u00e9szlet el\u0151seg\u00edti a kreativit\u00e1st, a t\u00f6rt\u00e9netmes\u00e9l\u00e9st \u00e9s a fant\u00e1ziad\u00fas t\u00f6rt\u00e9netek \u00fajrames\u00e9l\u00e9s\u00e9t. A LEGO Education StoryTales a Billy Goat Scruff mes\u00e9n alapul. A k\u00e9szlet h\u00e1rom platformot tartalmaz, amelyek \u00f6t k\u00e9toldalas jelenettel haszn\u00e1lhat\u00f3k.<\/p>","protected":false},"featured_media":3605,"comment_status":"open","ping_status":"closed","template":"","meta":{"site-sidebar-layout":"default","site-content-layout":"","ast-site-content-layout":"default","site-content-style":"default","site-sidebar-style":"default","ast-global-header-display":"","ast-banner-title-visibility":"","ast-main-header-display":"","ast-hfb-above-header-display":"","ast-hfb-below-header-display":"","ast-hfb-mobile-header-display":"","site-post-title":"","ast-breadcrumbs-content":"","ast-featured-img":"","footer-sml-layout":"","ast-disable-related-posts":"","theme-transparent-header-meta":"default","adv-header-id-meta":"","stick-header-meta":"","header-above-stick-meta":"","header-main-stick-meta":"","header-below-stick-meta":"","astra-migrate-meta-layouts":"set","ast-page-background-enabled":"default","ast-page-background-meta":{"desktop":{"background-color":"var(--ast-global-color-5)","background-image":"","background-repeat":"repeat","background-position":"center center","background-size":"auto","background-attachment":"scroll","background-type":"","background-media":"","overlay-type":"","overlay-color":"","overlay-opacity":"","overlay-gradient":""},"tablet":{"background-color":"","background-image":"","background-repeat":"repeat","background-position":"center center","background-size":"auto","background-attachment":"scroll","background-type":"","background-media":"","overlay-type":"","overlay-color":"","overlay-opacity":"","overlay-gradient":""},"mobile":{"background-color":"","background-image":"","background-repeat":"repeat","background-position":"center center","background-size":"auto","background-attachment":"scroll","background-type":"","background-media":"","overlay-type":"","overlay-color":"","overlay-opacity":"","overlay-gradient":""}},"ast-content-background-meta":{"desktop":{"background-color":"var(--ast-global-color-4)","background-image":"","background-repeat":"repeat","background-position":"center center","background-size":"auto","background-attachment":"scroll","background-type":"","background-media":"","overlay-type":"","overlay-color":"","overlay-opacity":"","overlay-gradient":""},"tablet":{"background-color":"var(--ast-global-color-4)","background-image":"","background-repeat":"repeat","background-position":"center center","background-size":"auto","background-attachment":"scroll","background-type":"","background-media":"","overlay-type":"","overlay-color":"","overlay-opacity":"","overlay-gradient":""},"mobile":{"background-color":"var(--ast-global-color-4)","background-image":"","background-repeat":"repeat","background-position":"center center","background-size":"auto","background-attachment":"scroll","background-type":"","background-media":"","overlay-type":"","overlay-color":"","overlay-opacity":"","overlay-gradient":""}}},"product_brand":[105],"product_cat":[42,43,29,56,30,26],"product_tag":[],"class_list":{"0":"post-6291","1":"product","2":"type-product","3":"status-publish","4":"has-post-thumbnail","6":"product_brand-lego","7":"product_cat-42","8":"product_cat-43","9":"product_cat-29","10":"product_cat-56","11":"product_cat--6-9-","12":"product_cat-26","13":"desktop-align-left","14":"tablet-align-left","15":"mobile-align-left","17":"first","18":"instock","19":"taxable","20":"shipping-taxable","21":"purchasable","22":"product-type-simple"},"_links":{"self":[{"href":"https:\/\/stem-eshop.gr\/hu\/wp-json\/wp\/v2\/product\/6291","targetHints":{"allow":["GET"]}}],"collection":[{"href":"https:\/\/stem-eshop.gr\/hu\/wp-json\/wp\/v2\/product"}],"about":[{"href":"https:\/\/stem-eshop.gr\/hu\/wp-json\/wp\/v2\/types\/product"}],"replies":[{"embeddable":true,"href":"https:\/\/stem-eshop.gr\/hu\/wp-json\/wp\/v2\/comments?post=6291"}],"wp:featuredmedia":[{"embeddable":true,"href":"https:\/\/stem-eshop.gr\/hu\/wp-json\/wp\/v2\/media\/3605"}],"wp:attachment":[{"href":"https:\/\/stem-eshop.gr\/hu\/wp-json\/wp\/v2\/media?parent=6291"}],"wp:term":[{"taxonomy":"product_brand","embeddable":true,"href":"https:\/\/stem-eshop.gr\/hu\/wp-json\/wp\/v2\/product_brand?post=6291"},{"taxonomy":"product_cat","embeddable":true,"href":"https:\/\/stem-eshop.gr\/hu\/wp-json\/wp\/v2\/product_cat?post=6291"},{"taxonomy":"product_tag","embeddable":true,"href":"https:\/\/stem-eshop.gr\/hu\/wp-json\/wp\/v2\/product_tag?post=6291"}],"curies":[{"name":"wp","href":"https:\/\/api.w.org\/{rel}","templated":true}]}}