{"id":6290,"date":"2025-05-19T07:28:05","date_gmt":"2025-05-19T07:28:05","guid":{"rendered":"https:\/\/stem-eshop.gr\/product\/lego-education-tech-machines\/"},"modified":"2025-05-22T21:13:19","modified_gmt":"2025-05-22T18:13:19","slug":"lego-education-tech-machines","status":"publish","type":"product","link":"https:\/\/stem-eshop.gr\/hu\/termek\/lego-education-tech-machines\/","title":{"rendered":"LEGO\u00ae Oktat\u00e1si Tech G\u00e9pek"},"content":{"rendered":"<p>Ide\u00e1lis bevezet\u00e9st ny\u00fajt a tudom\u00e1ny \u00e9s a technol\u00f3gia vil\u00e1g\u00e1ba, a csomag n\u00e9gy csavarh\u00faz\u00f3t \u00e9s be\u00e9p\u00edtett csavarokat, valamint sz\u00e1mos rugalmas elemet, p\u00e9ld\u00e1ul tekercseket, horgokat \u00e9s goly\u00f3kat tartalmaz.<\/p>\n<p>A LEGO\u00ae Education Tech Machines k\u00e9szletet \u00fagy tervezt\u00e9k, hogy seg\u00edtsen a gyerekeknek fejleszteni a finommotoros k\u00e9szs\u00e9geiket, felfedezni a g\u00e9peket \u00e9s fejleszteni a m\u00e9rn\u00f6ki k\u00e9szs\u00e9geiket. A k\u00e9t bevezet\u0151 tev\u00e9kenys\u00e9gk\u00e1rtya \u00e9s a tan\u00e1ri \u00fatmutat\u00f3 seg\u00edtenek bemutatni, hogyan haszn\u00e1lhat\u00f3 a k\u00e9szlet a kommunik\u00e1ci\u00f3s \u00e9s hallgat\u00e1si k\u00e9szs\u00e9gek fejleszt\u00e9s\u00e9re, valamint a t\u00e1rsadalmi szerepek \u00e9s felel\u0151ss\u00e9gek megvitat\u00e1s\u00e1ra.<\/p><\/p>","protected":false},"excerpt":{"rendered":"<p>K\u00e9sz\u00edtsd el a tanul\u00f3idb\u00f3l a kis m\u00e9rn\u00f6k\u00f6ket! A LEGO\u00ae Education Tech Machines csomaggal seg\u00edtesz az oszt\u00e1lyodban tanul\u00f3 gyerekeknek fejleszteni a finommotoros k\u00e9szs\u00e9geiket \u00e9s a probl\u00e9mamegold\u00f3 k\u00e9szs\u00e9g\u00fcket, mik\u00f6zben szabadj\u00e1ra engedheted kreativit\u00e1sukat.<\/p>","protected":false},"featured_media":3592,"comment_status":"open","ping_status":"closed","template":"","meta":{"site-sidebar-layout":"default","site-content-layout":"","ast-site-content-layout":"default","site-content-style":"default","site-sidebar-style":"default","ast-global-header-display":"","ast-banner-title-visibility":"","ast-main-header-display":"","ast-hfb-above-header-display":"","ast-hfb-below-header-display":"","ast-hfb-mobile-header-display":"","site-post-title":"","ast-breadcrumbs-content":"","ast-featured-img":"","footer-sml-layout":"","ast-disable-related-posts":"","theme-transparent-header-meta":"","adv-header-id-meta":"","stick-header-meta":"","header-above-stick-meta":"","header-main-stick-meta":"","header-below-stick-meta":"","astra-migrate-meta-layouts":"default","ast-page-background-enabled":"default","ast-page-background-meta":{"desktop":{"background-color":"var(--ast-global-color-5)","background-image":"","background-repeat":"repeat","background-position":"center center","background-size":"auto","background-attachment":"scroll","background-type":"","background-media":"","overlay-type":"","overlay-color":"","overlay-opacity":"","overlay-gradient":""},"tablet":{"background-color":"","background-image":"","background-repeat":"repeat","background-position":"center center","background-size":"auto","background-attachment":"scroll","background-type":"","background-media":"","overlay-type":"","overlay-color":"","overlay-opacity":"","overlay-gradient":""},"mobile":{"background-color":"","background-image":"","background-repeat":"repeat","background-position":"center center","background-size":"auto","background-attachment":"scroll","background-type":"","background-media":"","overlay-type":"","overlay-color":"","overlay-opacity":"","overlay-gradient":""}},"ast-content-background-meta":{"desktop":{"background-color":"var(--ast-global-color-4)","background-image":"","background-repeat":"repeat","background-position":"center center","background-size":"auto","background-attachment":"scroll","background-type":"","background-media":"","overlay-type":"","overlay-color":"","overlay-opacity":"","overlay-gradient":""},"tablet":{"background-color":"var(--ast-global-color-4)","background-image":"","background-repeat":"repeat","background-position":"center center","background-size":"auto","background-attachment":"scroll","background-type":"","background-media":"","overlay-type":"","overlay-color":"","overlay-opacity":"","overlay-gradient":""},"mobile":{"background-color":"var(--ast-global-color-4)","background-image":"","background-repeat":"repeat","background-position":"center center","background-size":"auto","background-attachment":"scroll","background-type":"","background-media":"","overlay-type":"","overlay-color":"","overlay-opacity":"","overlay-gradient":""}}},"product_brand":[105],"product_cat":[32,26,28],"product_tag":[],"class_list":{"0":"post-6290","1":"product","2":"type-product","3":"status-publish","4":"has-post-thumbnail","6":"product_brand-lego","7":"product_cat-32","8":"product_cat-26","9":"product_cat-28","10":"desktop-align-left","11":"tablet-align-left","12":"mobile-align-left","14":"first","15":"instock","16":"taxable","17":"shipping-taxable","18":"purchasable","19":"product-type-simple"},"_links":{"self":[{"href":"https:\/\/stem-eshop.gr\/hu\/wp-json\/wp\/v2\/product\/6290","targetHints":{"allow":["GET"]}}],"collection":[{"href":"https:\/\/stem-eshop.gr\/hu\/wp-json\/wp\/v2\/product"}],"about":[{"href":"https:\/\/stem-eshop.gr\/hu\/wp-json\/wp\/v2\/types\/product"}],"replies":[{"embeddable":true,"href":"https:\/\/stem-eshop.gr\/hu\/wp-json\/wp\/v2\/comments?post=6290"}],"wp:featuredmedia":[{"embeddable":true,"href":"https:\/\/stem-eshop.gr\/hu\/wp-json\/wp\/v2\/media\/3592"}],"wp:attachment":[{"href":"https:\/\/stem-eshop.gr\/hu\/wp-json\/wp\/v2\/media?parent=6290"}],"wp:term":[{"taxonomy":"product_brand","embeddable":true,"href":"https:\/\/stem-eshop.gr\/hu\/wp-json\/wp\/v2\/product_brand?post=6290"},{"taxonomy":"product_cat","embeddable":true,"href":"https:\/\/stem-eshop.gr\/hu\/wp-json\/wp\/v2\/product_cat?post=6290"},{"taxonomy":"product_tag","embeddable":true,"href":"https:\/\/stem-eshop.gr\/hu\/wp-json\/wp\/v2\/product_tag?post=6290"}],"curies":[{"name":"wp","href":"https:\/\/api.w.org\/{rel}","templated":true}]}}