{"id":6278,"date":"2025-05-19T07:27:24","date_gmt":"2025-05-19T07:27:24","guid":{"rendered":"https:\/\/stem-eshop.gr\/product\/ngs-%ce%b6%cf%85%ce%b3%ce%b1%cf%81%ce%b9%ce%ac-%ce%b3%ce%b9%ce%b1-%cf%80%ce%b1%ce%b9%ce%b4%ce%b9%ce%ac\/"},"modified":"2025-05-22T07:41:46","modified_gmt":"2025-05-22T07:41:46","slug":"ngs-%ce%b6%cf%85%ce%b3%ce%b1%cf%81%ce%b9%ce%ac-%ce%b3%ce%b9%ce%b1-%cf%80%ce%b1%ce%b9%ce%b4%ce%b9%ce%ac","status":"publish","type":"product","link":"https:\/\/stem-eshop.gr\/hu\/termek\/ngs-%ce%b6%cf%85%ce%b3%ce%b1%cf%81%ce%b9%ce%ac-%ce%b3%ce%b9%ce%b1-%cf%80%ce%b1%ce%b9%ce%b4%ce%b9%ce%ac\/","title":{"rendered":"NGS sk\u00e1l\u00e1k gyermekek sz\u00e1m\u00e1ra"},"content":{"rendered":"<p>Az egyens\u00faly az emel\u0151 elve szerint \u00e9rhet\u0151 el, az emel\u0151 mindk\u00e9t v\u00e9g\u00e9n egy kis lemez tal\u00e1lhat\u00f3, az egyik v\u00e9g\u00e9re a s\u00falyt, a m\u00e1sikra a m\u00e9rend\u0151 t\u00e1rgyat helyezz\u00fck, az emel\u0151 egy kijelz\u0151vel van felszerelve, amikor mindk\u00e9t v\u00e9ge egyens\u00falyban van, a t\u00f6meg (s\u00faly) mindk\u00e9t v\u00e9ge egyenl\u0151.<\/p>","protected":false},"excerpt":{"rendered":"<p class=\"MsoNormal\">Az egyens\u00faly az emel\u0151 elve szerint \u00e9rhet\u0151 el, az emel\u0151 mindk\u00e9t v\u00e9g\u00e9n egy kis lemez tal\u00e1lhat\u00f3, az egyik v\u00e9g\u00e9re a s\u00falyt, a m\u00e1sikra a m\u00e9rend\u0151 t\u00e1rgyat helyezz\u00fck, az emel\u0151 egy kijelz\u0151vel van felszerelve, amikor mindk\u00e9t v\u00e9ge egyens\u00falyban van, a t\u00f6meg (s\u00faly) mindk\u00e9t v\u00e9ge egyenl\u0151.<\/p>","protected":false},"featured_media":7581,"comment_status":"open","ping_status":"closed","template":"","meta":{"site-sidebar-layout":"default","site-content-layout":"","ast-site-content-layout":"default","site-content-style":"default","site-sidebar-style":"default","ast-global-header-display":"","ast-banner-title-visibility":"","ast-main-header-display":"","ast-hfb-above-header-display":"","ast-hfb-below-header-display":"","ast-hfb-mobile-header-display":"","site-post-title":"","ast-breadcrumbs-content":"","ast-featured-img":"","footer-sml-layout":"","ast-disable-related-posts":"","theme-transparent-header-meta":"","adv-header-id-meta":"","stick-header-meta":"","header-above-stick-meta":"","header-main-stick-meta":"","header-below-stick-meta":"","astra-migrate-meta-layouts":"default","ast-page-background-enabled":"default","ast-page-background-meta":{"desktop":{"background-color":"var(--ast-global-color-5)","background-image":"","background-repeat":"repeat","background-position":"center center","background-size":"auto","background-attachment":"scroll","background-type":"","background-media":"","overlay-type":"","overlay-color":"","overlay-opacity":"","overlay-gradient":""},"tablet":{"background-color":"","background-image":"","background-repeat":"repeat","background-position":"center center","background-size":"auto","background-attachment":"scroll","background-type":"","background-media":"","overlay-type":"","overlay-color":"","overlay-opacity":"","overlay-gradient":""},"mobile":{"background-color":"","background-image":"","background-repeat":"repeat","background-position":"center center","background-size":"auto","background-attachment":"scroll","background-type":"","background-media":"","overlay-type":"","overlay-color":"","overlay-opacity":"","overlay-gradient":""}},"ast-content-background-meta":{"desktop":{"background-color":"var(--ast-global-color-4)","background-image":"","background-repeat":"repeat","background-position":"center center","background-size":"auto","background-attachment":"scroll","background-type":"","background-media":"","overlay-type":"","overlay-color":"","overlay-opacity":"","overlay-gradient":""},"tablet":{"background-color":"var(--ast-global-color-4)","background-image":"","background-repeat":"repeat","background-position":"center center","background-size":"auto","background-attachment":"scroll","background-type":"","background-media":"","overlay-type":"","overlay-color":"","overlay-opacity":"","overlay-gradient":""},"mobile":{"background-color":"var(--ast-global-color-4)","background-image":"","background-repeat":"repeat","background-position":"center center","background-size":"auto","background-attachment":"scroll","background-type":"","background-media":"","overlay-type":"","overlay-color":"","overlay-opacity":"","overlay-gradient":""}}},"product_brand":[107],"product_cat":[39,38,50,29,56,37,30,26,58],"product_tag":[],"class_list":{"0":"post-6278","1":"product","2":"type-product","3":"status-publish","4":"has-post-thumbnail","6":"product_brand-ngs","7":"product_cat-39","8":"product_cat-38","9":"product_cat-50","10":"product_cat-29","11":"product_cat-56","12":"product_cat-37","13":"product_cat--6-9-","14":"product_cat-26","15":"product_cat-58","16":"desktop-align-left","17":"tablet-align-left","18":"mobile-align-left","20":"first","21":"instock","22":"taxable","23":"shipping-taxable","24":"purchasable","25":"product-type-simple"},"_links":{"self":[{"href":"https:\/\/stem-eshop.gr\/hu\/wp-json\/wp\/v2\/product\/6278","targetHints":{"allow":["GET"]}}],"collection":[{"href":"https:\/\/stem-eshop.gr\/hu\/wp-json\/wp\/v2\/product"}],"about":[{"href":"https:\/\/stem-eshop.gr\/hu\/wp-json\/wp\/v2\/types\/product"}],"replies":[{"embeddable":true,"href":"https:\/\/stem-eshop.gr\/hu\/wp-json\/wp\/v2\/comments?post=6278"}],"wp:featuredmedia":[{"embeddable":true,"href":"https:\/\/stem-eshop.gr\/hu\/wp-json\/wp\/v2\/media\/7581"}],"wp:attachment":[{"href":"https:\/\/stem-eshop.gr\/hu\/wp-json\/wp\/v2\/media?parent=6278"}],"wp:term":[{"taxonomy":"product_brand","embeddable":true,"href":"https:\/\/stem-eshop.gr\/hu\/wp-json\/wp\/v2\/product_brand?post=6278"},{"taxonomy":"product_cat","embeddable":true,"href":"https:\/\/stem-eshop.gr\/hu\/wp-json\/wp\/v2\/product_cat?post=6278"},{"taxonomy":"product_tag","embeddable":true,"href":"https:\/\/stem-eshop.gr\/hu\/wp-json\/wp\/v2\/product_tag?post=6278"}],"curies":[{"name":"wp","href":"https:\/\/api.w.org\/{rel}","templated":true}]}}