{"id":5804,"date":"2025-05-09T10:35:00","date_gmt":"2025-05-09T10:35:00","guid":{"rendered":"https:\/\/stem-eshop.gr\/?page_id=5804"},"modified":"2025-12-08T13:50:22","modified_gmt":"2025-12-08T10:50:22","slug":"%cf%84%cf%81%cf%8c%cf%80%ce%bf%ce%b9-%cf%80%ce%bb%ce%b7%cf%81%cf%89%ce%bc%ce%ae%cf%82","status":"publish","type":"page","link":"https:\/\/stem-eshop.gr\/hu\/%cf%84%cf%81%cf%8c%cf%80%ce%bf%ce%b9-%cf%80%ce%bb%ce%b7%cf%81%cf%89%ce%bc%ce%ae%cf%82\/","title":{"rendered":"Fizet\u00e9si m\u00f3dok"},"content":{"rendered":"<div data-elementor-type=\"wp-page\" data-elementor-id=\"5804\" class=\"elementor elementor-5804\" data-elementor-post-type=\"page\">\n\t\t\t\t<div class=\"elementor-element elementor-element-467620d e-flex e-con-boxed e-con e-parent\" data-id=\"467620d\" data-element_type=\"container\" data-e-type=\"container\">\n\t\t\t\t\t<div class=\"e-con-inner\">\n\t\t\t\t<div class=\"elementor-element elementor-element-9ec33bd elementor-widget elementor-widget-text-editor\" data-id=\"9ec33bd\" data-element_type=\"widget\" data-e-type=\"widget\" data-widget_type=\"text-editor.default\">\n\t\t\t\t<div class=\"elementor-widget-container\">\n\t\t\t\t\t\t\t\t\t<p style=\"font-weight: 400;\">A megv\u00e1s\u00e1rolni k\u00edv\u00e1nt term\u00e9kek kifizet\u00e9s\u00e9hez c\u00e9g\u00fcnk \u00e1ltal javasolt fizet\u00e9si m\u00f3dok k\u00f6z\u00fcl v\u00e1laszthat. El\u0151sz\u00f6r eld\u00f6nti, hogy melyik fizet\u00e9si m\u00f3d felel meg \u00d6nnek. Ezut\u00e1n a megrendel\u00e9si \u0171rlap megfelel\u0151 r\u00e9sz\u00e9ben kiv\u00e1lasztja a megfelel\u0151 fizet\u00e9si m\u00f3dot, v\u00e9g\u00fcl pedig megadja a sz\u00fcks\u00e9ges adatokat. Eml\u00e9keztetj\u00fck, hogy c\u00e9g\u00fcnk szigor\u00fa szab\u00e1lyzatot k\u00f6vet a szem\u00e9lyes adatainak v\u00e9delme ter\u00e9n, \u00e9s az \u00d6n \u00e1ltal megadott \u00f6sszes fizet\u00e9si inform\u00e1ci\u00f3t teljes biztons\u00e1ggal \u00e9s gondoss\u00e1ggal gy\u0171jtj\u00fck \u00e9s dolgozzuk fel, csak azut\u00e1n, hogy a megrendel\u00e9s elk\u00fcld\u00e9sekor hozz\u00e1j\u00e1rult. A hitelk\u00e1rty\u00e1s fizet\u00e9sek tekintet\u00e9ben c\u00e9g\u00fcnk az egy\u00fcttm\u0171k\u00f6d\u0151 p\u00e9nz\u00fcgyi int\u00e9zm\u00e9nyekkel egy\u00fcttm\u0171k\u00f6dve minden sz\u00fcks\u00e9ges biztons\u00e1gi int\u00e9zked\u00e9st megtesz az elektronikus tranzakci\u00f3k maxim\u00e1lis v\u00e9delme \u00e9rdek\u00e9ben.<\/p><p style=\"font-weight: 400;\">Az al\u00e1bbiakban a megrendel\u00e9sek fizet\u00e9si m\u00f3djai l\u00e1that\u00f3k:<\/p><p style=\"font-weight: 400;\"><b><strong>Banksz\u00e1ml\u00e1ra t\u00f6rt\u00e9n\u0151 befizet\u00e9ssel:\u00a0<\/strong><\/b>Ebben az esetben a megrendel\u00e9st a pontos megrendel\u00e9si \u00f6sszeg befizet\u00e9s\u00e9nek visszaigazol\u00e1sa vagy a n\u00e9vleges el\u0151leg e-mailben t\u00f6rt\u00e9n\u0151 elk\u00fcld\u00e9se ut\u00e1n sz\u00e1ll\u00edtjuk ki. A sz\u00e1ll\u00edt\u00e1si id\u0151 az el\u0151leg visszaigazol\u00e1s\u00e1nak vagy az el\u0151leg elk\u00fcld\u00e9s\u00e9nek napj\u00e1t\u00f3l kezd\u0151dik.<\/p><p style=\"font-weight: 400;\"><b><strong>Fizet\u00e9s hitel-, bankk\u00e1rty\u00e1val vagy el\u0151re fizetett k\u00e1rty\u00e1val:\u00a0<\/strong><\/b>Elfogadott k\u00e1rty\u00e1k: Visa, MasterCard, Maestro, Electron b\u00e1rmely bankt\u00f3l. A k\u00e1rtyaadatok (k\u00e1rtyasz\u00e1m, CVV2, lej\u00e1rati d\u00e1tum) titkos\u00edtott form\u00e1ban ker\u00fclnek tov\u00e1bb\u00edt\u00e1sra az interneten kereszt\u00fcl, \u00e9s az online \u00e1ruh\u00e1zb\u00f3l nem \u00e9rhet\u0151k el. A G\u00f6r\u00f6g Nemzeti Bank \u00e1ltal haszn\u00e1lt rendszerek \u00e9s elj\u00e1r\u00e1sok megakad\u00e1lyozz\u00e1k, hogy jogosulatlan harmadik felek hozz\u00e1f\u00e9rjenek az adataihoz \u00e9s inform\u00e1ci\u00f3s rendszereihez.<\/p><p><strong>VIVA fizet\u00e9sek:<\/strong> \u03a4\u03bf Viva Payments \u03b5\u03af\u03bd\u03b1\u03b9 \u03bc\u03b9\u03b1 \u03b5\u03bb\u03bb\u03b7\u03bd\u03b9\u03ba\u03ae \u03b5\u03c4\u03b1\u03b9\u03c1\u03b5\u03af\u03b1 \u03c0\u03bf\u03c5 \u03c0\u03c1\u03bf\u03c3\u03c6\u03ad\u03c1\u03b5\u03b9 \u03bb\u03cd\u03c3\u03b5\u03b9\u03c2 \u03b7\u03bb\u03b5\u03ba\u03c4\u03c1\u03bf\u03bd\u03b9\u03ba\u03ce\u03bd \u03c0\u03bb\u03b7\u03c1\u03c9\u03bc\u03ce\u03bd. \u039c\u03b5 \u03b1\u03c0\u03bb\u03ac \u03bb\u03cc\u03b3\u03b9\u03b1, \u03b5\u03af\u03bd\u03b1\u03b9 \u03bc\u03b9\u03b1 \u03c0\u03bb\u03b1\u03c4\u03c6\u03cc\u03c1\u03bc\u03b1 \u03c0\u03bf\u03c5 \u03b5\u03c0\u03b9\u03c4\u03c1\u03ad\u03c0\u03b5\u03b9 \u03c3\u03b5 \u03b5\u03c0\u03b9\u03c7\u03b5\u03b9\u03c1\u03ae\u03c3\u03b5\u03b9\u03c2 (\u03ba\u03b1\u03b9 \u03b9\u03b4\u03b9\u03ce\u03c4\u03b5\u03c2) \u03bd\u03b1 \u03b4\u03ad\u03c7\u03bf\u03bd\u03c4\u03b1\u03b9 \u03c0\u03bb\u03b7\u03c1\u03c9\u03bc\u03ad\u03c2 online, \u03bc\u03ad\u03c3\u03c9 \u03c0\u03b9\u03c3\u03c4\u03c9\u03c4\u03b9\u03ba\u03ce\u03bd\/\u03c7\u03c1\u03b5\u03c9\u03c3\u03c4\u03b9\u03ba\u03ce\u03bd \u03ba\u03b1\u03c1\u03c4\u03ce\u03bd, IRIS \u03ba\u03b1\u03b9 \u03ac\u03bb\u03bb\u03c9\u03bd \u03bc\u03b5\u03b8\u03cc\u03b4\u03c9\u03bd \u03c0\u03bb\u03b7\u03c1\u03c9\u03bc\u03ae\u03c2.<\/p><p style=\"font-weight: 400;\"><b><strong>Ut\u00e1nv\u00e9tes fizet\u00e9si m\u00f3d:\u00a0<\/strong><\/b>Fizet\u00e9s k\u00e9szp\u00e9nzben a rendel\u00e9s \u00e1tv\u00e9telekor. Az ut\u00e1nv\u00e9tes fizet\u00e9s k\u00f6lts\u00e9ge a sz\u00e1ll\u00edt\u00e1si m\u00f3dokn\u00e1l van felt\u00fcntetve.<\/p><p><strong>Apple Pay \u00e9s Google Pay<\/strong><\/p><p style=\"font-weight: 400;\"><b><strong>Rendel\u00e9s sz\u00e1ml\u00e1z\u00e1sa<\/strong><\/b><\/p><p style=\"font-weight: 400;\">A rendel\u00e9shez ki\u00e1ll\u00edtott dokumentum lehet kiskereskedelmi \u00e9rt\u00e9kes\u00edt\u00e9si blokk vagy \u00e9rt\u00e9kes\u00edt\u00e9si sz\u00e1mla. C\u00e9gek \u00e9s szabad\u00fasz\u00f3k sz\u00e1m\u00e1ra \u00e9rt\u00e9kes\u00edt\u00e9si sz\u00e1ml\u00e1t \u00e1ll\u00edtunk ki, ha rendel\u00e9skor kit\u00f6ltik a k\u00f6vetkez\u0151 adatokat: c\u00e9gn\u00e9v, foglalkoz\u00e1s, c\u00edm, ad\u00f3sz\u00e1m \u00e9s az illet\u00e9kes ad\u00f3hivatal.<\/p>\t\t\t\t\t\t\t\t<\/div>\n\t\t\t\t<\/div>\n\t\t\t\t\t<\/div>\n\t\t\t\t<\/div>\n\t\t\t\t<\/div>","protected":false},"excerpt":{"rendered":"<p>\u0393\u03b9\u03b1 \u03c4\u03b7\u03bd \u03c0\u03bb\u03b7\u03c1\u03c9\u03bc\u03ae \u03c4\u03c9\u03bd \u03c0\u03c1\u03bf\u03ca\u03cc\u03bd\u03c4\u03c9\u03bd \u03c0\u03bf\u03c5 \u03c3\u03b1\u03c2 \u03b5\u03bd\u03b4\u03b9\u03b1\u03c6\u03ad\u03c1\u03bf\u03c5\u03bd \u03bd\u03b1 \u03b1\u03b3\u03bf\u03c1\u03ac\u03c3\u03b5\u03c4\u03b5, \u03bc\u03c0\u03bf\u03c1\u03b5\u03af\u03c4\u03b5 \u03bd\u03b1 \u03b5\u03c0\u03b9\u03bb\u03ad\u03be\u03b5\u03c4\u03b5 \u03b1\u03bd\u03ac\u03bc\u03b5\u03c3\u03b1 \u03c3\u03c4\u03bf\u03c5\u03c2 \u03c0\u03c1\u03bf\u03c4\u03b5\u03b9\u03bd\u03cc\u03bc\u03b5\u03bd\u03bf\u03c5\u03c2 \u03b1\u03c0\u03cc \u03c4\u03b7\u03bd \u03b5\u03c4\u03b1\u03b9\u03c1\u03af\u03b1 \u03bc\u03b1\u03c2 [&hellip;]<\/p>\n","protected":false},"author":1,"featured_media":0,"parent":0,"menu_order":0,"comment_status":"closed","ping_status":"closed","template":"","meta":{"site-sidebar-layout":"no-sidebar","site-content-layout":"","ast-site-content-layout":"full-width-container","site-content-style":"default","site-sidebar-style":"default","ast-global-header-display":"","ast-banner-title-visibility":"","ast-main-header-display":"","ast-hfb-above-header-display":"","ast-hfb-below-header-display":"","ast-hfb-mobile-header-display":"","site-post-title":"disabled","ast-breadcrumbs-content":"","ast-featured-img":"disabled","footer-sml-layout":"","ast-disable-related-posts":"","theme-transparent-header-meta":"","adv-header-id-meta":"","stick-header-meta":"","header-above-stick-meta":"","header-main-stick-meta":"","header-below-stick-meta":"","astra-migrate-meta-layouts":"default","ast-page-background-enabled":"default","ast-page-background-meta":{"desktop":{"background-color":"var(--ast-global-color-5)","background-image":"","background-repeat":"repeat","background-position":"center center","background-size":"auto","background-attachment":"scroll","background-type":"","background-media":"","overlay-type":"","overlay-color":"","overlay-opacity":"","overlay-gradient":""},"tablet":{"background-color":"","background-image":"","background-repeat":"repeat","background-position":"center center","background-size":"auto","background-attachment":"scroll","background-type":"","background-media":"","overlay-type":"","overlay-color":"","overlay-opacity":"","overlay-gradient":""},"mobile":{"background-color":"","background-image":"","background-repeat":"repeat","background-position":"center center","background-size":"auto","background-attachment":"scroll","background-type":"","background-media":"","overlay-type":"","overlay-color":"","overlay-opacity":"","overlay-gradient":""}},"ast-content-background-meta":{"desktop":{"background-color":"var(--ast-global-color-4)","background-image":"","background-repeat":"repeat","background-position":"center center","background-size":"auto","background-attachment":"scroll","background-type":"","background-media":"","overlay-type":"","overlay-color":"","overlay-opacity":"","overlay-gradient":""},"tablet":{"background-color":"var(--ast-global-color-4)","background-image":"","background-repeat":"repeat","background-position":"center center","background-size":"auto","background-attachment":"scroll","background-type":"","background-media":"","overlay-type":"","overlay-color":"","overlay-opacity":"","overlay-gradient":""},"mobile":{"background-color":"var(--ast-global-color-4)","background-image":"","background-repeat":"repeat","background-position":"center center","background-size":"auto","background-attachment":"scroll","background-type":"","background-media":"","overlay-type":"","overlay-color":"","overlay-opacity":"","overlay-gradient":""}},"footnotes":""},"class_list":["post-5804","page","type-page","status-publish","hentry"],"_links":{"self":[{"href":"https:\/\/stem-eshop.gr\/hu\/wp-json\/wp\/v2\/pages\/5804","targetHints":{"allow":["GET"]}}],"collection":[{"href":"https:\/\/stem-eshop.gr\/hu\/wp-json\/wp\/v2\/pages"}],"about":[{"href":"https:\/\/stem-eshop.gr\/hu\/wp-json\/wp\/v2\/types\/page"}],"author":[{"embeddable":true,"href":"https:\/\/stem-eshop.gr\/hu\/wp-json\/wp\/v2\/users\/1"}],"replies":[{"embeddable":true,"href":"https:\/\/stem-eshop.gr\/hu\/wp-json\/wp\/v2\/comments?post=5804"}],"version-history":[{"count":13,"href":"https:\/\/stem-eshop.gr\/hu\/wp-json\/wp\/v2\/pages\/5804\/revisions"}],"predecessor-version":[{"id":10429,"href":"https:\/\/stem-eshop.gr\/hu\/wp-json\/wp\/v2\/pages\/5804\/revisions\/10429"}],"wp:attachment":[{"href":"https:\/\/stem-eshop.gr\/hu\/wp-json\/wp\/v2\/media?parent=5804"}],"curies":[{"name":"wp","href":"https:\/\/api.w.org\/{rel}","templated":true}]}}