{"id":5798,"date":"2025-05-09T10:33:50","date_gmt":"2025-05-09T10:33:50","guid":{"rendered":"https:\/\/stem-eshop.gr\/?page_id=5798"},"modified":"2025-05-16T10:46:16","modified_gmt":"2025-05-16T10:46:16","slug":"%cf%84%cf%81%cf%8c%cf%80%ce%bf%ce%b9-%ce%b1%cf%80%ce%bf%cf%83%cf%84%ce%bf%ce%bb%ce%ae%cf%82","status":"publish","type":"page","link":"https:\/\/stem-eshop.gr\/hu\/%cf%84%cf%81%cf%8c%cf%80%ce%bf%ce%b9-%ce%b1%cf%80%ce%bf%cf%83%cf%84%ce%bf%ce%bb%ce%ae%cf%82\/","title":{"rendered":"K\u00fcld\u00e9si m\u00f3dok"},"content":{"rendered":"<div data-elementor-type=\"wp-page\" data-elementor-id=\"5798\" class=\"elementor elementor-5798\" data-elementor-post-type=\"page\">\n\t\t\t\t<div class=\"elementor-element elementor-element-09d3dd8 e-flex e-con-boxed e-con e-parent\" data-id=\"09d3dd8\" data-element_type=\"container\" data-e-type=\"container\">\n\t\t\t\t\t<div class=\"e-con-inner\">\n\t\t\t\t<div class=\"elementor-element elementor-element-8b7be85 elementor-widget elementor-widget-text-editor\" data-id=\"8b7be85\" data-element_type=\"widget\" data-e-type=\"widget\" data-widget_type=\"text-editor.default\">\n\t\t\t\t<div class=\"elementor-widget-container\">\n\t\t\t\t\t\t\t\t\t<p style=\"font-weight: 400;\"><b><strong>Term\u00e9ksz\u00e1ll\u00edt\u00e1s \u2013 Sz\u00e1ll\u00edt\u00e1si m\u00f3dok<\/strong><\/b><\/p><p style=\"font-weight: 400;\">A kiv\u00e1lasztott term\u00e9kek sz\u00e1ll\u00edt\u00e1si ideje a megrendelt term\u00e9kek el\u00e9rhet\u0151s\u00e9g\u00e9t\u0151l \u00e9s a kisz\u00e1ll\u00edt\u00e1shoz kiv\u00e1lasztott ter\u00fclett\u0151l f\u00fcgg. Bankk\u00e1rty\u00e1s fizet\u00e9s eset\u00e9n szem\u00e9lyes jelenl\u00e9t sz\u00fcks\u00e9ges a rendel\u00e9s \u00e1tv\u00e9telekor, \u00e9s szem\u00e9lyazonoss\u00e1g\u00e1t igazolnia kell a k\u00e9zbes\u00edt\u0151nek.<\/p><p style=\"font-weight: 400;\">VAGY\u00a0<a href=\"https:\/\/stem-eshop.gr\/hu\/\">stem-eshop.gr<\/a> nem v\u00e1llal felel\u0151ss\u00e9get a vis maior vagy rajta k\u00edv\u00fcl \u00e1ll\u00f3 esem\u00e9nyek miatti k\u00e9sedelmek\u00e9rt. Jelz\u00e9sszer\u0171en, de nem kiz\u00e1r\u00f3lagosan, c\u00e9g\u00fcnk nem v\u00e1llal felel\u0151ss\u00e9get a v\u00e1mn\u00e1l, k\u00f6zbens\u0151 be- \u00e9s kirakod\u00e1si ter\u00fcleteken fell\u00e9p\u0151 k\u00e9sedelmek, haj\u00f3z\u00e1si tilalmak, sz\u00e1ll\u00edt\u00f3eszk\u00f6z\u00f6k sztr\u00e1jkjai vagy m\u00e1s t\u00edpus\u00fa sztr\u00e1jkok miatti k\u00e9sedelmek\u00e9rt, amelyek befoly\u00e1solj\u00e1k a term\u00e9kek besz\u00e1ll\u00edt\u00f3ink \u00e1ltali kisz\u00e1ll\u00edt\u00e1s\u00e1t c\u00e9g\u00fcnk rakt\u00e1raiba stb.<\/p><p style=\"font-weight: 400;\">B\u00e1rmilyen k\u00e9sedelem eset\u00e9n c\u00e9g\u00fcnk mindent megtesz, hogy felvegye \u00d6nnel a kapcsolatot az \u00d6n \u00e1ltal megadott el\u00e9rhet\u0151s\u00e9geken, hogy t\u00e1j\u00e9koztassa \u00d6nt, \u00e9s meg\u00e1llapodjon \u00d6nnel az \u00faj sz\u00e1ll\u00edt\u00e1sr\u00f3l vagy egy m\u00e1sik term\u00e9k kisz\u00e1ll\u00edt\u00e1s\u00e1r\u00f3l. B\u00e1r c\u00e9g\u00fcnk minden t\u0151le telhet\u0151t megtesz annak \u00e9rdek\u00e9ben, hogy v\u00e1laszoljon az \u00d6n inform\u00e1ci\u00f3s ig\u00e9ny\u00e9re egy term\u00e9k esetleges hi\u00e1ny\u00e1val kapcsolatban, fenn\u00e1ll annak a lehet\u0151s\u00e9ge, hogy a megrendel\u00e9s visszaigazol\u00e1sa ut\u00e1n is v\u00e1ratlanul hi\u00e1ny vagy a term\u00e9k nem lesz el\u00e9rhet\u0151 besz\u00e1ll\u00edt\u00f3inkn\u00e1l. Ebben az esetben c\u00e9g\u00fcnk ism\u00e9t mindent megtesz, hogy felvegye \u00d6nnel a kapcsolatot az \u00d6n \u00e1ltal megadott el\u00e9rhet\u0151s\u00e9geken, hogy t\u00e1j\u00e9koztassa \u00d6nt az esetleges hi\u00e1nytalans\u00e1gr\u00f3l, \u00e9s meg\u00e1llapodjon \u00d6nnel az \u00faj sz\u00e1ll\u00edt\u00e1sr\u00f3l, egy m\u00e1sik term\u00e9k kisz\u00e1ll\u00edt\u00e1s\u00e1r\u00f3l vagy a megrendel\u00e9s lemond\u00e1s\u00e1r\u00f3l mindk\u00e9t f\u00e9l sz\u00e1m\u00e1ra b\u00fcntet\u00e9s n\u00e9lk\u00fcl, valamint az \u00d6n \u00e1ltal befizetett \u00f6sszeg kamatmentes visszat\u00e9r\u00edt\u00e9s\u00e9r\u0151l \u00e9sszer\u0171 id\u0151n bel\u00fcl.<\/p><p style=\"font-weight: 400;\">A term\u00e9kek G\u00f6r\u00f6gorsz\u00e1gon bel\u00fcli kisz\u00e1ll\u00edt\u00e1s\u00e1t az ELTA Courier \u00e9s a BOXNOW v\u00e9gzi.<\/p>\t\t\t\t\t\t\t\t<\/div>\n\t\t\t\t<\/div>\n\t\t\t\t\t<\/div>\n\t\t\t\t<\/div>\n\t\t\t\t<\/div>","protected":false},"excerpt":{"rendered":"<p>\u03a0\u03b1\u03c1\u03ac\u03b4\u03bf\u03c3\u03b7 \u03a0\u03c1\u03bf\u03ca\u03cc\u03bd\u03c4\u03c9\u03bd \u2013 \u03a4\u03c1\u03cc\u03c0\u03bf\u03b9 \u0391\u03c0\u03bf\u03c3\u03c4\u03bf\u03bb\u03ae\u03c2 \u039f \u03c7\u03c1\u03cc\u03bd\u03bf\u03c2 \u03c0\u03b1\u03c1\u03ac\u03b4\u03bf\u03c3\u03b7\u03c2 \u03c4\u03c9\u03bd \u03c0\u03c1\u03bf\u03ca\u03cc\u03bd\u03c4\u03c9\u03bd \u03c0\u03bf\u03c5 \u03b5\u03c0\u03b9\u03bb\u03ad\u03be\u03b1\u03c4\u03b5, \u03b5\u03be\u03b1\u03c1\u03c4\u03ac\u03c4\u03b1\u03b9 \u03b1\u03c0\u03cc \u03c4\u03b7\u03bd \u03b4\u03b9\u03b1\u03b8\u03b5\u03c3\u03b9\u03bc\u03cc\u03c4\u03b7\u03c4\u03b1 \u03c4\u03c9\u03bd \u03c0\u03c1\u03bf\u03ca\u03cc\u03bd\u03c4\u03c9\u03bd \u03c0\u03bf\u03c5 \u03ad\u03c7\u03b5\u03c4\u03b5 [&hellip;]<\/p>\n","protected":false},"author":1,"featured_media":0,"parent":0,"menu_order":0,"comment_status":"closed","ping_status":"closed","template":"","meta":{"site-sidebar-layout":"no-sidebar","site-content-layout":"","ast-site-content-layout":"full-width-container","site-content-style":"default","site-sidebar-style":"default","ast-global-header-display":"","ast-banner-title-visibility":"","ast-main-header-display":"","ast-hfb-above-header-display":"","ast-hfb-below-header-display":"","ast-hfb-mobile-header-display":"","site-post-title":"disabled","ast-breadcrumbs-content":"","ast-featured-img":"disabled","footer-sml-layout":"","ast-disable-related-posts":"","theme-transparent-header-meta":"","adv-header-id-meta":"","stick-header-meta":"","header-above-stick-meta":"","header-main-stick-meta":"","header-below-stick-meta":"","astra-migrate-meta-layouts":"default","ast-page-background-enabled":"default","ast-page-background-meta":{"desktop":{"background-color":"var(--ast-global-color-5)","background-image":"","background-repeat":"repeat","background-position":"center center","background-size":"auto","background-attachment":"scroll","background-type":"","background-media":"","overlay-type":"","overlay-color":"","overlay-opacity":"","overlay-gradient":""},"tablet":{"background-color":"","background-image":"","background-repeat":"repeat","background-position":"center center","background-size":"auto","background-attachment":"scroll","background-type":"","background-media":"","overlay-type":"","overlay-color":"","overlay-opacity":"","overlay-gradient":""},"mobile":{"background-color":"","background-image":"","background-repeat":"repeat","background-position":"center center","background-size":"auto","background-attachment":"scroll","background-type":"","background-media":"","overlay-type":"","overlay-color":"","overlay-opacity":"","overlay-gradient":""}},"ast-content-background-meta":{"desktop":{"background-color":"var(--ast-global-color-4)","background-image":"","background-repeat":"repeat","background-position":"center center","background-size":"auto","background-attachment":"scroll","background-type":"","background-media":"","overlay-type":"","overlay-color":"","overlay-opacity":"","overlay-gradient":""},"tablet":{"background-color":"var(--ast-global-color-4)","background-image":"","background-repeat":"repeat","background-position":"center center","background-size":"auto","background-attachment":"scroll","background-type":"","background-media":"","overlay-type":"","overlay-color":"","overlay-opacity":"","overlay-gradient":""},"mobile":{"background-color":"var(--ast-global-color-4)","background-image":"","background-repeat":"repeat","background-position":"center center","background-size":"auto","background-attachment":"scroll","background-type":"","background-media":"","overlay-type":"","overlay-color":"","overlay-opacity":"","overlay-gradient":""}},"footnotes":""},"class_list":["post-5798","page","type-page","status-publish","hentry"],"_links":{"self":[{"href":"https:\/\/stem-eshop.gr\/hu\/wp-json\/wp\/v2\/pages\/5798","targetHints":{"allow":["GET"]}}],"collection":[{"href":"https:\/\/stem-eshop.gr\/hu\/wp-json\/wp\/v2\/pages"}],"about":[{"href":"https:\/\/stem-eshop.gr\/hu\/wp-json\/wp\/v2\/types\/page"}],"author":[{"embeddable":true,"href":"https:\/\/stem-eshop.gr\/hu\/wp-json\/wp\/v2\/users\/1"}],"replies":[{"embeddable":true,"href":"https:\/\/stem-eshop.gr\/hu\/wp-json\/wp\/v2\/comments?post=5798"}],"version-history":[{"count":10,"href":"https:\/\/stem-eshop.gr\/hu\/wp-json\/wp\/v2\/pages\/5798\/revisions"}],"predecessor-version":[{"id":5921,"href":"https:\/\/stem-eshop.gr\/hu\/wp-json\/wp\/v2\/pages\/5798\/revisions\/5921"}],"wp:attachment":[{"href":"https:\/\/stem-eshop.gr\/hu\/wp-json\/wp\/v2\/media?parent=5798"}],"curies":[{"name":"wp","href":"https:\/\/api.w.org\/{rel}","templated":true}]}}